{"id":11569,"date":"2026-04-10T23:37:23","date_gmt":"2026-04-10T21:37:23","guid":{"rendered":"https:\/\/www.biokari.sk\/produkt\/beres-actival-max-multivitamin-90ks\/"},"modified":"2026-04-24T19:06:33","modified_gmt":"2026-04-24T17:06:33","slug":"beres-actival-max-multivitamin-90ks","status":"publish","type":"product","link":"https:\/\/www.biokari.sk\/ro\/produs\/beres-actival-max-multivitamin-90ks\/","title":{"rendered":"B\u00e9res Actival max Multivitam\u00edn 90ks"},"content":{"rendered":"<p data-start=\"90\" data-end=\"515\"><strong data-start=\"90\" data-end=\"138\">ACTIVAL MAX multivitam\u00edn komplex filmtablety<\/strong> predstavuj\u00fa komplexn\u00fd doplnok v\u00fd\u017eivy s obsahom <strong data-start=\"186\" data-end=\"237\">vitam\u00ednov, miner\u00e1lnych l\u00e1tok a stopov\u00fdch prvkov<\/strong> s vysok\u00fdm obsahom vitam\u00ednu C, navrhnut\u00fd na podporu ka\u017edodennej vitality a rovnov\u00e1hy organizmu. V\u010faka starostlivo vyv\u00e1\u017een\u00e9mu zlo\u017eeniu m\u00f4\u017ee by\u0165 ide\u00e1lnym doplnkom stravy najm\u00e4 v obdob\u00ed zv\u00fd\u0161enej fyzickej a psychickej z\u00e1\u0165a\u017ee, pri nevyv\u00e1\u017eenom stravovan\u00ed alebo po\u010das rekonvalescencie.<\/p>\n<p data-start=\"517\" data-end=\"927\">Obsiahnut\u00e9 vitam\u00edny a miner\u00e1ly prispievaj\u00fa k <strong data-start=\"562\" data-end=\"602\">norm\u00e1lnej funkcii imunitn\u00e9ho syst\u00e9mu<\/strong> (vitam\u00edny A, B6, B12, C, D3, kyselina listov\u00e1, zinok, sel\u00e9n, \u017eelezo), k <strong data-start=\"675\" data-end=\"706\">zn\u00ed\u017eeniu \u00fanavy a vy\u010derpania<\/strong> a k spr\u00e1vnemu <strong data-start=\"721\" data-end=\"750\">energetick\u00e9mu metabolizmu<\/strong>(vitam\u00edny skupiny B, vitam\u00edn C, hor\u010d\u00edk, \u017eelezo). Z\u00e1rove\u0148 podporuj\u00fa <strong data-start=\"818\" data-end=\"856\">norm\u00e1lnu \u010dinnos\u0165 nervov\u00e9ho syst\u00e9mu<\/strong>, prispievaj\u00fa k spr\u00e1vnej funkcii srdca a k udr\u017eaniu <strong data-start=\"908\" data-end=\"926\">zdrav\u00fdch kost\u00ed<\/strong>.<\/p>\n<p data-start=\"929\" data-end=\"1079\">Produkt bol vyvinut\u00fd odborn\u00edkmi s d\u00f4razom na aktu\u00e1lne nutri\u010dn\u00e9 odpor\u00fa\u010dania a obsahuje v\u00e4\u010d\u0161inu d\u00f4le\u017eit\u00fdch vitam\u00ednov a miner\u00e1lov v optim\u00e1lnych pomeroch.<\/p>\n<p data-start=\"1081\" data-end=\"1796\"><strong data-start=\"1081\" data-end=\"1094\">Compozi\u021bie:<\/strong> kalcium (fosfore\u010dnan v\u00e1penat\u00fd), vitam\u00edn C (kyselina L-askorbov\u00e1), oxid hore\u010dnat\u00fd, plniv\u00e1 (mikrokry\u0161talick\u00e1 celul\u00f3za, mannitol, polyvinylpolypyrrolid\u00f3n), stabiliz\u00e1tory (polyvinylpyrrolid\u00f3n, polyvinylalkohol, arabsk\u00e1 guma), s\u00edran zino\u010dnat\u00fd, glukon\u00e1t \u017eeleznat\u00fd, farbiv\u00e1 (uhli\u010ditan v\u00e1penat\u00fd, oxidy \u017eeleza), nikot\u00ednamid, nosi\u010de (polyetyl\u00e9nglykol, modifikovan\u00fd kukuri\u010dn\u00fd \u0161krob), protihrudkuj\u00face l\u00e1tky (mastenec, hore\u010dnat\u00e9 soli mastn\u00fdch kysel\u00edn, kremi\u010ditan v\u00e1penat\u00fd, oxid kremi\u010dit\u00fd, hlinitokremi\u010ditan sodn\u00fd), vitam\u00edn E, kyselina pantot\u00e9nov\u00e1, me\u010f, mang\u00e1n, vitam\u00edny skupiny B, beta-karot\u00e9n, vitam\u00edn A, lute\u00edn, lykop\u00e9n, kyselina listov\u00e1, j\u00f3d, molybd\u00e9n, chr\u00f3m, sel\u00e9n, vitam\u00edn K1, biot\u00edn, vitam\u00edn D3, vitam\u00edn B12.<\/p>\n<p data-start=\"1798\" data-end=\"1889\"><strong data-start=\"1798\" data-end=\"1813\">Dozaj:<\/strong> dospel\u00ed u\u017e\u00edvaj\u00fa 1 tabletu denne po jedle, zapij\u00fa minim\u00e1lne 100 ml tekutiny.<\/p>\n<p data-start=\"1891\" data-end=\"2008\"><strong data-start=\"1891\" data-end=\"1939\">V\u00fd\u017eivov\u00e9 hodnoty na denn\u00fa d\u00e1vku (1 tableta):<\/strong> energia, tuky, sacharidy, bielkoviny a so\u013e v zanedbate\u013enom mno\u017estve.<\/p>\n<p data-start=\"2010\" data-end=\"2754\"><strong data-start=\"2010\" data-end=\"2062\">Obsah \u00fa\u010dinn\u00fdch l\u00e1tok v dennej d\u00e1vke (1 tableta):<\/strong> vitam\u00edn A 800 \u00b5g (100 % NRV), vitam\u00edn B1 1,4 mg (128 % NRV), vitam\u00edn B2 1,6 mg (115 % NRV), vitam\u00edn B3 18 mg (113 % NRV), vitam\u00edn B5 6 mg (100 % NRV), vitam\u00edn B6 2 mg (143 % NRV), vitam\u00edn B12 1 \u00b5g (40 % NRV), vitam\u00edn C 300 mg (375 % NRV), vitam\u00edn D3 5 \u00b5g (100 % NRV), vitam\u00edn E 6,7 mg (56 % NRV), kyselina listov\u00e1 200 \u00b5g (100 % NRV), biot\u00edn 30 \u00b5g (60 % NRV), vitam\u00edn K1 40 \u00b5g (54 % NRV), zinok 15 mg (150 % NRV), fosfor 155 mg (23 % NRV), j\u00f3d 100 \u00b5g (67 % NRV), v\u00e1pnik 200 mg (25 % NRV), chr\u00f3m 24 \u00b5g (60 % NRV), hor\u010d\u00edk 100 mg (27 % NRV), mang\u00e1n 1 mg (50 % NRV), molybd\u00e9n 75 \u00b5g (150 % NRV), me\u010f 0,7 mg (70 % NRV), sel\u00e9n 40 \u00b5g (73 % NRV), \u017eelezo 4 mg (29 % NRV), lute\u00edn 300 \u00b5g, lykop\u00e9n 300 \u00b5g.<\/p>\n<p data-start=\"2756\" data-end=\"2841\"><strong data-start=\"2756\" data-end=\"2772\">Depozitare:<\/strong> uchov\u00e1vajte na suchom mieste pri teplote 15\u201325 \u00b0C, mimo dosahu det\u00ed.<\/p>\n<p data-start=\"2843\" data-end=\"2887\"><strong data-start=\"2843\" data-end=\"2869\">Minim\u00e1lna trvanlivos\u0165:<\/strong> uveden\u00e1 na obale.<\/p>\n<p data-start=\"2889\" data-end=\"2929\"><strong data-start=\"2889\" data-end=\"2905\">Distrib\u00fator:<\/strong> B\u00e9res Gy\u00f3gyszert\u00e1r Zrt.<\/p>\n<hr data-start=\"2931\" data-end=\"2934\" \/>\n<p data-start=\"2936\" data-end=\"3153\"><strong data-start=\"2936\" data-end=\"2952\">Avertisment:<\/strong> neprekra\u010dujte odpor\u00fa\u010dan\u00fa denn\u00fa d\u00e1vku. V\u00fd\u017eivov\u00fd doplnok nenahr\u00e1dza pestr\u00fa a vyv\u00e1\u017een\u00fa stravu a zdrav\u00fd \u017eivotn\u00fd \u0161t\u00fdl. Osoby u\u017e\u00edvaj\u00face kumar\u00ednov\u00e9 antikoagulanci\u00e1 by sa mali pred u\u017e\u00edvan\u00edm poradi\u0165 s lek\u00e1rom.<\/p>","protected":false},"excerpt":{"rendered":"<p>ACTIVAL MAX multivitam\u00edn komplex filmtablety predstavuj\u00fa komplexn\u00fd doplnok v\u00fd\u017eivy s obsahom vitam\u00ednov, miner\u00e1lnych l\u00e1tok a stopov\u00fdch prvkov&#8230; <a href=\"#tab-description\" class=\"more-link\">Cite\u0219te mai mult<\/a><\/p>","protected":false},"featured_media":11572,"comment_status":"open","ping_status":"closed","template":"","meta":{"inline_featured_image":false},"product_brand":[377],"product_cat":[379,380,69,140],"product_tag":[],"class_list":{"0":"post-11569","1":"product","2":"type-product","3":"status-publish","4":"has-post-thumbnail","6":"product_brand-beres","7":"product_cat-tabletky-2","8":"product_cat-tabletky-posilnenie-imunity","9":"product_cat-vyzivove-doplnky","10":"product_cat-posilnenie-imunity","12":"first","13":"instock","14":"taxable","15":"shipping-taxable","16":"purchasable","17":"product-type-simple"},"aioseo_notices":[],"_links":{"self":[{"href":"https:\/\/www.biokari.sk\/ro\/wp-json\/wp\/v2\/product\/11569","targetHints":{"allow":["GET"]}}],"collection":[{"href":"https:\/\/www.biokari.sk\/ro\/wp-json\/wp\/v2\/product"}],"about":[{"href":"https:\/\/www.biokari.sk\/ro\/wp-json\/wp\/v2\/types\/product"}],"replies":[{"embeddable":true,"href":"https:\/\/www.biokari.sk\/ro\/wp-json\/wp\/v2\/comments?post=11569"}],"wp:featuredmedia":[{"embeddable":true,"href":"https:\/\/www.biokari.sk\/ro\/wp-json\/wp\/v2\/media\/11572"}],"wp:attachment":[{"href":"https:\/\/www.biokari.sk\/ro\/wp-json\/wp\/v2\/media?parent=11569"}],"wp:term":[{"taxonomy":"product_brand","embeddable":true,"href":"https:\/\/www.biokari.sk\/ro\/wp-json\/wp\/v2\/product_brand?post=11569"},{"taxonomy":"product_cat","embeddable":true,"href":"https:\/\/www.biokari.sk\/ro\/wp-json\/wp\/v2\/product_cat?post=11569"},{"taxonomy":"product_tag","embeddable":true,"href":"https:\/\/www.biokari.sk\/ro\/wp-json\/wp\/v2\/product_tag?post=11569"}],"curies":[{"name":"wp","href":"https:\/\/api.w.org\/{rel}","templated":true}]}}