{"id":11606,"date":"2026-04-18T21:31:33","date_gmt":"2026-04-18T19:31:33","guid":{"rendered":"https:\/\/www.biokari.sk\/produkt\/wtn-balzam-na-reumu-a-na-kiby-100ml\/"},"modified":"2026-04-18T22:11:16","modified_gmt":"2026-04-18T20:11:16","slug":"wtn-balzam-na-reumu-a-na-kiby-100ml","status":"publish","type":"product","link":"https:\/\/www.biokari.sk\/ro\/produs\/wtn-balzam-na-reumu-a-na-kiby-100ml\/","title":{"rendered":"WTN Balz\u00e1m na reumu a na k\u00edby 100ml"},"content":{"rendered":"<p>WTN Gyulai term\u00e1lny balzam je kozmetick\u00fd pr\u00edpravok ur\u010den\u00fd na&nbsp;<strong>starostlivos\u0165 o poko\u017eku tela<\/strong>, najm\u00e4 po fyzickej n\u00e1mahe alebo dlhom dni. Kombinuje&nbsp;<strong>term\u00e1lnu vodu z Gyuly<\/strong>&nbsp;s rastlinn\u00fdmi extraktmi a olejmi, ktor\u00e9 prispievaj\u00fa k pr\u00edjemn\u00e9mu osvie\u017eeniu a komfortu poko\u017eky.<\/p>\n\n\n\n<p><strong>Charakteristika produktu<\/strong><br>Z\u00e1kladom balzamu je&nbsp;<strong>term\u00e1lna voda z Gyuly<\/strong>, prirodzene obsahuj\u00faca miner\u00e1lne l\u00e1tky. Zlo\u017eenie je doplnen\u00e9 o rastlinn\u00e9 extrakty, ako s\u00fa&nbsp;<strong>Boswellia Serrata, z\u00e1zvor, rozchodnica ru\u017eov\u00e1 (Rhodiola Rosea), arnika, hamamel, paga\u0161tan konsk\u00fd a rozmar\u00edn<\/strong>, ako aj o&nbsp;<strong>MSM (dimetylsulf\u00f3n)<\/strong>. Pr\u00edtomn\u00e9 s\u00fa aj rastlinn\u00e9 oleje vr\u00e1tane&nbsp;<strong>jojobov\u00e9ho oleja<\/strong>&nbsp;a \u00e9terick\u00e9 oleje (napr. m\u00e4ta pieporn\u00e1), ktor\u00e9 dod\u00e1vaj\u00fa produktu osvie\u017euj\u00faci pocit na poko\u017eke.<\/p>\n\n\n\n<p>Produkt je formulovan\u00fd ako&nbsp;<strong>kozmetick\u00fd v\u00fdrobok<\/strong>. Neobsahuje l\u00e1tky, ktor\u00e9 by boli z\u00e1merne prid\u00e1van\u00e9 ako syntetick\u00e9 parfumy nad r\u00e1mec zlo\u017eiek povolen\u00fdch v kozmetike.<\/p>\n\n\n\n<p><strong>Ingrediente (INCI):<\/strong>&nbsp;Aqua, Aloe Barbadensis Leaf Juice, Simmondsia Chinensis Seed Oil, Boswellia Serrata Extract, Cetearyl Alcohol, Glycerin, Glyceryl Stearate Citrate, Dimethylsulfone, Solidago Virgaurea Extract, Zingiber Officinalis Root Extract, Arnica Montana Flower Extract, Rosmarinus Officinalis Leaf Oil, Rosmarinus Officinalis Leaf Extract, Rhodiola Rosea Root Extract, Glyceryl Caprylate, Hamamelis Virginiana Extract, Aesculus Hippocastanum Seed Extract, Ananas Sativus Fruit Extract, Zingiber Officinale Root Oil, Piper Nigrum Seed Extract, Tocopherol, Mentha Piperita Oil, Ethylhexylglycerin, Squalane, Xanthan Gum, Glyceryl Linoleate, Sodium Phytate, Citral*, Geraniol*, Limonene*, Linalool*.<br>*Prirodzen\u00e9 zlo\u017eky \u00e9terick\u00fdch olejov.<\/p>\n\n\n\n<p><strong>Sp\u00f4sob pou\u017eitia<\/strong><br>Naneste primeran\u00e9 mno\u017estvo (1\u20132 pumpi\u010dky) na poko\u017eku a jemne vmas\u00edrujte. Nechajte \u00faplne vstreba\u0165. Aplikujte pod\u013ea potreby, ide\u00e1lne na \u010dist\u00fa poko\u017eku.<\/p>\n\n\n\n<p><strong>Aviz<\/strong><br>Len na vonkaj\u0161ie pou\u017eitie. Zabr\u00e1\u0148te kontaktu s o\u010dami a sliznicami. Nepou\u017e\u00edvajte na po\u0161koden\u00fa alebo podr\u00e1\u017eden\u00fa poko\u017eku. V pr\u00edpade precitlivenosti na niektor\u00fa zo zlo\u017eiek v\u00fdrobok nepou\u017e\u00edvajte. Pred prv\u00fdm pou\u017eit\u00edm odpor\u00fa\u010dame vykona\u0165 test zn\u00e1\u0161anlivosti na malej \u010dasti poko\u017eky. Uchov\u00e1vajte mimo dosahu det\u00ed.<\/p>\n\n\n\n<p><strong>Depozitare<\/strong><br>Uchov\u00e1vajte na suchom a chladnom mieste, chr\u00e1\u0148te pred priamym slne\u010dn\u00fdm \u017eiaren\u00edm.<\/p>","protected":false},"excerpt":{"rendered":"<p>&#8230; <a href=\"#tab-description\" class=\"more-link\">Cite\u0219te mai mult<\/a><\/p>","protected":false},"featured_media":11608,"comment_status":"open","ping_status":"closed","template":"","meta":{"inline_featured_image":false},"product_brand":[289],"product_cat":[371,249,19],"product_tag":[309,313,312,281],"class_list":{"0":"post-11606","1":"product","2":"type-product","3":"status-publish","4":"has-post-thumbnail","6":"product_brand-wtn","7":"product_cat-bilynkovy-krem","8":"product_cat-kozmeticke-vyrobky","9":"product_cat-ostatne","10":"product_tag-novinky","11":"product_tag-top-ostatne","12":"product_tag-top-potraviny","13":"product_tag-veganske","15":"first","16":"onbackorder","17":"taxable","18":"shipping-taxable","19":"purchasable","20":"product-type-simple"},"aioseo_notices":[],"_links":{"self":[{"href":"https:\/\/www.biokari.sk\/ro\/wp-json\/wp\/v2\/product\/11606","targetHints":{"allow":["GET"]}}],"collection":[{"href":"https:\/\/www.biokari.sk\/ro\/wp-json\/wp\/v2\/product"}],"about":[{"href":"https:\/\/www.biokari.sk\/ro\/wp-json\/wp\/v2\/types\/product"}],"replies":[{"embeddable":true,"href":"https:\/\/www.biokari.sk\/ro\/wp-json\/wp\/v2\/comments?post=11606"}],"wp:featuredmedia":[{"embeddable":true,"href":"https:\/\/www.biokari.sk\/ro\/wp-json\/wp\/v2\/media\/11608"}],"wp:attachment":[{"href":"https:\/\/www.biokari.sk\/ro\/wp-json\/wp\/v2\/media?parent=11606"}],"wp:term":[{"taxonomy":"product_brand","embeddable":true,"href":"https:\/\/www.biokari.sk\/ro\/wp-json\/wp\/v2\/product_brand?post=11606"},{"taxonomy":"product_cat","embeddable":true,"href":"https:\/\/www.biokari.sk\/ro\/wp-json\/wp\/v2\/product_cat?post=11606"},{"taxonomy":"product_tag","embeddable":true,"href":"https:\/\/www.biokari.sk\/ro\/wp-json\/wp\/v2\/product_tag?post=11606"}],"curies":[{"name":"wp","href":"https:\/\/api.w.org\/{rel}","templated":true}]}}