{"id":11640,"date":"2026-04-21T22:43:25","date_gmt":"2026-04-21T20:43:25","guid":{"rendered":"https:\/\/www.biokari.sk\/produkt\/wtn-jablkove-kmenove-bunky-hialuronove-serum-50ml\/"},"modified":"2026-04-21T22:48:01","modified_gmt":"2026-04-21T20:48:01","slug":"wtn-jablkove-kmenove-bunky-hialuronove-serum-50ml","status":"publish","type":"product","link":"https:\/\/www.biokari.sk\/ro\/produs\/wtn-jablkove-kmenove-bunky-hialuronove-serum-50ml\/","title":{"rendered":"WTN Jablkov\u00e9 kme\u0148ov\u00e9 bunky + hialuronov\u00e9 s\u00e9rum 50ml"},"content":{"rendered":"<p data-start=\"249\" data-end=\"454\">WTN s\u00e9rum s jablkov\u00fdmi kme\u0148ov\u00fdmi bunkami a kyselinou hyalur\u00f3novou je <strong data-start=\"318\" data-end=\"384\">kozmetick\u00fd pr\u00edpravok ur\u010den\u00fd na ka\u017edodenn\u00fa starostlivos\u0165 o ple\u0165<\/strong>, ktor\u00fd pom\u00e1ha udr\u017eiava\u0165 jej <strong data-start=\"413\" data-end=\"453\">hydrat\u00e1ciu, pru\u017enos\u0165 a svie\u017ei vzh\u013ead<\/strong>.<\/p>\n<p data-start=\"456\" data-end=\"751\"><strong data-start=\"456\" data-end=\"487\">Pre\u010do si vybra\u0165 toto s\u00e9rum?<\/strong><br data-start=\"487\" data-end=\"490\" \/>\u2714 Obsahuje <strong data-start=\"501\" data-end=\"536\">18 akt\u00edvnych pr\u00edrodn\u00fdch zlo\u017eiek<\/strong><br data-start=\"536\" data-end=\"539\" \/>\u2714 <strong data-start=\"541\" data-end=\"590\">Dve molekulov\u00e9 ve\u013ekosti kyseliny hyalur\u00f3novej<\/strong> pre viac\u00farov\u0148ov\u00fa hydrat\u00e1ciu<br data-start=\"618\" data-end=\"621\" \/>\u2714 \u013dahk\u00e1 text\u00fara \u2013 r\u00fdchle vstreb\u00e1vanie<br data-start=\"658\" data-end=\"661\" \/>\u2714 Vhodn\u00e9 pre <strong data-start=\"674\" data-end=\"695\">v\u0161etky typy pleti<\/strong><br data-start=\"695\" data-end=\"698\" \/>\u2714 <strong data-start=\"700\" data-end=\"749\">Bez syntetick\u00fdch parfumov a zbyto\u010dn\u00fdch adit\u00edv<\/strong><\/p>\n<p data-start=\"753\" data-end=\"885\"><strong data-start=\"753\" data-end=\"781\">Charakteristika produktu<\/strong><br data-start=\"781\" data-end=\"784\" \/>S\u00e9rum obsahuje kombin\u00e1ciu <strong data-start=\"810\" data-end=\"884\">rastlinn\u00fdch extraktov, olejov a modern\u00fdch kozmetick\u00fdch akt\u00edvnych l\u00e1tok<\/strong>.<\/p>\n<p data-start=\"887\" data-end=\"1054\">Kyselina hyalur\u00f3nov\u00e1 s r\u00f4znou molekulovou ve\u013ekos\u0165ou pom\u00e1ha udr\u017eiava\u0165 <strong data-start=\"956\" data-end=\"1009\">hydrat\u00e1ciu povrchov\u00fdch aj hlb\u0161\u00edch vrstiev poko\u017eky<\/strong>, \u010d\u00edm prispieva k pr\u00edjemn\u00e9mu pocitu komfortu.<\/p>\n<p data-start=\"1056\" data-end=\"1164\">Extrakt z <strong data-start=\"1066\" data-end=\"1097\">jablkov\u00fdch kme\u0148ov\u00fdch buniek<\/strong> je vyu\u017e\u00edvan\u00fd v kozmetike ako modern\u00e1 zlo\u017eka starostlivosti o ple\u0165.<\/p>\n<p data-start=\"1166\" data-end=\"1325\">Zlo\u017eenie je doplnen\u00e9 o rastlinn\u00e9 extrakty ako <strong data-start=\"1212\" data-end=\"1261\">centella asiatica, bambus, lotos, \u013ean a breza<\/strong>, ktor\u00e9 prispievaj\u00fa k <strong data-start=\"1283\" data-end=\"1324\">svie\u017eemu a upraven\u00e9mu vzh\u013eadu poko\u017eky<\/strong>.<\/p>\n<p data-start=\"1327\" data-end=\"1586\"><strong data-start=\"1327\" data-end=\"1368\">Hlavn\u00e9 \u00fa\u010dinky (kozmetick\u00e9 vlastnosti)<\/strong><br data-start=\"1368\" data-end=\"1371\" \/>Pom\u00e1ha udr\u017eiava\u0165 hydratovan\u00fa a jemn\u00fa ple\u0165.<br data-start=\"1413\" data-end=\"1416\" \/>Prispieva k svie\u017eemu a odd\u00fdchnut\u00e9mu vzh\u013eadu.<br data-start=\"1460\" data-end=\"1463\" \/>Pom\u00e1ha zlep\u0161i\u0165 vzh\u013ead text\u00fary pleti.<br data-start=\"1499\" data-end=\"1502\" \/>Zanech\u00e1va poko\u017eku hebk\u00fa a pru\u017en\u00fa.<br data-start=\"1535\" data-end=\"1538\" \/>Podporuje komfort a prirodzen\u00fd vzh\u013ead poko\u017eky.<\/p>\n<p data-start=\"1588\" data-end=\"1763\"><strong data-start=\"1588\" data-end=\"1600\">Pou\u017eitie<\/strong><br data-start=\"1600\" data-end=\"1603\" \/>Aplikujte <strong data-start=\"1613\" data-end=\"1658\">1\u20132\u00d7 denne mal\u00e9 mno\u017estvo (ve\u013ekos\u0165 hr\u00e1\u0161ku)<\/strong> na vy\u010disten\u00fa ple\u0165 a jemne vmas\u00edrujte (tv\u00e1r, krk, okolie o\u010d\u00ed). Po vstreban\u00ed je mo\u017en\u00e9 pou\u017ei\u0165 ple\u0165ov\u00fd kr\u00e9m.<\/p>\n<p data-start=\"1765\" data-end=\"2007\"><strong data-start=\"1765\" data-end=\"1780\">Aviz<\/strong><br data-start=\"1780\" data-end=\"1783\" \/>Len na vonkaj\u0161ie pou\u017eitie.<br data-start=\"1809\" data-end=\"1812\" \/>Zabr\u00e1\u0148te kontaktu s o\u010dami.<br data-start=\"1838\" data-end=\"1841\" \/>Nepou\u017e\u00edvajte na podr\u00e1\u017eden\u00fa alebo po\u0161koden\u00fa poko\u017eku.<br data-start=\"1892\" data-end=\"1895\" \/>V pr\u00edpade podr\u00e1\u017edenia presta\u0148te v\u00fdrobok pou\u017e\u00edva\u0165.<br data-start=\"1944\" data-end=\"1947\" \/>Pred prv\u00fdm pou\u017eit\u00edm odpor\u00fa\u010dame vykona\u0165 test zn\u00e1\u0161anlivosti.<\/p>\n<p data-start=\"2009\" data-end=\"2059\">Produkt je vhodn\u00fd aj po\u010das tehotenstva a doj\u010denia.<\/p>\n<p data-start=\"2061\" data-end=\"2127\"><strong data-start=\"2061\" data-end=\"2076\">Depozitare<\/strong><br data-start=\"2076\" data-end=\"2079\" \/>Uchov\u00e1vajte na suchom, chladnom a tmavom mieste.<\/p>\n<p data-start=\"2129\" data-end=\"2710\"><strong data-start=\"2129\" data-end=\"2149\">Ingrediente (INCI):<\/strong> Aqua, Aloe Barbadensis Leaf Juice, Phytosqualane, Glycerin, Cetearyl Alcohol, Sambucus Nigra Flower Extract, Oenothera Biennis Oil, Glyceryl Stearate Citrate, Argania Spinosa Oil, Bambusa Vulgaris Shoot Extract, Nelumbo Nucifera Flower Extract, Nymphaea Alba Root Extract, Pyrus Malus Fruit Extract, Linum Usitatissimum Seed Extract, Hyaluronic Acid, Malus Domestica Fruit Cell Culture Extract, Centella Asiatica Extract, Tocopherols, Betula Alba Leaf Extract, Ethylhexylglycerin, Glyceryl Caprylate, Sodium Phytate, Xanthan Gum, Phospholipids, Phenoxyethanol.<\/p>\n<p data-start=\"2712\" data-end=\"2728\"><strong data-start=\"2712\" data-end=\"2722\">Volum:<\/strong> 50 ml<\/p>","protected":false},"excerpt":{"rendered":"<p>Compozi\u021bie:<\/p>\n<p>Hlavn\u00fdmi \u00fa\u010dinn\u00fdmi l\u00e1tkami s\u00fa:<\/p>\n<p>    Kme\u0148ov\u00e9 bunky zo \u0161vaj\u010diarskej jablone \u2013 podporuj\u00fa regener\u00e1ciu poko\u017eky a spoma\u013euj\u00fa proces starnutia.<\/p>\n<p>    Kyselina hyalur\u00f3nov\u00e1 \u2013 intenz\u00edvne hydratuje poko\u017eku a zvy\u0161uje jej pru\u017enos\u0165.<\/p>\n<p>    Pr\u00edrodn\u00e9 antioxidanty \u2013 chr\u00e1nia poko\u017eku pred \u0161kodliv\u00fdmi vplyvmi pros&#8230; <a href=\"#tab-description\" class=\"more-link\">Cite\u0219te mai mult<\/a><\/p>","protected":false},"featured_media":11642,"comment_status":"open","ping_status":"closed","template":"","meta":{"inline_featured_image":false},"product_brand":[289],"product_cat":[392,249],"product_tag":[],"class_list":{"0":"post-11640","1":"product","2":"type-product","3":"status-publish","4":"has-post-thumbnail","6":"product_brand-wtn","7":"product_cat-krem","8":"product_cat-kozmeticke-vyrobky","10":"first","11":"onbackorder","12":"taxable","13":"shipping-taxable","14":"purchasable","15":"product-type-simple"},"aioseo_notices":[],"_links":{"self":[{"href":"https:\/\/www.biokari.sk\/ro\/wp-json\/wp\/v2\/product\/11640","targetHints":{"allow":["GET"]}}],"collection":[{"href":"https:\/\/www.biokari.sk\/ro\/wp-json\/wp\/v2\/product"}],"about":[{"href":"https:\/\/www.biokari.sk\/ro\/wp-json\/wp\/v2\/types\/product"}],"replies":[{"embeddable":true,"href":"https:\/\/www.biokari.sk\/ro\/wp-json\/wp\/v2\/comments?post=11640"}],"wp:featuredmedia":[{"embeddable":true,"href":"https:\/\/www.biokari.sk\/ro\/wp-json\/wp\/v2\/media\/11642"}],"wp:attachment":[{"href":"https:\/\/www.biokari.sk\/ro\/wp-json\/wp\/v2\/media?parent=11640"}],"wp:term":[{"taxonomy":"product_brand","embeddable":true,"href":"https:\/\/www.biokari.sk\/ro\/wp-json\/wp\/v2\/product_brand?post=11640"},{"taxonomy":"product_cat","embeddable":true,"href":"https:\/\/www.biokari.sk\/ro\/wp-json\/wp\/v2\/product_cat?post=11640"},{"taxonomy":"product_tag","embeddable":true,"href":"https:\/\/www.biokari.sk\/ro\/wp-json\/wp\/v2\/product_tag?post=11640"}],"curies":[{"name":"wp","href":"https:\/\/api.w.org\/{rel}","templated":true}]}}