{"id":11644,"date":"2026-04-22T21:14:04","date_gmt":"2026-04-22T19:14:04","guid":{"rendered":"https:\/\/www.biokari.sk\/produkt\/wtn-jod-a-selen-kapsuly-60ks\/"},"modified":"2026-04-27T19:02:09","modified_gmt":"2026-04-27T17:02:09","slug":"wtn-jod-a-selen-kapsuly-60ks","status":"publish","type":"product","link":"https:\/\/www.biokari.sk\/ro\/produs\/wtn-jod-a-selen-kapsuly-60ks\/","title":{"rendered":"WTN J\u00f3d a Sel\u00e9n kapsuly 60ks"},"content":{"rendered":"<p data-start=\"250\" data-end=\"460\">WTN J\u00f3d a sel\u00e9n je <strong data-start=\"269\" data-end=\"289\">v\u00fd\u017eivov\u00fd doplnok<\/strong> obsahuj\u00faci j\u00f3d z pr\u00edrodn\u00e9ho zdroja (organick\u00e1 hned\u00e1 riasa) a sel\u00e9n v organickej forme (selenometion\u00edn). Kombin\u00e1cia t\u00fdchto stopov\u00fdch prvkov dop\u013a\u0148a ka\u017edodenn\u00fd pr\u00edjem \u017eiv\u00edn.<\/p>\n<p data-start=\"462\" data-end=\"629\"><strong data-start=\"462\" data-end=\"490\">Charakteristika produktu<\/strong><br data-start=\"490\" data-end=\"493\" \/>Produkt obsahuje <strong data-start=\"510\" data-end=\"532\">j\u00f3d z hnedej riasy<\/strong> a <strong data-start=\"535\" data-end=\"569\">sel\u00e9n vo forme selenometion\u00ednu<\/strong>, ktor\u00e9 s\u00fa prirodzene sa vyskytuj\u00face formy stopov\u00fdch prvkov.<\/p>\n<p data-start=\"631\" data-end=\"853\"><strong data-start=\"631\" data-end=\"656\">Schv\u00e1len\u00e9 \u00fa\u010dinky (E\u00da)<\/strong><br data-start=\"656\" data-end=\"659\" \/>J\u00f3d prispieva k:<br data-start=\"675\" data-end=\"678\" \/>\u2714 norm\u00e1lnej tvorbe horm\u00f3nov \u0161t\u00edtnej \u017e\u013eazy a jej spr\u00e1vnej funkcii<br data-start=\"742\" data-end=\"745\" \/>\u2714 spr\u00e1vnemu energetick\u00e9mu metabolizmu<br data-start=\"782\" data-end=\"785\" \/>\u2714 spr\u00e1vnej \u010dinnosti nervov\u00e9ho syst\u00e9mu<br data-start=\"822\" data-end=\"825\" \/>\u2714 udr\u017eaniu zdravej poko\u017eky<\/p>\n<p data-start=\"855\" data-end=\"1031\">Sel\u00e9n prispieva k:<br data-start=\"873\" data-end=\"876\" \/>\u2714 spr\u00e1vnej funkcii \u0161t\u00edtnej \u017e\u013eazy<br data-start=\"908\" data-end=\"911\" \/>\u2714 spr\u00e1vnej funkcii imunitn\u00e9ho syst\u00e9mu<br data-start=\"948\" data-end=\"951\" \/>\u2714 ochrane buniek pred oxida\u010dn\u00fdm stresom<br data-start=\"990\" data-end=\"993\" \/>\u2714 udr\u017eaniu zdrav\u00fdch vlasov a nechtov<\/p>\n<p data-start=\"1033\" data-end=\"1157\"><strong data-start=\"1033\" data-end=\"1058\">Zlo\u017eenie (1 kapsula):<\/strong><br data-start=\"1058\" data-end=\"1061\" \/>J\u00f3d (z organickej hnedej riasy) 500 \u03bcg (333 % RVH)<br data-start=\"1111\" data-end=\"1114\" \/>Sel\u00e9n (selenometion\u00edn) 150 \u03bcg (273 % RVH)<\/p>\n<p data-start=\"1159\" data-end=\"1228\">Zlo\u017eenie: organick\u00e1 hned\u00e1 riasa, \u017eelat\u00edna (kapsula), selenometion\u00edn<\/p>\n<p data-start=\"1230\" data-end=\"1280\"><em data-start=\"1230\" data-end=\"1280\">RVH \u2013 referen\u010dn\u00e1 v\u00fd\u017eivov\u00e1 hodnota pre dospel\u00fdch.<\/em><\/p>\n<p data-start=\"1282\" data-end=\"1451\"><strong data-start=\"1282\" data-end=\"1307\">Odpor\u00fa\u010dan\u00e9 d\u00e1vkovanie<\/strong><br data-start=\"1307\" data-end=\"1310\" \/>U\u017e\u00edvajte <strong data-start=\"1319\" data-end=\"1338\">1 kapsulu denne<\/strong>, ide\u00e1lne pribli\u017ene <strong data-start=\"1358\" data-end=\"1396\">30 min\u00fat pred prv\u00fdm hlavn\u00fdm jedlom<\/strong>.<br data-start=\"1397\" data-end=\"1400\" \/>Pri citlivom tr\u00e1ven\u00ed je mo\u017en\u00e9 u\u017e\u00edva\u0165 medzi jedlami.<\/p>\n<p data-start=\"1453\" data-end=\"1736\"><strong data-start=\"1453\" data-end=\"1468\">Aviz<\/strong><br data-start=\"1468\" data-end=\"1471\" \/>V pr\u00edpade ochoren\u00ed \u0161t\u00edtnej \u017e\u013eazy alebo u\u017e\u00edvania liekov sa pred pou\u017eit\u00edm pora\u010fte s lek\u00e1rom.<br data-start=\"1561\" data-end=\"1564\" \/>Odpor\u00fa\u010da sa u\u017e\u00edva\u0165 s \u010dasov\u00fdm odstupom od pr\u00edpravkov obsahuj\u00facich vitam\u00edn C a vitam\u00edn B12.<br data-start=\"1653\" data-end=\"1656\" \/>Pri dlhodobom u\u017e\u00edvan\u00ed vy\u0161\u0161\u00edch d\u00e1vok sel\u00e9nu sa odpor\u00fa\u010da konzult\u00e1cia s odborn\u00edkom.<\/p>\n<p data-start=\"1738\" data-end=\"1950\">V\u00fd\u017eivov\u00fd doplnok nenahr\u00e1dza pestr\u00fa a vyv\u00e1\u017een\u00fa stravu a zdrav\u00fd \u017eivotn\u00fd \u0161t\u00fdl.<br data-start=\"1813\" data-end=\"1816\" \/>Neprekra\u010dujte odpor\u00fa\u010dan\u00fa denn\u00fa d\u00e1vku.<br data-start=\"1853\" data-end=\"1856\" \/>Uchov\u00e1vajte mimo dosahu det\u00ed.<br data-start=\"1885\" data-end=\"1888\" \/>Ak ste alergick\u00fd na niektor\u00fa zo zlo\u017eiek, v\u00fdrobok nepou\u017e\u00edvajte.<\/p>\n<p data-start=\"1952\" data-end=\"2124\">Odpor\u00fa\u010da sa neu\u017e\u00edva\u0165 spolu s k\u00e1vou (dodr\u017ete \u010dasov\u00fd odstup).<br data-start=\"2011\" data-end=\"2014\" \/>Neodpor\u00fa\u010da sa u\u017e\u00edva\u0165 s mlie\u010dnymi v\u00fdrobkami.<br data-start=\"2057\" data-end=\"2060\" \/>Pri s\u00fabe\u017enom u\u017e\u00edvan\u00ed viacer\u00fdch doplnkov sa pora\u010fte s odborn\u00edkom.<\/p>\n<p data-start=\"2126\" data-end=\"2192\"><strong data-start=\"2126\" data-end=\"2141\">Depozitare<\/strong><br data-start=\"2141\" data-end=\"2144\" \/>Uchov\u00e1vajte na suchom, chladnom a tmavom mieste.<\/p>","protected":false},"excerpt":{"rendered":"<p>WTN J\u00f3d a sel\u00e9n je v\u00fd\u017eivov\u00fd doplnok obsahuj\u00faci j\u00f3d z pr\u00edrodn\u00e9ho zdroja (organick\u00e1 hned\u00e1 riasa) a sel\u00e9n v organickej forme (selenometion\u00edn)&#8230; <a href=\"#tab-description\" class=\"more-link\">Cite\u0219te mai mult<\/a><\/p>","protected":false},"featured_media":11647,"comment_status":"open","ping_status":"closed","template":"","meta":{"inline_featured_image":false},"product_brand":[289],"product_cat":[389,69,140],"product_tag":[309,311],"class_list":{"0":"post-11644","1":"product","2":"type-product","3":"status-publish","4":"has-post-thumbnail","6":"product_brand-wtn","7":"product_cat-kvapky","8":"product_cat-vyzivove-doplnky","9":"product_cat-posilnenie-imunity","10":"product_tag-novinky","11":"product_tag-top-vyzivove-doplnky","13":"first","14":"onbackorder","15":"taxable","16":"shipping-taxable","17":"purchasable","18":"product-type-simple"},"aioseo_notices":[],"_links":{"self":[{"href":"https:\/\/www.biokari.sk\/ro\/wp-json\/wp\/v2\/product\/11644","targetHints":{"allow":["GET"]}}],"collection":[{"href":"https:\/\/www.biokari.sk\/ro\/wp-json\/wp\/v2\/product"}],"about":[{"href":"https:\/\/www.biokari.sk\/ro\/wp-json\/wp\/v2\/types\/product"}],"replies":[{"embeddable":true,"href":"https:\/\/www.biokari.sk\/ro\/wp-json\/wp\/v2\/comments?post=11644"}],"wp:featuredmedia":[{"embeddable":true,"href":"https:\/\/www.biokari.sk\/ro\/wp-json\/wp\/v2\/media\/11647"}],"wp:attachment":[{"href":"https:\/\/www.biokari.sk\/ro\/wp-json\/wp\/v2\/media?parent=11644"}],"wp:term":[{"taxonomy":"product_brand","embeddable":true,"href":"https:\/\/www.biokari.sk\/ro\/wp-json\/wp\/v2\/product_brand?post=11644"},{"taxonomy":"product_cat","embeddable":true,"href":"https:\/\/www.biokari.sk\/ro\/wp-json\/wp\/v2\/product_cat?post=11644"},{"taxonomy":"product_tag","embeddable":true,"href":"https:\/\/www.biokari.sk\/ro\/wp-json\/wp\/v2\/product_tag?post=11644"}],"curies":[{"name":"wp","href":"https:\/\/api.w.org\/{rel}","templated":true}]}}