{"id":11734,"date":"2026-05-01T21:33:14","date_gmt":"2026-05-01T19:33:14","guid":{"rendered":"https:\/\/www.biokari.sk\/produkt\/wtn-kapsuly-pre-zenske-cykly-60ks\/"},"modified":"2026-05-01T21:38:26","modified_gmt":"2026-05-01T19:38:26","slug":"wtn-kapsuly-pre-zenske-cykly-60ks","status":"publish","type":"product","link":"https:\/\/www.biokari.sk\/ro\/produs\/wtn-kapsuly-pre-zenske-cykly-60ks\/","title":{"rendered":"WTN Kapsuly pre \u017eensk\u00e9 cykly 60ks"},"content":{"rendered":"<p data-start=\"0\" data-end=\"356\"><strong data-start=\"0\" data-end=\"47\">WTN Ciklusbar\u00e1t \u2013 v\u00fd\u017eivov\u00fd doplnok pre \u017eeny<\/strong> je komplexn\u00e1 bylinn\u00e1 formula vytvoren\u00e1 s d\u00f4razom na potreby \u017eensk\u00e9ho organizmu v r\u00f4znych \u017eivotn\u00fdch obdobiach. Modern\u00fd \u017eivotn\u00fd \u0161t\u00fdl a vonkaj\u0161ie vplyvy m\u00f4\u017eu ovplyv\u0148ova\u0165 prirodzen\u00fa rovnov\u00e1hu organizmu, pri\u010dom \u017eensk\u00e9 telo si m\u00f4\u017ee vy\u017eadova\u0165 osobitn\u00fa pozornos\u0165 najm\u00e4 po\u010das hormon\u00e1lnych zmien a men\u0161trua\u010dn\u00e9ho cyklu.<\/p>\n<p data-start=\"358\" data-end=\"616\">Produkt obsahuje starostlivo vybran\u00e9 rastlinn\u00e9 extrakty, ktor\u00e9 s\u00fa zn\u00e1me z tradi\u010dn\u00e9ho pou\u017e\u00edvania aj z poh\u013eadu modernej v\u00fd\u017eivy. Kombinuje napr\u00edklad extrakt z \u010fateliny l\u00fa\u010dnej a \u013eanov\u00e9ho semena, ktor\u00e9 obsahuj\u00fa prirodzen\u00e9 rastlinn\u00e9 l\u00e1tky ako izoflav\u00f3ny a lignany.<\/p>\n<p data-start=\"618\" data-end=\"819\"><strong data-start=\"618\" data-end=\"631\">Compozi\u021bie:<\/strong> extrakt z kore\u0148a angeliky \u010d\u00ednskej (Dong Quai), extrakt z listov \u010dervenej maliny, \u017eelat\u00edna (kapsula), extrakt z \u010fateliny l\u00fa\u010dnej, extrakt z kore\u0148a maca, extrakt z \u013eanov\u00e9ho semena (lignany).<\/p>\n<p data-start=\"821\" data-end=\"1024\"><strong data-start=\"821\" data-end=\"851\">Akt\u00edvne l\u00e1tky v 1 kapsule:<\/strong> angelika \u010d\u00ednska extrakt 10:1 \u2013 150 mg, list maliny extrakt 20:1 \u2013 150 mg, \u010fatelina l\u00fa\u010dna extrakt 20:1 \u2013 50 mg, maca extrakt 20:1 \u2013 50 mg, \u013eanov\u00e9 lignany (SDG 40 %) \u2013 50 mg.<\/p>\n<p data-start=\"1026\" data-end=\"1209\"><strong data-start=\"1026\" data-end=\"1052\">Doza recomandat\u0103:<\/strong> 1 kapsula denne po\u010das jedla, zapi\u0165 dostato\u010dn\u00fdm mno\u017estvom tekutiny. Odpor\u00fa\u010da sa cyklick\u00e9 u\u017e\u00edvanie \u2013 pribli\u017ene 2 t\u00fd\u017edne u\u017e\u00edvania, n\u00e1sledne 2 t\u00fd\u017edne prest\u00e1vka.<\/p>\n<p data-start=\"1211\" data-end=\"1378\"><strong data-start=\"1211\" data-end=\"1233\">\u010eal\u0161ie inform\u00e1cie:<\/strong> Produkt je ur\u010den\u00fd pre \u017eeny ako doplnok pestrej stravy. Odpor\u00fa\u010da sa kombinova\u0165 s vyv\u00e1\u017eenou stravou bohatou na zeleninu a zdrav\u00fdm \u017eivotn\u00fdm \u0161t\u00fdlom.<\/p>\n<p data-start=\"1380\" data-end=\"1518\"><strong data-start=\"1380\" data-end=\"1396\">Depozitare:<\/strong> Uchov\u00e1vajte na suchom, chladnom a tmavom mieste pri teplote do 25 \u00b0C. Chr\u00e1\u0148te pred vlhkos\u0165ou a priamym slne\u010dn\u00fdm \u017eiaren\u00edm.<\/p>\n<p data-start=\"1520\" data-end=\"2010\"><strong data-start=\"1520\" data-end=\"1536\">Avertisment:<\/strong> Nevhodn\u00e9 pre mu\u017eov. Nevhodn\u00e9 pre osoby mlad\u0161ie ako 18 rokov. Neodpor\u00fa\u010da sa po\u010das tehotenstva a doj\u010denia. V\u00fd\u017eivov\u00fd doplnok nenahr\u00e1dza pestr\u00fa a vyv\u00e1\u017een\u00fa stravu ani zdrav\u00fd \u017eivotn\u00fd \u0161t\u00fdl. Neprekra\u010dujte odpor\u00fa\u010dan\u00fa denn\u00fa d\u00e1vku. Uchov\u00e1vajte mimo dosahu det\u00ed. V pr\u00edpade precitlivenosti na niektor\u00fa zo zlo\u017eiek pr\u00edpravok nepou\u017e\u00edvajte. Obsah angeliky m\u00f4\u017ee u citliv\u00fdch os\u00f4b zvy\u0161ova\u0165 citlivos\u0165 na slne\u010dn\u00e9 \u017eiarenie, preto sa odpor\u00fa\u010da obmedzi\u0165 intenz\u00edvne slnenie a sol\u00e1rium po\u010das u\u017e\u00edvania.<\/p>\n<p data-start=\"2012\" data-end=\"2039\" data-is-last-node=\"\" data-is-only-node=\"\"><strong data-start=\"2012\" data-end=\"2024\">Balenie:<\/strong> <strong data-start=\"2025\" data-end=\"2038\">60 kaps\u00fal<\/strong>.<\/p>","protected":false},"excerpt":{"rendered":"<p>WTN Ciklusbar\u00e1t \u2013 v\u00fd\u017eivov\u00fd doplnok pre \u017eeny je komplexn\u00e1 bylinn\u00e1 formula vytvoren\u00e1 s d\u00f4razom na potreby \u017eensk\u00e9ho organizmu v r\u00f4znych \u017eivotn\u00fdch obdobiach &#8230; <a href=\"#tab-description\" class=\"more-link\">Cite\u0219te mai mult<\/a><\/p>","protected":false},"featured_media":11736,"comment_status":"open","ping_status":"closed","template":"","meta":{"inline_featured_image":false},"product_brand":[289],"product_cat":[391,69],"product_tag":[],"class_list":{"0":"post-11734","1":"product","2":"type-product","3":"status-publish","4":"has-post-thumbnail","6":"product_brand-wtn","7":"product_cat-pre-zeny","8":"product_cat-vyzivove-doplnky","10":"first","11":"instock","12":"taxable","13":"shipping-taxable","14":"purchasable","15":"product-type-simple"},"aioseo_notices":[],"_links":{"self":[{"href":"https:\/\/www.biokari.sk\/ro\/wp-json\/wp\/v2\/product\/11734","targetHints":{"allow":["GET"]}}],"collection":[{"href":"https:\/\/www.biokari.sk\/ro\/wp-json\/wp\/v2\/product"}],"about":[{"href":"https:\/\/www.biokari.sk\/ro\/wp-json\/wp\/v2\/types\/product"}],"replies":[{"embeddable":true,"href":"https:\/\/www.biokari.sk\/ro\/wp-json\/wp\/v2\/comments?post=11734"}],"wp:featuredmedia":[{"embeddable":true,"href":"https:\/\/www.biokari.sk\/ro\/wp-json\/wp\/v2\/media\/11736"}],"wp:attachment":[{"href":"https:\/\/www.biokari.sk\/ro\/wp-json\/wp\/v2\/media?parent=11734"}],"wp:term":[{"taxonomy":"product_brand","embeddable":true,"href":"https:\/\/www.biokari.sk\/ro\/wp-json\/wp\/v2\/product_brand?post=11734"},{"taxonomy":"product_cat","embeddable":true,"href":"https:\/\/www.biokari.sk\/ro\/wp-json\/wp\/v2\/product_cat?post=11734"},{"taxonomy":"product_tag","embeddable":true,"href":"https:\/\/www.biokari.sk\/ro\/wp-json\/wp\/v2\/product_tag?post=11734"}],"curies":[{"name":"wp","href":"https:\/\/api.w.org\/{rel}","templated":true}]}}