{"id":11742,"date":"2026-05-01T21:47:24","date_gmt":"2026-05-01T19:47:24","guid":{"rendered":"https:\/\/www.biokari.sk\/produkt\/wtn-komplex-stopovych-prvkov-kapsuly-60ks\/"},"modified":"2026-05-01T21:53:42","modified_gmt":"2026-05-01T19:53:42","slug":"wtn-komplex-stopovych-prvkov-kapsuly-60ks","status":"publish","type":"product","link":"https:\/\/www.biokari.sk\/ro\/produs\/wtn-komplex-stopovych-prvkov-kapsuly-60ks\/","title":{"rendered":"WTN Komplex stopov\u00fdch prvkov kapsuly 60ks"},"content":{"rendered":"<p>WTN Nyomelem komplex obsahuje starostlivo zostaven\u00fa kombin\u00e1ciu esenci\u00e1lnych stopov\u00fdch prvkov doplnen\u00fa o rastlinn\u00e9 extrakty, ktor\u00e9 vytv\u00e1raj\u00fa prirodzen\u00e9 prostredie podobn\u00e9 be\u017enej strave. Formula je navrhnut\u00e1 s d\u00f4razom na kvalitu, biologick\u00fa dostupnos\u0165 a vz\u00e1jomn\u00e9 vz\u0165ahy jednotliv\u00fdch mikro\u017eiv\u00edn.<\/p>\n\n\n\n<p><strong>Charakteristika produktu:<\/strong>&nbsp;Obsahuje z\u00e1kladn\u00e9 stopov\u00e9 prvky ako j\u00f3d, sel\u00e9n, me\u010f, chr\u00f3m a molybd\u00e9n, doplnen\u00e9 o b\u00f3r a pr\u00edrodn\u00fd krem\u00edk. Jednotliv\u00e9 miner\u00e1ly s\u00fa pr\u00edtomn\u00e9 v cielene zvolen\u00fdch, stabiln\u00fdch form\u00e1ch (napr. me\u010f ako bisglycin\u00e1t, sel\u00e9n ako selenometion\u00edn, chr\u00f3m ako inaktivovan\u00e9 chr\u00f3mov\u00e9 kvasnice). Produkt neobsahuje anorganick\u00e9 oxidov\u00e9 formy miner\u00e1lov a neobsahuje zinok, \u010do umo\u017e\u0148uje individu\u00e1lne nastavenie pr\u00edjmu medi a zinku oddelene pod\u013ea potrieb organizmu. S\u00fa\u010das\u0165ou komplexu je aj Fitom\u00e1trix\u2122 \u2013 rastlinn\u00e9 extrakty z petr\u017elenu, \u0161pen\u00e1tu, moringy, guavy a hor\u010di\u010dn\u00fdch semien, ktor\u00e9 dop\u013a\u0148aj\u00fa zlo\u017eenie o prirodzen\u00e9 sprievodn\u00e9 l\u00e1tky. J\u00f3d poch\u00e1dza z organick\u00fdch morsk\u00fdch rias a krem\u00edk z prasli\u010dky ro\u013enej.<\/p>\n\n\n\n<p><strong>\u00da\u010dinky jednotliv\u00fdch zlo\u017eiek:<\/strong>&nbsp;J\u00f3d prispieva k spr\u00e1vnej \u010dinnosti \u0161t\u00edtnej \u017e\u013eazy, nervov\u00e9ho syst\u00e9mu, energetick\u00e9mu metabolizmu a udr\u017eaniu norm\u00e1lneho stavu poko\u017eky a kognit\u00edvnych funkci\u00ed. Chr\u00f3m prispieva k norm\u00e1lnemu metabolizmu makro\u017eiv\u00edn a udr\u017eaniu norm\u00e1lnej hladiny gluk\u00f3zy v krvi. Molybd\u00e9n prispieva k metabolizmu s\u00edru obsahuj\u00facich aminokysel\u00edn. Me\u010f podporuje norm\u00e1lnu funkciu imunitn\u00e9ho syst\u00e9mu, nervovej s\u00fastavy, energetick\u00fd metabolizmus, transport \u017eeleza v tele a prispieva k ochrane buniek pred oxida\u010dn\u00fdm stresom. Sel\u00e9n prispieva k spr\u00e1vnej funkcii imunitn\u00e9ho syst\u00e9mu, \u0161t\u00edtnej \u017e\u013eazy, k udr\u017eaniu zdrav\u00fdch vlasov a nechtov a k ochrane buniek pred oxida\u010dn\u00fdm stresom. Produkt z\u00e1rove\u0148 obsahuje b\u00f3r a krem\u00edk ako doplnkov\u00e9 miner\u00e1lne zlo\u017eky.<\/p>\n\n\n\n<p><strong>Compozi\u021bie:<\/strong>&nbsp;chr\u00f3mov\u00e9 kvasnice, organick\u00e1 morsk\u00e1 riasa, me\u010f-bisglycin\u00e1t, boritan sodn\u00fd, extrakt z prasli\u010dky ro\u013enej, extrakt z petr\u017elenovej v\u0148ate, selenometion\u00edn, extrakt zo \u0161pen\u00e1tu, extrakt z listov moringy, extrakt z listov guavy, extrakt z hor\u010di\u010dn\u00fdch semien, molybd\u00e9nan sodn\u00fd.<\/p>\n\n\n\n<p><strong>Akt\u00edvne l\u00e1tky v 1 kapsule:<\/strong>&nbsp;b\u00f3r 3 mg, j\u00f3d 150 mcg (100 % NRV), chr\u00f3m 200 mcg (500 % NRV), molybd\u00e9n 75 mcg (150 % NRV), me\u010f 3 mg (300 % NRV), sel\u00e9n 100 mcg (182 % NRV), krem\u00edk 10 mg.<\/p>\n\n\n\n<p><strong>Doza recomandat\u0103:<\/strong>&nbsp;1 kapsula denne, ide\u00e1lne medzi jedlami, pri citlivom tr\u00e1ven\u00ed po\u010das jedla. Odpor\u00fa\u010da sa u\u017e\u00edva\u0165 s odstupom minim\u00e1lne 2 hodiny od doplnkov obsahuj\u00facich zinok.<\/p>\n\n\n\n<p><strong>\u010eal\u0161ie inform\u00e1cie:<\/strong>&nbsp;Produkt je vhodn\u00fd na k\u00farov\u00e9 u\u017e\u00edvanie. Odpor\u00fa\u010da sa u\u017e\u00edva\u0165 2\u20133 mesiace, n\u00e1sledne zaradi\u0165 1 mesiac prest\u00e1vku, pokia\u013e odborn\u00edk neur\u010d\u00ed inak. Pravideln\u00e1 kontrola hlad\u00edn miner\u00e1lov v organizme je vhodn\u00e1.<\/p>\n\n\n\n<p><strong>Depozitare:<\/strong>&nbsp;Uchov\u00e1vajte na suchom, chladnom a tmavom mieste do 25 \u00b0C.<\/p>\n\n\n\n<p><strong>Avertisment:<\/strong>&nbsp;V\u00fd\u017eivov\u00fd doplnok nenahr\u00e1dza pestr\u00fa a vyv\u00e1\u017een\u00fa stravu ani zdrav\u00fd \u017eivotn\u00fd \u0161t\u00fdl. Neprekra\u010dujte odpor\u00fa\u010dan\u00fa denn\u00fa d\u00e1vku. Uchov\u00e1vajte mimo dosahu det\u00ed. Nevhodn\u00e9 pre deti. Neu\u017e\u00edvajte v pr\u00edpade precitlivenosti na niektor\u00fa zo zlo\u017eiek. Odpor\u00fa\u010da sa neu\u017e\u00edva\u0165 s\u00fa\u010dasne s k\u00e1vou (dodr\u017ete odstup minim\u00e1lne 30 min\u00fat pred alebo 2 hodiny po) ani s mlie\u010dnymi v\u00fdrobkami. Pri s\u00fa\u010dasnom u\u017e\u00edvan\u00ed viacer\u00fdch doplnkov sa odpor\u00fa\u010da konzult\u00e1cia s odborn\u00edkom.<\/p>\n\n\n\n<p><strong>Balenie:<\/strong>\u00a060 kaps\u00fal<\/p>\n\n\n\n<p><\/p>","protected":false},"excerpt":{"rendered":"<p>WTN Nyomelem komplex obsahuje starostlivo zostaven\u00fa kombin\u00e1ciu esenci\u00e1lnych stopov\u00fdch prvkov doplnen\u00fa o rastlinn\u00e9 extrakty&#8230; <a href=\"#tab-description\" class=\"more-link\">Cite\u0219te mai mult<\/a><\/p>","protected":false},"featured_media":11744,"comment_status":"open","ping_status":"closed","template":"","meta":{"inline_featured_image":false},"product_brand":[289],"product_cat":[402,404,69,140],"product_tag":[],"class_list":{"0":"post-11742","1":"product","2":"type-product","3":"status-publish","4":"has-post-thumbnail","6":"product_brand-wtn","7":"product_cat-kapsuly-posilnenie-imunity","8":"product_cat-ostatne-vyzivove-doplnky","9":"product_cat-vyzivove-doplnky","10":"product_cat-posilnenie-imunity","12":"first","13":"instock","14":"taxable","15":"shipping-taxable","16":"purchasable","17":"product-type-simple"},"aioseo_notices":[],"_links":{"self":[{"href":"https:\/\/www.biokari.sk\/ro\/wp-json\/wp\/v2\/product\/11742","targetHints":{"allow":["GET"]}}],"collection":[{"href":"https:\/\/www.biokari.sk\/ro\/wp-json\/wp\/v2\/product"}],"about":[{"href":"https:\/\/www.biokari.sk\/ro\/wp-json\/wp\/v2\/types\/product"}],"replies":[{"embeddable":true,"href":"https:\/\/www.biokari.sk\/ro\/wp-json\/wp\/v2\/comments?post=11742"}],"wp:featuredmedia":[{"embeddable":true,"href":"https:\/\/www.biokari.sk\/ro\/wp-json\/wp\/v2\/media\/11744"}],"wp:attachment":[{"href":"https:\/\/www.biokari.sk\/ro\/wp-json\/wp\/v2\/media?parent=11742"}],"wp:term":[{"taxonomy":"product_brand","embeddable":true,"href":"https:\/\/www.biokari.sk\/ro\/wp-json\/wp\/v2\/product_brand?post=11742"},{"taxonomy":"product_cat","embeddable":true,"href":"https:\/\/www.biokari.sk\/ro\/wp-json\/wp\/v2\/product_cat?post=11742"},{"taxonomy":"product_tag","embeddable":true,"href":"https:\/\/www.biokari.sk\/ro\/wp-json\/wp\/v2\/product_tag?post=11742"}],"curies":[{"name":"wp","href":"https:\/\/api.w.org\/{rel}","templated":true}]}}