{"id":11763,"date":"2026-05-01T22:37:05","date_gmt":"2026-05-01T20:37:05","guid":{"rendered":"https:\/\/www.biokari.sk\/produkt\/rede-bio-por-semienko-na-klincenie-15g\/"},"modified":"2026-05-01T22:41:15","modified_gmt":"2026-05-01T20:41:15","slug":"rede-bio-por-semienko-na-klincenie-15g","status":"publish","type":"product","link":"https:\/\/www.biokari.sk\/ro\/produs\/rede-bio-por-semienko-na-klincenie-15g\/","title":{"rendered":"R\u00e9de Bio P\u00f3r semienko na klin\u010denie 15g"},"content":{"rendered":"<p>Chce\u0161 si doma jednoducho vypestova\u0165 \u010derstv\u00e9 a v\u00fd\u017eivn\u00e9 kl\u00ed\u010dky? BIO p\u00f3r ur\u010den\u00fd na kl\u00ed\u010denie je ide\u00e1lnou vo\u013ebou pre ka\u017ed\u00e9ho, kto uprednost\u0148uje prirodzen\u00e9, kvalitn\u00e9 a chemicky neo\u0161etren\u00e9 potraviny. Semen\u00e1 poch\u00e1dzaj\u00fa z ekologick\u00e9ho po\u013enohospod\u00e1rstva, s\u00fa 100 % bio kvality a nie s\u00fa chemicky moren\u00e9, v\u010faka \u010domu predstavuj\u00fa \u010dist\u00fd a prirodzen\u00fd z\u00e1klad pre ka\u017edodenn\u00fa konzum\u00e1ciu.<\/p>\n\n\n\n<p>Kl\u00ed\u010dky p\u00f3ru sa vyzna\u010duj\u00fa jemne cibu\u013eovou, svie\u017eou chu\u0165ou a s\u00fa vhodn\u00fdm doplnkom do \u0161al\u00e1tov, sendvi\u010dov alebo in\u00fdch jed\u00e1l studenej kuchyne. V r\u00e1mci pestrej a vyv\u00e1\u017eenej stravy m\u00f4\u017eu prispie\u0165 k obohateniu jed\u00e1lni\u010dka o prirodzene sa vyskytuj\u00face vitam\u00edny, miner\u00e1lne l\u00e1tky a \u010fal\u0161ie biologicky akt\u00edvne zlo\u017eky.<\/p>\n\n\n\n<p>Pestovanie kl\u00ed\u010dkov je jednoduch\u00e9 a vhodn\u00e9 aj pre za\u010diato\u010dn\u00edkov. Semen\u00e1 sta\u010d\u00ed namo\u010di\u0165 na nieko\u013eko hod\u00edn alebo cez noc, n\u00e1sledne ich umiestni\u0165 do kl\u00ed\u010diacej n\u00e1doby alebo poh\u00e1ra a pravidelne preplachova\u0165 \u010distou vodou, ide\u00e1lne dvakr\u00e1t denne. Po nieko\u013ek\u00fdch d\u0148och s\u00fa kl\u00ed\u010dky pripraven\u00e9 na konzum\u00e1ciu.<\/p>\n\n\n\n<p>Dom\u00e1ce kl\u00ed\u010denie predstavuje praktick\u00fd sp\u00f4sob, ako ma\u0165 k dispoz\u00edcii \u010derstv\u00e9 rastlinn\u00e9 potraviny bez potreby z\u00e1hrady. Z\u00e1rove\u0148 ide o udr\u017eate\u013en\u00e9 rie\u0161enie, ktor\u00e9 pom\u00e1ha zni\u017eova\u0165 ekologick\u00fa z\u00e1\u0165a\u017e spojen\u00fa s prepravou a skladovan\u00edm potrav\u00edn.<\/p>\n\n\n\n<p>BIO semen\u00e1 p\u00f3ru s\u00fa vhodn\u00e9 na kl\u00ed\u010denie aj pestovanie mikrozeleniny. Ich pou\u017eitie je univerz\u00e1lne a umo\u017e\u0148uje pravideln\u00e9 zaradenie \u010derstv\u00fdch rastlinn\u00fdch zlo\u017eiek do ka\u017edodennej stravy.<\/p>\n\n\n\n<p><strong>Compozi\u021bie:<\/strong>&nbsp;BIO semen\u00e1 p\u00f3ru (Allium porrum)<\/p>\n\n\n\n<p><strong>Cerere:<\/strong>&nbsp;ur\u010den\u00e9 na kl\u00ed\u010denie alebo pestovanie mikrozeleniny<\/p>\n\n\n\n<p><strong>Depozitare:<\/strong>&nbsp;uchov\u00e1vajte na suchom a chladnom mieste, chr\u00e1\u0148te pred priamym slne\u010dn\u00fdm \u017eiaren\u00edm<\/p>\n\n\n\n<p><strong>Avertisment:<\/strong>&nbsp;nejde o n\u00e1hradu pestrej a vyv\u00e1\u017eenej stravy. Pred konzum\u00e1ciou kl\u00ed\u010dky d\u00f4kladne opl\u00e1chnite.<\/p>\n\n\n\n<p><strong>Greutatea pachetului:<\/strong>&nbsp;15 g<\/p>","protected":false},"excerpt":{"rendered":"<p>Chce\u0161 si doma jednoducho vypestova\u0165 \u010derstv\u00e9 a v\u00fd\u017eivn\u00e9 kl\u00ed\u010dky? &#8230; <a href=\"#tab-description\" class=\"more-link\">Cite\u0219te mai mult<\/a><\/p>","protected":false},"featured_media":11765,"comment_status":"open","ping_status":"closed","template":"","meta":{"inline_featured_image":false},"product_brand":[],"product_cat":[71],"product_tag":[309,313],"class_list":{"0":"post-11763","1":"product","2":"type-product","3":"status-publish","4":"has-post-thumbnail","6":"product_cat-potraviny","7":"product_tag-novinky","8":"product_tag-top-ostatne","10":"first","11":"instock","12":"taxable","13":"shipping-taxable","14":"purchasable","15":"product-type-simple"},"aioseo_notices":[],"_links":{"self":[{"href":"https:\/\/www.biokari.sk\/ro\/wp-json\/wp\/v2\/product\/11763","targetHints":{"allow":["GET"]}}],"collection":[{"href":"https:\/\/www.biokari.sk\/ro\/wp-json\/wp\/v2\/product"}],"about":[{"href":"https:\/\/www.biokari.sk\/ro\/wp-json\/wp\/v2\/types\/product"}],"replies":[{"embeddable":true,"href":"https:\/\/www.biokari.sk\/ro\/wp-json\/wp\/v2\/comments?post=11763"}],"wp:featuredmedia":[{"embeddable":true,"href":"https:\/\/www.biokari.sk\/ro\/wp-json\/wp\/v2\/media\/11765"}],"wp:attachment":[{"href":"https:\/\/www.biokari.sk\/ro\/wp-json\/wp\/v2\/media?parent=11763"}],"wp:term":[{"taxonomy":"product_brand","embeddable":true,"href":"https:\/\/www.biokari.sk\/ro\/wp-json\/wp\/v2\/product_brand?post=11763"},{"taxonomy":"product_cat","embeddable":true,"href":"https:\/\/www.biokari.sk\/ro\/wp-json\/wp\/v2\/product_cat?post=11763"},{"taxonomy":"product_tag","embeddable":true,"href":"https:\/\/www.biokari.sk\/ro\/wp-json\/wp\/v2\/product_tag?post=11763"}],"curies":[{"name":"wp","href":"https:\/\/api.w.org\/{rel}","templated":true}]}}