{"id":11766,"date":"2026-05-01T22:41:37","date_gmt":"2026-05-01T20:41:37","guid":{"rendered":"https:\/\/www.biokari.sk\/produkt\/wtn-kvapky-na-psoriaza-30ml\/"},"modified":"2026-05-01T22:45:14","modified_gmt":"2026-05-01T20:45:14","slug":"wtn-kvapky-na-psoriaza-30ml","status":"publish","type":"product","link":"https:\/\/www.biokari.sk\/ro\/produs\/wtn-kvapky-na-psoriaza-30ml\/","title":{"rendered":"WTN Kvapky na psoriaz\u00e1 30ml"},"content":{"rendered":"<p>WTN MikrobaCID\u2122 je kozmetick\u00fd pr\u00edpravok ur\u010den\u00fd na lok\u00e1lnu starostlivos\u0165 o poko\u017eku, najm\u00e4 v pr\u00edpadoch, ke\u010f je poko\u017eka citliv\u00e1, podr\u00e1\u017eden\u00e1 alebo vystaven\u00e1 zv\u00fd\u0161enej z\u00e1\u0165a\u017ei. Obsahuje kombin\u00e1ciu pr\u00edrodn\u00fdch rastlinn\u00fdch extraktov a \u00e9terick\u00fdch olejov, ktor\u00e9 dop\u013a\u0148aj\u00fa komplexn\u00fa starostlivos\u0165 o poko\u017eku.<\/p>\n\n\n\n<p>Zlo\u017eenie produktu je zalo\u017een\u00e9 na pr\u00edrodn\u00fdch l\u00e1tkach, ako s\u00fa extrakty z h\u00fab, rastl\u00edn a byl\u00edn (napr. echinacea, cesnak, levandu\u013ea, oregano \u010di tea tree), ktor\u00e9 s\u00fa tradi\u010dne vyu\u017e\u00edvan\u00e9 v starostlivosti o poko\u017eku. Tieto zlo\u017eky prispievaj\u00fa k udr\u017eiavaniu poko\u017eky v dobrom stave a podporuj\u00fa jej prirodzen\u00fa rovnov\u00e1hu.<\/p>\n\n\n\n<p>Pr\u00edpravok je vhodn\u00fd na aplik\u00e1ciu na poko\u017eku pri jej zv\u00fd\u0161enej citlivosti alebo diskomforte. M\u00f4\u017ee sa pou\u017e\u00edva\u0165 aj ako doplnok be\u017enej starostlivosti o poko\u017eku.<\/p>\n\n\n\n<p>Produkt neobsahuje syntetick\u00e9 konzerva\u010dn\u00e9 l\u00e1tky a je vhodn\u00fd aj pre veg\u00e1nov.<\/p>\n\n\n\n<p><strong>Ingrediente (INCI):<\/strong>&nbsp;Organic Glycerin, Aqua, Lentinus Edodes Extract, Vaccinium Myrtillus Fruit Extract, Morinda Citrifolia Fruit Extract, Silybum Marianum Seed Extract, Echinacea Purpurea Extract, Echinacea Angustifolia Extract, Rubus Idaeus Leaf Extract, Allium Sativum Bulb Extract, Gentiana Lutea Root Extract, Vitis Vinifera Seed Extract, Lavandula Angustifolia Oil, Salix Alba Bark Extract, Origanum Vulgare Oil, Melaleuca Alternifolia Leaf Oil, Ferula Galbaniflua Resin Oil.<\/p>\n\n\n\n<p><strong>Cerere:<\/strong>&nbsp;Naneste 1\u20135 kvapiek na postihnut\u00e9 miesto pomocou vatovej ty\u010dinky alebo kon\u010dekov prstov a nechajte vo\u013ene zaschn\u00fa\u0165. Aplik\u00e1ciu je mo\u017en\u00e9 opakova\u0165 nieko\u013ekokr\u00e1t denne pod\u013ea potreby. Pred pou\u017eit\u00edm pretrepte.<\/p>\n\n\n\n<p><strong>Avertisment:<\/strong>&nbsp;Zabr\u00e1\u0148te kontaktu s o\u010dami. V pr\u00edpade v\u00fdskytu alergickej reakcie pr\u00edpravok zmyte a presta\u0148te pou\u017e\u00edva\u0165. Pr\u00edrodn\u00e9 zlo\u017eky m\u00f4\u017eu sp\u00f4sobi\u0165 trval\u00e9 zafarbenie text\u00edli\u00ed. Len na vonkaj\u0161ie pou\u017eitie.<\/p>\n\n\n\n<p><strong>Depozitare:<\/strong>&nbsp;Uchov\u00e1vajte na suchom, chladnom a tmavom mieste, mimo dosahu det\u00ed.<\/p>\n\n\n\n<p><strong>\u010eal\u0161ie inform\u00e1cie:<\/strong>&nbsp;Minim\u00e1lna trvanlivos\u0165 je uveden\u00e1 na obale. Inform\u00e1cie uveden\u00e9 na e-shope maj\u00fa informat\u00edvny charakter, rozhoduj\u00face \u00fadaje s\u00fa v\u017edy uveden\u00e9 na obale v\u00fdrobku.<\/p>\n\n\n\n<p><strong>Objem balenia:<\/strong>&nbsp;30 ml<\/p>","protected":false},"excerpt":{"rendered":"<p>WTN MikrobaCID\u2122 je kozmetick\u00fd pr\u00edpravok ur\u010den\u00fd na lok\u00e1lnu starostlivos\u0165 o poko\u017eku&#8230; <a href=\"#tab-description\" class=\"more-link\">Cite\u0219te mai mult<\/a><\/p>","protected":false},"featured_media":11767,"comment_status":"open","ping_status":"closed","template":"","meta":{"inline_featured_image":false},"product_brand":[289],"product_cat":[371,249],"product_tag":[309,313],"class_list":{"0":"post-11766","1":"product","2":"type-product","3":"status-publish","4":"has-post-thumbnail","6":"product_brand-wtn","7":"product_cat-bilynkovy-krem","8":"product_cat-kozmeticke-vyrobky","9":"product_tag-novinky","10":"product_tag-top-ostatne","12":"first","13":"onbackorder","14":"taxable","15":"shipping-taxable","16":"purchasable","17":"product-type-simple"},"aioseo_notices":[],"_links":{"self":[{"href":"https:\/\/www.biokari.sk\/ro\/wp-json\/wp\/v2\/product\/11766","targetHints":{"allow":["GET"]}}],"collection":[{"href":"https:\/\/www.biokari.sk\/ro\/wp-json\/wp\/v2\/product"}],"about":[{"href":"https:\/\/www.biokari.sk\/ro\/wp-json\/wp\/v2\/types\/product"}],"replies":[{"embeddable":true,"href":"https:\/\/www.biokari.sk\/ro\/wp-json\/wp\/v2\/comments?post=11766"}],"wp:featuredmedia":[{"embeddable":true,"href":"https:\/\/www.biokari.sk\/ro\/wp-json\/wp\/v2\/media\/11767"}],"wp:attachment":[{"href":"https:\/\/www.biokari.sk\/ro\/wp-json\/wp\/v2\/media?parent=11766"}],"wp:term":[{"taxonomy":"product_brand","embeddable":true,"href":"https:\/\/www.biokari.sk\/ro\/wp-json\/wp\/v2\/product_brand?post=11766"},{"taxonomy":"product_cat","embeddable":true,"href":"https:\/\/www.biokari.sk\/ro\/wp-json\/wp\/v2\/product_cat?post=11766"},{"taxonomy":"product_tag","embeddable":true,"href":"https:\/\/www.biokari.sk\/ro\/wp-json\/wp\/v2\/product_tag?post=11766"}],"curies":[{"name":"wp","href":"https:\/\/api.w.org\/{rel}","templated":true}]}}