{"id":11772,"date":"2026-05-01T22:50:45","date_gmt":"2026-05-01T20:50:45","guid":{"rendered":"https:\/\/www.biokari.sk\/produkt\/apivitalis-eukaliptusove-medove-cukriky-100g\/"},"modified":"2026-05-01T22:54:45","modified_gmt":"2026-05-01T20:54:45","slug":"apivitalis-eukaliptusove-medove-cukriky-100g","status":"publish","type":"product","link":"https:\/\/www.biokari.sk\/ro\/produs\/apivitalis-eukaliptusove-medove-cukriky-100g\/","title":{"rendered":"Apivitalis Eukaliptusov\u00e9 medov\u00e9 cukr\u00edky 100g"},"content":{"rendered":"<p>Medov\u00e9 cukr\u00edky s eukalyptom sa vyzna\u010duj\u00fa jemnou, harmonickou chu\u0165ou, ktor\u00fa vytv\u00e1ra kombin\u00e1cia prirodzene sladkej chuti medu a osvie\u017euj\u00facej ar\u00f3my eukalyptu. T\u00e1to vyv\u00e1\u017een\u00e1 chu\u0165 rob\u00ed z produktu pr\u00edjemn\u00fa alternat\u00edvu k be\u017en\u00fdm cukr\u00edkom.<\/p>\n\n\n\n<p>Produkt je vyroben\u00fd z jednoduch\u00fdch surov\u00edn bez pou\u017eitia umel\u00fdch farb\u00edv. V\u010faka obsahu medu a charakteristickej ar\u00f3me eukalyptu je vhodn\u00fd ako s\u00fa\u010das\u0165 ka\u017edodenn\u00e9ho ob\u010derstvenia.<\/p>\n\n\n\n<p><strong>Compozi\u021bie:<\/strong>&nbsp;cukor, gluk\u00f3zov\u00fd sirup, med (12 %), eukalyptov\u00e1 esencia (1 %)<\/p>\n\n\n\n<p><strong>Avertisment:<\/strong>&nbsp;Nevhodn\u00e9 pre osoby alergick\u00e9 na v\u010delie produkty. Osoby s cukrovkou by mali konzum\u00e1ciu konzultova\u0165 s lek\u00e1rom. Nadmern\u00e1 konzum\u00e1cia sa neodpor\u00fa\u010da.<\/p>\n\n\n\n<p><strong>Depozitare:<\/strong>&nbsp;Uchov\u00e1vajte na suchom a chladnom mieste.<\/p>\n\n\n\n<p><strong>Greutatea pachetului:<\/strong>&nbsp;100 g<\/p>","protected":false},"excerpt":{"rendered":"<p>Medov\u00e9 cukr\u00edky s eukalyptom sa vyzna\u010duj\u00fa jemnou, harmonickou chu\u0165ou, ktor\u00fa vytv\u00e1ra kombin\u00e1cia prirodzene sladkej chuti medu a osvie\u017euj\u00facej ar\u00f3my eukalyptu&#8230; <a href=\"#tab-description\" class=\"more-link\">Cite\u0219te mai mult<\/a><\/p>","protected":false},"featured_media":11774,"comment_status":"open","ping_status":"closed","template":"","meta":{"inline_featured_image":false},"product_brand":[358],"product_cat":[406,71,174,178],"product_tag":[],"class_list":{"0":"post-11772","1":"product","2":"type-product","3":"status-publish","4":"has-post-thumbnail","6":"product_brand-apivitalis","7":"product_cat-cukriky-sladke-maskrty","8":"product_cat-potraviny","9":"product_cat-maskrty","10":"product_cat-sladke-maskrty","12":"first","13":"onbackorder","14":"taxable","15":"shipping-taxable","16":"purchasable","17":"product-type-simple"},"aioseo_notices":[],"_links":{"self":[{"href":"https:\/\/www.biokari.sk\/ro\/wp-json\/wp\/v2\/product\/11772","targetHints":{"allow":["GET"]}}],"collection":[{"href":"https:\/\/www.biokari.sk\/ro\/wp-json\/wp\/v2\/product"}],"about":[{"href":"https:\/\/www.biokari.sk\/ro\/wp-json\/wp\/v2\/types\/product"}],"replies":[{"embeddable":true,"href":"https:\/\/www.biokari.sk\/ro\/wp-json\/wp\/v2\/comments?post=11772"}],"wp:featuredmedia":[{"embeddable":true,"href":"https:\/\/www.biokari.sk\/ro\/wp-json\/wp\/v2\/media\/11774"}],"wp:attachment":[{"href":"https:\/\/www.biokari.sk\/ro\/wp-json\/wp\/v2\/media?parent=11772"}],"wp:term":[{"taxonomy":"product_brand","embeddable":true,"href":"https:\/\/www.biokari.sk\/ro\/wp-json\/wp\/v2\/product_brand?post=11772"},{"taxonomy":"product_cat","embeddable":true,"href":"https:\/\/www.biokari.sk\/ro\/wp-json\/wp\/v2\/product_cat?post=11772"},{"taxonomy":"product_tag","embeddable":true,"href":"https:\/\/www.biokari.sk\/ro\/wp-json\/wp\/v2\/product_tag?post=11772"}],"curies":[{"name":"wp","href":"https:\/\/api.w.org\/{rel}","templated":true}]}}