{"id":11790,"date":"2026-05-04T22:36:15","date_gmt":"2026-05-04T20:36:15","guid":{"rendered":"https:\/\/www.biokari.sk\/produkt\/prana-bio-amla-prasok-125g\/"},"modified":"2026-05-04T22:39:39","modified_gmt":"2026-05-04T20:39:39","slug":"prana-bio-amla-prasok-125g","status":"publish","type":"product","link":"https:\/\/www.biokari.sk\/ro\/produs\/prana-bio-amla-prasok-125g\/","title":{"rendered":"Prana Bio Amla pr\u00e1\u0161ok 125g"},"content":{"rendered":"<p>BIO amla pr\u00e1\u0161ok je v\u00fd\u017eivov\u00fd doplnok vyroben\u00fd zo 100 % organick\u00fdch plodov amla (Phyllanthus emblica), zn\u00e1mych aj ako indick\u00fd egre\u0161. T\u00e1to rastlina sa tradi\u010dne vyu\u017e\u00edva v r\u00f4znych kult\u00farach a je prirodzen\u00fdm zdrojom vitam\u00ednu C a \u010fal\u0161\u00edch bioakt\u00edvnych l\u00e1tok.<\/p>\n\n\n\n<p>Vitam\u00edn C prispieva k norm\u00e1lnemu fungovaniu imunitn\u00e9ho syst\u00e9mu, k ochrane buniek pred oxida\u010dn\u00fdm stresom a k zn\u00ed\u017eeniu miery \u00fanavy a vy\u010derpania. Produkt je vhodn\u00fd ako doplnok pestrej a vyv\u00e1\u017eenej stravy.<\/p>\n\n\n\n<p>Amla pr\u00e1\u0161ok m\u00e1 jemne kyslast\u00fa chu\u0165 a je vhodn\u00fd na ka\u017edodenn\u00e9 pou\u017eitie. M\u00f4\u017ee sa jednoducho prida\u0165 do smoothie, jogurtov, \u010dajov alebo in\u00fdch jed\u00e1l pod\u013ea preferencie.<\/p>\n\n\n\n<p>Produkt je vhodn\u00fd pre vegetari\u00e1nov a veg\u00e1nov a je prirodzene bezlepkov\u00fd.<\/p>\n\n\n\n<p><strong>Compozi\u021bie:<\/strong>&nbsp;100 % BIO amla (Phyllanthus emblica)<\/p>\n\n\n\n<p><strong>Alergeni:<\/strong>&nbsp;M\u00f4\u017ee obsahova\u0165 stopy ara\u0161idov, orechov a sezamu.<\/p>\n\n\n\n<p><strong>Priemern\u00e9 v\u00fd\u017eivov\u00e9 hodnoty na 100 g:<\/strong><br>Energia: 1497 kJ \/ 353 kcal<br>Tuky: 0,5 g<br>z toho nas\u00fdten\u00e9 mastn\u00e9 kyseliny: 0,3 g<br>Sacharidy: 80 g<br>z toho cukry: 17,3 g<br>Bielkoviny: 4,6 g<br>So\u013e: 0 g<\/p>\n\n\n\n<p><strong>Doza recomandat\u0103:<\/strong>&nbsp;1\/2\u20131 \u010dajov\u00e1 ly\u017ei\u010dka denne (pribli\u017ene 1\u20132 g), rozmie\u0161an\u00e1 vo vode, smoothie alebo inom n\u00e1poji \u010di jedle. Mo\u017eno u\u017e\u00edva\u0165 nala\u010dno alebo po\u010das jedla.<\/p>\n\n\n\n<p><strong>Depozitare:<\/strong>&nbsp;Uchov\u00e1vajte na suchom a chladnom mieste.<\/p>\n\n\n\n<p><strong>\u021aara de origine:<\/strong>&nbsp;India<\/p>\n\n\n\n<p><strong>Certifik\u00e1cia:<\/strong>&nbsp;Produkt je certifikovan\u00fd organiz\u00e1ciou&nbsp;Bio Garancia Kft.<\/p>\n\n\n\n<p><strong>Avertisment:<\/strong>&nbsp;V\u00fd\u017eivov\u00fd doplnok nenahr\u00e1dza pestr\u00fa a vyv\u00e1\u017een\u00fa stravu ani zdrav\u00fd \u017eivotn\u00fd \u0161t\u00fdl. Neprekra\u010dujte odpor\u00fa\u010dan\u00fa denn\u00fa d\u00e1vku.<\/p>\n\n\n\n<p><strong>Greutatea pachetului:<\/strong>&nbsp;100 g<\/p>\n\n\n\n<p><\/p>","protected":false},"excerpt":{"rendered":"<p>BIO amla pr\u00e1\u0161ok je v\u00fd\u017eivov\u00fd doplnok vyroben\u00fd zo 100 % organick\u00fdch plodov amla (Phyllanthus emblica), zn\u00e1mych aj ako indick\u00fd egre\u0161&#8230; <a href=\"#tab-description\" class=\"more-link\">Cite\u0219te mai mult<\/a><\/p>","protected":false},"featured_media":11792,"comment_status":"open","ping_status":"closed","template":"","meta":{"inline_featured_image":false},"product_brand":[282],"product_cat":[386,71],"product_tag":[313,312],"class_list":{"0":"post-11790","1":"product","2":"type-product","3":"status-publish","4":"has-post-thumbnail","6":"product_brand-prana","7":"product_cat-superfood","8":"product_cat-potraviny","9":"product_tag-top-ostatne","10":"product_tag-top-potraviny","12":"first","13":"instock","14":"taxable","15":"shipping-taxable","16":"purchasable","17":"product-type-simple"},"aioseo_notices":[],"_links":{"self":[{"href":"https:\/\/www.biokari.sk\/ro\/wp-json\/wp\/v2\/product\/11790","targetHints":{"allow":["GET"]}}],"collection":[{"href":"https:\/\/www.biokari.sk\/ro\/wp-json\/wp\/v2\/product"}],"about":[{"href":"https:\/\/www.biokari.sk\/ro\/wp-json\/wp\/v2\/types\/product"}],"replies":[{"embeddable":true,"href":"https:\/\/www.biokari.sk\/ro\/wp-json\/wp\/v2\/comments?post=11790"}],"wp:featuredmedia":[{"embeddable":true,"href":"https:\/\/www.biokari.sk\/ro\/wp-json\/wp\/v2\/media\/11792"}],"wp:attachment":[{"href":"https:\/\/www.biokari.sk\/ro\/wp-json\/wp\/v2\/media?parent=11790"}],"wp:term":[{"taxonomy":"product_brand","embeddable":true,"href":"https:\/\/www.biokari.sk\/ro\/wp-json\/wp\/v2\/product_brand?post=11790"},{"taxonomy":"product_cat","embeddable":true,"href":"https:\/\/www.biokari.sk\/ro\/wp-json\/wp\/v2\/product_cat?post=11790"},{"taxonomy":"product_tag","embeddable":true,"href":"https:\/\/www.biokari.sk\/ro\/wp-json\/wp\/v2\/product_tag?post=11790"}],"curies":[{"name":"wp","href":"https:\/\/api.w.org\/{rel}","templated":true}]}}