{"id":8741,"date":"2025-07-01T14:36:14","date_gmt":"2025-07-01T12:36:14","guid":{"rendered":"https:\/\/www.biokari.sk\/produkt\/gal-rybi-olej-omega-3-250ml\/"},"modified":"2026-01-27T08:41:46","modified_gmt":"2026-01-27T07:41:46","slug":"gal-rybi-olej-omega-3-250ml","status":"publish","type":"product","link":"https:\/\/www.biokari.sk\/ro\/produs\/gal-rybi-olej-omega-3-250ml\/","title":{"rendered":"Gal Ryb\u00ed olej + Omega-3 250ml"},"content":{"rendered":"<p data-start=\"80\" data-end=\"475\">GAL Ryb\u00ed olej obsahuje v pr\u00edrodnej forme pre \u013eudsk\u00fd organizmus najd\u00f4le\u017eitej\u0161ie omega-3 mastn\u00e9 kyseliny (EPA, DPA a DHA), ako aj \u0161tyri druhy pr\u00edrodn\u00fdch tokoferolov (vitam\u00edn E), ktor\u00e9 stabilizuj\u00fa produkt a chr\u00e1nia cenn\u00e9 mastn\u00e9 kyseliny pred oxid\u00e1ciou. Pr\u00edrodn\u00fd citr\u00f3nov\u00fd olej takmer \u00faplne prekr\u00fdva jemn\u00fa rybiu pr\u00edchu\u0165, tak\u017ee jedna polievkov\u00e1 ly\u017eica zodpoved\u00e1 pribli\u017ene 15 kapsul\u00e1m rybieho oleja.<\/p>\n<p data-start=\"477\" data-end=\"1070\">GAL Ryb\u00ed olej je \u010dist\u00fd a stabiln\u00fd plnospektr\u00e1lny zdroj omega-3 mastn\u00fdch kysel\u00edn v prirodzenej triglyceridovej forme, ktor\u00e1 sa v tele v\u00fdborne vstreb\u00e1va. Neobsahuje umelo upraven\u00e9 etyl-estery, ktor\u00e9 s\u00fa menej \u00fa\u010dinn\u00e9. Vysok\u00fd obsah pr\u00edrodn\u00fdch tokoferolov a rozmar\u00ednov\u00e9ho extraktu bez k\u00e1mforu zabezpe\u010duje dlhodob\u00fa stabilitu. V\u010faka citr\u00f3nov\u00e9mu oleju m\u00e1 pr\u00edjemn\u00fa chu\u0165 a vynikaj\u00facu kvalitu. Jedna d\u00e1vka (10 ml) obsahuje pribli\u017ene stokr\u00e1t menej ne\u010dist\u00f4t ako be\u017en\u00e1 porcia sardiniek, pri\u010dom dod\u00e1va p\u00e4\u0165kr\u00e1t viac omega-3 mastn\u00fdch kysel\u00edn. TOTOX-hodnota produktu je okolo 8, \u010do znamen\u00e1 v\u00fdnimo\u010dn\u00fa stabilitu.<\/p>\n<p data-start=\"1072\" data-end=\"1229\"><strong data-start=\"1072\" data-end=\"1085\">Compozi\u021bie:<\/strong> \u010disten\u00fd ryb\u00ed olej, rastlinn\u00fd extrakt bohat\u00fd na tokoferoly (bez s\u00f3je), pr\u00edrodn\u00fd citr\u00f3nov\u00fd olej, antioxidant \u2013 rozmar\u00ednov\u00fd extrakt bez k\u00e1mforu.<\/p>\n<p data-start=\"1231\" data-end=\"1461\"><strong data-start=\"1231\" data-end=\"1257\">Doza recomandat\u0103:<\/strong> denne 1 polievkov\u00e1 ly\u017eica (\u224810 ml) po\u010das jedla \u2013 mo\u017eno prida\u0165 do \u0161al\u00e1tov, na toast alebo konzumova\u0165 samostatne. Pre deti v pomernej d\u00e1vke pod\u013ea telesnej hmotnosti. Neprekra\u010dujte odpor\u00fa\u010dan\u00fa denn\u00fa d\u00e1vku!<\/p>\n<p data-start=\"1463\" data-end=\"1589\"><strong data-start=\"1463\" data-end=\"1479\">Avertisment:<\/strong> v\u00fd\u017eivov\u00fd doplnok nenahr\u00e1dza pestr\u00fa a vyv\u00e1\u017een\u00fa stravu ani zdrav\u00fd \u017eivotn\u00fd \u0161t\u00fdl. Uchov\u00e1vajte mimo dosahu det\u00ed.<\/p>\n<p data-start=\"1591\" data-end=\"2217\"><strong data-start=\"1591\" data-end=\"1602\">\u00da\u010dinky: <\/strong>Podporuje zdravie srdca a ciev, pom\u00e1ha udr\u017eiava\u0165 elasticitu ciev, reguluje cholesterol a srdcov\u00fd rytmus, zni\u017euje riziko tromb\u00f3zy, m\u0155tvice a infarktu. Priaznivo p\u00f4sob\u00ed na mozog a nervov\u00fd syst\u00e9m \u2013 zlep\u0161uje koncentr\u00e1ciu, pam\u00e4\u0165, n\u00e1ladu, zni\u017euje podr\u00e1\u017edenos\u0165 a depresiu. Chr\u00e1ni zrak a kapil\u00e1ry o\u010d\u00ed, pom\u00e1ha predch\u00e1dza\u0165 syndr\u00f3mu such\u00e9ho oka a degener\u00e1cii makuly (AMD). Podporuje zdravie poko\u017eky a vlasov, udr\u017eiava ich lesk a pru\u017enos\u0165. M\u00e1 v\u00fdrazn\u00fd protiz\u00e1palov\u00fd \u00fa\u010dinok, pom\u00e1ha pri reumatickej artrit\u00edde. Prispieva k ochrane buniek, spoma\u013euje skracovanie telom\u00e9r, ktor\u00e9 chr\u00e1nia DNA, a t\u00fdm m\u00f4\u017ee pred\u013a\u017ei\u0165 \u017eivotnos\u0165 buniek.<\/p>\n<p data-start=\"2219\" data-end=\"2516\"><strong data-start=\"2219\" data-end=\"2239\">Kvalita a p\u00f4vod:<\/strong> olej poch\u00e1dza z vo\u013ene \u017eij\u00facich, mal\u00fdch morsk\u00fdch r\u00fdb, nie z chovov. Surovina \u2013 \u010disten\u00fd ryb\u00ed olej a zmes lososov\u00e9ho oleja \u2013 poch\u00e1dza z Nemecka od spo\u013eahliv\u00e9ho partnera na trhu E\u00da. Obsah \u0165a\u017ek\u00fdch kovov a in\u00fdch kontaminantov je hlboko pod limitmi E\u00da, \u010dasto pod hranicou detekcie.<\/p>\n<p data-start=\"2518\" data-end=\"2620\"><strong data-start=\"2518\" data-end=\"2538\">V\u00fd\u017eivov\u00fd profil:<\/strong> omega-3 mastn\u00e9 kyseliny EPA, DPA, DHA a vitam\u00edn E (pr\u00edrodn\u00fd tokoferol-komplex).<\/p>\n<p data-start=\"2622\" data-end=\"2817\"><strong data-start=\"2622\" data-end=\"2648\">Inform\u00e1cie o produkte:<\/strong> denn\u00e1 d\u00e1vka 1 polievkov\u00e1 ly\u017eica (\u224810 ml), obsah 250 ml (\u224825 d\u00e1vok). Skladujte na suchom a chladnom mieste. Bez alerg\u00e9nov a lepku. Nevhodn\u00e9 pre veg\u00e1nov a vegetari\u00e1nov.<\/p>\n<p data-start=\"2819\" data-end=\"2953\" data-is-last-node=\"\" data-is-only-node=\"\"><strong data-start=\"2819\" data-end=\"2829\">Volum:<\/strong> 250 ml<br data-start=\"2836\" data-end=\"2839\" \/><strong data-start=\"2839\" data-end=\"2851\">V\u00fdrobca:<\/strong> GAL Vital SynergyTech Kft.<br data-start=\"2878\" data-end=\"2881\" \/><strong data-start=\"2881\" data-end=\"2900\">\u021aara de origine:<\/strong> E\u00da \/ Nemeck\u00e1 surovina, ma\u010farsk\u00fd v\u00fdvoj a spracovanie.<\/p>","protected":false},"excerpt":{"rendered":"<p>GAL Ryb\u00ed olej obsahuje v pr\u00edrodnej forme pre \u013eudsk\u00fd organizmus najd\u00f4le\u017eitej\u0161ie omega-3 mastn\u00e9 kyseliny (EPA, DPA a DHA), ako aj \u0161tyri druhy pr\u00edrodn\u00fdch tokoferolov (vitam\u00edn E), ktor\u00e9 stabilizuj\u00fa produkt a chr\u00e1nia cenn\u00e9 mastn\u00e9 kyseliny pred oxid\u00e1ciou. Pr\u00edrodn\u00fd citr\u00f3nov\u00fd olej takmer \u00faplne prekr\u00fdva jemn\u00fa rybiu pr\u00edchu\u0165, tak\u017ee jedna polievkov\u00e1 ly\u017eica zodpoved\u00e1 pribli\u017ene 15 kapsul\u00e1m rybieho oleja. [&hellip;]<\/p>","protected":false},"featured_media":10299,"comment_status":"open","ping_status":"closed","template":"","meta":{"inline_featured_image":false},"product_brand":[113],"product_cat":[69,146,145,140,142],"product_tag":[],"class_list":{"0":"post-8741","1":"product","2":"type-product","3":"status-publish","4":"has-post-thumbnail","6":"product_brand-gal","7":"product_cat-vyzivove-doplnky","8":"product_cat-klby-a-reuma","9":"product_cat-krasa","10":"product_cat-posilnenie-imunity","11":"product_cat-srdcovo-cievny-system","13":"first","14":"onbackorder","15":"taxable","16":"shipping-taxable","17":"purchasable","18":"product-type-simple"},"aioseo_notices":[],"_links":{"self":[{"href":"https:\/\/www.biokari.sk\/ro\/wp-json\/wp\/v2\/product\/8741","targetHints":{"allow":["GET"]}}],"collection":[{"href":"https:\/\/www.biokari.sk\/ro\/wp-json\/wp\/v2\/product"}],"about":[{"href":"https:\/\/www.biokari.sk\/ro\/wp-json\/wp\/v2\/types\/product"}],"replies":[{"embeddable":true,"href":"https:\/\/www.biokari.sk\/ro\/wp-json\/wp\/v2\/comments?post=8741"}],"wp:featuredmedia":[{"embeddable":true,"href":"https:\/\/www.biokari.sk\/ro\/wp-json\/wp\/v2\/media\/10299"}],"wp:attachment":[{"href":"https:\/\/www.biokari.sk\/ro\/wp-json\/wp\/v2\/media?parent=8741"}],"wp:term":[{"taxonomy":"product_brand","embeddable":true,"href":"https:\/\/www.biokari.sk\/ro\/wp-json\/wp\/v2\/product_brand?post=8741"},{"taxonomy":"product_cat","embeddable":true,"href":"https:\/\/www.biokari.sk\/ro\/wp-json\/wp\/v2\/product_cat?post=8741"},{"taxonomy":"product_tag","embeddable":true,"href":"https:\/\/www.biokari.sk\/ro\/wp-json\/wp\/v2\/product_tag?post=8741"}],"curies":[{"name":"wp","href":"https:\/\/api.w.org\/{rel}","templated":true}]}}