{"id":8767,"date":"2025-07-01T14:36:18","date_gmt":"2025-07-01T12:36:18","guid":{"rendered":"https:\/\/www.biokari.sk\/produkt\/nordvital-ashwagandha-kapsuly-249mg-60ks\/"},"modified":"2026-04-26T19:01:51","modified_gmt":"2026-04-26T17:01:51","slug":"nordvital-ashwagandha-kapsuly-249mg-60ks","status":"publish","type":"product","link":"https:\/\/www.biokari.sk\/ro\/produs\/nordvital-ashwagandha-kapsuly-249mg-60ks\/","title":{"rendered":"Nordvital Ashwagandha kapsuly 249mg 60ks"},"content":{"rendered":"<p data-start=\"0\" data-end=\"441\"><strong data-start=\"13\" data-end=\"46\">Nordvital Ashwagandha kapsuly<\/strong> obsahuj\u00fa <strong data-start=\"56\" data-end=\"116\">extrakt z kore\u0148a Withania somnifera (KSM-66 Ashwagandha)<\/strong>, ktor\u00fd je v tradi\u010dnom vyu\u017eit\u00ed \u010dasto sp\u00e1jan\u00fd s <strong data-start=\"163\" data-end=\"191\">obdob\u00edm zv\u00fd\u0161en\u00e9ho stresu<\/strong> a so <strong data-start=\"197\" data-end=\"243\">sprev\u00e1dzan\u00edm telesnej a du\u0161evnej rovnov\u00e1hy<\/strong>. V ajurv\u00e9dskej medic\u00edne je ashwagandha zn\u00e1ma ako <strong data-start=\"293\" data-end=\"317\" data-is-only-node=\"\">adaptog\u00e9nna rastlina<\/strong>, ktor\u00e1 pom\u00e1ha telu <strong data-start=\"337\" data-end=\"382\">lep\u0161ie sa prisp\u00f4sobi\u0165 stresov\u00fdm situ\u00e1ci\u00e1m<\/strong>. Pr\u00edpravok je vhodn\u00fd ako <strong data-start=\"408\" data-end=\"438\">doplnok ka\u017edodennej v\u00fd\u017eivy<\/strong>.<\/p>\n<p data-start=\"443\" data-end=\"702\"><strong data-start=\"443\" data-end=\"456\">ZLO\u017dENIE:<\/strong> KSM-66 Ashwagandha (Withania somnifera) extrakt z kore\u0148a 249 mg, z toho <strong data-start=\"529\" data-end=\"564\">withanolidov\u00e9 glykozidy 12,5 mg<\/strong>, <strong data-start=\"566\" data-end=\"582\">Withaferin A<\/strong> obsah menej ako 0,1 %. Pomocn\u00e9 l\u00e1tky: <strong data-start=\"621\" data-end=\"651\">hydroxypropylmetylcelul\u00f3za<\/strong> (veg\u00e1nska kapsula), <strong data-start=\"672\" data-end=\"687\">ry\u017eov\u00e1 m\u00faka<\/strong>, <strong data-start=\"689\" data-end=\"699\" data-is-only-node=\"\">leuc\u00edn<\/strong>.<\/p>\n<p data-start=\"704\" data-end=\"798\"><strong data-start=\"704\" data-end=\"719\">D\u00c1VKOVANIE:<\/strong> U\u017e\u00edvajte <strong data-start=\"729\" data-end=\"756\">1 kapsulu denne nala\u010dno<\/strong>, zapite <strong data-start=\"765\" data-end=\"795\">dostato\u010dn\u00fdm mno\u017estvom vody<\/strong>.<\/p>\n<p data-start=\"800\" data-end=\"926\"><strong data-start=\"800\" data-end=\"816\">SKLADOVANIE:<\/strong> Uchov\u00e1vajte na <strong data-start=\"832\" data-end=\"869\">suchom, slnku nepr\u00edstupnom mieste<\/strong>, pri <strong data-start=\"875\" data-end=\"894\">izbovej teplote<\/strong>, mimo dosahu <strong data-start=\"908\" data-end=\"923\">mal\u00fdch det\u00ed<\/strong>.<\/p>\n<p data-start=\"928\" data-end=\"1160\"><strong data-start=\"928\" data-end=\"944\">UPOZORNENIE:<\/strong> Supliment nutri\u021bional <strong data-start=\"962\" data-end=\"1001\">nenahr\u00e1dza pestr\u00fa a vyv\u00e1\u017een\u00fa stravu<\/strong> ani <strong data-start=\"1006\" data-end=\"1029\">zdrav\u00fd \u017eivotn\u00fd \u0161t\u00fdl<\/strong>. <strong data-start=\"1031\" data-end=\"1072\">Neprekra\u010dujte odpor\u00fa\u010dan\u00fa denn\u00fa d\u00e1vku.<\/strong> Neu\u017e\u00edvajte pr\u00edpravok, ak ste <strong data-start=\"1102\" data-end=\"1134\">alergick\u00fd alebo precitliven\u00fd<\/strong> na niektor\u00fa zo zlo\u017eiek.<\/p>\n<p data-start=\"1162\" data-end=\"1184\" data-is-last-node=\"\" data-is-only-node=\"\"><strong data-start=\"1162\" data-end=\"1174\">Balenie:<\/strong> 60 kaps\u00fal<\/p>","protected":false},"excerpt":{"rendered":"<p>Nordvital Ashwagandha kapsuly obsahuj\u00fa extrakt z kore\u0148a Withania somnifera (KSM-66 Ashwagandha), ktor\u00fd je v tradi\u010dnom vyu\u017eit\u00ed \u010dasto sp\u00e1jan\u00fd s obdob\u00edm zv\u00fd\u0161en\u00e9ho stresu a so sprev\u00e1dzan\u00edm telesnej a du\u0161evnej rovnov\u00e1hy. V ajurv\u00e9dskej medic\u00edne je ashwagandha zn\u00e1ma ako adaptog\u00e9nna rastlina, ktor\u00e1 pom\u00e1ha telu lep\u0161ie sa prisp\u00f4sobi\u0165 stresov\u00fdm situ\u00e1ci\u00e1m. Pr\u00edpravok je vhodn\u00fd ako doplnok ka\u017edodennej v\u00fd\u017eivy. ZLO\u017dENIE: KSM-66 [&hellip;]<\/p>","protected":false},"featured_media":10247,"comment_status":"open","ping_status":"closed","template":"","meta":{"inline_featured_image":false},"product_brand":[112],"product_cat":[69],"product_tag":[],"class_list":{"0":"post-8767","1":"product","2":"type-product","3":"status-publish","4":"has-post-thumbnail","6":"product_brand-nordvital","7":"product_cat-vyzivove-doplnky","9":"first","10":"instock","11":"taxable","12":"shipping-taxable","13":"purchasable","14":"product-type-simple"},"aioseo_notices":[],"_links":{"self":[{"href":"https:\/\/www.biokari.sk\/ro\/wp-json\/wp\/v2\/product\/8767","targetHints":{"allow":["GET"]}}],"collection":[{"href":"https:\/\/www.biokari.sk\/ro\/wp-json\/wp\/v2\/product"}],"about":[{"href":"https:\/\/www.biokari.sk\/ro\/wp-json\/wp\/v2\/types\/product"}],"replies":[{"embeddable":true,"href":"https:\/\/www.biokari.sk\/ro\/wp-json\/wp\/v2\/comments?post=8767"}],"wp:featuredmedia":[{"embeddable":true,"href":"https:\/\/www.biokari.sk\/ro\/wp-json\/wp\/v2\/media\/10247"}],"wp:attachment":[{"href":"https:\/\/www.biokari.sk\/ro\/wp-json\/wp\/v2\/media?parent=8767"}],"wp:term":[{"taxonomy":"product_brand","embeddable":true,"href":"https:\/\/www.biokari.sk\/ro\/wp-json\/wp\/v2\/product_brand?post=8767"},{"taxonomy":"product_cat","embeddable":true,"href":"https:\/\/www.biokari.sk\/ro\/wp-json\/wp\/v2\/product_cat?post=8767"},{"taxonomy":"product_tag","embeddable":true,"href":"https:\/\/www.biokari.sk\/ro\/wp-json\/wp\/v2\/product_tag?post=8767"}],"curies":[{"name":"wp","href":"https:\/\/api.w.org\/{rel}","templated":true}]}}