{"id":8803,"date":"2025-07-01T14:36:28","date_gmt":"2025-07-01T12:36:28","guid":{"rendered":"https:\/\/www.biokari.sk\/produkt\/gal-vitamin-c-komplex-kapsuly-90ks\/"},"modified":"2026-04-20T19:01:57","modified_gmt":"2026-04-20T17:01:57","slug":"gal-vitamin-c-komplex-kapsuly-90ks","status":"publish","type":"product","link":"https:\/\/www.biokari.sk\/ro\/produs\/gal-vitamin-c-komplex-kapsuly-90ks\/","title":{"rendered":"Gal Vitam\u00edn C komplex kapsuly 90ks"},"content":{"rendered":"<p data-start=\"0\" data-end=\"741\"><strong data-start=\"0\" data-end=\"27\">Vysokod\u00e1vkov\u00fd vitam\u00edn C<\/strong> obsahuje rastlinn\u00e9 extrakty, ktor\u00e9 podporuj\u00fa jeho vstreb\u00e1vanie a op\u00e4tovn\u00e9 vyu\u017eitie v tele, spolu s bioflavonoidmi. Extrakty z \u010dervenej hroznovej \u0161upky a jadierok prispievaj\u00fa k obranyschopnosti organizmu, s\u00fa siln\u00fdmi antioxidantmi a maj\u00fa priazniv\u00fd vplyv na <strong data-start=\"283\" data-end=\"306\">srdce, cievy a zrak<\/strong>. Produkt obsahuje <strong data-start=\"325\" data-end=\"378\">vitam\u00edn C v jeho prirodzene sa vyskytuj\u00facej forme<\/strong>, v synergickej matrici rastlinn\u00fdch extraktov. Patentovan\u00fd extrakt z \u010dierneho korenia <strong data-start=\"464\" data-end=\"478\">BioPerine\u00ae<\/strong> zlep\u0161uje vstreb\u00e1vanie. Komplex citrusov\u00fdch bioflavonoidov a extrakty z \u010dervenej hroznovej \u0161upky a jadierok obsahuj\u00fa pr\u00edrodn\u00e9 \u00fa\u010dinn\u00e9 l\u00e1tky, ktor\u00e9 sa prirodzene vyskytuj\u00fa aj v potravin\u00e1ch bohat\u00fdch na vitam\u00edn C \u2013 nie n\u00e1hodou, ale pre ich spolo\u010dn\u00fd podporn\u00fd \u00fa\u010dinok.<\/p>\n<p data-start=\"743\" data-end=\"956\"><strong data-start=\"743\" data-end=\"756\">Compozi\u021bie:<\/strong> L-askorbov\u00e1 kyselina (vitam\u00edn C), \u017eelat\u00edna, komplex citrusov\u00fdch bioflavonoidov, extrakt z \u010dervenej hroznovej \u0161upky, extrakt z \u010derven\u00fdch hroznov\u00fdch jadierok, BioPerine\u00ae \u2013 extrakt z \u010dierneho korenia.<\/p>\n<p data-start=\"958\" data-end=\"1412\"><strong data-start=\"958\" data-end=\"999\">Obsah \u00fa\u010dinn\u00fdch l\u00e1tok (v 2 kapsul\u00e1ch):<\/strong><br data-start=\"999\" data-end=\"1002\" \/>Vitam\u00edn C \u2013 1333 mg<br data-start=\"1021\" data-end=\"1024\" \/>Synergick\u00e9 rastlinn\u00e9 extrakty \u2013 304 mg<br data-start=\"1062\" data-end=\"1065\" \/>Komplex citrusov\u00fdch bioflavonoidov [60 % hesperid\u00edn] \u2013 200 mg<br data-start=\"1126\" data-end=\"1129\" \/>Extrakt z \u010derven\u00fdch hroznov\u00fdch jadierok (Vitis vinifera) [95 % oligom\u00e9rnych proantokyanid\u00ednov\u00fdch komplexov (OPC)] \u2013 50 mg<br data-start=\"1250\" data-end=\"1253\" \/>Extrakt z \u010dervenej hroznovej \u0161upky (Vitis vinifera) [70 % polyfenolov] \u2013 50 mg<br data-start=\"1331\" data-end=\"1334\" \/>BioPerine\u00ae \u2013 extrakt z \u010dierneho korenia (Piper nigrum) [98 % piper\u00edn] \u2013 4 mg<\/p>\n<p data-start=\"1414\" data-end=\"1594\"><strong data-start=\"1414\" data-end=\"1440\">Doza recomandat\u0103:<\/strong> U\u017e\u00edvajte 2\u00d7 denne 1 kapsulu po\u010das jedla. Najvhodnej\u0161ie je rozdeli\u0165 d\u00e1vku po\u010das d\u0148a (1 kapsula pri ka\u017edom jedle), no obe kapsuly je mo\u017en\u00e9 u\u017ei\u0165 aj naraz.<\/p>\n<p data-start=\"1596\" data-end=\"1760\"><strong data-start=\"1596\" data-end=\"1612\">Avertisment:<\/strong> Neprekra\u010dujte odpor\u00fa\u010dan\u00fa denn\u00fa d\u00e1vku! V\u00fd\u017eivov\u00fd doplnok nenahr\u00e1dza pestr\u00fa a vyv\u00e1\u017een\u00fa stravu ani zdrav\u00fd \u017eivotn\u00fd \u0161t\u00fdl. Uchov\u00e1vajte mimo dosahu det\u00ed.<\/p>\n<p data-start=\"1762\" data-end=\"1862\"><strong data-start=\"1762\" data-end=\"1778\">Depozitare:<\/strong> Uchov\u00e1vajte na suchom a chladnom mieste, chr\u00e1nen\u00e9 pred priamym slne\u010dn\u00fdm \u017eiaren\u00edm.<\/p>\n<p data-start=\"1864\" data-end=\"1886\" data-is-last-node=\"\" data-is-only-node=\"\"><strong data-start=\"1864\" data-end=\"1876\">Balenie:<\/strong> 90 kaps\u00fal<\/p>","protected":false},"excerpt":{"rendered":"<p>GAL C-komplex, 1333mg vitam\u00edn C, 100mg extrakt z hroznov\u00fdch jadier a \u0161upiek + 200mg bioflavonoid x 45 d\u00e1vok<\/p>\n<p>Obsahuje vysok\u00e9 d\u00e1vky vitam\u00ednu C a rastlinn\u00e9 extrakty, ktor\u00e9 pom\u00e1haj\u00fa pri jeho vstreb\u00e1van\u00ed a recykl\u00e1cii, spolu s bioflavonoidmi. \u0160upka z \u010derven\u00e9ho hrozna a v\u00fd\u0165a\u017eky zo semienok v \u0148om tie\u017e pom\u00e1&#8230; <a class=\"more-link\" href=\"#tab-description\">Cite\u0219te mai mult<\/a><\/p>","protected":false},"featured_media":0,"comment_status":"open","ping_status":"closed","template":"","meta":{"inline_featured_image":false},"product_brand":[113],"product_cat":[69,140],"product_tag":[],"class_list":{"0":"post-8803","1":"product","2":"type-product","3":"status-publish","5":"product_brand-gal","6":"product_cat-vyzivove-doplnky","7":"product_cat-posilnenie-imunity","9":"first","10":"instock","11":"taxable","12":"shipping-taxable","13":"purchasable","14":"product-type-simple"},"aioseo_notices":[],"_links":{"self":[{"href":"https:\/\/www.biokari.sk\/ro\/wp-json\/wp\/v2\/product\/8803","targetHints":{"allow":["GET"]}}],"collection":[{"href":"https:\/\/www.biokari.sk\/ro\/wp-json\/wp\/v2\/product"}],"about":[{"href":"https:\/\/www.biokari.sk\/ro\/wp-json\/wp\/v2\/types\/product"}],"replies":[{"embeddable":true,"href":"https:\/\/www.biokari.sk\/ro\/wp-json\/wp\/v2\/comments?post=8803"}],"wp:attachment":[{"href":"https:\/\/www.biokari.sk\/ro\/wp-json\/wp\/v2\/media?parent=8803"}],"wp:term":[{"taxonomy":"product_brand","embeddable":true,"href":"https:\/\/www.biokari.sk\/ro\/wp-json\/wp\/v2\/product_brand?post=8803"},{"taxonomy":"product_cat","embeddable":true,"href":"https:\/\/www.biokari.sk\/ro\/wp-json\/wp\/v2\/product_cat?post=8803"},{"taxonomy":"product_tag","embeddable":true,"href":"https:\/\/www.biokari.sk\/ro\/wp-json\/wp\/v2\/product_tag?post=8803"}],"curies":[{"name":"wp","href":"https:\/\/api.w.org\/{rel}","templated":true}]}}