{"id":8807,"date":"2025-07-01T14:36:29","date_gmt":"2025-07-01T12:36:29","guid":{"rendered":"https:\/\/www.biokari.sk\/produkt\/dia-wellness-struhanka-500g\/"},"modified":"2026-05-03T19:01:35","modified_gmt":"2026-05-03T17:01:35","slug":"dia-wellness-struhanka-500g","status":"publish","type":"product","link":"https:\/\/www.biokari.sk\/ro\/produs\/dia-wellness-struhanka-500g\/","title":{"rendered":"Dia-wellness Str\u00fahanka 500g"},"content":{"rendered":"<p data-start=\"68\" data-end=\"316\">Ide\u00e1lna vo\u013eba pre ka\u017ed\u00e9ho, kto sa sna\u017e\u00ed o <strong data-start=\"139\" data-end=\"165\">vedomej\u0161ie stravovanie<\/strong>.<br data-start=\"166\" data-end=\"169\" \/>Vysok\u00fd obsah <strong data-start=\"182\" data-end=\"206\">vl\u00e1kniny a bielkov\u00edn<\/strong> umo\u017e\u0148uje \u0161irok\u00e9 pou\u017eitie v kuchyni, \u010di u\u017e pri oba\u013eovan\u00ed m\u00e4sa, zeleniny alebo pri pr\u00edprave vlastn\u00fdch receptov.<\/p>\n<p data-start=\"318\" data-end=\"336\"><strong data-start=\"318\" data-end=\"330\">Balenie:<\/strong> 500 g<\/p>\n<p data-start=\"338\" data-end=\"674\"><strong data-start=\"338\" data-end=\"351\">Compozi\u021bie:<\/strong><br data-start=\"351\" data-end=\"354\" \/>p\u0161eni\u010dn\u00e9 kl\u00ed\u010dky, zmes m\u00fak so zn\u00ed\u017een\u00fdm obsahom sacharidov (p\u0161eni\u010dn\u00e1 bielkovina, vl\u00e1knina, rastlinn\u00fd olej [repkov\u00fd], polydextr\u00f3za, p\u0161eni\u010dn\u00e9 otruby, zemiakov\u00e1 bielkovina, konjakov\u00e1 guma [extrakt z diablovho jazyka], E471, kyselina mlie\u010dna, kyselina askorbov\u00e1, enz\u00fdmy), p\u0161eni\u010dn\u00e1 m\u00faka, dro\u017edie, voda, so\u013e, extrakt z rozmar\u00ednu<\/p>\n<p data-start=\"676\" data-end=\"704\"><strong data-start=\"676\" data-end=\"689\">Alergeni:<\/strong> obsahuje lepok<\/p>\n<p data-start=\"706\" data-end=\"967\"><strong data-start=\"706\" data-end=\"754\">Valori nutri\u021bionale medii per 100 g de produs:<\/strong><br data-start=\"754\" data-end=\"757\" \/>Energia: <strong data-start=\"766\" data-end=\"788\">1150 kJ \/ 274 kcal<\/strong><br data-start=\"788\" data-end=\"791\" \/>Tuky: <strong data-start=\"797\" data-end=\"806\">5,0 g<\/strong><br data-start=\"806\" data-end=\"809\" \/>z toho nas\u00fdten\u00e9 mastn\u00e9 kyseliny: <strong data-start=\"842\" data-end=\"851\">1,0 g<\/strong><br data-start=\"851\" data-end=\"854\" \/>Sacharidy: <strong data-start=\"865\" data-end=\"875\">42,0 g<\/strong><br data-start=\"875\" data-end=\"878\" \/>z toho cukry: <strong data-start=\"892\" data-end=\"901\">1,0 g<\/strong><br data-start=\"901\" data-end=\"904\" \/>Vl\u00e1knina: <strong data-start=\"914\" data-end=\"924\">15,5 g<\/strong><br data-start=\"924\" data-end=\"927\" \/>Bielkoviny: <strong data-start=\"939\" data-end=\"949\">25,5 g<\/strong><br data-start=\"949\" data-end=\"952\" \/>So\u013e: <strong data-start=\"957\" data-end=\"967\">0,06 g<\/strong><\/p>\n<p data-start=\"969\" data-end=\"995\">\u00dadaje s\u00fa <strong data-start=\"978\" data-end=\"994\">informat\u00edvne<\/strong>.<\/p>\n\n\n<p><\/p>","protected":false},"excerpt":{"rendered":"<p>Scurt\u0103 descriere:<br \/>\nN\u00edzkoenergetick\u00e1 str\u00fahanka so zn\u00ed\u017een\u00fdm obsahom sacharidov, ide\u00e1lna na oba\u013eovanie a pr\u00edpravu zdrav\u0161\u00edch verzi\u00ed vypr\u00e1\u017ean\u00fdch jed\u00e1l. Vhodn\u00e1 pre diabetikov a osoby s reduk\u010dnou di\u00e9tou.<\/p>\n<p>Compozi\u021bie:<br \/>\nP\u0161eni\u010dn\u00fd lepok, p\u0161eni\u010dn\u00e1 vl\u00e1knina, s\u00f3\u013e, kypriace l\u00e1tky: hydrog\u00e9nuhli\u010ditan sodn\u00fd, hydrog\u00e9nuhli\u010dita&#8230; <a class=\"more-link\" href=\"#tab-description\">Cite\u0219te mai mult<\/a><\/p>","protected":false},"featured_media":10474,"comment_status":"open","ping_status":"closed","template":"","meta":{"inline_featured_image":false},"product_brand":[304],"product_cat":[71],"product_tag":[],"class_list":{"0":"post-8807","1":"product","2":"type-product","3":"status-publish","4":"has-post-thumbnail","6":"product_brand-dia-wellness","7":"product_cat-potraviny","9":"first","10":"instock","11":"taxable","12":"shipping-taxable","13":"purchasable","14":"product-type-simple"},"aioseo_notices":[],"_links":{"self":[{"href":"https:\/\/www.biokari.sk\/ro\/wp-json\/wp\/v2\/product\/8807","targetHints":{"allow":["GET"]}}],"collection":[{"href":"https:\/\/www.biokari.sk\/ro\/wp-json\/wp\/v2\/product"}],"about":[{"href":"https:\/\/www.biokari.sk\/ro\/wp-json\/wp\/v2\/types\/product"}],"replies":[{"embeddable":true,"href":"https:\/\/www.biokari.sk\/ro\/wp-json\/wp\/v2\/comments?post=8807"}],"wp:featuredmedia":[{"embeddable":true,"href":"https:\/\/www.biokari.sk\/ro\/wp-json\/wp\/v2\/media\/10474"}],"wp:attachment":[{"href":"https:\/\/www.biokari.sk\/ro\/wp-json\/wp\/v2\/media?parent=8807"}],"wp:term":[{"taxonomy":"product_brand","embeddable":true,"href":"https:\/\/www.biokari.sk\/ro\/wp-json\/wp\/v2\/product_brand?post=8807"},{"taxonomy":"product_cat","embeddable":true,"href":"https:\/\/www.biokari.sk\/ro\/wp-json\/wp\/v2\/product_cat?post=8807"},{"taxonomy":"product_tag","embeddable":true,"href":"https:\/\/www.biokari.sk\/ro\/wp-json\/wp\/v2\/product_tag?post=8807"}],"curies":[{"name":"wp","href":"https:\/\/api.w.org\/{rel}","templated":true}]}}