{"id":8813,"date":"2025-07-01T14:36:30","date_gmt":"2025-07-01T12:36:30","guid":{"rendered":"https:\/\/www.biokari.sk\/produkt\/gal-omega-3-kapsuly-60ks\/"},"modified":"2026-04-14T12:09:23","modified_gmt":"2026-04-14T10:09:23","slug":"gal-omega-3-kapsuly-60ks","status":"publish","type":"product","link":"https:\/\/www.biokari.sk\/ro\/produs\/gal-omega-3-kapsuly-60ks\/","title":{"rendered":"Gal Omega-3 kapsuly 60ks"},"content":{"rendered":"<p data-start=\"0\" data-end=\"183\"><strong data-start=\"0\" data-end=\"19\">Spracovanie r\u00fdb<\/strong> sa za\u010d\u00edna <strong data-start=\"30\" data-end=\"53\">okam\u017eite po uloven\u00ed<\/strong>, bez skladovania \u2013 v\u00fdsledkom je mimoriadne n\u00edzka hodnota <strong data-start=\"111\" data-end=\"124\">TOTOX &lt; 5<\/strong>, ktor\u00e1 sved\u010d\u00ed o v\u00fdnimo\u010dnej \u010derstvosti a stabilite oleja.<\/p>\n<p data-start=\"185\" data-end=\"558\">Olej z\u00edskan\u00fd z prirodzene \u010dist\u00fdch r\u00fdb sa n\u00e1sledne <strong data-start=\"235\" data-end=\"256\">molekul\u00e1rne \u010dist\u00ed<\/strong> pomocou <strong data-start=\"265\" data-end=\"297\">nov\u00e9ho patentovan\u00e9ho postupu<\/strong>, v\u010faka ktor\u00e9mu m\u00e1 <strong data-start=\"316\" data-end=\"368\">2\u20133-n\u00e1sobne vy\u0161\u0161\u00ed obsah omega-3 mastn\u00fdch kysel\u00edn<\/strong>, pri\u010dom <strong data-start=\"377\" data-end=\"424\">\u017eiadne zne\u010distenie nie je ani detegovate\u013en\u00e9<\/strong>. Kvalitu potvrdzuje <strong data-start=\"445\" data-end=\"479\">IFOS 5-hviezdi\u010dkov\u00fd certifik\u00e1t<\/strong> \u2013 najpr\u00edsnej\u0161ie medzin\u00e1rodn\u00e9 hodnotenie \u010distoty a bezpe\u010dnosti rybieho oleja.<\/p>\n<p data-start=\"560\" data-end=\"774\">Produkt obsahuje <strong data-start=\"577\" data-end=\"646\">omega-3 mastn\u00e9 kyseliny v ich prirodzenej (triglyceridovej) forme<\/strong>, nie v lacnej\u0161ej, menej vstrebate\u013enej <strong data-start=\"685\" data-end=\"708\">etylesterovej forme<\/strong>, ktor\u00e1 sa be\u017ene pou\u017e\u00edva, no nie je povinn\u00e9 ju uv\u00e1dza\u0165 na obale.<\/p>\n<p data-start=\"776\" data-end=\"1256\">Pre dlhodob\u00e9 zachovanie \u010derstvosti (<strong data-start=\"812\" data-end=\"831\">TOTOX stabilita<\/strong>) je olej stabilizovan\u00fd <strong data-start=\"855\" data-end=\"888\">vlastnou antioxida\u010dnou zmesou<\/strong>, ktor\u00e1 pozost\u00e1va z <strong data-start=\"908\" data-end=\"985\">pr\u00edrodn\u00e9ho E-vitam\u00ednov\u00e9ho komplexu (8 druhov tokoferolov a tokotrienolov)<\/strong>, obsahuj\u00faceho <strong data-start=\"1000\" data-end=\"1045\">tokotrienoly z \u010derven\u00e9ho palmov\u00e9ho ovocia<\/strong> poch\u00e1dzaj\u00faceho z **udr\u017eate\u013en\u00e9ho RSPO-certifikovan\u00e9ho hospod\u00e1rstva (\u201epriate\u013esk\u00e9 k orangutanom\u201c) **, a z antioxidantov z\u00edskan\u00fdch z <strong data-start=\"1175\" data-end=\"1193\">gr\u00e9ckej \u0161alvie<\/strong> pomocou <strong data-start=\"1202\" data-end=\"1253\">\u0161etrnej superkritickej extrakcie bez chemik\u00e1li\u00ed<\/strong>.<\/p>\n<p data-start=\"1258\" data-end=\"1444\"><strong data-start=\"1258\" data-end=\"1273\">Dozaj:<\/strong> U\u017e\u00edva\u0165 <strong data-start=\"1281\" data-end=\"1300\">1 kapsulu denne<\/strong>, \u010do je dostato\u010dn\u00e9 mno\u017estvo na dosiahnutie v\u0161etk\u00fdch priazniv\u00fdch \u00fa\u010dinkov omega-3 mastn\u00fdch kysel\u00edn na <strong data-start=\"1400\" data-end=\"1441\">mozog, zrak a kardiovaskul\u00e1rny syst\u00e9m<\/strong>.<\/p>\n<p data-start=\"1446\" data-end=\"1618\"><strong data-start=\"1446\" data-end=\"1462\">Avertisment:<\/strong> Neprekra\u010dujte odpor\u00fa\u010dan\u00fa denn\u00fa d\u00e1vku! V\u00fd\u017eivov\u00fd doplnok <strong data-start=\"1518\" data-end=\"1557\">nenahr\u00e1dza pestr\u00fa a vyv\u00e1\u017een\u00fa stravu<\/strong> ani zdrav\u00fd \u017eivotn\u00fd \u0161t\u00fdl. Uchov\u00e1vajte <strong data-start=\"1595\" data-end=\"1616\">mimo dosahu det\u00ed.<\/strong><\/p>\n<p data-start=\"1620\" data-end=\"1642\" data-is-last-node=\"\" data-is-only-node=\"\"><strong data-start=\"1620\" data-end=\"1632\">Balenie:<\/strong> 60 kaps\u00fal<\/p>","protected":false},"excerpt":{"rendered":"<p>Naj\u010distej\u0161ou, naj\u010derstvej\u0161ou a vysoko vyu\u017eite\u013enou kapsulou je ryb\u00ed olej s extra vysok\u00fdm obsahom \u00fa\u010dinn\u00fdch l\u00e1tok.<\/p>\n<p>GAL Omega-3 Eco<\/p>\n<p>Pou\u017e\u00edvame pr\u00edrodn\u00fa verziu koncentr\u00e1tu rybieho oleja Golden Omega, preto\u017ee sa vyr\u00e1ba z div\u00fdch mal\u00fdch r\u00fdb s nulovou ekologickou stopou, pri rybolove sa zachov\u00e1va biodiverzi&#8230; <a class=\"more-link\" href=\"#tab-description\">Cite\u0219te mai mult<\/a><\/p>","protected":false},"featured_media":10261,"comment_status":"open","ping_status":"closed","template":"","meta":{"inline_featured_image":false},"product_brand":[113],"product_cat":[69,146,140,142,143],"product_tag":[],"class_list":{"0":"post-8813","1":"product","2":"type-product","3":"status-publish","4":"has-post-thumbnail","6":"product_brand-gal","7":"product_cat-vyzivove-doplnky","8":"product_cat-klby-a-reuma","9":"product_cat-posilnenie-imunity","10":"product_cat-srdcovo-cievny-system","11":"product_cat-zaludok-a-crevna-cinnost","13":"first","14":"onbackorder","15":"taxable","16":"shipping-taxable","17":"purchasable","18":"product-type-simple"},"aioseo_notices":[],"_links":{"self":[{"href":"https:\/\/www.biokari.sk\/ro\/wp-json\/wp\/v2\/product\/8813","targetHints":{"allow":["GET"]}}],"collection":[{"href":"https:\/\/www.biokari.sk\/ro\/wp-json\/wp\/v2\/product"}],"about":[{"href":"https:\/\/www.biokari.sk\/ro\/wp-json\/wp\/v2\/types\/product"}],"replies":[{"embeddable":true,"href":"https:\/\/www.biokari.sk\/ro\/wp-json\/wp\/v2\/comments?post=8813"}],"wp:featuredmedia":[{"embeddable":true,"href":"https:\/\/www.biokari.sk\/ro\/wp-json\/wp\/v2\/media\/10261"}],"wp:attachment":[{"href":"https:\/\/www.biokari.sk\/ro\/wp-json\/wp\/v2\/media?parent=8813"}],"wp:term":[{"taxonomy":"product_brand","embeddable":true,"href":"https:\/\/www.biokari.sk\/ro\/wp-json\/wp\/v2\/product_brand?post=8813"},{"taxonomy":"product_cat","embeddable":true,"href":"https:\/\/www.biokari.sk\/ro\/wp-json\/wp\/v2\/product_cat?post=8813"},{"taxonomy":"product_tag","embeddable":true,"href":"https:\/\/www.biokari.sk\/ro\/wp-json\/wp\/v2\/product_tag?post=8813"}],"curies":[{"name":"wp","href":"https:\/\/api.w.org\/{rel}","templated":true}]}}