{"id":8819,"date":"2025-07-01T14:36:31","date_gmt":"2025-07-01T12:36:31","guid":{"rendered":"https:\/\/www.biokari.sk\/produkt\/gyorgytea-cajova-zmes-praslicka-rolna-50g\/"},"modified":"2026-04-29T19:03:12","modified_gmt":"2026-04-29T17:03:12","slug":"gyorgytea-cajova-zmes-praslicka-rolna-50g","status":"publish","type":"product","link":"https:\/\/www.biokari.sk\/ro\/produs\/gyorgytea-cajova-zmes-praslicka-rolna-50g\/","title":{"rendered":"Gy\u00f6rgytea \u010cajov\u00e1 zmes &#8211; Prasli\u010dka ro\u013en\u00e1  50g"},"content":{"rendered":"<p data-start=\"676\" data-end=\"693\"><strong data-start=\"676\" data-end=\"688\">Balenie:<\/strong> 50 g<\/p>\n<p data-start=\"695\" data-end=\"896\">T\u00e1to bylinn\u00e1 zmes je ur\u010den\u00e1 na <strong data-start=\"726\" data-end=\"763\">podporu spr\u00e1vnej funkcie obli\u010diek<\/strong> a vylu\u010dovacej s\u00fastavy. Obsahuje rastliny, ktor\u00e9 tradi\u010dne podporuj\u00fa <strong data-start=\"831\" data-end=\"863\">vylu\u010dovanie vody z organizmu<\/strong> a prispievaj\u00fa k <strong data-start=\"880\" data-end=\"895\">o\u010diste tela<\/strong>.<\/p>\n<p data-start=\"898\" data-end=\"1020\"><strong data-start=\"898\" data-end=\"911\">Compozi\u021bie:<\/strong><br data-start=\"911\" data-end=\"914\" \/>v\u0148a\u0165 zlatoby\u013ee oby\u010dajnej, v\u0148a\u0165 lipkavca syridlov\u00e9ho, v\u0148a\u0165 prasli\u010dky ro\u013enej (15 %), v\u0148a\u0165 vrbovky malokvetej<\/p>\n<p data-start=\"1022\" data-end=\"1304\"><strong data-start=\"1022\" data-end=\"1050\">Podrobnej\u0161ie o bylin\u00e1ch:<\/strong><br data-start=\"1050\" data-end=\"1053\" \/>Zlatoby\u013e \u2013 tradi\u010dne sa pou\u017e\u00edva pri podpore mo\u010dov\u00fdch ciest.<br data-start=\"1111\" data-end=\"1114\" \/>Lipkavec \u2013 prispieva k spr\u00e1vnemu fungovaniu obli\u010diek.<br data-start=\"1167\" data-end=\"1170\" \/>Prasli\u010dka ro\u013en\u00e1 \u2013 podporuje <strong data-start=\"1198\" data-end=\"1218\">vylu\u010dovanie vody<\/strong> a mineraliz\u00e1ciu kost\u00ed.<br data-start=\"1241\" data-end=\"1244\" \/>Vrbovka \u2013 antioxidant, podporuje prirodzen\u00fa obranyschopnos\u0165.<\/p>\n<p data-start=\"1306\" data-end=\"1444\"><strong data-start=\"1306\" data-end=\"1319\">Preg\u0103tire:<\/strong><br data-start=\"1319\" data-end=\"1322\" \/>1 zarovnan\u00e1 polievkov\u00e1 ly\u017eica (3 g) na 2,5 dl vriacej vody. L\u00fahova\u0165 <strong data-start=\"1390\" data-end=\"1402\">10 min\u00fat<\/strong>, precedi\u0165. <strong data-start=\"1414\" data-end=\"1444\">Nepou\u017e\u00edvajte kovov\u00e9 sitko.<\/strong><\/p>\n<p data-start=\"1446\" data-end=\"1589\"><strong data-start=\"1446\" data-end=\"1466\">Sp\u00f4sob u\u017e\u00edvania:<\/strong><br data-start=\"1466\" data-end=\"1469\" \/>Na podporu obli\u010diek 1 \u0161\u00e1lka denne, <strong data-start=\"1504\" data-end=\"1520\">r\u00e1no nala\u010dno<\/strong>, bez pr\u00edchute.<br data-start=\"1535\" data-end=\"1538\" \/>K\u00farovito <strong data-start=\"1547\" data-end=\"1560\">6 t\u00fd\u017ed\u0148ov<\/strong>, potom 4 t\u00fd\u017edne prest\u00e1vka.<\/p>\n<p data-start=\"1591\" data-end=\"1893\"><strong data-start=\"1591\" data-end=\"1607\">Avertismente:<\/strong><br data-start=\"1607\" data-end=\"1610\" \/>Nevhodn\u00e9 pre <strong data-start=\"1623\" data-end=\"1650\">tehotn\u00e9 a doj\u010diace \u017eeny<\/strong>, ako aj pre <strong data-start=\"1663\" data-end=\"1693\">osoby mlad\u0161ie ako 18 rokov<\/strong>.<br data-start=\"1694\" data-end=\"1697\" \/>Nevhodn\u00e9 pre osoby so <strong data-start=\"1719\" data-end=\"1754\">zlyh\u00e1van\u00edm srdca alebo obli\u010diek<\/strong>.<br data-start=\"1755\" data-end=\"1758\" \/>V\u00fd\u017eivov\u00fd doplnok sa nesmie pou\u017e\u00edva\u0165 ako n\u00e1hrada pestrej stravy.<br data-start=\"1821\" data-end=\"1824\" \/>Neprekra\u010dujte odpor\u00fa\u010dan\u00fa denn\u00fa d\u00e1vku.<br data-start=\"1861\" data-end=\"1864\" \/>Uchov\u00e1vajte mimo dosahu det\u00ed.<\/p>\n<p data-start=\"1895\" data-end=\"1982\"><strong data-start=\"1895\" data-end=\"1911\">Depozitare:<\/strong><br data-start=\"1911\" data-end=\"1914\" \/>Po otvoren\u00ed uchov\u00e1vajte na suchom a chladnom mieste, dobre uzavret\u00e9.<\/p>\n<p data-start=\"1984\" data-end=\"2028\"><strong data-start=\"1984\" data-end=\"2010\">Minim\u00e1lna trvanlivos\u0165:<\/strong> uveden\u00e1 na obale.<\/p>","protected":false},"excerpt":{"rendered":"<p>Hmotnos\u0165: 50 g<\/p>\n<p>Zlo\u017eenie: v\u00fdhonok zlatist\u00fd, v\u00fdhonok bodliak po\u013en\u00fd, v\u00fdhonok po\u013en\u00e9ho chrenu, v\u00fdhonok v\u0155by mal\u00e9ho kvetu<\/p>\n<p>Pr\u00edprava: \u010cajov\u00fa ly\u017ei\u010dku (3 g) \u010dajovej tr\u00e1vy prevarte s 2,5 dl vody, prefiltrujte po 15 min\u00fatach. Nepou\u017e\u00edvajte kovov\u00fd filter.<\/p>\n<p>Spotreba: pri \u010disten\u00ed obli\u010diek, diuretik\u00e1ch, detoxik\u00e1ci&#8230; <a class=\"more-link\" href=\"#tab-description\">Cite\u0219te mai mult<\/a><\/p>","protected":false},"featured_media":8820,"comment_status":"open","ping_status":"closed","template":"","meta":{"inline_featured_image":false},"product_brand":[274],"product_cat":[148],"product_tag":[],"class_list":{"0":"post-8819","1":"product","2":"type-product","3":"status-publish","4":"has-post-thumbnail","6":"product_brand-gyorgytea","7":"product_cat-liecive-rastliny","9":"first","10":"instock","11":"taxable","12":"shipping-taxable","13":"purchasable","14":"product-type-simple"},"aioseo_notices":[],"_links":{"self":[{"href":"https:\/\/www.biokari.sk\/ro\/wp-json\/wp\/v2\/product\/8819","targetHints":{"allow":["GET"]}}],"collection":[{"href":"https:\/\/www.biokari.sk\/ro\/wp-json\/wp\/v2\/product"}],"about":[{"href":"https:\/\/www.biokari.sk\/ro\/wp-json\/wp\/v2\/types\/product"}],"replies":[{"embeddable":true,"href":"https:\/\/www.biokari.sk\/ro\/wp-json\/wp\/v2\/comments?post=8819"}],"wp:featuredmedia":[{"embeddable":true,"href":"https:\/\/www.biokari.sk\/ro\/wp-json\/wp\/v2\/media\/8820"}],"wp:attachment":[{"href":"https:\/\/www.biokari.sk\/ro\/wp-json\/wp\/v2\/media?parent=8819"}],"wp:term":[{"taxonomy":"product_brand","embeddable":true,"href":"https:\/\/www.biokari.sk\/ro\/wp-json\/wp\/v2\/product_brand?post=8819"},{"taxonomy":"product_cat","embeddable":true,"href":"https:\/\/www.biokari.sk\/ro\/wp-json\/wp\/v2\/product_cat?post=8819"},{"taxonomy":"product_tag","embeddable":true,"href":"https:\/\/www.biokari.sk\/ro\/wp-json\/wp\/v2\/product_tag?post=8819"}],"curies":[{"name":"wp","href":"https:\/\/api.w.org\/{rel}","templated":true}]}}