{"id":8821,"date":"2025-07-01T14:36:31","date_gmt":"2025-07-01T12:36:31","guid":{"rendered":"https:\/\/www.biokari.sk\/produkt\/gyorgytea-cajova-zmes-skorocel-50g\/"},"modified":"2026-04-20T19:01:57","modified_gmt":"2026-04-20T17:01:57","slug":"gyorgytea-cajova-zmes-skorocel-50g","status":"publish","type":"product","link":"https:\/\/www.biokari.sk\/ro\/produs\/gyorgytea-amestec-de-ceai-plantain-50g\/","title":{"rendered":"Amestec de ceai Gy\u00f6rgytea - schinduf 50g"},"content":{"rendered":"<p data-start=\"0\" data-end=\"332\"><strong>P<\/strong>ajut\u0103 persoanele alergice la polen s\u0103 supravie\u021buiasc\u0103 unei perioade dificile aproape f\u0103r\u0103 simptome. Acesta con\u021bine plante care regleaz\u0103 activitatea sistemului imunitar \u0219i sus\u021bin mecanismele de ap\u0103rare ale organismului. Plantele medicinale din amestec se \u00eent\u0103resc reciproc \u00een efectul lor. O \u00eentrebare frecvent\u0103 este dac\u0103 amestecul de ceai este potrivit \u0219i pentru <strong data-start=\"383\" data-end=\"417\">alergie la plantain cu frunze lance<\/strong>. Gyuri b\u00e1csi explic\u0103 c\u00e2nd recomand\u0103 consumul de ceai <strong data-start=\"465\" data-end=\"479\">pentru alergie<\/strong>.<\/p>\n<p data-start=\"489\" data-end=\"504\"><strong data-start=\"489\" data-end=\"502\">Compozi\u021bie: <\/strong>ment\u0103 verde, cimbru, frunze de plantain.<\/p>\n<p data-start=\"598\" data-end=\"740\"><strong data-start=\"598\" data-end=\"611\">Preg\u0103tire: <\/strong>1 lingur\u0103 ras\u0103 (3 g) din amestecul de ceai se toarn\u0103 <strong data-start=\"660\" data-end=\"683\">2,5 dl ap\u0103 clocotit\u0103<\/strong>,<br data-start=\"684\" data-end=\"687\" \/>se scurge dup\u0103 15 minute. <strong data-start=\"710\" data-end=\"738\">Nu utiliza\u021bi o strecur\u0103toare metalic\u0103!<\/strong><\/p>\n<p data-start=\"747\" data-end=\"969\"><strong data-start=\"747\" data-end=\"760\">Utilizare: <\/strong>Be\u021bi \u00een orice moment al zilei, <strong data-start=\"789\" data-end=\"815\">de preferin\u021b\u0103 f\u0103r\u0103 arom\u0103<\/strong>.<br data-start=\"816\" data-end=\"819\" \/>Doza zilnic\u0103: <strong data-start=\"832\" data-end=\"849\">1 can\u0103 pe zi<\/strong>, este posibil s\u0103 be\u021bi <strong data-start=\"864\" data-end=\"888\">timp nelimitat<\/strong>.<br data-start=\"889\" data-end=\"892\" \/>Cu alergie la polen, trebuie s\u0103 \u00eencepe\u021bi s\u0103 be\u021bi <strong data-start=\"928\" data-end=\"966\">cel t\u00e2rziu la sf\u00e2r\u0219itul perioadei de iarn\u0103<\/strong>.<\/p>\n<p data-start=\"976\" data-end=\"998\"><strong data-start=\"976\" data-end=\"996\">Contraindica\u021bii: <\/strong>nu se recomand\u0103 \u00een timpul <strong data-start=\"1021\" data-end=\"1047\">sarcina \u0219i al\u0103ptarea<\/strong>, copii din <strong data-start=\"1062\" data-end=\"1073\">6 ani<\/strong> se serve\u0219te \u00een form\u0103 diluat\u0103 (1 linguri\u021b\u0103 de amestec de ceai la 2,5 dl de ap\u0103).<\/p>\n<p><strong data-start=\"1157\" data-end=\"1178\">Greutatea pachetului:<\/strong> 50<strong data-start=\"1179\" data-end=\"1188\">g<\/strong>.<\/p>","protected":false},"excerpt":{"rendered":"<p>Pom\u00e1ha \u013eu\u010fom trpiacim na pe\u013eov\u00fa alergiu pre\u017ei\u0165 \u0165a\u017ek\u00e9 obdobie takmer bez pr\u00edznakov. Obsahuje rastliny, ktor\u00e9 reguluj\u00fa \u010dinnos\u0165 imunitn\u00e9ho syst\u00e9mu a podporuj\u00fa obrann\u00e9 mechanizmy organizmu. Lie\u010div\u00e9 byliny v zmesi sa navz\u00e1jom vo svojom \u00fa\u010dinku posil\u0148uj\u00fa. \u010cast\u00e1 ot\u00e1zka je, \u010di je \u010dajov\u00e1 zmes vhodn\u00e1 aj pri alergii na skorocel kopijovit\u00fd. Gyuri b\u00e1csi vysvet\u013euje, kedy odpor\u00fa\u010da pi\u0165 \u010daj [&hellip;]<\/p>","protected":false},"featured_media":9636,"comment_status":"open","ping_status":"closed","template":"","meta":{"inline_featured_image":false},"product_brand":[],"product_cat":[148,153,149],"product_tag":[],"class_list":{"0":"post-8821","1":"product","2":"type-product","3":"status-publish","4":"has-post-thumbnail","6":"product_cat-liecive-rastliny","7":"product_cat-dychacie-cesty-liecive-rastliny","8":"product_cat-liecive-rastliny-posilnenie-imunity","10":"first","11":"instock","12":"taxable","13":"shipping-taxable","14":"purchasable","15":"product-type-simple"},"aioseo_notices":[],"_links":{"self":[{"href":"https:\/\/www.biokari.sk\/ro\/wp-json\/wp\/v2\/product\/8821","targetHints":{"allow":["GET"]}}],"collection":[{"href":"https:\/\/www.biokari.sk\/ro\/wp-json\/wp\/v2\/product"}],"about":[{"href":"https:\/\/www.biokari.sk\/ro\/wp-json\/wp\/v2\/types\/product"}],"replies":[{"embeddable":true,"href":"https:\/\/www.biokari.sk\/ro\/wp-json\/wp\/v2\/comments?post=8821"}],"wp:featuredmedia":[{"embeddable":true,"href":"https:\/\/www.biokari.sk\/ro\/wp-json\/wp\/v2\/media\/9636"}],"wp:attachment":[{"href":"https:\/\/www.biokari.sk\/ro\/wp-json\/wp\/v2\/media?parent=8821"}],"wp:term":[{"taxonomy":"product_brand","embeddable":true,"href":"https:\/\/www.biokari.sk\/ro\/wp-json\/wp\/v2\/product_brand?post=8821"},{"taxonomy":"product_cat","embeddable":true,"href":"https:\/\/www.biokari.sk\/ro\/wp-json\/wp\/v2\/product_cat?post=8821"},{"taxonomy":"product_tag","embeddable":true,"href":"https:\/\/www.biokari.sk\/ro\/wp-json\/wp\/v2\/product_tag?post=8821"}],"curies":[{"name":"wp","href":"https:\/\/api.w.org\/{rel}","templated":true}]}}