{"id":8823,"date":"2025-07-01T14:36:31","date_gmt":"2025-07-01T12:36:31","guid":{"rendered":"https:\/\/www.biokari.sk\/produkt\/gyorgytea-kostihojovy-extrakt-50ml\/"},"modified":"2026-04-30T19:01:22","modified_gmt":"2026-04-30T17:01:22","slug":"gyorgytea-kostihojovy-extrakt-50ml","status":"publish","type":"product","link":"https:\/\/www.biokari.sk\/ro\/produs\/gyorgytea-kostihojovy-extrakt-50ml\/","title":{"rendered":"Gy\u00f6rgytea Kostihojov\u00fd extrakt 50ml"},"content":{"rendered":"<p data-start=\"52\" data-end=\"130\"><strong data-start=\"52\" data-end=\"63\">\u00da\u010dinky: <\/strong>Ur\u010den\u00e1 na <strong data-start=\"76\" data-end=\"127\">pomlia\u017edeniny, natiahnut\u00e9 svaly a bolesti k\u013abov<\/strong>.<\/p>\n<p data-start=\"132\" data-end=\"242\"><strong data-start=\"132\" data-end=\"145\">Compozi\u021bie: <\/strong>alkohol, kore\u0148 kostihoja lek\u00e1rskeho (<em data-start=\"185\" data-end=\"207\">Symphytum officinale<\/em>)<br data-start=\"208\" data-end=\"211\" \/><strong data-start=\"211\" data-end=\"230\">Con\u021binut de alcool:<\/strong> 37 % obj.<\/p>\n<p data-start=\"244\" data-end=\"414\"><strong data-start=\"244\" data-end=\"257\">Cerere: <\/strong>Postihnut\u00e9 miesto <strong data-start=\"278\" data-end=\"338\">nieko\u013ekokr\u00e1t denne jemne potrite tenkou vrstvou tinkt\u00fary<\/strong> a nechajte vstreba\u0165.<br data-start=\"359\" data-end=\"362\" \/>Pr\u00edpravok je ur\u010den\u00fd <strong data-start=\"382\" data-end=\"412\">len na vonkaj\u0161ie pou\u017eitie!<\/strong><\/p>\n<p data-start=\"416\" data-end=\"1029\"><strong data-start=\"416\" data-end=\"439\">Lie\u010div\u00e9 vlastnosti: <\/strong>Kore\u0148 kostihoja sa tradi\u010dne pou\u017e\u00edva ako <strong data-start=\"482\" data-end=\"511\">protiz\u00e1palov\u00fd prostriedok<\/strong>, najm\u00e4 pri <strong data-start=\"523\" data-end=\"616\">bolestiach k\u013abov, \u0161portov\u00fdch \u00farazoch, pomlia\u017edenin\u00e1ch, podliatin\u00e1ch a kostn\u00fdch v\u00fdrastkoch<\/strong>. Pom\u00e1ha pri bolestiach <strong data-start=\"640\" data-end=\"695\">ramien, lak\u0165ov, z\u00e1p\u00e4st\u00ed, bedier, kolien aj chrbtice<\/strong>.<br data-start=\"696\" data-end=\"699\" \/>Tinkt\u00fara je vhodn\u00e1 aj na <strong data-start=\"724\" data-end=\"761\">ur\u00fdchlenie hojenia po zlomenin\u00e1ch<\/strong> \u2013 obsahuje l\u00e1tky, ktor\u00e9 podporuj\u00fa <strong data-start=\"796\" data-end=\"821\">tvorbu kostn\u00e9ho tmelu<\/strong> a napom\u00e1haj\u00fa r\u00fdchlej\u0161iemu zrastaniu kost\u00ed. Preto sa rastlina \u013eudovo naz\u00fdva aj <strong data-start=\"900\" data-end=\"915\">\u201ezrastovka\u201c<\/strong>. Po odstr\u00e1nen\u00ed sadry sa odpor\u00fa\u010da postihnut\u00e9 miesto <strong data-start=\"967\" data-end=\"998\">2-kr\u00e1t denne (r\u00e1no a ve\u010der)<\/strong> potiera\u0165 aspo\u0148 <strong data-start=\"1014\" data-end=\"1026\">2 t\u00fd\u017edne<\/strong>.<\/p>\n<p data-start=\"1031\" data-end=\"1346\">V dermatol\u00f3gii sa tinkt\u00fara pou\u017e\u00edva pri <strong data-start=\"1070\" data-end=\"1109\">vredoch, z\u00e1paloch \u017e\u00edl a furunkul\u00f3ze<\/strong>. Jej priazniv\u00e9 \u00fa\u010dinky s\u00fa sp\u00f4soben\u00e9 <strong data-start=\"1145\" data-end=\"1159\">alanto\u00ednom<\/strong>, ktor\u00fd <strong data-start=\"1167\" data-end=\"1199\">ur\u00fdch\u013euje regener\u00e1ciu tkan\u00edv<\/strong> a podporuje <strong data-start=\"1212\" data-end=\"1228\">hojenie ko\u017ee<\/strong>, ako aj <strong data-start=\"1237\" data-end=\"1254\">trieslovinami<\/strong>, ktor\u00e9 maj\u00fa s\u0165ahuj\u00faci \u00fa\u010dinok. \u00da\u010dinn\u00e9 l\u00e1tky sa dobre <strong data-start=\"1307\" data-end=\"1343\">rozp\u00fa\u0161\u0165aj\u00fa vo vode aj v alkohole<\/strong>.<\/p>\n<p data-start=\"1348\" data-end=\"1497\">Kostihojov\u00e1 tinkt\u00fara p\u00f4sob\u00ed aj ako <strong data-start=\"1383\" data-end=\"1405\">\u00fa\u010dinn\u00e9 analgetikum<\/strong> \u2013 pri <strong data-start=\"1412\" data-end=\"1429\">bolesti hlavy<\/strong> mo\u017eno bolestiv\u00e9 miesto 3\u20134-kr\u00e1t denne jemne vmas\u00edrova\u0165 tinkt\u00farou.<\/p>\n<p data-start=\"1499\" data-end=\"1893\"><strong data-start=\"1499\" data-end=\"1515\">Avertisment:<\/strong><br data-start=\"1515\" data-end=\"1518\" \/>Pou\u017e\u00edvajte len na <strong data-start=\"1536\" data-end=\"1558\">neporu\u0161en\u00fa poko\u017eku<\/strong>. Na <strong data-start=\"1563\" data-end=\"1580\">otvoren\u00e9 rany<\/strong> sa tinkt\u00fara <strong data-start=\"1593\" data-end=\"1613\">nesmie aplikova\u0165<\/strong>.<br data-start=\"1614\" data-end=\"1617\" \/><strong data-start=\"1617\" data-end=\"1661\">Tehotn\u00fdm \u017een\u00e1m je jej pou\u017eitie zak\u00e1zan\u00e9.<\/strong><br data-start=\"1661\" data-end=\"1664\" \/><strong data-start=\"1664\" data-end=\"1707\">Na vn\u00fatorn\u00e9 pou\u017eitie je pr\u00edsne zak\u00e1zan\u00e1<\/strong>, preto\u017ee vn\u00fatorn\u00e9 u\u017e\u00edvanie m\u00f4\u017ee by\u0165 <strong data-start=\"1744\" data-end=\"1795\">zdravotne nebezpe\u010dn\u00e9 a potenci\u00e1lne karcinog\u00e9nne<\/strong>. Pri vonkaj\u0161ej aplik\u00e1cii nehroz\u00ed \u017eiadne riziko, preto\u017ee l\u00e1tky sa <strong data-start=\"1861\" data-end=\"1890\">vstreb\u00e1vaj\u00fa len minim\u00e1lne<\/strong>.<\/p>\n<p data-start=\"1895\" data-end=\"1925\" data-is-last-node=\"\" data-is-only-node=\"\"><strong data-start=\"1895\" data-end=\"1925\" data-is-last-node=\"\">Numai pentru utilizare \u00een exterior!<\/strong><\/p>\n<p data-start=\"1895\" data-end=\"1925\" data-is-last-node=\"\" data-is-only-node=\"\"><strong>Volum:<\/strong> 50ml<\/p>","protected":false},"excerpt":{"rendered":"<p>Cerere:<br \/>\nV\u00fd\u0165a\u017eok si viackr\u00e1t po\u010das d\u0148a naneste na dotknut\u00fa oblas\u0165. Nechajte ho vstreba\u0165 sa. Tinkt\u00fara z kostihoja lek\u00e1rskeho je ur\u010den\u00e1 v\u00fdlu\u010dne na vonkaj\u0161ie pou\u017eitie! Jeho vn\u00fatorn\u00e9 pou\u017eitie je zak\u00e1zan\u00e9 a zdraviu nebezpe\u010dn\u00e9! Vzh\u013eadom na zl\u00e9 vstreb\u00e1vanie nehroz\u00ed pri vonkaj\u0161om pou\u017eit\u00ed \u017eiadne nebezpe\u010dens&#8230; <a class=\"more-link\" href=\"#tab-description\">Cite\u0219te mai mult<\/a><\/p>","protected":false},"featured_media":10345,"comment_status":"open","ping_status":"closed","template":"","meta":{"inline_featured_image":false},"product_brand":[274],"product_cat":[146],"product_tag":[],"class_list":{"0":"post-8823","1":"product","2":"type-product","3":"status-publish","4":"has-post-thumbnail","6":"product_brand-gyorgytea","7":"product_cat-klby-a-reuma","9":"first","10":"instock","11":"taxable","12":"shipping-taxable","13":"purchasable","14":"product-type-simple"},"aioseo_notices":[],"_links":{"self":[{"href":"https:\/\/www.biokari.sk\/ro\/wp-json\/wp\/v2\/product\/8823","targetHints":{"allow":["GET"]}}],"collection":[{"href":"https:\/\/www.biokari.sk\/ro\/wp-json\/wp\/v2\/product"}],"about":[{"href":"https:\/\/www.biokari.sk\/ro\/wp-json\/wp\/v2\/types\/product"}],"replies":[{"embeddable":true,"href":"https:\/\/www.biokari.sk\/ro\/wp-json\/wp\/v2\/comments?post=8823"}],"wp:featuredmedia":[{"embeddable":true,"href":"https:\/\/www.biokari.sk\/ro\/wp-json\/wp\/v2\/media\/10345"}],"wp:attachment":[{"href":"https:\/\/www.biokari.sk\/ro\/wp-json\/wp\/v2\/media?parent=8823"}],"wp:term":[{"taxonomy":"product_brand","embeddable":true,"href":"https:\/\/www.biokari.sk\/ro\/wp-json\/wp\/v2\/product_brand?post=8823"},{"taxonomy":"product_cat","embeddable":true,"href":"https:\/\/www.biokari.sk\/ro\/wp-json\/wp\/v2\/product_cat?post=8823"},{"taxonomy":"product_tag","embeddable":true,"href":"https:\/\/www.biokari.sk\/ro\/wp-json\/wp\/v2\/product_tag?post=8823"}],"curies":[{"name":"wp","href":"https:\/\/api.w.org\/{rel}","templated":true}]}}