{"id":8839,"date":"2025-07-01T14:36:34","date_gmt":"2025-07-01T12:36:34","guid":{"rendered":"https:\/\/www.biokari.sk\/produkt\/gyorgytea-alkoholovy-extrakt-hloh-50ml\/"},"modified":"2026-04-23T19:01:18","modified_gmt":"2026-04-23T17:01:18","slug":"gyorgytea-alkoholovy-extrakt-hloh-50ml","status":"publish","type":"product","link":"https:\/\/www.biokari.sk\/ro\/produs\/gyorgytea-alkoholovy-extrakt-hloh-50ml\/","title":{"rendered":"Gy\u00f6rgytea Alkoholov\u00fd extrakt &#8211; Hloh 50ml"},"content":{"rendered":"<p data-start=\"0\" data-end=\"139\"><strong data-start=\"0\" data-end=\"13\">Compozi\u021bie:<\/strong> voda, etylalkohol, kvitn\u00face koncov\u00e9 \u010dasti hlohu oby\u010dajn\u00e9ho (<em data-start=\"74\" data-end=\"101\">Crataegi folium cum flore<\/em>).<br data-start=\"103\" data-end=\"106\" \/><strong data-start=\"106\" data-end=\"125\">Con\u021binut de alcool:<\/strong> 25 % (v\/v).<\/p>\n<p data-start=\"141\" data-end=\"322\"><strong data-start=\"141\" data-end=\"167\">Doza recomandat\u0103:<\/strong> 3\u00d7 denne 20 kvapiek po jedle. Odpor\u00fa\u010dan\u00fa denn\u00fa d\u00e1vku neprekra\u010dujte. V\u00fd\u017eivov\u00fd doplnok <strong data-start=\"253\" data-end=\"320\">nenahr\u00e1dza vyv\u00e1\u017een\u00fa a rozmanit\u00fa stravu ani zdrav\u00fd \u017eivotn\u00fd \u0161t\u00fdl.<\/strong><\/p>\n<p data-start=\"324\" data-end=\"571\">Pr\u00edpravok obsahuje <strong data-start=\"343\" data-end=\"358\">etylalkohol<\/strong>, preto je potrebn\u00e9 bra\u0165 to do \u00favahy pri <strong data-start=\"399\" data-end=\"453\">riaden\u00ed motorov\u00e9ho vozidla alebo pr\u00e1ci vo v\u00fd\u0161kach.<\/strong><br data-start=\"453\" data-end=\"456\" \/>U\u017e\u00edvanie sa <strong data-start=\"468\" data-end=\"512\">neodpor\u00fa\u010da po\u010das tehotenstva a doj\u010denia.<\/strong><br data-start=\"512\" data-end=\"515\" data-is-only-node=\"\" \/><strong data-start=\"515\" data-end=\"535\">Deti do 14 rokov<\/strong> by tento pr\u00edpravok nemali u\u017e\u00edva\u0165.<\/p>\n<p data-start=\"573\" data-end=\"710\">Po otvoren\u00ed uchov\u00e1vajte <strong data-start=\"597\" data-end=\"648\">na suchom a chladnom mieste pri izbovej teplote<\/strong>, dobre uzavret\u00e9.<br data-start=\"665\" data-end=\"668\" \/>Uchov\u00e1vajte <strong data-start=\"680\" data-end=\"708\">mimo dosahu mal\u00fdch det\u00ed!<\/strong><\/p>\n<p data-start=\"712\" data-end=\"728\" data-is-last-node=\"\" data-is-only-node=\"\"><strong data-start=\"712\" data-end=\"722\">Volum:<\/strong> 50 ml<\/p>","protected":false},"excerpt":{"rendered":"<p>Ingrediencie:<br \/>\nVoda, etylalkohol, hloh kvitn\u00faca vetvi\u010dka (Crataegi folium cum flore). Obsah alkoholu: 25 % (v\/v)<\/p>\n<p>Kedy ho m\u00e1m konzumova\u0165?<br \/>\n3 x 20 kvapiek denne po jedle. Neprekra\u010dujte odpor\u00fa\u010dan\u00fa denn\u00fa d\u00e1vku. V\u00fd\u017eivov\u00fd doplnok nenahr\u00e1dza vyv\u00e1\u017een\u00fa, pestr\u00fa stravu a zdrav\u00fd \u017eivotn\u00fd \u0161t\u00fdl.<\/p>\n<p>Existuj\u00fa nejak\u00e9 ko&#8230; <a class=\"more-link\" href=\"#tab-description\">Cite\u0219te mai mult<\/a><\/p>","protected":false},"featured_media":10335,"comment_status":"open","ping_status":"closed","template":"","meta":{"inline_featured_image":false},"product_brand":[274],"product_cat":[69,142],"product_tag":[],"class_list":{"0":"post-8839","1":"product","2":"type-product","3":"status-publish","4":"has-post-thumbnail","6":"product_brand-gyorgytea","7":"product_cat-vyzivove-doplnky","8":"product_cat-srdcovo-cievny-system","10":"first","11":"instock","12":"taxable","13":"shipping-taxable","14":"purchasable","15":"product-type-simple"},"aioseo_notices":[],"_links":{"self":[{"href":"https:\/\/www.biokari.sk\/ro\/wp-json\/wp\/v2\/product\/8839","targetHints":{"allow":["GET"]}}],"collection":[{"href":"https:\/\/www.biokari.sk\/ro\/wp-json\/wp\/v2\/product"}],"about":[{"href":"https:\/\/www.biokari.sk\/ro\/wp-json\/wp\/v2\/types\/product"}],"replies":[{"embeddable":true,"href":"https:\/\/www.biokari.sk\/ro\/wp-json\/wp\/v2\/comments?post=8839"}],"wp:featuredmedia":[{"embeddable":true,"href":"https:\/\/www.biokari.sk\/ro\/wp-json\/wp\/v2\/media\/10335"}],"wp:attachment":[{"href":"https:\/\/www.biokari.sk\/ro\/wp-json\/wp\/v2\/media?parent=8839"}],"wp:term":[{"taxonomy":"product_brand","embeddable":true,"href":"https:\/\/www.biokari.sk\/ro\/wp-json\/wp\/v2\/product_brand?post=8839"},{"taxonomy":"product_cat","embeddable":true,"href":"https:\/\/www.biokari.sk\/ro\/wp-json\/wp\/v2\/product_cat?post=8839"},{"taxonomy":"product_tag","embeddable":true,"href":"https:\/\/www.biokari.sk\/ro\/wp-json\/wp\/v2\/product_tag?post=8839"}],"curies":[{"name":"wp","href":"https:\/\/api.w.org\/{rel}","templated":true}]}}