{"id":8843,"date":"2025-07-01T14:36:35","date_gmt":"2025-07-01T12:36:35","guid":{"rendered":"https:\/\/www.biokari.sk\/produkt\/gyorgytea-cajova-zmes-plucnik-lekarsky-50g\/"},"modified":"2026-04-20T19:01:58","modified_gmt":"2026-04-20T17:01:58","slug":"gyorgytea-cajova-zmes-plucnik-lekarsky-50g","status":"publish","type":"product","link":"https:\/\/www.biokari.sk\/ro\/produs\/gyorgytea-cajova-zmes-plucnik-lekarsky-50g\/","title":{"rendered":"Gy\u00f6rgytea \u010cajov\u00e1 zmes &#8211; Pl\u00facn\u00edk lek\u00e1rsky 50g"},"content":{"rendered":"<p data-start=\"0\" data-end=\"206\">Jabl\u010dn\u00edk lek\u00e1rsky sa pou\u017e\u00edva pri <strong data-start=\"87\" data-end=\"116\">ka\u0161li a z\u00e1pale priedu\u0161iek<\/strong>. Ke\u010f\u017ee jeho \u010daj m\u00e1 ve\u013emi hork\u00fa chu\u0165, odpor\u00fa\u010da sa pou\u017e\u00edva\u0165 <strong data-start=\"175\" data-end=\"203\">v zmesi s in\u00fdmi bylinami<\/strong>.<\/p>\n<p data-start=\"208\" data-end=\"638\"><strong data-start=\"208\" data-end=\"240\">\u010caj z materinej d\u00fa\u0161ky po\u013enej<\/strong> chr\u00e1ni organizmus pred chorobami, predl\u017euje \u017eivotnos\u0165 buniek a posil\u0148uje imunitn\u00fd syst\u00e9m. V\u010faka <strong data-start=\"337\" data-end=\"360\">zv\u00fd\u0161eniu prekrvenia<\/strong> zlep\u0161uje krvn\u00fd obeh a je v\u00fdborn\u00fd aj pri <strong data-start=\"401\" data-end=\"418\">chudokrvnosti<\/strong>. Pom\u00e1ha pri <strong data-start=\"431\" data-end=\"477\">ka\u0161li, z\u00e1paloch priedu\u0161iek a \u00fastnej dutiny<\/strong>, a pri <strong data-start=\"485\" data-end=\"502\">upchatom nose<\/strong> ho mo\u017eno pou\u017ei\u0165 na inhal\u00e1ciu. M\u00e1 <strong data-start=\"536\" data-end=\"575\">hlienotvorn\u00e9 a vyka\u0161liavacie \u00fa\u010dinky<\/strong>. V s\u00fa\u010dasnosti sa odpor\u00fa\u010da aj pri <strong data-start=\"609\" data-end=\"635\">v\u00edrusov\u00fdch ochoreniach<\/strong>.<\/p>\n<p data-start=\"640\" data-end=\"1005\"><strong data-start=\"640\" data-end=\"660\">P\u013e\u00facnik lek\u00e1rsky<\/strong> je jednou z <strong data-start=\"673\" data-end=\"722\">najlep\u0161\u00edch byl\u00edn na ochorenia d\u00fdchac\u00edch ciest<\/strong>. Pou\u017e\u00edva sa pri <strong data-start=\"739\" data-end=\"810\">chronickej bronchit\u00edde, bolesti hrdla, ka\u0161li, astme a \u010diernom ka\u0161li<\/strong>. Pri zahlienen\u00fdch priedu\u0161k\u00e1ch pom\u00e1ha ako <strong data-start=\"852\" data-end=\"867\">expektorans<\/strong>, pou\u017e\u00edva sa aj pri <strong data-start=\"887\" data-end=\"934\">tuberkul\u00f3ze sprev\u00e1dzanej vyka\u0161liavan\u00edm krvi<\/strong>. M\u00e1 <strong data-start=\"939\" data-end=\"979\">hemostatick\u00e9 (krv\u00e1canie zastavuj\u00face)<\/strong> a <strong data-start=\"982\" data-end=\"1002\">potopudn\u00e9 \u00fa\u010dinky<\/strong>.<\/p>\n<p data-start=\"1007\" data-end=\"1214\"><strong data-start=\"1007\" data-end=\"1030\">Cinquefoil cu frunze lungi<\/strong> pom\u00e1ha <strong data-start=\"1038\" data-end=\"1058\">rozp\u00fa\u0161\u0165a\u0165 hlieny<\/strong>. Pou\u017e\u00edva sa pri <strong data-start=\"1075\" data-end=\"1152\">z\u00e1paloch d\u00fdchac\u00edch ciest, na tlmenie ka\u0161\u013ea a ako vyka\u0161liavac\u00ed prostriedok<\/strong> v\u010faka svojim <strong data-start=\"1166\" data-end=\"1211\">antibakteri\u00e1lnym a protiz\u00e1palov\u00fdm \u00fa\u010dinkom<\/strong>.<\/p>\n<p data-start=\"1216\" data-end=\"1314\"><strong data-start=\"1216\" data-end=\"1234\">Zeme\u017el\u010d men\u0161ia<\/strong> m\u00e1 <strong data-start=\"1238\" data-end=\"1304\">protiz\u00e1palov\u00e9, antibakteri\u00e1lne a antipyretick\u00e9 (proti hor\u00fa\u010dke)<\/strong> \u00fa\u010dinky.<\/p>\n<p data-start=\"1316\" data-end=\"1494\"><strong data-start=\"1316\" data-end=\"1337\">Rebr\u00ed\u010dek oby\u010dajn\u00fd<\/strong> a <strong data-start=\"1340\" data-end=\"1360\">necht\u00edk lek\u00e1rsky<\/strong> svojimi <strong data-start=\"1369\" data-end=\"1397\">protiz\u00e1palov\u00fdmi \u00fa\u010dinkami<\/strong> neodmyslite\u013ene patria medzi byliny pou\u017e\u00edvan\u00e9 pri <strong data-start=\"1447\" data-end=\"1491\">prechladnutiach a v\u00edrusov\u00fdch ochoreniach<\/strong>.<\/p>\n<p data-start=\"1496\" data-end=\"1694\"><strong data-start=\"1496\" data-end=\"1518\">Kvet ag\u00e1tu bieleho<\/strong> je v\u00fdborn\u00fd <strong data-start=\"1530\" data-end=\"1580\">prostriedok proti ka\u0161\u013eu a na uvo\u013enenie hlienov<\/strong>. Odpor\u00fa\u010da sa pi\u0165 <strong data-start=\"1598\" data-end=\"1643\">samostatne alebo v zmesi s in\u00fdmi bylinami<\/strong>. Do zmes\u00ed sa prid\u00e1va aj ako <strong data-start=\"1672\" data-end=\"1691\">zlep\u0161ova\u010d chuti<\/strong>.<\/p>\n<p data-start=\"1696\" data-end=\"1871\"><strong data-start=\"1696\" data-end=\"1726\">Kvet divozelu ve\u013ekokvet\u00e9ho<\/strong> m\u00e1 <strong data-start=\"1730\" data-end=\"1780\">vynikaj\u00face expektora\u010dn\u00e9 (vyka\u0161liavacie) \u00fa\u010dinky<\/strong>. Zmier\u0148uje <strong data-start=\"1792\" data-end=\"1814\">dr\u00e1\u017edenie na ka\u0161e\u013e<\/strong>, preto by nemal ch\u00fdba\u0165 v \u017eiadnom <strong data-start=\"1848\" data-end=\"1868\">\u010daji proti ka\u0161\u013eu<\/strong>.<\/p>\n<p data-start=\"1873\" data-end=\"2184\"><strong data-start=\"1873\" data-end=\"1908\">Pamajor\u00e1n oby\u010dajn\u00fd (dobromyse\u013e)<\/strong> zmier\u0148uje <strong data-start=\"1919\" data-end=\"1954\">pr\u00edznaky nachladnutia a chr\u00edpky<\/strong>, <strong data-start=\"1956\" data-end=\"1980\">\u010dist\u00ed d\u00fdchacie cesty<\/strong>, <strong data-start=\"1982\" data-end=\"2001\">upokojuje ka\u0161e\u013e<\/strong> a pom\u00e1ha aj pri <strong data-start=\"2018\" data-end=\"2053\">z\u00e1pale pr\u00ednosov\u00fdch dut\u00edn a p\u013e\u00fac<\/strong>. V\u010faka <strong data-start=\"2061\" data-end=\"2120\">spazmolytick\u00e9mu, antiseptick\u00e9mu a expektora\u010dn\u00e9mu \u00fa\u010dinku<\/strong> je vhodn\u00fd aj pri <strong data-start=\"2138\" data-end=\"2181\">z\u00e1pale priedu\u0161iek, hlasiviek a chrapote<\/strong>.<\/p>\n<p data-start=\"2186\" data-end=\"2262\"><strong data-start=\"2186\" data-end=\"2207\">Veronika lek\u00e1rska<\/strong> pom\u00e1ha pri <strong data-start=\"2219\" data-end=\"2259\">astme, chrapote, ka\u0161li a tuberkul\u00f3ze<\/strong>.<\/p>\n<p data-start=\"2264\" data-end=\"2581\"><strong data-start=\"2264\" data-end=\"2277\">Compozi\u021bie: <\/strong>v\u0148a\u0165 jabl\u010dn\u00edka lek\u00e1rskeho, v\u0148a\u0165 materinej d\u00fa\u0161ky po\u013enej, list p\u013e\u00facnika lek\u00e1rskeho (12 %), list skorocelu kopijovit\u00e9ho, v\u0148a\u0165 rebr\u00ed\u010dka oby\u010dajn\u00e9ho, v\u0148a\u0165 zeme\u017el\u010de men\u0161ej, kvet ag\u00e1tu bieleho, kvet necht\u00edka lek\u00e1rskeho, koruna kvetu divozelu ve\u013ekokvet\u00e9ho, v\u0148a\u0165 pamajor\u00e1nu oby\u010dajn\u00e9ho, v\u0148a\u0165 veroniky lek\u00e1rskej<\/p>\n<p data-start=\"2583\" data-end=\"2750\"><strong data-start=\"2583\" data-end=\"2596\">Cerere: <\/strong>Pr\u00edprava: jednu zarovnan\u00fa polievkov\u00fa ly\u017eicu (3 g) \u010dajoviny zalejte <strong data-start=\"2666\" data-end=\"2689\">2,5 dl ap\u0103 clocotit\u0103<\/strong>, po <strong data-start=\"2694\" data-end=\"2709\">15 min\u00fatach<\/strong> sce\u010fte. <strong data-start=\"2718\" data-end=\"2748\">Nepou\u017e\u00edvajte kovov\u00e9 sitko.<\/strong><\/p>\n<p data-start=\"2752\" data-end=\"3010\"><strong data-start=\"2752\" data-end=\"2765\">Utilizare: <\/strong>\u010cajov\u00e1 zmes s p\u013e\u00fa\u010dn\u00edkom lek\u00e1rskym odstr\u00e1ni <strong data-start=\"2811\" data-end=\"2847\">ka\u0161e\u013e z prechladnutia za 2\u20133 dni<\/strong>, ak sa pije <strong data-start=\"2860\" data-end=\"2877\">1 can\u0103 pe zi<\/strong>. Pite ju po\u010das d\u0148a <strong data-start=\"2897\" data-end=\"2935\">po d\u00fa\u0161koch, najlep\u0161ie bez pr\u00edchute<\/strong>.<br data-start=\"2936\" data-end=\"2939\" \/>Ak sa pr\u00edznaky <strong data-start=\"2954\" data-end=\"2978\">do 4\u20135 dn\u00ed nezlep\u0161ia<\/strong>, ur\u010dite <strong data-start=\"2987\" data-end=\"3008\">nav\u0161t\u00edvte lek\u00e1ra!<\/strong><\/p>\n<p data-start=\"3012\" data-end=\"3465\">V <strong data-start=\"3014\" data-end=\"3065\">mest\u00e1ch so smogom, hmlou a zne\u010disten\u00fdm ovzdu\u0161\u00edm<\/strong> m\u00f4\u017ee doch\u00e1dza\u0165 k chronick\u00fdm z\u00e1palom priedu\u0161iek \u2013 vtedy ve\u013emi pom\u00e1ha <strong data-start=\"3134\" data-end=\"3156\">zmes Priate\u013e hrdla<\/strong>. Pite <strong data-start=\"3163\" data-end=\"3180\">1 \u0161\u00e1lku denne<\/strong> pripraven\u00fa rovnak\u00fdm sp\u00f4sobom, a\u017e k\u00fdm pr\u00edznaky neust\u00fapia.<br data-start=\"3237\" data-end=\"3240\" \/><strong data-start=\"3240\" data-end=\"3253\">Faj\u010diarom<\/strong> sa odpor\u00fa\u010da <strong data-start=\"3266\" data-end=\"3286\">1 \u0161\u00e1lka t\u00fd\u017edenne<\/strong> na <strong data-start=\"3290\" data-end=\"3328\">prevenciu ochoren\u00ed d\u00fdchac\u00edch ciest<\/strong>.<br data-start=\"3329\" data-end=\"3332\" \/><strong data-start=\"3332\" data-end=\"3345\">Astmatici<\/strong> m\u00f4\u017eu \u010daj u\u017e\u00edva\u0165 <strong data-start=\"3362\" data-end=\"3374\">dlhodobo<\/strong> - <strong data-start=\"3377\" data-end=\"3411\">1 \u0161\u00e1lka denne po\u010das 3 mesiacov<\/strong>, potom je potrebn\u00e9 <strong data-start=\"3431\" data-end=\"3462\">urobi\u0165 4-t\u00fd\u017ed\u0148ov\u00fa prest\u00e1vku<\/strong>.<\/p>\n<p data-start=\"3467\" data-end=\"3563\"><strong data-start=\"3467\" data-end=\"3487\">Contraindica\u021bii: <\/strong>Po\u010das <strong data-start=\"3496\" data-end=\"3521\">tehotenstva, doj\u010denia<\/strong> a <strong data-start=\"3524\" data-end=\"3546\">u det\u00ed do 12 rokov<\/strong> sa neodpor\u00fa\u010da.<\/p>\n<p data-start=\"3565\" data-end=\"3802\">\u201eSom nad\u0161encom pr\u00edrody, od jari do jesene chodievam po lesoch a l\u00fakach. Ver\u00edm, \u017ee na ka\u017ed\u00fa chorobu existuje liek v rastlin\u00e1ch a \u017ee pre svoje zdravie m\u00f4\u017eeme urobi\u0165 najviac my sami.\u201c<br data-start=\"3745\" data-end=\"3748\" \/><em data-start=\"3748\" data-end=\"3800\">Gy\u00f6rgy Szab\u00f3 \u2013 nosite\u013e ocenenia Ma\u010farsk\u00e9 dedi\u010dstvo<\/em><\/p>\n<p data-start=\"3804\" data-end=\"4011\" data-is-last-node=\"\" data-is-only-node=\"\"><strong data-start=\"3829\" data-end=\"3855\">Minim\u00e1lna trvanlivos\u0165:<\/strong> d\u00e1tum je uveden\u00fd na obale.<br data-start=\"3882\" data-end=\"3885\" \/><strong data-start=\"3885\" data-end=\"3901\">Depozitare:<\/strong> po otvoren\u00ed uchov\u00e1vajte <strong data-start=\"3926\" data-end=\"3946\">la \u00eendem\u00e2na copiilor<\/strong>, <strong data-start=\"3948\" data-end=\"3979\">na suchom a chladnom mieste<\/strong>, <strong data-start=\"3981\" data-end=\"4010\">v dobre uzatvorenom obale<\/strong>.<\/p>","protected":false},"excerpt":{"rendered":"<p>Priate\u013e v krku<br \/>\nIngrediencie:<br \/>\nv\u00fdhonok kustovnice lek\u00e1rskej, v\u00fdhonok tymianu po\u013en\u00e9ho, ??list p\u013e\u00facnika (12 %), list skorocelu kopijovit\u00e9ho, v\u00fdhonok rebr\u00edka, v\u00fdhonok rebr\u00edka, kvet ak\u00e1cie bielej, necht\u00edk, kytica z chvosta, v\u00fdhonok tr\u00e1vy, v\u00fdhonok veroniky lek\u00e1rskej<\/p>\n<p>Ako to urob\u00edm?<br \/>\nZarovnan\u00fa polievkov\u00fa ly&#8230; <a class=\"more-link\" href=\"#tab-description\">Cite\u0219te mai mult<\/a><\/p>","protected":false},"featured_media":10196,"comment_status":"open","ping_status":"closed","template":"","meta":{"inline_featured_image":false},"product_brand":[274],"product_cat":[148,153,149],"product_tag":[],"class_list":{"0":"post-8843","1":"product","2":"type-product","3":"status-publish","4":"has-post-thumbnail","6":"product_brand-gyorgytea","7":"product_cat-liecive-rastliny","8":"product_cat-dychacie-cesty-liecive-rastliny","9":"product_cat-liecive-rastliny-posilnenie-imunity","11":"first","12":"instock","13":"taxable","14":"shipping-taxable","15":"purchasable","16":"product-type-simple"},"aioseo_notices":[],"_links":{"self":[{"href":"https:\/\/www.biokari.sk\/ro\/wp-json\/wp\/v2\/product\/8843","targetHints":{"allow":["GET"]}}],"collection":[{"href":"https:\/\/www.biokari.sk\/ro\/wp-json\/wp\/v2\/product"}],"about":[{"href":"https:\/\/www.biokari.sk\/ro\/wp-json\/wp\/v2\/types\/product"}],"replies":[{"embeddable":true,"href":"https:\/\/www.biokari.sk\/ro\/wp-json\/wp\/v2\/comments?post=8843"}],"wp:featuredmedia":[{"embeddable":true,"href":"https:\/\/www.biokari.sk\/ro\/wp-json\/wp\/v2\/media\/10196"}],"wp:attachment":[{"href":"https:\/\/www.biokari.sk\/ro\/wp-json\/wp\/v2\/media?parent=8843"}],"wp:term":[{"taxonomy":"product_brand","embeddable":true,"href":"https:\/\/www.biokari.sk\/ro\/wp-json\/wp\/v2\/product_brand?post=8843"},{"taxonomy":"product_cat","embeddable":true,"href":"https:\/\/www.biokari.sk\/ro\/wp-json\/wp\/v2\/product_cat?post=8843"},{"taxonomy":"product_tag","embeddable":true,"href":"https:\/\/www.biokari.sk\/ro\/wp-json\/wp\/v2\/product_tag?post=8843"}],"curies":[{"name":"wp","href":"https:\/\/api.w.org\/{rel}","templated":true}]}}