{"id":8859,"date":"2025-07-01T14:36:38","date_gmt":"2025-07-01T12:36:38","guid":{"rendered":"https:\/\/www.biokari.sk\/produkt\/gyorgytea-cajova-zmes-kamilka-50g\/"},"modified":"2026-04-25T19:02:11","modified_gmt":"2026-04-25T17:02:11","slug":"gyorgytea-cajova-zmes-kamilka-50g","status":"publish","type":"product","link":"https:\/\/www.biokari.sk\/ro\/produs\/gyorgytea-cajova-zmes-kamilka-50g\/","title":{"rendered":"Gy\u00f6rgytea \u010cajov\u00e1 zmes &#8211; Kamilka 50g"},"content":{"rendered":"<p data-start=\"190\" data-end=\"301\">M\u00f4\u017ee pom\u00e1ha\u0165 <strong data-start=\"203\" data-end=\"247\">zn\u00ed\u017ei\u0165 skryt\u00e9 alebo ak\u00fatne z\u00e1paly v tele<\/strong>, ktor\u00e9 zohr\u00e1vaj\u00fa \u00falohu pri vzniku v\u00e4\u010d\u0161iny ochoren\u00ed.<\/p>\n<p data-start=\"303\" data-end=\"481\"><strong data-start=\"303\" data-end=\"316\">Compozi\u021bie:<\/strong> kvet ruman\u010deka kamilkov\u00e9ho (50 %), list \u0161alvie lek\u00e1rskej, list skorocelu kopijovit\u00e9ho, kvet necht\u00edka lek\u00e1rskeho, v\u0148a\u0165 rep\u00edka lek\u00e1rskeho, v\u0148a\u0165 rebr\u00ed\u010dka oby\u010dajn\u00e9ho.<\/p>\n<p data-start=\"483\" data-end=\"657\"><strong data-start=\"483\" data-end=\"496\">Preg\u0103tire:<\/strong> Jednu zarovnan\u00fa polievkov\u00fa ly\u017eicu (cca 3 g) \u010dajovej zmesi zalejte 2,5 dl vriacej vody, nechajte 15 min\u00fat l\u00fahova\u0165 a potom precedte (nepou\u017e\u00edvajte kovov\u00e9 sitko).<\/p>\n<p data-start=\"659\" data-end=\"906\"><strong data-start=\"659\" data-end=\"679\">Sp\u00f4sob u\u017e\u00edvania:<\/strong> \u010caj pite medzi jedlami, pod\u013ea potreby 1\u20133 \u0161\u00e1lky denne, a\u017e do vymiznutia \u0165a\u017ekost\u00ed. Na prevenciu sa odpor\u00fa\u010da 2\u20133 \u0161\u00e1lky t\u00fd\u017edenne. \u010caj je mo\u017en\u00e9 pou\u017ei\u0165 aj na inhal\u00e1ciu, kloktanie, obklady, um\u00fdvanie poko\u017eky alebo prida\u0165 do k\u00fape\u013ea.<\/p>\n<p data-start=\"908\" data-end=\"1183\"><strong data-start=\"908\" data-end=\"924\">Avertisment:<\/strong> Po\u010das tehotenstva a doj\u010denia sa neodpor\u00fa\u010da prekro\u010di\u0165 denn\u00fa d\u00e1vku jednej \u0161\u00e1lky a \u010daj je mo\u017en\u00e9 u\u017e\u00edva\u0165 nepretr\u017eite maxim\u00e1lne 2 t\u00fd\u017edne, potom treba zaradi\u0165 2-t\u00fd\u017ed\u0148ov\u00fa prest\u00e1vku. Deti od 6 rokov m\u00f4\u017eu \u010daj pi\u0165 len zrieden\u00fd (1 \u010dajov\u00e1 ly\u017ei\u010dka zmesi na 2,5 dl vody).<\/p>\n<p data-start=\"1185\" data-end=\"1292\"><strong data-start=\"1185\" data-end=\"1201\">Depozitare:<\/strong> Po otvoren\u00ed uchov\u00e1vajte mimo dosahu det\u00ed, na suchom a chladnom mieste, dobre uzatvoren\u00e9.<\/p>\n<p data-start=\"1294\" data-end=\"1314\"><strong data-start=\"1294\" data-end=\"1307\">Greutate:<\/strong> 50 g<\/p>","protected":false},"excerpt":{"rendered":"<p>Protiz\u00e1palov\u00e9<br \/>\nIngrediencie:<br \/>\nkvety harman\u010deka (50%), listy \u0161alvie lek\u00e1rskej, listy skorocelu kopijovit\u00e9ho, necht\u00edk, kore\u0148 lop\u00facha, kore\u0148 rebr\u00edka<\/p>\n<p>Ako to urob\u00edm?<br \/>\nZarovnan\u00fa polievkov\u00fa ly\u017eicu (3 g) \u010dajovn\u00edka povarte s 2,5 dl vody, po 15 min\u00fatach prefiltrujte. Nepou\u017e\u00edvajte kovov\u00fd filter.<\/p>\n<p>Kedy ho konzumu&#8230; <a class=\"more-link\" href=\"#tab-description\">Cite\u0219te mai mult<\/a><\/p>","protected":false},"featured_media":10142,"comment_status":"open","ping_status":"closed","template":"","meta":{"inline_featured_image":false},"product_brand":[274],"product_cat":[148,153,149,152],"product_tag":[],"class_list":{"0":"post-8859","1":"product","2":"type-product","3":"status-publish","4":"has-post-thumbnail","6":"product_brand-gyorgytea","7":"product_cat-liecive-rastliny","8":"product_cat-dychacie-cesty-liecive-rastliny","9":"product_cat-liecive-rastliny-posilnenie-imunity","10":"product_cat-zaludok-a-crevna-cinnost-liecive-rastliny","12":"first","13":"instock","14":"taxable","15":"shipping-taxable","16":"purchasable","17":"product-type-simple"},"aioseo_notices":[],"_links":{"self":[{"href":"https:\/\/www.biokari.sk\/ro\/wp-json\/wp\/v2\/product\/8859","targetHints":{"allow":["GET"]}}],"collection":[{"href":"https:\/\/www.biokari.sk\/ro\/wp-json\/wp\/v2\/product"}],"about":[{"href":"https:\/\/www.biokari.sk\/ro\/wp-json\/wp\/v2\/types\/product"}],"replies":[{"embeddable":true,"href":"https:\/\/www.biokari.sk\/ro\/wp-json\/wp\/v2\/comments?post=8859"}],"wp:featuredmedia":[{"embeddable":true,"href":"https:\/\/www.biokari.sk\/ro\/wp-json\/wp\/v2\/media\/10142"}],"wp:attachment":[{"href":"https:\/\/www.biokari.sk\/ro\/wp-json\/wp\/v2\/media?parent=8859"}],"wp:term":[{"taxonomy":"product_brand","embeddable":true,"href":"https:\/\/www.biokari.sk\/ro\/wp-json\/wp\/v2\/product_brand?post=8859"},{"taxonomy":"product_cat","embeddable":true,"href":"https:\/\/www.biokari.sk\/ro\/wp-json\/wp\/v2\/product_cat?post=8859"},{"taxonomy":"product_tag","embeddable":true,"href":"https:\/\/www.biokari.sk\/ro\/wp-json\/wp\/v2\/product_tag?post=8859"}],"curies":[{"name":"wp","href":"https:\/\/api.w.org\/{rel}","templated":true}]}}