{"id":8861,"date":"2025-07-01T14:36:38","date_gmt":"2025-07-01T12:36:38","guid":{"rendered":"https:\/\/www.biokari.sk\/produkt\/gyorgytea-cajova-zmes-list-spanielskej-visne-50g\/"},"modified":"2026-03-28T18:01:24","modified_gmt":"2026-03-28T17:01:24","slug":"gyorgytea-cajova-zmes-list-spanielskej-visne-50g","status":"publish","type":"product","link":"https:\/\/www.biokari.sk\/ro\/produs\/gyorgytea-cajova-zmes-list-spanielskej-visne-50g\/","title":{"rendered":"Gy\u00f6rgytea \u010cajov\u00e1 zmes &#8211; List \u0161panie\u013eskej vi\u0161ne 50g"},"content":{"rendered":"<article class=\"text-token-text-primary w-full focus:outline-none [--shadow-height:45px] has-data-writing-block:pointer-events-none has-data-writing-block:-mt-(--shadow-height) has-data-writing-block:pt-(--shadow-height) [&amp;:has([data-writing-block])&gt;*]:pointer-events-auto [content-visibility:auto] supports-[content-visibility:auto]:[contain-intrinsic-size:auto_100lvh] scroll-mt-[calc(var(--header-height)+min(200px,max(70px,20svh)))]\" dir=\"auto\" data-turn-id=\"f8cc7bf3-ce9b-4a83-8fb7-12b5d55a0272\" data-testid=\"conversation-turn-2\" data-scroll-anchor=\"true\" data-turn=\"assistant\">\n<h6 class=\"sr-only\">A ChatGPT ezt mondta:<\/h6>\n<div class=\"text-base my-auto mx-auto pb-10 [--thread-content-margin:--spacing(4)] thread-sm:[--thread-content-margin:--spacing(6)] thread-lg:[--thread-content-margin:--spacing(16)] px-(--thread-content-margin)\">\n<div class=\"[--thread-content-max-width:40rem] thread-lg:[--thread-content-max-width:48rem] mx-auto max-w-(--thread-content-max-width) flex-1 group\/turn-messages focus-visible:outline-hidden relative flex w-full min-w-0 flex-col agent-turn\">\n<div class=\"flex max-w-full flex-col grow\">\n<div class=\"min-h-8 text-message relative flex w-full flex-col items-end gap-2 text-start break-words whitespace-normal [.text-message+&amp;]:mt-1\" dir=\"auto\" data-message-author-role=\"assistant\" data-message-id=\"707cbabc-647a-407b-a8fe-5c1bbdc34666\" data-message-model-slug=\"gpt-5\">\n<div class=\"flex w-full flex-col gap-1 empty:hidden first:pt-[1px]\">\n<div class=\"markdown prose dark:prose-invert w-full break-words light markdown-new-styling\">\n<p data-start=\"21\" data-end=\"293\">Inkontinencia je ve\u013emi \u010dast\u00fd probl\u00e9m, ktor\u00fd sa m\u00f4\u017ee prejavova\u0165 v r\u00f4znej miere. U niektor\u00fdch \u013eud\u00ed ide len o p\u00e1r kvapiek mimovo\u013ene uniknut\u00e9ho mo\u010du pri k\u00fdchnut\u00ed, smiechu alebo fyzickej n\u00e1mahe, zatia\u013e \u010do in\u00ed trpia ove\u013ea v\u00e1\u017enej\u0161\u00edmi, nekontrolovate\u013en\u00fdmi nutkaniami na mo\u010denie.<\/p>\n<p data-start=\"295\" data-end=\"510\">Mo\u017eno to znie prekvapivo, ale pri inkontinencii je ve\u013emi d\u00f4le\u017eit\u00e9 pi\u0165 <strong data-start=\"365\" data-end=\"387\">\u010do najviac tekut\u00edn<\/strong>! Obmedzovanie pr\u00edjmu tekut\u00edn nie je rie\u0161en\u00edm \u2013 mo\u010d, ktor\u00fd zost\u00e1va v mo\u010dov\u00fdch cest\u00e1ch a obli\u010dk\u00e1ch, situ\u00e1ciu len zhor\u0161uje.<\/p>\n<p data-start=\"512\" data-end=\"868\"><strong data-start=\"512\" data-end=\"576\">\u010cajov\u00e1 zmes z listu vi\u0161ne \u0161panielskej (\u010daj na inkontinenciu)<\/strong> je odpor\u00fa\u010dan\u00e1 pre <strong data-start=\"595\" data-end=\"612\">mu\u017eov aj \u017eeny<\/strong> na posilnenie zviera\u010dov mo\u010dov\u00e9ho mech\u00fara a zmiernenie probl\u00e9mov s udr\u017ean\u00edm mo\u010du.<br data-start=\"693\" data-end=\"696\" \/>\u201eDne\u0161n\u00fd \u010dlovek, najm\u00e4 mlad\u00fd, nerob\u00ed ve\u013ea pre svoje zdravie, hoci o jeho zachovanie sa treba stara\u0165 u\u017e od mladosti.\u201c<br data-start=\"811\" data-end=\"814\" \/><em data-start=\"814\" data-end=\"866\">Gy\u00f6rgy Szab\u00f3 \u2013 nosite\u013e ocenenia Ma\u010farsk\u00e9 dedi\u010dstvo<\/em><\/p>\n<p data-start=\"870\" data-end=\"894\"><strong data-start=\"870\" data-end=\"892\">O \u00fa\u010dinn\u00fdch l\u00e1tkach<\/strong><\/p>\n<p data-start=\"896\" data-end=\"1060\">Listy vi\u0161ne \u0161panielskej a vi\u0161ne vt\u00e1\u010dej v\u010faka obsahu trieslov\u00edn p\u00f4sobia <strong data-start=\"967\" data-end=\"996\">s\u0165ahuj\u00faco a protiz\u00e1palovo<\/strong>, pom\u00e1haj\u00fa pri <strong data-start=\"1011\" data-end=\"1057\">probl\u00e9moch s mo\u010dov\u00fdm mech\u00farom a \u00faniku mo\u010du<\/strong>.<\/p>\n<p data-start=\"1062\" data-end=\"1233\">V\u0148a\u0165 <strong data-start=\"1067\" data-end=\"1087\">hluchavky bielej<\/strong> m\u00e1 dezinfek\u010dn\u00e9, protiz\u00e1palov\u00e9 a s\u0165ahuj\u00face \u00fa\u010dinky, a preto v \u010dajov\u00fdch zmesiach p\u00f4sob\u00ed naj\u00fa\u010dinnej\u0161ie pri <strong data-start=\"1191\" data-end=\"1230\">mo\u010dov\u00fdch a vylu\u010dovac\u00edch \u0165a\u017ekostiach<\/strong>.<\/p>\n<p data-start=\"1235\" data-end=\"1753\"><strong data-start=\"1235\" data-end=\"1256\">V\u0155bovka malokvet\u00e1<\/strong> m\u00e1 <strong data-start=\"1260\" data-end=\"1305\">antioxida\u010dn\u00e9, posil\u0148uj\u00face a protiz\u00e1palov\u00e9<\/strong> \u00fa\u010dinky, odpor\u00fa\u010da sa pri <strong data-start=\"1330\" data-end=\"1357\">z\u00e1pale mo\u010dov\u00e9ho mech\u00fara<\/strong> a <strong data-start=\"1360\" data-end=\"1386\">poruch\u00e1ch jeho funkcie<\/strong>.<br data-start=\"1387\" data-end=\"1390\" \/>U mu\u017eov b\u00fdvaj\u00fa probl\u00e9my s udr\u017ean\u00edm mo\u010du \u010dasto sp\u00f4soben\u00e9 <strong data-start=\"1446\" data-end=\"1468\">zv\u00e4\u010d\u0161en\u00edm prostaty<\/strong>. Prv\u00e9 pr\u00edznaky s\u00fa: \u010dast\u00e9 no\u010dn\u00e9 mo\u010denie, pomal\u00e9, kvapkaj\u00face mo\u010denie, opakovan\u00e9 z\u00e1paly mo\u010dov\u00e9ho mech\u00fara. Ke\u010f\u017ee zv\u00e4\u010d\u0161en\u00e1 prostata neust\u00e1le tla\u010d\u00ed na mech\u00far, ten postupne str\u00e1ca pru\u017enos\u0165, <strong data-start=\"1652\" data-end=\"1678\">nevypr\u00e1zd\u0148uje sa \u00faplne<\/strong>, a zadr\u017ean\u00fd mo\u010d m\u00f4\u017ee sp\u00f4sobi\u0165 <strong data-start=\"1709\" data-end=\"1750\">z\u00e1pal alebo vznik obli\u010dkov\u00fdch kame\u0148ov<\/strong>.<\/p>\n<p data-start=\"1755\" data-end=\"1769\"><strong data-start=\"1755\" data-end=\"1767\">Cerere:\u00a0<\/strong>Jednu zarovnan\u00fa polievkov\u00fa ly\u017eicu (3 g) \u010dajoviny zalejte <strong data-start=\"1828\" data-end=\"1851\">2,5 dl ap\u0103 clocotit\u0103<\/strong>, po <strong data-start=\"1856\" data-end=\"1871\">15 min\u00fatach<\/strong> sce\u010fte. Nepou\u017e\u00edvajte kovov\u00e9 sitko. \u010caj pite <strong data-start=\"1916\" data-end=\"1924\">r\u00e1no<\/strong>, najlep\u0161ie <strong data-start=\"1936\" data-end=\"1968\">bez pr\u00edchuti alebo sladidiel<\/strong>.<br data-start=\"1969\" data-end=\"1972\" \/>Odpor\u00fa\u010dan\u00e1 d\u00e1vka: <strong data-start=\"1990\" data-end=\"2007\">1 can\u0103 pe zi<\/strong> k\u00farovito \u2013 a\u017e do vymiznutia \u0165a\u017ekost\u00ed.<br data-start=\"2045\" data-end=\"2048\" \/>Na udr\u017eiavanie stavu posta\u010duje <strong data-start=\"2079\" data-end=\"2098\">2-kr\u00e1t t\u00fd\u017edenne<\/strong>.<\/p>\n<p data-start=\"2103\" data-end=\"2253\">Po\u010das <strong data-start=\"2109\" data-end=\"2149\">tehotenstva a doj\u010denia sa neodpor\u00fa\u010da<\/strong>.<br data-start=\"2150\" data-end=\"2153\" \/><strong data-start=\"2153\" data-end=\"2173\">De\u0165om od 6 rokov<\/strong> je mo\u017en\u00e9 pod\u00e1va\u0165 <strong data-start=\"2191\" data-end=\"2207\">zrieden\u00fd \u010daj<\/strong> (1 \u010dajov\u00e1 ly\u017ei\u010dka \u010dajoviny na 2,5 dl vody).<\/p>\n<p data-start=\"2255\" data-end=\"2362\"><strong data-start=\"2255\" data-end=\"2268\">Compozi\u021bie: <\/strong>list vi\u0161ne \u0161panielskej, v\u0148a\u0165 hluchavky bielej, list vi\u0161ne vt\u00e1\u010dej, v\u0148a\u0165 v\u0155bovky malokvetej<\/p>\n<p data-start=\"2364\" data-end=\"2492\" data-is-last-node=\"\" data-is-only-node=\"\"><strong data-start=\"2364\" data-end=\"2380\">Depozitare: <\/strong>Po otvoren\u00ed uchov\u00e1vajte <strong data-start=\"2407\" data-end=\"2427\">la \u00eendem\u00e2na copiilor<\/strong>, <strong data-start=\"2429\" data-end=\"2460\">na suchom a chladnom mieste<\/strong>, <strong data-start=\"2462\" data-end=\"2491\">v dobre uzatvorenom obale<\/strong>.<\/p>\n<p data-start=\"2364\" data-end=\"2492\" data-is-last-node=\"\" data-is-only-node=\"\"><strong data-start=\"0\" data-end=\"17\">Balenie: 50 g<\/strong><\/p>\n<\/div>\n<\/div>\n<\/div>\n<\/div>\n<\/div>\n<\/div>\n<\/article>","protected":false},"excerpt":{"rendered":"<p>Ingrediencie:<br \/>\nlist citr\u00f3novej tr\u00e1vy, kore\u0148 lop\u00facha, kvet bazy \u010diernej, kvet bielej ak\u00e1cie, kore\u0148 rebr\u00edka, list \u0161alvie lek\u00e1rskej<\/p>\n<p>Ako to urob\u00edm?<br \/>\nZarovnan\u00fa polievkov\u00fa ly\u017eicu (3 g) \u010dajovn\u00edka povarte s 2,5 dl vody, po 15 min\u00fatach prefiltrujte. Nepou\u017e\u00edvajte kovov\u00fd filter. Ochla\u010fte n\u00e1hle, v mrazni\u010dke aleb&#8230; <a class=\"more-link\" href=\"#tab-description\">Cite\u0219te mai mult<\/a><\/p>","protected":false},"featured_media":10194,"comment_status":"open","ping_status":"closed","template":"","meta":{"inline_featured_image":false},"product_brand":[274],"product_cat":[148],"product_tag":[],"class_list":{"0":"post-8861","1":"product","2":"type-product","3":"status-publish","4":"has-post-thumbnail","6":"product_brand-gyorgytea","7":"product_cat-liecive-rastliny","9":"first","10":"instock","11":"taxable","12":"shipping-taxable","13":"purchasable","14":"product-type-simple"},"aioseo_notices":[],"_links":{"self":[{"href":"https:\/\/www.biokari.sk\/ro\/wp-json\/wp\/v2\/product\/8861","targetHints":{"allow":["GET"]}}],"collection":[{"href":"https:\/\/www.biokari.sk\/ro\/wp-json\/wp\/v2\/product"}],"about":[{"href":"https:\/\/www.biokari.sk\/ro\/wp-json\/wp\/v2\/types\/product"}],"replies":[{"embeddable":true,"href":"https:\/\/www.biokari.sk\/ro\/wp-json\/wp\/v2\/comments?post=8861"}],"wp:featuredmedia":[{"embeddable":true,"href":"https:\/\/www.biokari.sk\/ro\/wp-json\/wp\/v2\/media\/10194"}],"wp:attachment":[{"href":"https:\/\/www.biokari.sk\/ro\/wp-json\/wp\/v2\/media?parent=8861"}],"wp:term":[{"taxonomy":"product_brand","embeddable":true,"href":"https:\/\/www.biokari.sk\/ro\/wp-json\/wp\/v2\/product_brand?post=8861"},{"taxonomy":"product_cat","embeddable":true,"href":"https:\/\/www.biokari.sk\/ro\/wp-json\/wp\/v2\/product_cat?post=8861"},{"taxonomy":"product_tag","embeddable":true,"href":"https:\/\/www.biokari.sk\/ro\/wp-json\/wp\/v2\/product_tag?post=8861"}],"curies":[{"name":"wp","href":"https:\/\/api.w.org\/{rel}","templated":true}]}}