{"id":8863,"date":"2025-07-01T14:36:39","date_gmt":"2025-07-01T12:36:39","guid":{"rendered":"https:\/\/www.biokari.sk\/produkt\/gyorgytea-alkoholicky-extrakt-materina-duska-50g\/"},"modified":"2026-04-28T19:01:54","modified_gmt":"2026-04-28T17:01:54","slug":"gyorgytea-alkoholicky-extrakt-materina-duska-50g","status":"publish","type":"product","link":"https:\/\/www.biokari.sk\/ro\/produs\/gyorgytea-alkoholicky-extrakt-materina-duska-50g\/","title":{"rendered":"Gy\u00f6rgytea Alkoholick\u00fd extrakt &#8211; Materina d\u00fa\u0161ka 50g"},"content":{"rendered":"<p data-start=\"148\" data-end=\"515\">Alkoholov\u00fd extrakt z materinej d\u00fa\u0161ky po\u013enej je vhodn\u00fd pri <strong data-start=\"206\" data-end=\"234\">prechladnut\u00ed bez hor\u00fa\u010dky<\/strong>, pri <strong data-start=\"240\" data-end=\"279\">ochoreniach horn\u00fdch d\u00fdchac\u00edch ciest<\/strong> a na <strong data-start=\"285\" data-end=\"307\">\u00eent\u0103rirea imunit\u0103\u021bii<\/strong>. \u00da\u010dinn\u00e9 l\u00e1tky p\u00f4sobia ako <strong data-start=\"334\" data-end=\"351\">expektoranci\u00e1<\/strong>, maj\u00fa <strong data-start=\"358\" data-end=\"404\">protiz\u00e1palov\u00e9, dezinfek\u010dn\u00e9 a spazmolytick\u00e9<\/strong> \u00fa\u010dinky. Materina d\u00fa\u0161ka podporuje <strong data-start=\"438\" data-end=\"467\">ap\u0103rarea organismului<\/strong> a m\u00f4\u017ee pom\u00f4c\u0165 pri pocite <strong data-start=\"493\" data-end=\"514\">celkovej slabosti<\/strong>.<\/p>\n<p data-start=\"517\" data-end=\"620\">Zlo\u017eenie: voda, etylalkohol, v\u0148a\u0165 materinej d\u00fa\u0161ky po\u013enej (Serphylli herbae). Obsah alkoholu: 25 % (v\/v)<\/p>\n<p data-start=\"622\" data-end=\"809\">Pou\u017eitie: U\u017e\u00edva\u0165 3\u00d7 denne 20 kvapiek po jedle. Neprekra\u010dova\u0165 odpor\u00fa\u010dan\u00fa denn\u00fa d\u00e1vku. V\u00fd\u017eivov\u00fd doplnok sa nesmie pou\u017e\u00edva\u0165 ako n\u00e1hrada pestrej a vyv\u00e1\u017eenej stravy a zdrav\u00e9ho \u017eivotn\u00e9ho \u0161t\u00fdlu.<\/p>\n<p data-start=\"811\" data-end=\"1020\">Upozornenia: Pr\u00edpravok obsahuje <strong data-start=\"843\" data-end=\"858\">etylalkohol<\/strong>, \u010do je potrebn\u00e9 zoh\u013eadni\u0165 pri veden\u00ed vozidiel alebo pr\u00e1ci vo v\u00fd\u0161kach. U\u017e\u00edvanie po\u010das <strong data-start=\"944\" data-end=\"984\">tehotenstva a doj\u010denia sa neodpor\u00fa\u010da<\/strong>. Nevhodn\u00e9 pre deti <strong data-start=\"1004\" data-end=\"1019\">do 14 rokov<\/strong>.<\/p>\n<p data-start=\"1022\" data-end=\"1062\">Minim\u00e1lna trvanlivos\u0165: uveden\u00e1 na obale.<\/p>\n<p data-start=\"1064\" data-end=\"1190\">Skladovanie: Po otvoren\u00ed uchov\u00e1vajte dobre uzavret\u00e9, na suchom a chladnom mieste pri izbovej teplote, mimo dosahu mal\u00fdch det\u00ed.<\/p>\n<p data-start=\"1192\" data-end=\"1204\">Objem: 50 ml<\/p>","protected":false},"excerpt":{"rendered":"<p>Cerere:<\/p>\n<p>Denne 3 x 20 kvapiek po jedle. Po\u010das u\u017e\u00edvania pr\u00edpravku je potrebn\u00e9 prihliada\u0165 na alkoholov\u00fa zlo\u017eku pr\u00edpravku.<br \/>\nNeprevy\u0161ujte denn\u00fa odpor\u00fa\u010dan\u00fa d\u00e1vku.<\/p>\n<p>\u00da\u010dinky:<\/p>\n<p>\u00da\u010dinn\u00e9 zlo\u017eky pr\u00edpravku maj\u00fa vyka\u0161liavacie, protiz\u00e1palov\u00e9 a dezinfek\u010dn\u00e9 \u00fa\u010dinky, respekt\u00edve pom\u00e1haj\u00fa aj pri bronchokonstrikcii. &#8230; <a class=\"more-link\" href=\"#tab-description\">Cite\u0219te mai mult<\/a><\/p>","protected":false},"featured_media":10405,"comment_status":"open","ping_status":"closed","template":"","meta":{"inline_featured_image":false},"product_brand":[274],"product_cat":[69,144,140],"product_tag":[],"class_list":{"0":"post-8863","1":"product","2":"type-product","3":"status-publish","4":"has-post-thumbnail","6":"product_brand-gyorgytea","7":"product_cat-vyzivove-doplnky","8":"product_cat-dychacie-cesty","9":"product_cat-posilnenie-imunity","11":"first","12":"instock","13":"taxable","14":"shipping-taxable","15":"purchasable","16":"product-type-simple"},"aioseo_notices":[],"_links":{"self":[{"href":"https:\/\/www.biokari.sk\/ro\/wp-json\/wp\/v2\/product\/8863","targetHints":{"allow":["GET"]}}],"collection":[{"href":"https:\/\/www.biokari.sk\/ro\/wp-json\/wp\/v2\/product"}],"about":[{"href":"https:\/\/www.biokari.sk\/ro\/wp-json\/wp\/v2\/types\/product"}],"replies":[{"embeddable":true,"href":"https:\/\/www.biokari.sk\/ro\/wp-json\/wp\/v2\/comments?post=8863"}],"wp:featuredmedia":[{"embeddable":true,"href":"https:\/\/www.biokari.sk\/ro\/wp-json\/wp\/v2\/media\/10405"}],"wp:attachment":[{"href":"https:\/\/www.biokari.sk\/ro\/wp-json\/wp\/v2\/media?parent=8863"}],"wp:term":[{"taxonomy":"product_brand","embeddable":true,"href":"https:\/\/www.biokari.sk\/ro\/wp-json\/wp\/v2\/product_brand?post=8863"},{"taxonomy":"product_cat","embeddable":true,"href":"https:\/\/www.biokari.sk\/ro\/wp-json\/wp\/v2\/product_cat?post=8863"},{"taxonomy":"product_tag","embeddable":true,"href":"https:\/\/www.biokari.sk\/ro\/wp-json\/wp\/v2\/product_tag?post=8863"}],"curies":[{"name":"wp","href":"https:\/\/api.w.org\/{rel}","templated":true}]}}