{"id":8865,"date":"2025-07-01T14:36:39","date_gmt":"2025-07-01T12:36:39","guid":{"rendered":"https:\/\/www.biokari.sk\/produkt\/gyorgytea-alkoholicky-extrakt-pasticka-pastierska-50ml\/"},"modified":"2026-04-20T19:01:58","modified_gmt":"2026-04-20T17:01:58","slug":"gyorgytea-alkoholicky-extrakt-pasticka-pastierska-50ml","status":"publish","type":"product","link":"https:\/\/www.biokari.sk\/ro\/produs\/gyorgytea-alkoholicky-extrakt-pasticka-pastierska-50ml\/","title":{"rendered":"Gy\u00f6rgytea Alkoholick\u00fd extrakt &#8211; Pasti\u010dka pastierska 50ml"},"content":{"rendered":"<p data-start=\"275\" data-end=\"372\"><strong data-start=\"275\" data-end=\"288\">Compozi\u021bie:<\/strong> voda, alkohol denat., extrakt z pastierskej kapsi\u010dky (<em data-start=\"343\" data-end=\"368\">Capsella bursa-pastoris<\/em>).<\/p>\n<p data-start=\"374\" data-end=\"481\"><strong data-start=\"374\" data-end=\"387\">Cerere:<\/strong> Len na <strong data-start=\"395\" data-end=\"418\">vonkaj\u0161ie pou\u017eitie!<\/strong> Postihnut\u00e9 miesto <strong data-start=\"437\" data-end=\"479\">natrite tenkou vrstvou 2\u20133-kr\u00e1t denne.<\/strong><\/p>\n<p data-start=\"483\" data-end=\"501\"><strong data-start=\"483\" data-end=\"499\">Avertisment:<\/strong><\/p>\n<ul data-start=\"502\" data-end=\"809\">\n<li data-start=\"502\" data-end=\"587\">\n<p data-start=\"504\" data-end=\"587\">Supliment nutri\u021bional <strong data-start=\"521\" data-end=\"585\">nenahr\u00e1dza pestr\u00fa a vyv\u00e1\u017een\u00fa stravu ani zdrav\u00fd \u017eivotn\u00fd \u0161t\u00fdl.<\/strong><\/p>\n<\/li>\n<li data-start=\"588\" data-end=\"698\">\n<p data-start=\"590\" data-end=\"698\">M\u00f4\u017ee sp\u00f4sobi\u0165 <strong data-start=\"604\" data-end=\"623\">fotosenzitivitu<\/strong> \u2013 po\u010das pou\u017e\u00edvania <strong data-start=\"643\" data-end=\"696\">nevystavujte poko\u017eku priamemu slne\u010dn\u00e9mu \u017eiareniu.<\/strong><\/p>\n<\/li>\n<li data-start=\"699\" data-end=\"765\">\n<p data-start=\"701\" data-end=\"765\">Po\u010das <strong data-start=\"707\" data-end=\"733\">sarcina \u0219i al\u0103ptarea<\/strong> sa pou\u017e\u00edvanie <strong data-start=\"748\" data-end=\"763\">neodpor\u00fa\u010da.<\/strong><\/p>\n<\/li>\n<li data-start=\"766\" data-end=\"809\">\n<p data-start=\"768\" data-end=\"809\">Nie je ur\u010den\u00e9 pre <strong data-start=\"786\" data-end=\"807\">deti do 14 rokov.<\/strong><\/p>\n<\/li>\n<\/ul>\n<p data-start=\"811\" data-end=\"1018\"><strong data-start=\"811\" data-end=\"833\">Tradi\u010dn\u00e9 pou\u017eitie: <\/strong>V \u013eudovom lie\u010dite\u013estve sa <strong data-start=\"862\" data-end=\"885\">pastierska kapsi\u010dka<\/strong> v\u010faka vysok\u00e9mu obsahu <strong data-start=\"908\" data-end=\"935\">sapon\u00ednov a flavonoidov<\/strong> u\u017e po st\u00e1ro\u010dia pou\u017e\u00edva na <strong data-start=\"962\" data-end=\"993\">zmiernenie svalovej bolesti<\/strong> a podporu regener\u00e1cie.<\/p>\n<p data-start=\"1020\" data-end=\"1063\"><strong data-start=\"1020\" data-end=\"1030\">Volum:<\/strong> 50 ml<br data-start=\"1036\" data-end=\"1039\" \/><strong data-start=\"1039\" data-end=\"1051\">V\u00fdrobca:<\/strong> Gy\u00f6rgytea<\/p>","protected":false},"excerpt":{"rendered":"<p>V \u013eudovom lie\u010dite\u013estve sa pastierska kapsi\u010dka v\u010faka vysok\u00e9mu obsahu sapon\u00ednov a flavonoidov u\u017e po st\u00e1ro\u010dia pou\u017e\u00edva na zmiernenie svalovej bolesti a podporu regener\u00e1cie&#8230;. <a href=\"#tab-description\" class=\"more-link\">Cite\u0219te mai mult<\/a><\/p>","protected":false},"featured_media":8866,"comment_status":"open","ping_status":"closed","template":"","meta":{"inline_featured_image":false},"product_brand":[274],"product_cat":[249,19],"product_tag":[],"class_list":{"0":"post-8865","1":"product","2":"type-product","3":"status-publish","4":"has-post-thumbnail","6":"product_brand-gyorgytea","7":"product_cat-kozmeticke-vyrobky","8":"product_cat-ostatne","10":"first","11":"instock","12":"taxable","13":"shipping-taxable","14":"purchasable","15":"product-type-simple"},"aioseo_notices":[],"_links":{"self":[{"href":"https:\/\/www.biokari.sk\/ro\/wp-json\/wp\/v2\/product\/8865","targetHints":{"allow":["GET"]}}],"collection":[{"href":"https:\/\/www.biokari.sk\/ro\/wp-json\/wp\/v2\/product"}],"about":[{"href":"https:\/\/www.biokari.sk\/ro\/wp-json\/wp\/v2\/types\/product"}],"replies":[{"embeddable":true,"href":"https:\/\/www.biokari.sk\/ro\/wp-json\/wp\/v2\/comments?post=8865"}],"wp:featuredmedia":[{"embeddable":true,"href":"https:\/\/www.biokari.sk\/ro\/wp-json\/wp\/v2\/media\/8866"}],"wp:attachment":[{"href":"https:\/\/www.biokari.sk\/ro\/wp-json\/wp\/v2\/media?parent=8865"}],"wp:term":[{"taxonomy":"product_brand","embeddable":true,"href":"https:\/\/www.biokari.sk\/ro\/wp-json\/wp\/v2\/product_brand?post=8865"},{"taxonomy":"product_cat","embeddable":true,"href":"https:\/\/www.biokari.sk\/ro\/wp-json\/wp\/v2\/product_cat?post=8865"},{"taxonomy":"product_tag","embeddable":true,"href":"https:\/\/www.biokari.sk\/ro\/wp-json\/wp\/v2\/product_tag?post=8865"}],"curies":[{"name":"wp","href":"https:\/\/api.w.org\/{rel}","templated":true}]}}