{"id":8871,"date":"2025-07-01T14:36:40","date_gmt":"2025-07-01T12:36:40","guid":{"rendered":"https:\/\/www.biokari.sk\/produkt\/gyorgytea-alkoholicky-extrakt-medovka-lekarska-50ml\/"},"modified":"2026-04-13T19:01:54","modified_gmt":"2026-04-13T17:01:54","slug":"gyorgytea-alkoholicky-extrakt-medovka-lekarska-50ml","status":"publish","type":"product","link":"https:\/\/www.biokari.sk\/ro\/produs\/gyorgytea-alkoholicky-extrakt-medovka-lekarska-50ml\/","title":{"rendered":"Gy\u00f6rgytea Alkoholick\u00fd extrakt &#8211; Medovka lek\u00e1rska 50ml"},"content":{"rendered":"<p data-start=\"215\" data-end=\"450\">Lie\u010div\u00e1 rastlina medovka lek\u00e1rska je zn\u00e1ma svoj\u00edm <strong data-start=\"265\" data-end=\"289\">upokojuj\u00facim \u00fa\u010dinkom<\/strong>. Vodn\u00fd (\u010dajov\u00fd) aj alkoholov\u00fd extrakt (tinkt\u00fara) sa pou\u017e\u00edva na <strong data-start=\"353\" data-end=\"384\">zmiernenie stresu a \u00fazkosti<\/strong>, na <strong data-start=\"389\" data-end=\"421\">posilnenie nervov\u00e9ho syst\u00e9mu<\/strong> a na <strong data-start=\"427\" data-end=\"447\">zlep\u0161enie sp\u00e1nku<\/strong>.<\/p>\n<p data-start=\"452\" data-end=\"834\">Okrem toho mo\u017eno medovku pou\u017ei\u0165 aj na <strong data-start=\"490\" data-end=\"573\">uvo\u013enenie k\u0155\u010dov, podporu tr\u00e1venia, \u017eal\u00fado\u010dn\u00e9 \u0165a\u017ekosti, zlep\u0161enie chuti do jedla<\/strong>, pri <strong data-start=\"579\" data-end=\"611\">ochoreniach pe\u010dene a \u017el\u010dn\u00edka<\/strong>, ako aj pri <strong data-start=\"624\" data-end=\"675\">srdcov\u00fdch \u0165a\u017ekostiach, slabosti \u010di prechladnut\u00ed<\/strong>. V\u010faka <strong data-start=\"683\" data-end=\"713\">antiv\u00edrusov\u00fdm vlastnostiam<\/strong> je vhodn\u00e1 aj na <strong data-start=\"730\" data-end=\"756\">lie\u010dbu oparu (herpesu)<\/strong>. Pri <strong data-start=\"762\" data-end=\"791\">bolestiach k\u013abov a svalov<\/strong> sa odpor\u00fa\u010da na <strong data-start=\"807\" data-end=\"831\">vonkaj\u0161ie potieranie<\/strong>.<\/p>\n<p data-start=\"836\" data-end=\"992\">V\u00fdhodou medovky je, \u017ee <strong data-start=\"859\" data-end=\"886\">sa m\u00f4\u017ee u\u017e\u00edva\u0165 dlhodobo<\/strong>, bez rizika vzniku n\u00e1vyku. V po\u010diato\u010dnom \u0161t\u00e1diu oparu pom\u00e1ha zabr\u00e1ni\u0165 jeho rozvoju a ur\u00fdch\u013euje hojenie.<\/p>\n<p data-start=\"994\" data-end=\"1134\"><strong data-start=\"994\" data-end=\"1020\">Doza recomandat\u0103:<\/strong> 3\u00d7 denne 20 kvapiek po jedle. Pri u\u017e\u00edvan\u00ed treba zoh\u013eadni\u0165 obsah alkoholu. Neprekra\u010dujte odpor\u00fa\u010dan\u00fa denn\u00fa d\u00e1vku.<\/p>\n<p data-start=\"1136\" data-end=\"1313\"><strong data-start=\"1136\" data-end=\"1152\">Avertisment:<\/strong> Pr\u00edpravok sa <strong data-start=\"1166\" data-end=\"1223\">neodpor\u00fa\u010da u\u017e\u00edva\u0165 s liekmi, ktor\u00e9 reaguj\u00fa s alkoholom<\/strong>. U\u017e\u00edvanie sa <strong data-start=\"1237\" data-end=\"1280\">neodpor\u00fa\u010da po\u010das tehotenstva a doj\u010denia<\/strong>, ani pre <strong data-start=\"1290\" data-end=\"1310\">deti do 14 rokov<\/strong>.<\/p>\n<p data-start=\"1315\" data-end=\"1424\"><strong data-start=\"1315\" data-end=\"1328\">Compozi\u021bie:<\/strong> voda, etylalkohol, medovka lek\u00e1rska (Melissa officinalis herbae). Obsah alkoholu: 25 % (v\/v).<\/p>\n<p data-start=\"1426\" data-end=\"1533\"><strong data-start=\"1426\" data-end=\"1442\">Depozitare:<\/strong> Po otvoren\u00ed uchov\u00e1vajte mimo dosahu det\u00ed, na suchom a chladnom mieste, dobre uzatvoren\u00e9.<\/p>\n<p data-start=\"1535\" data-end=\"1553\"><strong data-start=\"1535\" data-end=\"1545\">Volum:<\/strong> 50 ml<\/p>","protected":false},"excerpt":{"rendered":"<p>Ingrediencie:<br \/>\nvoda, etylalkohol, citr\u00f3nov\u00e1 tr\u00e1va (Melissa officinalis herbae). Obsah alkoholu: 25 % (v\/v)<\/p>\n<p>spotreba:<br \/>\n3 x 20 kvapiek denne po jedle. Neprekra\u010dujte odpor\u00fa\u010dan\u00fa denn\u00fa d\u00e1vku. V\u00fd\u017eivov\u00fd doplnok nenahr\u00e1dza vyv\u00e1\u017een\u00fa, pestr\u00fa stravu a zdrav\u00fd \u017eivotn\u00fd \u0161t\u00fdl.<\/p>\n<p>Contraindica\u021bii:<br \/>\nV\u00fdrobok obsahuje etyl&#8230; <a class=\"more-link\" href=\"#tab-description\">Cite\u0219te mai mult<\/a><\/p>","protected":false},"featured_media":10143,"comment_status":"open","ping_status":"closed","template":"","meta":{"inline_featured_image":false},"product_brand":[274],"product_cat":[69],"product_tag":[],"class_list":{"0":"post-8871","1":"product","2":"type-product","3":"status-publish","4":"has-post-thumbnail","6":"product_brand-gyorgytea","7":"product_cat-vyzivove-doplnky","9":"first","10":"instock","11":"taxable","12":"shipping-taxable","13":"purchasable","14":"product-type-simple"},"aioseo_notices":[],"_links":{"self":[{"href":"https:\/\/www.biokari.sk\/ro\/wp-json\/wp\/v2\/product\/8871","targetHints":{"allow":["GET"]}}],"collection":[{"href":"https:\/\/www.biokari.sk\/ro\/wp-json\/wp\/v2\/product"}],"about":[{"href":"https:\/\/www.biokari.sk\/ro\/wp-json\/wp\/v2\/types\/product"}],"replies":[{"embeddable":true,"href":"https:\/\/www.biokari.sk\/ro\/wp-json\/wp\/v2\/comments?post=8871"}],"wp:featuredmedia":[{"embeddable":true,"href":"https:\/\/www.biokari.sk\/ro\/wp-json\/wp\/v2\/media\/10143"}],"wp:attachment":[{"href":"https:\/\/www.biokari.sk\/ro\/wp-json\/wp\/v2\/media?parent=8871"}],"wp:term":[{"taxonomy":"product_brand","embeddable":true,"href":"https:\/\/www.biokari.sk\/ro\/wp-json\/wp\/v2\/product_brand?post=8871"},{"taxonomy":"product_cat","embeddable":true,"href":"https:\/\/www.biokari.sk\/ro\/wp-json\/wp\/v2\/product_cat?post=8871"},{"taxonomy":"product_tag","embeddable":true,"href":"https:\/\/www.biokari.sk\/ro\/wp-json\/wp\/v2\/product_tag?post=8871"}],"curies":[{"name":"wp","href":"https:\/\/api.w.org\/{rel}","templated":true}]}}