{"id":8875,"date":"2025-07-01T14:36:41","date_gmt":"2025-07-01T12:36:41","guid":{"rendered":"https:\/\/www.biokari.sk\/produkt\/dia-wellness-diabeticky-pudingovy-prasok-vanilkovy-70g\/"},"modified":"2026-01-31T18:02:11","modified_gmt":"2026-01-31T17:02:11","slug":"dia-wellness-diabeticky-pudingovy-prasok-vanilkovy-70g","status":"publish","type":"product","link":"https:\/\/www.biokari.sk\/ro\/produs\/dia-wellness-diabeticky-pudingovy-prasok-vanilkovy-70g\/","title":{"rendered":"Dia-Wellness Diabetick\u00fd pudingov\u00fd pr\u00e1\u0161ok &#8211; Vanilkov\u00fd 70g"},"content":{"rendered":"<p data-start=\"93\" data-end=\"376\"><strong data-start=\"93\" data-end=\"106\">Compozi\u021bie:<\/strong> zahus\u0165ovadlo: modifikovan\u00fd kukuri\u010dn\u00fd \u0161krob, rastlinn\u00fd tuk v pr\u00e1\u0161ku (gluk\u00f3za, rastlinn\u00fd tuk [palma], emulg\u00e1tor: E471, E472a, mlie\u010dna bielkovina), sladidlo: eritritol, st\u00e9via, inul\u00edn, plnidlo: polydextr\u00f3za, vanilkov\u00fd extrakt (0,4 %), farbiv\u00e1: riboflav\u00edn, karm\u00ednov\u00e1 \u010derve\u0148<\/p>\n<p data-start=\"378\" data-end=\"640\"><strong data-start=\"378\" data-end=\"408\">Valori nutri\u021bionale medii<\/strong><br data-start=\"408\" data-end=\"411\" \/>v 100 g v\u00fdrobku<br data-start=\"426\" data-end=\"429\" \/>Energia: <strong data-start=\"438\" data-end=\"460\">1508 kJ \/ 360 kcal<\/strong><br data-start=\"460\" data-end=\"463\" \/>Tuky: <strong data-start=\"469\" data-end=\"479\">19,9 g<\/strong><br data-start=\"479\" data-end=\"482\" \/>z toho nas\u00fdten\u00e9 mastn\u00e9 kyseliny: <strong data-start=\"515\" data-end=\"525\">10,1 g<\/strong><br data-start=\"525\" data-end=\"528\" \/>Sacharidy: <strong data-start=\"539\" data-end=\"549\">53,5 g<\/strong><br data-start=\"549\" data-end=\"552\" \/>z toho cukry: <strong data-start=\"566\" data-end=\"575\">2,7 g<\/strong><br data-start=\"575\" data-end=\"578\" \/>Vl\u00e1knina: <strong data-start=\"588\" data-end=\"598\">21,6 g<\/strong><br data-start=\"598\" data-end=\"601\" \/>Bielkoviny: <strong data-start=\"613\" data-end=\"622\">0,6 g<\/strong><br data-start=\"622\" data-end=\"625\" \/>So\u013e: <strong data-start=\"630\" data-end=\"640\">0,01 g<\/strong><\/p>\n<p data-start=\"642\" data-end=\"780\"><strong data-start=\"642\" data-end=\"654\">Pr\u00edprava<\/strong><br data-start=\"654\" data-end=\"657\" \/>Obsah vrecka prida\u0165 do <strong data-start=\"680\" data-end=\"705\">2 dl studen\u00e9ho mlieka<\/strong> a <strong data-start=\"708\" data-end=\"735\">ru\u010dne \u0161\u013eaha\u0165 3\u20134 min\u00faty<\/strong>, a\u017e do dosiahnutia po\u017eadovanej konzistencie.<\/p>\n<p data-start=\"782\" data-end=\"799\"><strong data-start=\"782\" data-end=\"794\">Balenie:<\/strong> 70 g<\/p>\n<p>Skladujte v suchu a chlade (do 23?\u00b0C) mimo priameho slne\u010dn\u00e9ho \u017eiarenia.<\/p>","protected":false},"excerpt":{"rendered":"<p>Scurt\u0103 descriere<\/p>\n<p>Bezlepkov\u00fd studen\u00fd vanilkov\u00fd puding s?n\u00edzkym obsahom sacharidov, sladen\u00fd erythritolom a steviol-glikozidmi. R\u00fdchla pr\u00edprava bez varenia, ide\u00e1lny pre diabetikov a pri reduk\u010dn\u00fdch di\u00e9tach.<\/p>\n<p>?? Zlo\u017eenie<\/p>\n<p>Zahus\u0165ovadlo: modifikovan\u00fd kukuri\u010dn\u00fd \u0161krob<\/p>\n<p>Rastlinn\u00fd tuk (vr\u00e1tane palmov\u00e9ho)<br \/>\n&#8230; <a class=\"more-link\" href=\"#tab-description\">Cite\u0219te mai mult<\/a><\/p>","protected":false},"featured_media":10461,"comment_status":"open","ping_status":"closed","template":"","meta":{"inline_featured_image":false},"product_brand":[304],"product_cat":[71,172],"product_tag":[],"class_list":{"0":"post-8875","1":"product","2":"type-product","3":"status-publish","4":"has-post-thumbnail","6":"product_brand-dia-wellness","7":"product_cat-potraviny","8":"product_cat-musli-vlocky","10":"first","11":"instock","12":"taxable","13":"shipping-taxable","14":"purchasable","15":"product-type-simple"},"aioseo_notices":[],"_links":{"self":[{"href":"https:\/\/www.biokari.sk\/ro\/wp-json\/wp\/v2\/product\/8875","targetHints":{"allow":["GET"]}}],"collection":[{"href":"https:\/\/www.biokari.sk\/ro\/wp-json\/wp\/v2\/product"}],"about":[{"href":"https:\/\/www.biokari.sk\/ro\/wp-json\/wp\/v2\/types\/product"}],"replies":[{"embeddable":true,"href":"https:\/\/www.biokari.sk\/ro\/wp-json\/wp\/v2\/comments?post=8875"}],"wp:featuredmedia":[{"embeddable":true,"href":"https:\/\/www.biokari.sk\/ro\/wp-json\/wp\/v2\/media\/10461"}],"wp:attachment":[{"href":"https:\/\/www.biokari.sk\/ro\/wp-json\/wp\/v2\/media?parent=8875"}],"wp:term":[{"taxonomy":"product_brand","embeddable":true,"href":"https:\/\/www.biokari.sk\/ro\/wp-json\/wp\/v2\/product_brand?post=8875"},{"taxonomy":"product_cat","embeddable":true,"href":"https:\/\/www.biokari.sk\/ro\/wp-json\/wp\/v2\/product_cat?post=8875"},{"taxonomy":"product_tag","embeddable":true,"href":"https:\/\/www.biokari.sk\/ro\/wp-json\/wp\/v2\/product_tag?post=8875"}],"curies":[{"name":"wp","href":"https:\/\/api.w.org\/{rel}","templated":true}]}}