{"id":8881,"date":"2025-07-01T14:36:42","date_gmt":"2025-07-01T12:36:42","guid":{"rendered":"https:\/\/www.biokari.sk\/produkt\/dia-wellness-diabeticky-praskovy-cukor-500g\/"},"modified":"2026-05-02T19:01:05","modified_gmt":"2026-05-02T17:01:05","slug":"dia-wellness-diabeticky-praskovy-cukor-500g","status":"publish","type":"product","link":"https:\/\/www.biokari.sk\/ro\/produs\/dia-wellness-diabeticky-praskovy-cukor-500g\/","title":{"rendered":"Dia-Wellness Diabetick\u00fd pr\u00e1\u0161kov\u00fd cukor 500g"},"content":{"rendered":"<p data-start=\"0\" data-end=\"20\"><strong data-start=\"0\" data-end=\"12\">BALENIE:<\/strong> 500 g<\/p>\n<p data-start=\"22\" data-end=\"71\"><strong data-start=\"22\" data-end=\"35\">ZLO\u017dENIE:<\/strong><br data-start=\"35\" data-end=\"38\" \/>sladidlo: <strong data-start=\"48\" data-end=\"69\">erytritol, st\u00e9via<\/strong><\/p>\n<p data-start=\"73\" data-end=\"314\"><strong data-start=\"73\" data-end=\"111\">V\u00dd\u017dIVOV\u00c9 \u00daDAJE (na 100 g v\u00fdrobku):<\/strong><br data-start=\"111\" data-end=\"114\" \/>Energia: <strong data-start=\"123\" data-end=\"140\">0 kJ \/ 0 kcal<\/strong><br data-start=\"140\" data-end=\"143\" \/>Tuky: <strong data-start=\"149\" data-end=\"156\" data-is-only-node=\"\">0 g<\/strong><br data-start=\"156\" data-end=\"159\" \/>\u2013 z toho nas\u00fdten\u00e9 mastn\u00e9 kyseliny: <strong data-start=\"194\" data-end=\"201\">0 g<\/strong><br data-start=\"201\" data-end=\"204\" \/>Sacharidy: <strong data-start=\"215\" data-end=\"225\">95,3 g<\/strong>*<br data-start=\"226\" data-end=\"229\" \/>\u2013 z toho cukry: <strong data-start=\"245\" data-end=\"252\">0 g<\/strong><br data-start=\"252\" data-end=\"255\" \/>Vl\u00e1knina: <strong data-start=\"265\" data-end=\"272\">0 g<\/strong><br data-start=\"272\" data-end=\"275\" \/>Bielkoviny: <strong data-start=\"287\" data-end=\"294\">0 g<\/strong><br data-start=\"294\" data-end=\"297\" \/>So\u013e: <strong data-start=\"302\" data-end=\"312\">0,02 g<\/strong><\/p>\n<p data-start=\"316\" data-end=\"405\">*V\u00fdrobok obsahuje <strong data-start=\"335\" data-end=\"362\">nestr\u00e1vite\u013en\u00e9 sacharidy<\/strong>, ktor\u00e9 sa <strong data-start=\"373\" data-end=\"390\">nevstreb\u00e1vaj\u00fa<\/strong> v organizme.<\/p>\n<p data-start=\"407\" data-end=\"553\" data-is-last-node=\"\" data-is-only-node=\"\"><strong data-start=\"407\" data-end=\"420\">POU\u017dITIE:<\/strong><br data-start=\"420\" data-end=\"423\" \/>Sladiaca sila zodpoved\u00e1 <strong data-start=\"447\" data-end=\"484\">be\u017en\u00e9mu repn\u00e9mu cukru (sachar\u00f3ze)<\/strong> \u2013 vhodn\u00fd ako <strong data-start=\"498\" data-end=\"515\">n\u00e1hrada cukru<\/strong> pri varen\u00ed, pe\u010den\u00ed a sladen\u00ed n\u00e1pojov.<\/p>","protected":false},"excerpt":{"rendered":"<p>Scurt\u0103 descriere<\/p>\n<p>Pr\u00e1\u0161kov\u00e9 sladidlo s rovnakou sladivos\u0165ou ako repn\u00fd cukor, av\u0161ak s?n\u00edzkym glykemick\u00fdm indexom. Ide\u00e1lne pre diabetikov a pri reduk\u010dn\u00fdch di\u00e9toch \u2013 nahr\u00e1dza klasick\u00fd pr\u00e1\u0161kov\u00fd cukor v cukr\u00e1renskej aj dom\u00e1cej pr\u00edprave bez v\u00fdkyvov cukru v krvi.<\/p>\n<p>Compozi\u021bie<\/p>\n<p>Sladidl\u00e1: maltitol, sukral\u00f3za<\/p>\n<p>&#8230; <a class=\"more-link\" href=\"#tab-description\">Cite\u0219te mai mult<\/a><\/p>","protected":false},"featured_media":10288,"comment_status":"open","ping_status":"closed","template":"","meta":{"inline_featured_image":false},"product_brand":[],"product_cat":[71,168],"product_tag":[],"class_list":{"0":"post-8881","1":"product","2":"type-product","3":"status-publish","4":"has-post-thumbnail","6":"product_cat-potraviny","7":"product_cat-nahradne-sladidla","9":"first","10":"instock","11":"taxable","12":"shipping-taxable","13":"purchasable","14":"product-type-simple"},"aioseo_notices":[],"_links":{"self":[{"href":"https:\/\/www.biokari.sk\/ro\/wp-json\/wp\/v2\/product\/8881","targetHints":{"allow":["GET"]}}],"collection":[{"href":"https:\/\/www.biokari.sk\/ro\/wp-json\/wp\/v2\/product"}],"about":[{"href":"https:\/\/www.biokari.sk\/ro\/wp-json\/wp\/v2\/types\/product"}],"replies":[{"embeddable":true,"href":"https:\/\/www.biokari.sk\/ro\/wp-json\/wp\/v2\/comments?post=8881"}],"wp:featuredmedia":[{"embeddable":true,"href":"https:\/\/www.biokari.sk\/ro\/wp-json\/wp\/v2\/media\/10288"}],"wp:attachment":[{"href":"https:\/\/www.biokari.sk\/ro\/wp-json\/wp\/v2\/media?parent=8881"}],"wp:term":[{"taxonomy":"product_brand","embeddable":true,"href":"https:\/\/www.biokari.sk\/ro\/wp-json\/wp\/v2\/product_brand?post=8881"},{"taxonomy":"product_cat","embeddable":true,"href":"https:\/\/www.biokari.sk\/ro\/wp-json\/wp\/v2\/product_cat?post=8881"},{"taxonomy":"product_tag","embeddable":true,"href":"https:\/\/www.biokari.sk\/ro\/wp-json\/wp\/v2\/product_tag?post=8881"}],"curies":[{"name":"wp","href":"https:\/\/api.w.org\/{rel}","templated":true}]}}