{"id":8893,"date":"2025-07-01T14:36:44","date_gmt":"2025-07-01T12:36:44","guid":{"rendered":"https:\/\/www.biokari.sk\/produkt\/gal-kvapky-kolin-sol-100ml\/"},"modified":"2026-01-27T08:41:49","modified_gmt":"2026-01-27T07:41:49","slug":"gal-kvapky-kolin-sol-100ml","status":"publish","type":"product","link":"https:\/\/www.biokari.sk\/ro\/produs\/gal-kvapky-kolin-sol-100ml\/","title":{"rendered":"Gal Kvapky Kolin so\u013e 100ml"},"content":{"rendered":"<p data-start=\"194\" data-end=\"606\">N\u00e1\u0161 produkt odpor\u00fa\u010dame najm\u00e4 t\u00fdm, ktor\u00ed konzumuj\u00fa <strong data-start=\"244\" data-end=\"281\">m\u00e1lo vaje\u010dn\u00fdch \u017e\u013atkov alebo pe\u010de\u0148<\/strong>.<br data-start=\"282\" data-end=\"285\" \/>Pod\u013ea EFSA je odpor\u00fa\u010dan\u00fd denn\u00fd pr\u00edjem <strong data-start=\"323\" data-end=\"350\">kol\u00ednu minim\u00e1lne 400 mg<\/strong> pre dospel\u00fdch.<br data-start=\"365\" data-end=\"368\" \/>1 vaje\u010dn\u00fd \u017e\u013atok obsahuje pribli\u017ene <strong data-start=\"403\" data-end=\"424\">100\u2013150 mg kol\u00ednu<\/strong>, zatia\u013e \u010do <strong data-start=\"436\" data-end=\"452\">100 g pe\u010dene<\/strong> obsahuje <strong data-start=\"462\" data-end=\"483\">200\u2013450 mg kol\u00ednu<\/strong>.<br data-start=\"484\" data-end=\"487\" \/>In\u00e9 potraviny maj\u00fa len ve\u013emi n\u00edzky obsah kol\u00ednu (s v\u00fdnimkou kavi\u00e1ru, kostnej drene a niektor\u00fdch menej be\u017en\u00fdch jed\u00e1l).<\/p>\n<p data-start=\"608\" data-end=\"813\">Kto teda denne neskonzumuje 2\u20133 vaje\u010dn\u00e9 \u017e\u013atky a aspo\u0148 raz t\u00fd\u017edenne pe\u010de\u0148, <strong data-start=\"682\" data-end=\"742\">len \u0165a\u017eko dosiahne odpor\u00fa\u010dan\u00fd denn\u00fd pr\u00edjem 400 mg kol\u00ednu<\/strong>.<br data-start=\"743\" data-end=\"746\" \/>Dostatok kol\u00ednu je v\u0161ak d\u00f4le\u017eit\u00fd, preto\u017ee <strong data-start=\"788\" data-end=\"813\">prispieva k spr\u00e1vnej:<\/strong><\/p>\n<ul data-start=\"815\" data-end=\"963\">\n<li data-start=\"815\" data-end=\"889\">\n<p data-start=\"817\" data-end=\"889\">funkcii tr\u00e1viaceho syst\u00e9mu prostredn\u00edctvom tvorby \u017eal\u00fado\u010dnej kyseliny,<\/p>\n<\/li>\n<li data-start=\"890\" data-end=\"910\">\n<p data-start=\"892\" data-end=\"910\">\u010dinnosti pe\u010dene,<\/p>\n<\/li>\n<li data-start=\"911\" data-end=\"940\">\n<p data-start=\"913\" data-end=\"940\">metabolizmu homocyste\u00ednu,<\/p>\n<\/li>\n<li data-start=\"941\" data-end=\"963\">\n<p data-start=\"943\" data-end=\"963\">metabolizmu tukov.<\/p>\n<\/li>\n<\/ul>\n<p data-start=\"991\" data-end=\"1235\">N\u00e1\u0161 pr\u00edpravok obsahuje kol\u00edn vo forme <strong data-start=\"1029\" data-end=\"1062\">kol\u00edn-chloridu (kol\u00ednov\u00e1 so\u013e)<\/strong> \u2013 ide o <strong data-start=\"1071\" data-end=\"1108\">stabiln\u00fa a dobre vyu\u017eite\u013en\u00fa formu<\/strong>, ktor\u00e1 sa pou\u017e\u00edva aj v klinick\u00fdch \u0161t\u00fadi\u00e1ch.<br data-start=\"1152\" data-end=\"1155\" \/>\u010eal\u0161ou v\u00fdhodou je, \u017ee <strong data-start=\"1177\" data-end=\"1213\">nevy\u017eaduje \u017eiadne pr\u00eddavn\u00e9 l\u00e1tky<\/strong> \u2013 iba vodu ako nosi\u010d.<\/p>\n<h4 data-start=\"1242\" data-end=\"1273\"><strong data-start=\"1247\" data-end=\"1273\">Doza recomandat\u0103:\u00a0<\/strong><strong data-start=\"1274\" data-end=\"1296\">6\u201328 kvapiek denne<\/strong>, rozdelen\u00fdch na jednu alebo viac d\u00e1vok.<br data-start=\"1336\" data-end=\"1339\" \/>Nepou\u017e\u00edvajte koncentrovan\u00e9 \u2013 <strong data-start=\"1368\" data-end=\"1411\">v\u017edy rozmie\u0161ajte v tekutine alebo jedle<\/strong>.<br data-start=\"1412\" data-end=\"1415\" \/>V\u010faka mierne slanej chuti v malom mno\u017estve <strong data-start=\"1458\" data-end=\"1484\">nenaru\u0161\u00ed chu\u0165 polievok<\/strong>, mo\u017eno ho tie\u017e pou\u017ei\u0165 pri varen\u00ed alebo pe\u010den\u00ed.<\/h4>\n<p data-start=\"1535\" data-end=\"1724\">Ak u\u017e\u00edvate naraz v\u00e4\u010d\u0161ie mno\u017estvo kvapiek a nechut\u00ed v\u00e1m, odpor\u00fa\u010dame ich nakvapka\u0165 do <strong data-start=\"1619\" data-end=\"1659\">mal\u00e9ho mno\u017estva tekutiny (1\u20132 hltov)<\/strong> a r\u00fdchlo vypi\u0165 medzi s\u00fastami jedla alebo pred chutn\u00fdm n\u00e1pojom.<\/p>\n<p data-start=\"1726\" data-end=\"1834\">Po\u010das <strong data-start=\"1732\" data-end=\"1758\">sarcina \u0219i al\u0103ptarea<\/strong> odpor\u00fa\u010dame <strong data-start=\"1770\" data-end=\"1793\">12\u201328 kvapiek denne<\/strong>, najm\u00e4 ak strava nie je bohat\u00e1 na kol\u00edn.<\/p>\n<h4 data-start=\"1841\" data-end=\"1865\"><strong data-start=\"1846\" data-end=\"1856\">Volum:<\/strong> 100 ml<\/h4>\n<h4 data-start=\"1872\" data-end=\"1893\"><strong data-start=\"1877\" data-end=\"1893\">Avertisment:<\/strong><\/h4>\n<ul data-start=\"1894\" data-end=\"2074\">\n<li data-start=\"1894\" data-end=\"1935\">\n<p data-start=\"1896\" data-end=\"1935\">Neprekra\u010dujte odpor\u00fa\u010dan\u00fa denn\u00fa d\u00e1vku.<\/p>\n<\/li>\n<li data-start=\"1936\" data-end=\"2033\">\n<p data-start=\"1938\" data-end=\"2033\">Supliment nutri\u021bional <strong data-start=\"1955\" data-end=\"2031\">nie je n\u00e1hradou pestrej a vyv\u00e1\u017eenej stravy ani zdrav\u00e9ho \u017eivotn\u00e9ho \u0161t\u00fdlu.<\/strong><\/p>\n<\/li>\n<li data-start=\"2034\" data-end=\"2074\">\n<p data-start=\"2036\" data-end=\"2074\">Uchov\u00e1vajte mimo dosahu mal\u00fdch det\u00ed.<\/p>\n<\/li>\n<\/ul>","protected":false},"excerpt":{"rendered":"<p>N\u00e1\u0161 produkt odpor\u00fa\u010dame predov\u0161etk\u00fdm \u013eu\u010fom, ktor\u00ed konzumuj\u00fa m\u00e1lo vaje\u010dn\u00fdch \u017e\u013atkov a pe\u010dene. Aj pod\u013ea EFSA je odpor\u00fa\u010dan\u00e1 denn\u00e1 d\u00e1vka chol\u00ednu pre dospel\u00fdch minim\u00e1lne 400 mg. 1 vaje\u010dn\u00fd \u017e\u013atok obsahuje 100-150 mg chol\u00ednu, zatia\u013e \u010do 10 dkg pe\u010dene obsahuje 200-450 mg. Ostatn\u00e9 potraviny maj\u00fa n\u00edzky obsah chol&#8230; <a class=\"more-link\" href=\"#tab-description\">Cite\u0219te mai mult<\/a><\/p>","protected":false},"featured_media":10134,"comment_status":"open","ping_status":"closed","template":"","meta":{"inline_featured_image":false},"product_brand":[113],"product_cat":[69],"product_tag":[],"class_list":{"0":"post-8893","1":"product","2":"type-product","3":"status-publish","4":"has-post-thumbnail","6":"product_brand-gal","7":"product_cat-vyzivove-doplnky","9":"first","10":"onbackorder","11":"taxable","12":"shipping-taxable","13":"purchasable","14":"product-type-simple"},"aioseo_notices":[],"_links":{"self":[{"href":"https:\/\/www.biokari.sk\/ro\/wp-json\/wp\/v2\/product\/8893","targetHints":{"allow":["GET"]}}],"collection":[{"href":"https:\/\/www.biokari.sk\/ro\/wp-json\/wp\/v2\/product"}],"about":[{"href":"https:\/\/www.biokari.sk\/ro\/wp-json\/wp\/v2\/types\/product"}],"replies":[{"embeddable":true,"href":"https:\/\/www.biokari.sk\/ro\/wp-json\/wp\/v2\/comments?post=8893"}],"wp:featuredmedia":[{"embeddable":true,"href":"https:\/\/www.biokari.sk\/ro\/wp-json\/wp\/v2\/media\/10134"}],"wp:attachment":[{"href":"https:\/\/www.biokari.sk\/ro\/wp-json\/wp\/v2\/media?parent=8893"}],"wp:term":[{"taxonomy":"product_brand","embeddable":true,"href":"https:\/\/www.biokari.sk\/ro\/wp-json\/wp\/v2\/product_brand?post=8893"},{"taxonomy":"product_cat","embeddable":true,"href":"https:\/\/www.biokari.sk\/ro\/wp-json\/wp\/v2\/product_cat?post=8893"},{"taxonomy":"product_tag","embeddable":true,"href":"https:\/\/www.biokari.sk\/ro\/wp-json\/wp\/v2\/product_tag?post=8893"}],"curies":[{"name":"wp","href":"https:\/\/api.w.org\/{rel}","templated":true}]}}