{"id":8895,"date":"2025-07-01T14:36:44","date_gmt":"2025-07-01T12:36:44","guid":{"rendered":"https:\/\/www.biokari.sk\/produkt\/gyorgytea-cajova-zmes-mysi-chvost-100g\/"},"modified":"2026-04-30T19:01:23","modified_gmt":"2026-04-30T17:01:23","slug":"gyorgytea-cajova-zmes-mysi-chvost-100g","status":"publish","type":"product","link":"https:\/\/www.biokari.sk\/ro\/produs\/gyorgytea-cajova-zmes-mysi-chvost-100g\/","title":{"rendered":"Gy\u00f6rgytea \u010cajov\u00e1 zmes &#8211; My\u0161\u00ed chvos\u0165 100g"},"content":{"rendered":"<p data-start=\"116\" data-end=\"320\">Bylinkov\u00e1 \u010dajov\u00e1 zmes <strong data-start=\"170\" data-end=\"182\">pre \u017eeny<\/strong> je ur\u010den\u00e1 na podporu \u017eensk\u00e9ho organizmu a ka\u017edodennej \u017eenskosti, star\u00e1 sa o <strong data-start=\"259\" data-end=\"281\">vn\u00fatorn\u00fa rovnov\u00e1hu<\/strong> a <strong data-start=\"284\" data-end=\"294\">pohodu<\/strong> po\u010das cyklu aj mimo neho.<\/p>\n<p data-start=\"322\" data-end=\"448\"><strong data-start=\"322\" data-end=\"335\">Compozi\u021bie:<\/strong> list alchemilky oby\u010dajnej, v\u0148a\u0165 kapsi\u010dky pastierskej, v\u0148a\u0165 rebr\u00ed\u010dka oby\u010dajn\u00e9ho (15 %), kvet necht\u00edka lek\u00e1rskeho.<\/p>\n<p data-start=\"450\" data-end=\"621\"><strong data-start=\"450\" data-end=\"469\">Kedy a ako pi\u0165?<\/strong><br data-start=\"469\" data-end=\"472\" \/>Pite po\u010das d\u0148a po mal\u00fdch d\u00fa\u0161koch, <strong data-start=\"506\" data-end=\"522\">bez pr\u00edchute<\/strong>. Odpor\u00fa\u010da sa <strong data-start=\"536\" data-end=\"553\">1 can\u0103 pe zi<\/strong> po dobu <strong data-start=\"562\" data-end=\"576\">6 mesiacov<\/strong>, potom je potrebn\u00e1 <strong data-start=\"596\" data-end=\"620\">4-t\u00fd\u017ed\u0148ov\u00e1 prest\u00e1vka<\/strong>. Nevhodn\u00e9 pre tehotn\u00e9 a doj\u010diace \u017eeny a pre deti do 12 rokov.<\/p>\n<p data-start=\"711\" data-end=\"1372\"><strong data-start=\"711\" data-end=\"749\">Podrobnej\u0161ie o pou\u017eit\u00fdch bylin\u00e1ch:<\/strong><br data-start=\"749\" data-end=\"752\" \/>Rebr\u00ed\u010dek oby\u010dajn\u00fd je zn\u00e1my svoj\u00edm <strong data-start=\"786\" data-end=\"811\">hemostatick\u00fdm \u00fa\u010dinkom<\/strong> u\u017e od staroveku. Triterp\u00e9ny, flavonoidy, alkaloidy a azulen prispievaj\u00fa k jeho priazniv\u00e9mu vplyvu na <strong data-start=\"913\" data-end=\"937\">men\u0161trua\u010dn\u00e9 \u0165a\u017ekosti<\/strong>, z\u00e1paly \u017eensk\u00fdch org\u00e1nov a k harmoniz\u00e1cii v obdob\u00ed <strong data-start=\"989\" data-end=\"1001\">prechodu<\/strong>.<br data-start=\"1002\" data-end=\"1005\" \/>Kapsi\u010dka pastierska tradi\u010dne pom\u00e1ha <strong data-start=\"1041\" data-end=\"1073\">regulova\u0165 men\u0161trua\u010dn\u00fd cyklus<\/strong>, stimuluje svaly maternice a m\u00f4\u017ee zmierni\u0165 <strong data-start=\"1117\" data-end=\"1140\">men\u0161trua\u010dn\u00e9 bolesti<\/strong>.<br data-start=\"1141\" data-end=\"1144\" \/>Alchemilka lek\u00e1rska sa pou\u017e\u00edvala pri <strong data-start=\"1181\" data-end=\"1218\">spazmoch maternice, bielom v\u00fdtoku<\/strong> a po p\u00f4rode.<br data-start=\"1231\" data-end=\"1234\" \/>Necht\u00edk lek\u00e1rsky m\u00e1 <strong data-start=\"1254\" data-end=\"1311\">protiz\u00e1palov\u00e9, antibakteri\u00e1lne a antimykotick\u00e9 \u00fa\u010dinky<\/strong>, vhodn\u00fd pri men\u0161trua\u010dn\u00fdch \u0165a\u017ekostiach aj v obdob\u00ed menopauzy.<\/p>\n<p data-start=\"1374\" data-end=\"1479\">T\u00e1to \u010dajov\u00e1 zmes je pripraven\u00e1 pre \u017eeny, ktor\u00e9 chc\u00fa dlhodobo <strong data-start=\"1435\" data-end=\"1478\">zachova\u0165 vitalitu, kr\u00e1su a dobr\u00fa n\u00e1ladu<\/strong>.<\/p>\n<p data-start=\"1481\" data-end=\"1645\"><strong data-start=\"1481\" data-end=\"1494\">Preg\u0103tire:<\/strong><br data-start=\"1494\" data-end=\"1497\" \/>Jednu zarovnan\u00fa polievkov\u00fa ly\u017eicu (3 g) \u010dajovej zmesi zalia\u0165 2,5 dl vriacej vody, necha\u0165 l\u00fahova\u0165 15 min\u00fat a precedi\u0165. <strong data-start=\"1615\" data-end=\"1645\">Nepou\u017e\u00edvajte kovov\u00e9 sitko.<\/strong><\/p>\n<p data-start=\"1647\" data-end=\"1774\"><strong data-start=\"1647\" data-end=\"1667\">Sp\u00f4sob u\u017e\u00edvania:<\/strong><br data-start=\"1667\" data-end=\"1670\" \/>1 \u0161\u00e1lka denne, po\u010das d\u0148a po d\u00fa\u0161koch, bez ochutenia. Po 6 mesiacoch u\u017e\u00edvania urobi\u0165 4-t\u00fd\u017ed\u0148ov\u00fa prest\u00e1vku.<\/p>\n<p data-start=\"1776\" data-end=\"1936\"><strong data-start=\"1776\" data-end=\"1792\">Avertismente:<\/strong><br data-start=\"1792\" data-end=\"1795\" \/>Nevhodn\u00e9 pre tehotn\u00e9 a doj\u010diace \u017eeny. Nie pre deti do 12 rokov.<br data-start=\"1858\" data-end=\"1861\" \/>V\u00fd\u017eivov\u00fd doplnok sa nesmie pou\u017e\u00edva\u0165 ako n\u00e1hrada pestrej a vyv\u00e1\u017eenej stravy.<\/p>\n<p data-start=\"1938\" data-end=\"2030\"><strong data-start=\"1938\" data-end=\"1954\">Depozitare:<\/strong><br data-start=\"1954\" data-end=\"1957\" \/>Po otvoren\u00ed uchov\u00e1va\u0165 mimo dosahu det\u00ed, v suchu, chlade a dobre uzavret\u00e9.<\/p>\n<p data-start=\"2032\" data-end=\"2105\"><strong data-start=\"2032\" data-end=\"2045\">Greutate:<\/strong> 100 g<br data-start=\"2051\" data-end=\"2054\" \/>Minim\u00e1lna trvanlivos\u0165 do d\u00e1tumu uveden\u00e9ho na obale.<\/p>","protected":false},"excerpt":{"rendered":"<p>Ingrediencie:<br \/>\nlist l\u00fa\u010dneho l\u00edstia, v\u00fdhonok kapsi\u010dky pastierskej, v\u00fdhonok rebr\u00edka (15 %), necht\u00edk<\/p>\n<p>Ako to urob\u00edm?<br \/>\nZarovnan\u00fa polievkov\u00fa ly\u017eicu (3 g) \u010dajovn\u00edka povarte s 2,5 dl vody, po 15 min\u00fatach prefiltrujte. Nepou\u017e\u00edvajte kovov\u00fd filter.<\/p>\n<p>Kedy ho m\u00e1m konzumova\u0165?<br \/>\nPo\u010das d\u0148a ju pop\u00edjajte, najlep\u0161ie bez &#8230; <a class=\"more-link\" href=\"#tab-description\">Cite\u0219te mai mult<\/a><\/p>","protected":false},"featured_media":10418,"comment_status":"open","ping_status":"closed","template":"","meta":{"inline_featured_image":false},"product_brand":[274],"product_cat":[148],"product_tag":[],"class_list":{"0":"post-8895","1":"product","2":"type-product","3":"status-publish","4":"has-post-thumbnail","6":"product_brand-gyorgytea","7":"product_cat-liecive-rastliny","9":"first","10":"instock","11":"taxable","12":"shipping-taxable","13":"purchasable","14":"product-type-simple"},"aioseo_notices":[],"_links":{"self":[{"href":"https:\/\/www.biokari.sk\/ro\/wp-json\/wp\/v2\/product\/8895","targetHints":{"allow":["GET"]}}],"collection":[{"href":"https:\/\/www.biokari.sk\/ro\/wp-json\/wp\/v2\/product"}],"about":[{"href":"https:\/\/www.biokari.sk\/ro\/wp-json\/wp\/v2\/types\/product"}],"replies":[{"embeddable":true,"href":"https:\/\/www.biokari.sk\/ro\/wp-json\/wp\/v2\/comments?post=8895"}],"wp:featuredmedia":[{"embeddable":true,"href":"https:\/\/www.biokari.sk\/ro\/wp-json\/wp\/v2\/media\/10418"}],"wp:attachment":[{"href":"https:\/\/www.biokari.sk\/ro\/wp-json\/wp\/v2\/media?parent=8895"}],"wp:term":[{"taxonomy":"product_brand","embeddable":true,"href":"https:\/\/www.biokari.sk\/ro\/wp-json\/wp\/v2\/product_brand?post=8895"},{"taxonomy":"product_cat","embeddable":true,"href":"https:\/\/www.biokari.sk\/ro\/wp-json\/wp\/v2\/product_cat?post=8895"},{"taxonomy":"product_tag","embeddable":true,"href":"https:\/\/www.biokari.sk\/ro\/wp-json\/wp\/v2\/product_tag?post=8895"}],"curies":[{"name":"wp","href":"https:\/\/api.w.org\/{rel}","templated":true}]}}