{"id":8901,"date":"2025-07-01T14:36:45","date_gmt":"2025-07-01T12:36:45","guid":{"rendered":"https:\/\/www.biokari.sk\/produkt\/gyorgytea-cajova-zmes-valeriana-100g\/"},"modified":"2026-04-01T19:02:31","modified_gmt":"2026-04-01T17:02:31","slug":"gyorgytea-cajova-zmes-valeriana-100g","status":"publish","type":"product","link":"https:\/\/www.biokari.sk\/ro\/produs\/gyorgytea-cajova-zmes-valeriana-100g\/","title":{"rendered":"Gy\u00f6rgytea \u010cajov\u00e1 zmes &#8211; Valeriana 100g"},"content":{"rendered":"<p data-start=\"197\" data-end=\"586\">T\u00e1to bylinn\u00e1 zmes obsahuje rastliny, ktor\u00e9 <strong data-start=\"240\" data-end=\"292\">uvo\u013e\u0148uj\u00fa nervy a podporuj\u00fa regener\u00e1ciu organizmu<\/strong>.<br data-start=\"293\" data-end=\"296\" \/>Sila byl\u00edn pom\u00e1ha <strong data-start=\"314\" data-end=\"348\">uvo\u013eni\u0165 unaven\u00fd nervov\u00fd syst\u00e9m<\/strong> a <strong data-start=\"351\" data-end=\"377\">navodi\u0165 pokojn\u00fd sp\u00e1nok<\/strong>.<br data-start=\"378\" data-end=\"381\" \/>Je ur\u010den\u00e1 pre v\u0161etk\u00fdch, ktor\u00ed \u017eij\u00fa <strong data-start=\"416\" data-end=\"459\">v strese, \u00fanave alebo psychickom nap\u00e4t\u00ed<\/strong>, a h\u013eadaj\u00fa prirodzen\u00fd sp\u00f4sob, ako z\u00edska\u0165 <strong data-start=\"501\" data-end=\"532\">vn\u00fatorn\u00fa rovnov\u00e1hu a oddych<\/strong> \u2013 bez potreby n\u00e1vykov\u00fdch liekov alebo antidepres\u00edv.<\/p>\n<p data-start=\"588\" data-end=\"738\"><strong data-start=\"588\" data-end=\"601\">Compozi\u021bie:<\/strong> list medovky lek\u00e1rskej, v\u0148a\u0165 \u013eubovn\u00edka bodkovan\u00e9ho, list \u010diernej r\u00edbezle, kore\u0148 valeri\u00e1ny lek\u00e1rskej (16 %), \u0161i\u0161tice chme\u013eu oby\u010dajn\u00e9ho.<\/p>\n<p data-start=\"740\" data-end=\"886\"><strong data-start=\"740\" data-end=\"753\">Preg\u0103tire:<\/strong> Jednu zarovnan\u00fa polievkov\u00fa ly\u017eicu (cca 3 g) \u010dajovej zmesi zalejte 2,5 dl vriacej vody, nechajte l\u00fahova\u0165 30 min\u00fat a potom precedte.<\/p>\n<p data-start=\"888\" data-end=\"981\"><strong data-start=\"888\" data-end=\"908\">Sp\u00f4sob u\u017e\u00edvania:<\/strong> 1 \u0161\u00e1lka denne po\u010das 2 t\u00fd\u017ed\u0148ov, potom je potrebn\u00e1 4-t\u00fd\u017ed\u0148ov\u00e1 prest\u00e1vka.<\/p>\n<p data-start=\"983\" data-end=\"1284\"><strong data-start=\"983\" data-end=\"999\">Avertisment:<\/strong> Nevhodn\u00e9 pre osoby do 18 rokov, tehotn\u00e9 \u017eeny a osoby s \u017el\u010dov\u00fdmi kame\u0148mi.<br data-start=\"1072\" data-end=\"1075\" \/>Ak u\u017e\u00edvate <strong data-start=\"1086\" data-end=\"1157\">lieky na riedenie krvi, srdcov\u00e9 lieky, sedat\u00edva alebo antidepres\u00edva<\/strong>, pora\u010fte sa so svoj\u00edm lek\u00e1rom.<br data-start=\"1188\" data-end=\"1191\" \/>Pr\u00edpravok sa neodpor\u00fa\u010da osob\u00e1m, ktor\u00e9 pravidelne u\u017e\u00edvaj\u00fa lieky alebo in\u00e9 rastlinn\u00e9 doplnky.<\/p>\n<p data-start=\"1286\" data-end=\"1307\"><strong data-start=\"1286\" data-end=\"1299\">Greutate:<\/strong> 100 g<\/p>","protected":false},"excerpt":{"rendered":"<p>Upokojuj\u00faci \u010daj<br \/>\nIngrediencie:<br \/>\nlist citr\u00f3novej tr\u00e1vy, list \u010diernych r\u00edbezl\u00ed, kore\u0148 valeri\u00e1ny lek\u00e1rskej (19%), chme\u013e \u0161i\u0161ti\u010dka, lipov\u00fd kvet<\/p>\n<p>Ako to urob\u00edm?<br \/>\nZarovnan\u00fa polievkov\u00fa ly\u017eicu (3 g) \u010dajovn\u00edka povarte s 2,5 dl vody, po 30 min\u00fatach prefiltrujte. Nepou\u017e\u00edvajte kovov\u00fd filter.<\/p>\n<p>Kedy ho m\u00e1m konzumova\u0165&#8230; <a class=\"more-link\" href=\"#tab-description\">Cite\u0219te mai mult<\/a><\/p>","protected":false},"featured_media":10146,"comment_status":"open","ping_status":"closed","template":"","meta":{"inline_featured_image":false},"product_brand":[274],"product_cat":[148],"product_tag":[],"class_list":{"0":"post-8901","1":"product","2":"type-product","3":"status-publish","4":"has-post-thumbnail","6":"product_brand-gyorgytea","7":"product_cat-liecive-rastliny","9":"first","10":"instock","11":"taxable","12":"shipping-taxable","13":"purchasable","14":"product-type-simple"},"aioseo_notices":[],"_links":{"self":[{"href":"https:\/\/www.biokari.sk\/ro\/wp-json\/wp\/v2\/product\/8901","targetHints":{"allow":["GET"]}}],"collection":[{"href":"https:\/\/www.biokari.sk\/ro\/wp-json\/wp\/v2\/product"}],"about":[{"href":"https:\/\/www.biokari.sk\/ro\/wp-json\/wp\/v2\/types\/product"}],"replies":[{"embeddable":true,"href":"https:\/\/www.biokari.sk\/ro\/wp-json\/wp\/v2\/comments?post=8901"}],"wp:featuredmedia":[{"embeddable":true,"href":"https:\/\/www.biokari.sk\/ro\/wp-json\/wp\/v2\/media\/10146"}],"wp:attachment":[{"href":"https:\/\/www.biokari.sk\/ro\/wp-json\/wp\/v2\/media?parent=8901"}],"wp:term":[{"taxonomy":"product_brand","embeddable":true,"href":"https:\/\/www.biokari.sk\/ro\/wp-json\/wp\/v2\/product_brand?post=8901"},{"taxonomy":"product_cat","embeddable":true,"href":"https:\/\/www.biokari.sk\/ro\/wp-json\/wp\/v2\/product_cat?post=8901"},{"taxonomy":"product_tag","embeddable":true,"href":"https:\/\/www.biokari.sk\/ro\/wp-json\/wp\/v2\/product_tag?post=8901"}],"curies":[{"name":"wp","href":"https:\/\/api.w.org\/{rel}","templated":true}]}}