{"id":8903,"date":"2025-07-01T14:36:45","date_gmt":"2025-07-01T12:36:45","guid":{"rendered":"https:\/\/www.biokari.sk\/produkt\/gyorgytea-cajova-zmes-zihlava-100g\/"},"modified":"2026-04-28T19:01:54","modified_gmt":"2026-04-28T17:01:54","slug":"gyorgytea-cajova-zmes-zihlava-100g","status":"publish","type":"product","link":"https:\/\/www.biokari.sk\/ro\/produs\/gyorgytea-cajova-zmes-zihlava-100g\/","title":{"rendered":"Gy\u00f6rgytea \u010cajov\u00e1 zmes &#8211; \u017dihlava 100g"},"content":{"rendered":"<p data-start=\"60\" data-end=\"421\">Na jar a na jese\u0148 je vhodn\u00e9 vykona\u0165 <strong data-start=\"96\" data-end=\"112\">o\u010distn\u00fa k\u00faru<\/strong>, pri ktorej m\u00f4\u017eeme vyu\u017ei\u0165 aj silu lie\u010div\u00fdch rastl\u00edn. <strong data-start=\"166\" data-end=\"228\">Bylinn\u00fd \u010daj s listom \u017eih\u013eavy pod\u013ea recept\u00fary Gyuri b\u00e1csiho<\/strong> pom\u00e1ha <strong data-start=\"236\" data-end=\"331\">detoxikova\u0165 organizmus, odkys\u013eova\u0165 telo, osvie\u017ei\u0165 a pre\u010disti\u0165 krv aj najd\u00f4le\u017eitej\u0161ie org\u00e1ny<\/strong>. M\u00e1 tie\u017e <strong data-start=\"341\" data-end=\"368\">mierne preh\u00e1\u0148av\u00e9 \u00fa\u010dinky<\/strong>, ktor\u00e9 podporuj\u00fa prirodzen\u00e9 vylu\u010dovanie \u0161kodliv\u00edn.<\/p>\n<p data-start=\"423\" data-end=\"640\"><strong data-start=\"423\" data-end=\"436\">Compozi\u021bie:<\/strong> list \u017eih\u013eavy dvojdomej (20 %), kvet bazy \u010diernej, list brezy previsnutej, list slezu lesn\u00e9ho, list \u010diernych r\u00edbezl\u00ed, kvitn\u00face koncov\u00e9 \u010dasti hlohu oby\u010dajn\u00e9ho, list p\u00fapavy lek\u00e1rskej, v\u0148a\u0165 zem\u017el\u010de men\u0161ej.<\/p>\n<p data-start=\"642\" data-end=\"790\"><strong data-start=\"642\" data-end=\"655\">Preg\u0103tire:<\/strong> jednu zarovnan\u00fa polievkov\u00fa ly\u017eicu (3 g) \u010dajovej zmesi <strong data-start=\"710\" data-end=\"741\">zalejte 2,5 dl vriacej vody<\/strong>, nechajte <strong data-start=\"752\" data-end=\"772\">15 min\u00fat l\u00fahova\u0165<\/strong> a potom sce\u010fte.<\/p>\n<p data-start=\"792\" data-end=\"900\"><strong data-start=\"792\" data-end=\"805\">Utilizare:<\/strong> denne <strong data-start=\"812\" data-end=\"846\">1 \u0161\u00e1lku \u010daju po dobu 6 t\u00fd\u017ed\u0148ov<\/strong>, potom je potrebn\u00e9 <strong data-start=\"866\" data-end=\"897\">urobi\u0165 4-t\u00fd\u017ed\u0148ov\u00fa prest\u00e1vku<\/strong>.<\/p>\n<p data-start=\"902\" data-end=\"1015\"><strong data-start=\"902\" data-end=\"918\">Avertisment:<\/strong> po\u010das <strong data-start=\"925\" data-end=\"951\">sarcina \u0219i al\u0103ptarea<\/strong> a pre <strong data-start=\"958\" data-end=\"978\">deti do 12 rokov<\/strong> sa pou\u017e\u00edvanie \u010daju <strong data-start=\"998\" data-end=\"1012\">neodpor\u00fa\u010da<\/strong>.<\/p>\n<p data-start=\"1017\" data-end=\"1036\" data-is-last-node=\"\" data-is-only-node=\"\"><strong data-start=\"1017\" data-end=\"1030\">Greutate:<\/strong> 100 g<\/p>\n\n\n<p><\/p>","protected":false},"excerpt":{"rendered":"<p>Na jar a na jese\u0148 sa odpor\u00fa\u010da \u010distiaca k\u00fara, s ktorou n\u00e1m lie\u010div\u00e9 rastliny skvele pom\u00f4\u017eu.<\/p>\n<p>\u010cajov\u00e1 zmes z p\u0155h\u013eavy dvojdomej (\u010cistiaci \u010daj) Gyuri b\u00e1csiho obsahuje lie\u010div\u00e9 rastliny, ktor\u00e9 organizmus o\u010distia. Zlo\u017eenie: bazov\u00fd kvet, listy p\u0155h\u013eavy dvojdomej, orech kr\u00e1\u013eovsk\u00fd, \u010dierne r\u00edbezle, kvety hlohu, l&#8230; <a class=\"more-link\" href=\"#tab-description\">Cite\u0219te mai mult<\/a><\/p>","protected":false},"featured_media":10362,"comment_status":"open","ping_status":"closed","template":"","meta":{"inline_featured_image":false},"product_brand":[274],"product_cat":[148,150,149,151,152],"product_tag":[],"class_list":{"0":"post-8903","1":"product","2":"type-product","3":"status-publish","4":"has-post-thumbnail","6":"product_brand-gyorgytea","7":"product_cat-liecive-rastliny","8":"product_cat-chudnutie-liecive-rastliny","9":"product_cat-liecive-rastliny-posilnenie-imunity","10":"product_cat-srdcovo-cievny-system-liecive-rastliny","11":"product_cat-zaludok-a-crevna-cinnost-liecive-rastliny","13":"first","14":"instock","15":"taxable","16":"shipping-taxable","17":"purchasable","18":"product-type-simple"},"aioseo_notices":[],"_links":{"self":[{"href":"https:\/\/www.biokari.sk\/ro\/wp-json\/wp\/v2\/product\/8903","targetHints":{"allow":["GET"]}}],"collection":[{"href":"https:\/\/www.biokari.sk\/ro\/wp-json\/wp\/v2\/product"}],"about":[{"href":"https:\/\/www.biokari.sk\/ro\/wp-json\/wp\/v2\/types\/product"}],"replies":[{"embeddable":true,"href":"https:\/\/www.biokari.sk\/ro\/wp-json\/wp\/v2\/comments?post=8903"}],"wp:featuredmedia":[{"embeddable":true,"href":"https:\/\/www.biokari.sk\/ro\/wp-json\/wp\/v2\/media\/10362"}],"wp:attachment":[{"href":"https:\/\/www.biokari.sk\/ro\/wp-json\/wp\/v2\/media?parent=8903"}],"wp:term":[{"taxonomy":"product_brand","embeddable":true,"href":"https:\/\/www.biokari.sk\/ro\/wp-json\/wp\/v2\/product_brand?post=8903"},{"taxonomy":"product_cat","embeddable":true,"href":"https:\/\/www.biokari.sk\/ro\/wp-json\/wp\/v2\/product_cat?post=8903"},{"taxonomy":"product_tag","embeddable":true,"href":"https:\/\/www.biokari.sk\/ro\/wp-json\/wp\/v2\/product_tag?post=8903"}],"curies":[{"name":"wp","href":"https:\/\/api.w.org\/{rel}","templated":true}]}}