{"id":8909,"date":"2025-07-01T14:36:46","date_gmt":"2025-07-01T12:36:46","guid":{"rendered":"https:\/\/www.biokari.sk\/produkt\/gyorgytea-cakanka-obycajna-50g\/"},"modified":"2026-04-27T19:02:06","modified_gmt":"2026-04-27T17:02:06","slug":"gyorgytea-cakanka-obycajna-50g","status":"publish","type":"product","link":"https:\/\/www.biokari.sk\/ro\/produs\/gyorgytea-cakanka-obycajna-50g\/","title":{"rendered":"Gy\u00f6rgytea \u010cakanka oby\u010dajn\u00e1 50g"},"content":{"rendered":"<div class=\"flex max-w-full flex-col grow\">\n<div class=\"min-h-8 text-message relative flex w-full flex-col items-end gap-2 text-start break-words whitespace-normal [.text-message+&amp;]:mt-1\" dir=\"auto\" data-message-author-role=\"assistant\" data-message-id=\"846dfde8-73aa-42f2-a892-dd496f7c2c74\" data-message-model-slug=\"gpt-5\">\n<div class=\"flex w-full flex-col gap-1 empty:hidden first:pt-[1px]\">\n<div class=\"markdown prose dark:prose-invert w-full break-words light markdown-new-styling\">\n<p data-start=\"48\" data-end=\"265\">\u010caj z \u010dakanky oby\u010dajnej je tradi\u010dne zn\u00e1my svoj\u00edm <strong data-start=\"97\" data-end=\"149\">podporuj\u00facim \u00fa\u010dinkom na tr\u00e1venie, pe\u010de\u0148 a \u017el\u010dn\u00edk<\/strong>. Jemn\u00fdm sp\u00f4sobom napom\u00e1ha l\u00e1tkovej v\u00fdmene, prispieva k detoxik\u00e1cii organizmu a podporuje tvorbu tr\u00e1viacich \u0161tiav.<\/p>\n<p data-start=\"267\" data-end=\"427\"><strong data-start=\"267\" data-end=\"280\">Preg\u0103tire: <\/strong>Jednu <strong data-start=\"289\" data-end=\"326\">kopcovit\u00fa polievkov\u00fa ly\u017eicu (3 g)<\/strong> \u010dajoviny varte v <strong data-start=\"344\" data-end=\"359\">2,5 dl vody<\/strong> po\u010das <strong data-start=\"366\" data-end=\"379\">2\u20133 min\u00fat<\/strong>, potom sce\u010fte. <strong data-start=\"395\" data-end=\"425\">Nepou\u017e\u00edvajte kovov\u00e9 sitko.<\/strong><\/p>\n<p data-start=\"429\" data-end=\"578\"><strong data-start=\"429\" data-end=\"442\">Utilizare: <\/strong>\u010caj pite <strong data-start=\"454\" data-end=\"471\">r\u00e1no, nala\u010dno<\/strong>, <strong data-start=\"473\" data-end=\"500\">bez pridan\u00fdch sladidiel<\/strong>. <strong data-start=\"502\" data-end=\"523\">Jedna \u0161\u00e1lka denne<\/strong> sa odpor\u00fa\u010da <strong data-start=\"536\" data-end=\"548\">k\u00farovito<\/strong>, a\u017e do vymiznutia \u0165a\u017ekost\u00ed.<\/p>\n<p data-start=\"580\" data-end=\"751\"><strong data-start=\"580\" data-end=\"596\">Avertisment: <\/strong><em data-start=\"599\" data-end=\"644\">Po\u010das tehotenstva a doj\u010denia sa neodpor\u00fa\u010da.<\/em><br data-start=\"644\" data-end=\"647\" \/><strong data-start=\"647\" data-end=\"667\">De\u0165om od 6 rokov<\/strong> je mo\u017en\u00e9 pod\u00e1va\u0165 <strong data-start=\"685\" data-end=\"701\">zrieden\u00fd \u010daj<\/strong> (jedna \u010dajov\u00e1 ly\u017ei\u010dka \u010dajoviny na 2,5 dl vody).<\/p>\n<p data-start=\"753\" data-end=\"872\"><strong data-start=\"753\" data-end=\"769\">Depozitare: <\/strong>Po otvoren\u00ed uchov\u00e1vajte <strong data-start=\"796\" data-end=\"816\">la \u00eendem\u00e2na copiilor<\/strong>, na <strong data-start=\"821\" data-end=\"849\">suchom a chladnom mieste<\/strong>, <strong data-start=\"851\" data-end=\"870\">dobre uzavret\u00e9.<\/strong><\/p>\n<p data-start=\"874\" data-end=\"892\" data-is-last-node=\"\" data-is-only-node=\"\"><strong data-start=\"874\" data-end=\"887\">Greutate:<\/strong> 50 g<\/p>\n<\/div>\n<\/div>\n<\/div>\n<\/div>\n<div class=\"z-0 flex min-h-[46px] justify-start\"><\/div>","protected":false},"excerpt":{"rendered":"<p>Ingrediencie:<br \/>\nkvitn\u00faci v\u00fdhonok po\u013en\u00fd Katang (Cichorii herba)<\/p>\n<p>Ako to urob\u00edm?<br \/>\nZarovnan\u00fa polievkov\u00fa ly\u017eicu (3 g) \u010dajovn\u00edka povarte v 2,5 dl vody 2-3 min\u00faty, potom prefiltrujte. Nepou\u017e\u00edvajte kovov\u00fd filter.<\/p>\n<p>Kedy si ho m\u00e1m vzia\u0165?<br \/>\nKonzumujte r\u00e1no nala\u010dno, najlep\u0161ie bez dochucovadiel.<\/p>\n<p>Ako dlho m\u00f4\u017eem pi\u0165?&#8230; <a class=\"more-link\" href=\"#tab-description\">Cite\u0219te mai mult<\/a><\/p>","protected":false},"featured_media":10251,"comment_status":"open","ping_status":"closed","template":"","meta":{"inline_featured_image":false},"product_brand":[274],"product_cat":[148,150,152],"product_tag":[],"class_list":{"0":"post-8909","1":"product","2":"type-product","3":"status-publish","4":"has-post-thumbnail","6":"product_brand-gyorgytea","7":"product_cat-liecive-rastliny","8":"product_cat-chudnutie-liecive-rastliny","9":"product_cat-zaludok-a-crevna-cinnost-liecive-rastliny","11":"first","12":"instock","13":"taxable","14":"shipping-taxable","15":"purchasable","16":"product-type-simple"},"aioseo_notices":[],"_links":{"self":[{"href":"https:\/\/www.biokari.sk\/ro\/wp-json\/wp\/v2\/product\/8909","targetHints":{"allow":["GET"]}}],"collection":[{"href":"https:\/\/www.biokari.sk\/ro\/wp-json\/wp\/v2\/product"}],"about":[{"href":"https:\/\/www.biokari.sk\/ro\/wp-json\/wp\/v2\/types\/product"}],"replies":[{"embeddable":true,"href":"https:\/\/www.biokari.sk\/ro\/wp-json\/wp\/v2\/comments?post=8909"}],"wp:featuredmedia":[{"embeddable":true,"href":"https:\/\/www.biokari.sk\/ro\/wp-json\/wp\/v2\/media\/10251"}],"wp:attachment":[{"href":"https:\/\/www.biokari.sk\/ro\/wp-json\/wp\/v2\/media?parent=8909"}],"wp:term":[{"taxonomy":"product_brand","embeddable":true,"href":"https:\/\/www.biokari.sk\/ro\/wp-json\/wp\/v2\/product_brand?post=8909"},{"taxonomy":"product_cat","embeddable":true,"href":"https:\/\/www.biokari.sk\/ro\/wp-json\/wp\/v2\/product_cat?post=8909"},{"taxonomy":"product_tag","embeddable":true,"href":"https:\/\/www.biokari.sk\/ro\/wp-json\/wp\/v2\/product_tag?post=8909"}],"curies":[{"name":"wp","href":"https:\/\/api.w.org\/{rel}","templated":true}]}}