{"id":8915,"date":"2025-07-01T14:36:47","date_gmt":"2025-07-01T12:36:47","guid":{"rendered":"https:\/\/www.biokari.sk\/produkt\/gal-laktoferin-plus-prasok-120g\/"},"modified":"2026-04-08T19:03:56","modified_gmt":"2026-04-08T17:03:56","slug":"gal-laktoferin-plus-prasok-120g","status":"publish","type":"product","link":"https:\/\/www.biokari.sk\/ro\/produs\/gal-laktoferin-plus-prasok-120g\/","title":{"rendered":"Gal Laktoferin plus pr\u00e1\u0161ok 120g"},"content":{"rendered":"<p data-start=\"0\" data-end=\"566\"><strong data-start=\"0\" data-end=\"80\">Laktorferr\u00edn je bielkovina, ktor\u00e1 rob\u00ed mledzivo (kolostrum) tak\u00fdm hodnotn\u00fdm.<\/strong> Kolostrum v\u0161ak obsahuje aj mno\u017estvo ne\u017eiaducich rastov\u00fdch faktorov (napr. IGF-1), mlie\u010dnych bielkov\u00edn, mlie\u010dneho cukru a horm\u00f3nov. <strong data-start=\"212\" data-end=\"236\">GAL Laktoferrin Plus<\/strong> je v\u0161ak od t\u00fdchto l\u00e1tok <strong data-start=\"261\" data-end=\"279\">\u00faplne o\u010disten\u00fd<\/strong> (len stopy mlie\u010dnych bielkov\u00edn sa m\u00f4\u017eu vyskytn\u00fa\u0165). Obsahuje v\u0161etky tri typy laktorferr\u00ednu, ktor\u00e9 sa prirodzene nach\u00e1dzaj\u00fa v kolostre, av\u0161ak <strong data-start=\"420\" data-end=\"449\">preva\u017ene apo-laktorferr\u00edn<\/strong>, ktor\u00fd je z nich najcennej\u0161\u00ed. Tento produkt bol vyvinut\u00fd <strong data-start=\"507\" data-end=\"563\">v spolupr\u00e1ci s odborn\u00fdm t\u00edmom T\u00e1pl\u00e1lkoz\u00e1s-Be\u00e1ll\u00edt\u00e1s\u2122<\/strong>.<\/p>\n<p data-start=\"568\" data-end=\"966\"><strong data-start=\"568\" data-end=\"583\">Dozaj:<\/strong> Produkt obsahuje nerozpustn\u00fa <strong data-start=\"613\" data-end=\"635\">bambusov\u00fa vl\u00e1kninu<\/strong>, preto ho po pribli\u017ene polmin\u00fatovom mie\u0161an\u00ed <strong data-start=\"680\" data-end=\"701\">vypite \u010do najsk\u00f4r<\/strong>. Pri be\u017enom pou\u017e\u00edvan\u00ed sa odpor\u00fa\u010da <strong data-start=\"736\" data-end=\"772\">2\u20134\u2009g denne (1\u20132 \u010dajov\u00e9 ly\u017ei\u010dky)<\/strong>. Pri k\u00fare po\u010das 1\u20132 t\u00fd\u017ed\u0148ov <strong data-start=\"801\" data-end=\"820\">3\u00d7 denne po 4\u2009g<\/strong>. D\u00e1vky nad 12\u2009g m\u00f4\u017eu sp\u00f4sobi\u0165 <strong data-start=\"851\" data-end=\"868\">miernu hna\u010dku<\/strong>! De\u0165om pod\u00e1vajte <strong data-start=\"886\" data-end=\"919\">v pomere k telesnej hmotnosti<\/strong>, pri\u010dom 60\u2009kg zodpoved\u00e1 d\u00e1vke pre dospel\u00e9ho.<\/p>\n<p data-start=\"968\" data-end=\"1162\"><strong data-start=\"968\" data-end=\"984\">Avertisment:<\/strong> Neprekra\u010dujte odpor\u00fa\u010dan\u00fa denn\u00fa d\u00e1vku! V\u00fd\u017eivov\u00fd doplnok <strong data-start=\"1040\" data-end=\"1103\">nenahr\u00e1dza vyv\u00e1\u017een\u00fa a pestr\u00fa stravu ani zdrav\u00fd \u017eivotn\u00fd \u0161t\u00fdl<\/strong>. Uchov\u00e1vajte <strong data-start=\"1117\" data-end=\"1137\">la \u00eendem\u00e2na copiilor<\/strong>.<br data-start=\"1138\" data-end=\"1141\" \/><strong data-start=\"1141\" data-end=\"1154\">Greutate:<\/strong> 120\u2009g<\/p>\n<p data-start=\"1164\" data-end=\"1572\"><strong data-start=\"1164\" data-end=\"1211\">Kedy sa oplat\u00ed zvoli\u0165 GAL Laktoferrin Plus:<\/strong> Laktorferr\u00edn sa pod\u013ea viacer\u00fdch vedeck\u00fdch \u0161t\u00fadi\u00ed uk\u00e1zal ako <strong data-start=\"1272\" data-end=\"1336\">\u00fa\u010dinn\u00fd pri v\u00edrusov\u00fdch, bakteri\u00e1lnych a ples\u0148ov\u00fdch infekci\u00e1ch<\/strong> a pri <strong data-start=\"1343\" data-end=\"1387\">zlep\u0161ovan\u00ed z\u00e1sobovania organizmu \u017eelezom<\/strong>. Produkt odpor\u00fa\u010dame v t\u00fdchto pr\u00edpadoch:<br data-start=\"1427\" data-end=\"1430\" \/>\u2013 K\u00farovito pri lie\u010dbe infekci\u00ed.<br data-start=\"1461\" data-end=\"1464\" \/>\u2013 Na prevenciu ochoren\u00ed po\u010das obdobia respira\u010dn\u00fdch infekci\u00ed.<br data-start=\"1524\" data-end=\"1527\" \/>\u2013 Na zlep\u0161enie z\u00e1sobenia organizmu \u017eelezom.<\/p>\n<p data-start=\"1574\" data-end=\"1983\"><strong data-start=\"1574\" data-end=\"1600\">\u010co je to laktorferr\u00edn:<\/strong> Laktorferr\u00edn je bielkovina, ktor\u00e1 rob\u00ed mledzivo tak\u00e9 hodnotn\u00e9. To v\u0161ak obsahuje aj ne\u017eelan\u00e9 rastov\u00e9 faktory, mlie\u010dne bielkoviny, mlie\u010dny cukor a horm\u00f3ny, od ktor\u00fdch je <strong data-start=\"1769\" data-end=\"1807\">GAL Laktoferrin Plus \u00faplne zbaven\u00fd<\/strong> (len stopy mlie\u010dnych bielkov\u00edn sa m\u00f4\u017eu vyskytn\u00fa\u0165). Obsahuje v\u0161etky tri prirodzene sa vyskytuj\u00face formy laktorferr\u00ednu, no <strong data-start=\"1929\" data-end=\"1958\">preva\u017ene apo-laktorferr\u00edn<\/strong>, ktor\u00fd je najcennej\u0161\u00ed.<\/p>\n<p data-start=\"1985\" data-end=\"2238\"><strong data-start=\"1985\" data-end=\"2038\">Dve mimoriadne u\u017eito\u010dn\u00e9 zlo\u017eky matersk\u00e9ho mlieka:<\/strong> Matersk\u00e9 mlieko je jedine\u010dn\u00fd \u201evyn\u00e1lez\u201c pr\u00edrody. Obsahuje l\u00e1tky nevyhnutn\u00e9 pre <strong data-start=\"2117\" data-end=\"2174\">tvorbu \u010drevnej mikrofl\u00f3ry a rozvoj imunitn\u00e9ho syst\u00e9mu<\/strong>, pri\u010dom z\u00e1rove\u0148 poskytuje <strong data-start=\"2201\" data-end=\"2235\">v\u0161etky makro- a mikronutrienty<\/strong>.<\/p>\n<p data-start=\"2240\" data-end=\"2646\">Vo vode rozpustn\u00e9 <strong data-start=\"2258\" data-end=\"2289\">vl\u00e1kniny v materskom mlieku<\/strong> podporuj\u00fa \u010drevn\u00fa mikrofl\u00f3ru aj imunitu \u2013 tieto l\u00e1tky s\u00fa obsiahnut\u00e9 v na\u0161om produkte <strong data-start=\"2374\" data-end=\"2400\">GAL Fl\u00f3ra rost-komplex<\/strong>. \u010eal\u0161ou d\u00f4le\u017eitou zlo\u017ekou mlieka je <strong data-start=\"2437\" data-end=\"2453\">laktorferr\u00edn<\/strong>, ktor\u00fd m\u00e1 <strong data-start=\"2464\" data-end=\"2526\">siln\u00e9 antibakteri\u00e1lne, antiv\u00edrusov\u00e9 a protiples\u0148ov\u00e9 \u00fa\u010dinky<\/strong>, rozklad\u00e1 <strong data-start=\"2537\" data-end=\"2549\">biofilmy<\/strong> a t\u00fdm podporuje \u010drevn\u00fa mikrofl\u00f3ru v spolupr\u00e1ci s <strong data-start=\"2599\" data-end=\"2625\">prebiotick\u00fdmi vl\u00e1knami<\/strong> matersk\u00e9ho mlieka.<\/p>\n<p data-start=\"2648\" data-end=\"2964\"><strong data-start=\"2648\" data-end=\"2707\">V kolostre sa laktorferr\u00edn nach\u00e1dza vo ve\u013ekom mno\u017estve,<\/strong> preto\u017ee pr\u00e1ve vtedy potrebuje novorodenec <strong data-start=\"2750\" data-end=\"2774\">najsilnej\u0161iu ochranu<\/strong> \u2013 ke\u010f sa prv\u00fdkr\u00e1t stret\u00e1va s vonkaj\u0161\u00edm svetom. Laktorferr\u00edn existuje v troch form\u00e1ch pod\u013ea obsahu \u017eeleza: <strong data-start=\"2881\" data-end=\"2914\">apo-laktorferr\u00edn (bez \u017eeleza)<\/strong> je najsilnej\u0161\u00ed, no v\u0161etky tri typy s\u00fa d\u00f4le\u017eit\u00e9.<\/p>\n<p data-start=\"2966\" data-end=\"3505\"><strong data-start=\"2966\" data-end=\"3000\">Zlo\u017eenie GAL Laktoferrin Plus:<\/strong> Produkt obsahuje <strong data-start=\"3018\" data-end=\"3080\">takmer 100 % \u010dist\u00fd mlie\u010dny extrakt s obsahom laktorferr\u00ednu<\/strong>, \u010do zaru\u010duje, \u017ee m\u00e1 <strong data-start=\"3101\" data-end=\"3154\">takmer nulov\u00fd obsah mlie\u010dnych bielkov\u00edn a lakt\u00f3zy<\/strong>. V\u010faka \u0161etrn\u00e9mu spracovaniu zost\u00e1vaj\u00fa <strong data-start=\"3193\" data-end=\"3237\">v\u0161etky tri typy laktorferr\u00ednu neporu\u0161en\u00e9<\/strong>, s v\u00fdraznou prevahou <strong data-start=\"3259\" data-end=\"3280\">apo-laktorferr\u00ednu<\/strong>. Tento extrakt sa mie\u0161a s <strong data-start=\"3307\" data-end=\"3357\">glyc\u00ednom a mikronizovanou bambusovou vl\u00e1kninou<\/strong>, \u010do zlep\u0161uje chu\u0165 a rozpustnos\u0165. <strong data-start=\"3391\" data-end=\"3401\">Glyc\u00edn<\/strong> m\u00e1 viacer\u00e9 pozit\u00edvne \u00fa\u010dinky, dod\u00e1va <strong data-start=\"3438\" data-end=\"3459\">jemne sladk\u00fa chu\u0165<\/strong> a zni\u017euje prirodzen\u00fa trpkos\u0165 laktorferr\u00ednu.<\/p>\n<p data-start=\"3507\" data-end=\"3724\"><strong data-start=\"3507\" data-end=\"3537\">Zatia\u013e \u010do mlie\u010dna vl\u00e1knina<\/strong> pom\u00e1ha najm\u00e4 \u010drevnej mikrofl\u00f3re a odpor\u00fa\u010da sa na dlhodob\u00e9, ka\u017edodenn\u00e9 u\u017e\u00edvanie, <strong data-start=\"3618\" data-end=\"3634\">laktorferr\u00edn<\/strong> je najviac prospe\u0161n\u00fd <strong data-start=\"3656\" data-end=\"3674\">po\u010das infekci\u00ed<\/strong>, kde zohr\u00e1va \u00falohu <strong data-start=\"3694\" data-end=\"3721\">v lie\u010dbe aj v prevencii<\/strong>.<\/p>\n<p data-start=\"3726\" data-end=\"4095\"><strong data-start=\"3726\" data-end=\"3796\">Laktorferr\u00edn \u2013 bezpe\u010dn\u00fd sp\u00f4sob dop\u013a\u0148ania \u017eeleza po\u010das tehotenstva:<\/strong> Po\u010das tehotenstva trp\u00ed <strong data-start=\"3820\" data-end=\"3855\">a\u017e 25 % \u017eien nedostatkom \u017eeleza<\/strong>. Priame dop\u013a\u0148anie \u017eeleza m\u00f4\u017ee by\u0165 pre plod <strong data-start=\"3899\" data-end=\"3911\">rizikov\u00e9<\/strong>, no jeho nedostatok u matky je takisto probl\u00e9m. <strong data-start=\"3960\" data-end=\"3976\">Laktorferr\u00edn<\/strong> predstavuje <strong data-start=\"3989\" data-end=\"4050\">najbezpe\u010dnej\u0161\u00ed sp\u00f4sob, ako vr\u00e1ti\u0165 hladinu \u017eeleza do normy<\/strong>, bez ak\u00fdchko\u013evek riz\u00edk pre matku \u010di die\u0165a.<\/p>\n<p data-start=\"4097\" data-end=\"4402\">Jeho najv\u00e4\u010d\u0161ou v\u00fdhodou je, \u017ee <strong data-start=\"4127\" data-end=\"4188\">zabra\u0148uje \u0161kodliv\u00fdm bakt\u00e9ri\u00e1m a patog\u00e9nom vyu\u017e\u00edva\u0165 \u017eelezo<\/strong>, ktor\u00e9 potrebuj\u00fa na svoje mno\u017eenie. <strong data-start=\"4225\" data-end=\"4251\">Antibakteri\u00e1lny \u00fa\u010dinok<\/strong> teda spo\u010d\u00edva v <strong data-start=\"4267\" data-end=\"4287\">odoberan\u00ed \u017eeleza<\/strong> mikroorganizmom. Priame dop\u013a\u0148anie \u017eeleza nie je v\u017edy vhodn\u00e9, preto\u017ee ho vyu\u017e\u00edvaj\u00fa aj patog\u00e9nne bakt\u00e9rie v \u010dreve.<\/p>\n<p data-start=\"4404\" data-end=\"4983\"><strong data-start=\"4404\" data-end=\"4434\">V\u00fdsledky vedeck\u00fdch \u0161t\u00fadi\u00ed:<\/strong><br data-start=\"4434\" data-end=\"4437\" \/>V roku <strong data-start=\"4444\" data-end=\"4452\">2014<\/strong> bola publikovan\u00e1 \u0161t\u00fadia, ktor\u00e1 potvrdila, \u017ee <strong data-start=\"4498\" data-end=\"4529\">aj mal\u00e9 d\u00e1vky laktorferr\u00ednu<\/strong> v\u00fdrazne <strong data-start=\"4538\" data-end=\"4564\">zvy\u0161uj\u00fa hladinu \u017eeleza<\/strong> v tele \u2013 <strong data-start=\"4574\" data-end=\"4620\">efekt\u00edvnej\u0161ie ako samotn\u00e9 dop\u013a\u0148anie \u017eeleza<\/strong>. U tehotn\u00fdch \u017eien, ktor\u00e9 u\u017e\u00edvali laktorferr\u00edn, <strong data-start=\"4668\" data-end=\"4691\">klesla hodnota IL-6<\/strong> (marker z\u00e1palu), zatia\u013e \u010do u t\u00fdch, ktor\u00e9 dost\u00e1vali \u017eelezo, <strong data-start=\"4751\" data-end=\"4763\">vzr\u00e1stla<\/strong>. E\u0161te d\u00f4le\u017eitej\u0161ie je, \u017ee <strong data-start=\"4790\" data-end=\"4853\">u \u017eien u\u017e\u00edvaj\u00facich laktorferr\u00edn sa nevyskytol \u017eiadny potrat<\/strong>, zatia\u013e \u010do <strong data-start=\"4865\" data-end=\"4920\">v skupine s dop\u013a\u0148an\u00edm \u017eeleza sa vyskytlo 5 pr\u00edpadov<\/strong> (zo 156 u\u017e\u00edvateliek laktorferr\u00ednu a 139 u\u017e\u00edvateliek \u017eeleza).<\/p>\n<p data-start=\"4985\" data-end=\"5273\" data-is-last-node=\"\" data-is-only-node=\"\"><strong data-start=\"4985\" data-end=\"5006\">O tri roky nesk\u00f4r<\/strong> bola publikovan\u00e1 <strong data-start=\"5024\" data-end=\"5054\">metaanal\u00fdza \u0161tyroch \u0161t\u00fadi\u00ed<\/strong> porovn\u00e1vaj\u00facich laktorferr\u00edn a s\u00edran \u017eeleznat\u00fd. V\u00fdsledky potvrdili, \u017ee <strong data-start=\"5126\" data-end=\"5209\">laktorferr\u00edn \u00fa\u010dinnej\u0161ie zvy\u0161uje hladinu hemoglob\u00ednu, ferit\u00ednu a s\u00e9rov\u00e9ho \u017eeleza<\/strong> ne\u017e samotn\u00e9 \u017eelezo a z\u00e1rove\u0148 <strong data-start=\"5239\" data-end=\"5272\">nesp\u00f4sobuje tr\u00e1viace \u0165a\u017ekosti<\/strong>.<\/p>\n<p data-start=\"4985\" data-end=\"5273\" data-is-last-node=\"\" data-is-only-node=\"\"><strong>Greutate:<\/strong> 120g<\/p>","protected":false},"excerpt":{"rendered":"<p>GAL Laktoferrin Plus predstavuje univerz\u00e1lny doplnok stravy, ktor\u00fd v sebe sp\u00e1ja silu laktofer\u00ednu s pridan\u00fdmi benefitmi pre va\u0161e zdravie. Laktofer\u00edn, zn\u00e1my svojimi imunostimula\u010dn\u00fdmi vlastnos\u0165ami, je doplnen\u00fd o glyc\u00edn a mikronizovan\u00e9 bambusov\u00e9 vl\u00e1kno, \u010d\u00edm vytv\u00e1ra produkt, ktor\u00fd je nielen \u00fa\u010dinn\u00fd, ale&#8230; <a class=\"more-link\" href=\"#tab-description\">Cite\u0219te mai mult<\/a><\/p>","protected":false},"featured_media":10198,"comment_status":"open","ping_status":"closed","template":"","meta":{"inline_featured_image":false},"product_brand":[113],"product_cat":[69],"product_tag":[],"class_list":{"0":"post-8915","1":"product","2":"type-product","3":"status-publish","4":"has-post-thumbnail","6":"product_brand-gal","7":"product_cat-vyzivove-doplnky","9":"first","10":"instock","11":"taxable","12":"shipping-taxable","13":"purchasable","14":"product-type-simple"},"aioseo_notices":[],"_links":{"self":[{"href":"https:\/\/www.biokari.sk\/ro\/wp-json\/wp\/v2\/product\/8915","targetHints":{"allow":["GET"]}}],"collection":[{"href":"https:\/\/www.biokari.sk\/ro\/wp-json\/wp\/v2\/product"}],"about":[{"href":"https:\/\/www.biokari.sk\/ro\/wp-json\/wp\/v2\/types\/product"}],"replies":[{"embeddable":true,"href":"https:\/\/www.biokari.sk\/ro\/wp-json\/wp\/v2\/comments?post=8915"}],"wp:featuredmedia":[{"embeddable":true,"href":"https:\/\/www.biokari.sk\/ro\/wp-json\/wp\/v2\/media\/10198"}],"wp:attachment":[{"href":"https:\/\/www.biokari.sk\/ro\/wp-json\/wp\/v2\/media?parent=8915"}],"wp:term":[{"taxonomy":"product_brand","embeddable":true,"href":"https:\/\/www.biokari.sk\/ro\/wp-json\/wp\/v2\/product_brand?post=8915"},{"taxonomy":"product_cat","embeddable":true,"href":"https:\/\/www.biokari.sk\/ro\/wp-json\/wp\/v2\/product_cat?post=8915"},{"taxonomy":"product_tag","embeddable":true,"href":"https:\/\/www.biokari.sk\/ro\/wp-json\/wp\/v2\/product_tag?post=8915"}],"curies":[{"name":"wp","href":"https:\/\/api.w.org\/{rel}","templated":true}]}}