{"id":8923,"date":"2025-07-01T14:36:49","date_gmt":"2025-07-01T12:36:49","guid":{"rendered":"https:\/\/www.biokari.sk\/produkt\/gyorgytea-materina-duska-50g\/"},"modified":"2026-04-27T19:02:06","modified_gmt":"2026-04-27T17:02:06","slug":"gyorgytea-materina-duska-50g","status":"publish","type":"product","link":"https:\/\/www.biokari.sk\/ro\/produs\/gyorgytea-materina-duska-50g\/","title":{"rendered":"Gy\u00f6rgytea Materina d\u00fa\u0161ka 50g"},"content":{"rendered":"<p data-start=\"56\" data-end=\"221\">Jednu zarovnan\u00fa polievkov\u00fa ly\u017eicu (3 g) \u010dajovej zmesi <strong data-start=\"110\" data-end=\"141\">zalejte 2,5 dl vriacej vody<\/strong>, nechajte l\u00fahova\u0165 <strong data-start=\"160\" data-end=\"172\">15 min\u00fat<\/strong> a potom sce\u010fte. <strong data-start=\"189\" data-end=\"219\">Nepou\u017e\u00edvajte kovov\u00e9 sitko.<\/strong><\/p>\n<p data-start=\"223\" data-end=\"335\">\u010caj sa odpor\u00fa\u010da <strong data-start=\"239\" data-end=\"280\">pi\u0165 pred jedlom, najlep\u0161ie bez pr\u00edsad<\/strong>.<br data-start=\"281\" data-end=\"284\" \/>M\u00f4\u017ee sa <strong data-start=\"292\" data-end=\"308\">pi\u0165 dlhodobo<\/strong>, denne <strong data-start=\"316\" data-end=\"332\">1 a\u017e 3 \u0161\u00e1lky<\/strong>.<\/p>\n<p data-start=\"337\" data-end=\"521\"><strong data-start=\"337\" data-end=\"363\">Pre doj\u010dat\u00e1 do 2 rokov<\/strong> sa odpor\u00fa\u010da <strong data-start=\"376\" data-end=\"418\">iba na vonkaj\u0161ie pou\u017eitie \u2013 do k\u00fape\u013ea.<\/strong><br data-start=\"418\" data-end=\"421\" \/><strong data-start=\"421\" data-end=\"435\">Od 2 rokov<\/strong> mo\u017eno \u010daj pod\u00e1va\u0165 <strong data-start=\"454\" data-end=\"475\">v zriedenej forme<\/strong> (1 \u010dajov\u00e1 ly\u017ei\u010dka \u010dajoviny na 2,5 dl vody).<\/p>\n<p data-start=\"523\" data-end=\"625\">Po otvoren\u00ed uchov\u00e1vajte <strong data-start=\"547\" data-end=\"578\">na suchom a chladnom mieste<\/strong>, mimo dosahu det\u00ed, obal v\u017edy dobre uzavrite.<\/p>\n<p data-start=\"627\" data-end=\"645\" data-is-last-node=\"\" data-is-only-node=\"\"><strong data-start=\"627\" data-end=\"640\">Greutate:<\/strong> 50 g<\/p>","protected":false},"excerpt":{"rendered":"<p>D\u00fa\u0161ka materina<br \/>\n(Thymus serpyllum)<\/p>\n<p>Priazniv\u00e9 \u00fa\u010dinky<\/p>\n<p>Zmier\u0148uje ka\u0161e\u013e, podporuje vyka\u0161liavanie. Lie\u010div\u00fd \u010daj s dezinfek\u010dn\u00fdm \u00fa\u010dinkom, ktor\u00fd podporuje imunitn\u00fd syst\u00e9m. P\u00f4sob\u00ed priaznivo pri ka\u0161li, z\u00e1paloch \u00fastnej dutiny a d\u00fdchac\u00edch ciest. Zlep\u0161uje chu\u0165 do jedla, pom\u00e1ha pri probl\u00e9moch s nafukovan\u00edm, podp&#8230; <a class=\"more-link\" href=\"#tab-description\">Cite\u0219te mai mult<\/a><\/p>","protected":false},"featured_media":10336,"comment_status":"open","ping_status":"closed","template":"","meta":{"inline_featured_image":false},"product_brand":[274],"product_cat":[69,144,140],"product_tag":[],"class_list":{"0":"post-8923","1":"product","2":"type-product","3":"status-publish","4":"has-post-thumbnail","6":"product_brand-gyorgytea","7":"product_cat-vyzivove-doplnky","8":"product_cat-dychacie-cesty","9":"product_cat-posilnenie-imunity","11":"first","12":"instock","13":"taxable","14":"shipping-taxable","15":"purchasable","16":"product-type-simple"},"aioseo_notices":[],"_links":{"self":[{"href":"https:\/\/www.biokari.sk\/ro\/wp-json\/wp\/v2\/product\/8923","targetHints":{"allow":["GET"]}}],"collection":[{"href":"https:\/\/www.biokari.sk\/ro\/wp-json\/wp\/v2\/product"}],"about":[{"href":"https:\/\/www.biokari.sk\/ro\/wp-json\/wp\/v2\/types\/product"}],"replies":[{"embeddable":true,"href":"https:\/\/www.biokari.sk\/ro\/wp-json\/wp\/v2\/comments?post=8923"}],"wp:featuredmedia":[{"embeddable":true,"href":"https:\/\/www.biokari.sk\/ro\/wp-json\/wp\/v2\/media\/10336"}],"wp:attachment":[{"href":"https:\/\/www.biokari.sk\/ro\/wp-json\/wp\/v2\/media?parent=8923"}],"wp:term":[{"taxonomy":"product_brand","embeddable":true,"href":"https:\/\/www.biokari.sk\/ro\/wp-json\/wp\/v2\/product_brand?post=8923"},{"taxonomy":"product_cat","embeddable":true,"href":"https:\/\/www.biokari.sk\/ro\/wp-json\/wp\/v2\/product_cat?post=8923"},{"taxonomy":"product_tag","embeddable":true,"href":"https:\/\/www.biokari.sk\/ro\/wp-json\/wp\/v2\/product_tag?post=8923"}],"curies":[{"name":"wp","href":"https:\/\/api.w.org\/{rel}","templated":true}]}}