{"id":8925,"date":"2025-07-01T14:36:49","date_gmt":"2025-07-01T12:36:49","guid":{"rendered":"https:\/\/www.biokari.sk\/produkt\/dia-wellness-diabeticka-zmes-muky-na-pecenie-1000g\/"},"modified":"2026-04-24T19:06:35","modified_gmt":"2026-04-24T17:06:35","slug":"dia-wellness-diabeticka-zmes-muky-na-pecenie-1000g","status":"publish","type":"product","link":"https:\/\/www.biokari.sk\/ro\/produs\/dia-wellness-diabeticka-zmes-muky-na-pecenie-1000g\/","title":{"rendered":"Dia-Wellness Diabetick\u00e1 zmes m\u00faky na pe\u010denie 1000g"},"content":{"rendered":"<p data-start=\"0\" data-end=\"236\"><strong data-start=\"0\" data-end=\"23\">Bohat\u00fd na vl\u00e1kninu. <\/strong><strong data-start=\"26\" data-end=\"46\">Zdroj bielkov\u00edn.<\/strong><br data-start=\"46\" data-end=\"49\" \/>Konzum\u00e1cia p\u0161eni\u010dn\u00fdch otr\u00fab prispieva k zv\u00fd\u0161eniu objemu stolice.<br data-start=\"113\" data-end=\"116\" \/>Bielkoviny prispievaj\u00fa k udr\u017eaniu norm\u00e1lneho stavu kost\u00ed.<br data-start=\"173\" data-end=\"176\" \/>Mo\u017eno pou\u017ei\u0165 samostatne alebo na be\u017en\u00e9 kuchynsk\u00e9 pou\u017eitie.<\/p>\n<p data-start=\"238\" data-end=\"518\"><strong data-start=\"238\" data-end=\"251\">Compozi\u021bie: <\/strong>P\u0161eni\u010dn\u00e1 m\u00faka, p\u0161eni\u010dn\u00fd prote\u00edn, vl\u00e1knina, vl\u00e1knina, ovsen\u00e1 m\u00faka, rezistentn\u00fd \u0161krob, mlie\u010dny prote\u00edn, p\u0161eni\u010dn\u00e9 otruby, rastlinn\u00fd olej (repkov\u00fd), kyselina mlie\u010dna, emulg\u00e1tor: E 471, zahus\u0165ovadl\u00e1: guarov\u00e1 guma, pekt\u00edn, zlep\u0161ovadlo m\u00faky: kyselina askorbov\u00e1, enz\u00fdmy.<\/p>\n<p data-start=\"238\" data-end=\"518\">Priemern\u00e9 v\u00fd\u017eivov\u00e9 hodnoty v 100 g v\u00fdrobku:<br data-start=\"584\" data-end=\"587\" \/>Energia: 1401 kJ \/ 333 kcal<br data-start=\"614\" data-end=\"617\" \/>Tuky: 2,1 g<br data-start=\"628\" data-end=\"631\" \/>\u2013 z toho nas\u00fdten\u00e9 mastn\u00e9 kyseliny: 0,4 g<br data-start=\"671\" data-end=\"674\" \/>Sacharidy: 56,0 g<br data-start=\"691\" data-end=\"694\" \/>\u2013 z toho cukry: 0,6 g<br data-start=\"715\" data-end=\"718\" \/>Vl\u00e1knina: 18,5 g<br data-start=\"734\" data-end=\"737\" \/>Bielkoviny: 18,4 g<br data-start=\"755\" data-end=\"758\" \/>So\u013e: 0,06 g<\/p>\n<p data-start=\"773\" data-end=\"854\" data-is-last-node=\"\" data-is-only-node=\"\"><strong data-start=\"773\" data-end=\"789\">Avertismente: <\/strong>Dbajte na vyv\u00e1\u017een\u00fa a pestr\u00fa stravu!<br data-start=\"827\" data-end=\"830\" \/>Alerg\u00e9ny: lepok, mlieko.<br \/><strong>Greutate:<\/strong> 1000g<\/p>\n\n\n<p><\/p>","protected":false},"excerpt":{"rendered":"<p>Scurt\u0103 descriere<\/p>\n<p>T\u00e1to m\u00fa\u010dna zmes so zn\u00ed\u017een\u00fdm obsahom sacharidov (bez palmov\u00e9ho oleja) je \u0161peci\u00e1lne vyvinut\u00e1 pre diabetikov, osoby na reduk\u010dnej di\u00e9te alebo pre kohoko\u013evek, kto chce zdrav\u0161ie pe\u010denie. Je bohat\u00e1 na vl\u00e1kninu a bielkoviny, pri\u010dom v\u00fdrazne obmedzuje glykemick\u00fd index oproti be\u017enej m\u00fake?<\/p>\n<p>Zlo\u017een&#8230; <a class=\"more-link\" href=\"#tab-description\">Cite\u0219te mai mult<\/a><\/p>","protected":false},"featured_media":0,"comment_status":"open","ping_status":"closed","template":"","meta":{"inline_featured_image":false},"product_brand":[],"product_cat":[19],"product_tag":[],"class_list":{"0":"post-8925","1":"product","2":"type-product","3":"status-publish","5":"product_cat-ostatne","7":"first","8":"instock","9":"taxable","10":"shipping-taxable","11":"purchasable","12":"product-type-simple"},"aioseo_notices":[],"_links":{"self":[{"href":"https:\/\/www.biokari.sk\/ro\/wp-json\/wp\/v2\/product\/8925","targetHints":{"allow":["GET"]}}],"collection":[{"href":"https:\/\/www.biokari.sk\/ro\/wp-json\/wp\/v2\/product"}],"about":[{"href":"https:\/\/www.biokari.sk\/ro\/wp-json\/wp\/v2\/types\/product"}],"replies":[{"embeddable":true,"href":"https:\/\/www.biokari.sk\/ro\/wp-json\/wp\/v2\/comments?post=8925"}],"wp:attachment":[{"href":"https:\/\/www.biokari.sk\/ro\/wp-json\/wp\/v2\/media?parent=8925"}],"wp:term":[{"taxonomy":"product_brand","embeddable":true,"href":"https:\/\/www.biokari.sk\/ro\/wp-json\/wp\/v2\/product_brand?post=8925"},{"taxonomy":"product_cat","embeddable":true,"href":"https:\/\/www.biokari.sk\/ro\/wp-json\/wp\/v2\/product_cat?post=8925"},{"taxonomy":"product_tag","embeddable":true,"href":"https:\/\/www.biokari.sk\/ro\/wp-json\/wp\/v2\/product_tag?post=8925"}],"curies":[{"name":"wp","href":"https:\/\/api.w.org\/{rel}","templated":true}]}}