{"id":8931,"date":"2025-07-01T14:36:50","date_gmt":"2025-07-01T12:36:50","guid":{"rendered":"https:\/\/www.biokari.sk\/produkt\/gyorgytea-cajova-zmes-materina-duska-50g\/"},"modified":"2026-04-29T19:03:13","modified_gmt":"2026-04-29T17:03:13","slug":"gyorgytea-cajova-zmes-materina-duska-50g","status":"publish","type":"product","link":"https:\/\/www.biokari.sk\/ro\/produs\/gyorgytea-cajova-zmes-materina-duska-50g\/","title":{"rendered":"Gy\u00f6rgytea \u010cajov\u00e1 zmes &#8211; Materina d\u00fa\u0161ka 50g"},"content":{"rendered":"<p data-start=\"240\" data-end=\"397\">Bylinn\u00e1 zmes podporuj\u00faca d\u00fdchacie cesty, tr\u00e1venie a imunitn\u00fd syst\u00e9m. Obsahuje starostlivo vybran\u00e9 lie\u010div\u00e9 rastliny s osvie\u017euj\u00facim a protiz\u00e1palov\u00fdm \u00fa\u010dinkom.<\/p>\n<p data-start=\"399\" data-end=\"548\"><strong data-start=\"399\" data-end=\"412\">Compozi\u021bie:<\/strong> v\u0148a\u0165 tymianu oby\u010dajn\u00e9ho (30 %), v\u0148a\u0165 m\u00e4ty klasnatej, v\u0148a\u0165 pamajor\u00e1nu oby\u010dajn\u00e9ho, v\u0148a\u0165 rep\u00edka lek\u00e1rskeho, list skorocelu kopijovit\u00e9ho.<\/p>\n<p data-start=\"550\" data-end=\"724\"><strong data-start=\"550\" data-end=\"563\">Preg\u0103tire:<\/strong> Jednu zarovnan\u00fa polievkov\u00fa ly\u017eicu (cca 3 g) \u010dajovej zmesi zalejte 2,5 dl vriacej vody, nechajte 15 min\u00fat l\u00fahova\u0165 a potom precedte (nepou\u017e\u00edvajte kovov\u00e9 sitko).<\/p>\n<p data-start=\"726\" data-end=\"902\"><strong data-start=\"726\" data-end=\"746\">Sp\u00f4sob u\u017e\u00edvania:<\/strong> \u010caj sa pije pred jedlom, najlep\u0161ie bez pr\u00edchute. Na prevenciu sa odpor\u00fa\u010da 2\u20133 \u0161\u00e1lky t\u00fd\u017edenne. K\u00farovito mo\u017eno pi\u0165 3 \u0161\u00e1lky denne a\u017e do vymiznutia \u0165a\u017ekost\u00ed.<\/p>\n<p data-start=\"904\" data-end=\"1092\"><strong data-start=\"904\" data-end=\"920\">Avertisment:<\/strong> Nevhodn\u00e9 po\u010das tehotenstva a doj\u010denia. Deti od 3 rokov m\u00f4\u017eu \u010daj bezpe\u010dne u\u017e\u00edva\u0165. Po otvoren\u00ed uchov\u00e1vajte mimo dosahu det\u00ed, na suchom a chladnom mieste, dobre uzatvoren\u00e9.<\/p>\n<p data-start=\"1094\" data-end=\"1114\"><strong data-start=\"1094\" data-end=\"1107\">Greutate:<\/strong> 50 g<\/p>","protected":false},"excerpt":{"rendered":"<p>Posil\u0148ova\u010d imunity<br \/>\nIngrediencie:<br \/>\nv\u00fdhonok tymi\u00e1nu po\u013en\u00e9ho (30 %), v\u00fdhonok m\u00e4ty strapcovitej, v\u00fdhonok vidlane, v\u00fdhonok lop\u00facha, list skorocelu kopijovit\u00e9ho<\/p>\n<p>Ako to urob\u00edm?<br \/>\nZarovnan\u00fa polievkov\u00fa ly\u017eicu (3 g) \u010dajovn\u00edka povarte s 2,5 dl vody, po 15 min\u00fatach prefiltrujte. Nepou\u017e\u00edvajte kovov\u00fd filter.<\/p>\n<p>Kedy &#8230; <a class=\"more-link\" href=\"#tab-description\">Cite\u0219te mai mult<\/a><\/p>","protected":false},"featured_media":10138,"comment_status":"open","ping_status":"closed","template":"","meta":{"inline_featured_image":false},"product_brand":[274],"product_cat":[148,153,149],"product_tag":[],"class_list":{"0":"post-8931","1":"product","2":"type-product","3":"status-publish","4":"has-post-thumbnail","6":"product_brand-gyorgytea","7":"product_cat-liecive-rastliny","8":"product_cat-dychacie-cesty-liecive-rastliny","9":"product_cat-liecive-rastliny-posilnenie-imunity","11":"first","12":"instock","13":"taxable","14":"shipping-taxable","15":"purchasable","16":"product-type-simple"},"aioseo_notices":[],"_links":{"self":[{"href":"https:\/\/www.biokari.sk\/ro\/wp-json\/wp\/v2\/product\/8931","targetHints":{"allow":["GET"]}}],"collection":[{"href":"https:\/\/www.biokari.sk\/ro\/wp-json\/wp\/v2\/product"}],"about":[{"href":"https:\/\/www.biokari.sk\/ro\/wp-json\/wp\/v2\/types\/product"}],"replies":[{"embeddable":true,"href":"https:\/\/www.biokari.sk\/ro\/wp-json\/wp\/v2\/comments?post=8931"}],"wp:featuredmedia":[{"embeddable":true,"href":"https:\/\/www.biokari.sk\/ro\/wp-json\/wp\/v2\/media\/10138"}],"wp:attachment":[{"href":"https:\/\/www.biokari.sk\/ro\/wp-json\/wp\/v2\/media?parent=8931"}],"wp:term":[{"taxonomy":"product_brand","embeddable":true,"href":"https:\/\/www.biokari.sk\/ro\/wp-json\/wp\/v2\/product_brand?post=8931"},{"taxonomy":"product_cat","embeddable":true,"href":"https:\/\/www.biokari.sk\/ro\/wp-json\/wp\/v2\/product_cat?post=8931"},{"taxonomy":"product_tag","embeddable":true,"href":"https:\/\/www.biokari.sk\/ro\/wp-json\/wp\/v2\/product_tag?post=8931"}],"curies":[{"name":"wp","href":"https:\/\/api.w.org\/{rel}","templated":true}]}}