{"id":8941,"date":"2025-07-01T14:36:52","date_gmt":"2025-07-01T12:36:52","guid":{"rendered":"https:\/\/www.biokari.sk\/produkt\/gyorgytea-cajova-zmes-list-ciernej-ribezle-100g\/"},"modified":"2026-04-27T19:02:06","modified_gmt":"2026-04-27T17:02:06","slug":"gyorgytea-cajova-zmes-list-ciernej-ribezle-100g","status":"publish","type":"product","link":"https:\/\/www.biokari.sk\/ro\/produs\/gyorgytea-cajova-zmes-list-ciernej-ribezle-100g\/","title":{"rendered":"Gy\u00f6rgytea &#8211; \u010cajov\u00e1 zmes &#8211; List \u010diernej ribezle 100g"},"content":{"rendered":"<hr data-start=\"93\" data-end=\"96\" \/>\n<p data-start=\"98\" data-end=\"116\"><strong data-start=\"98\" data-end=\"110\">Balenie:<\/strong> 100 g<\/p>\n<p data-start=\"118\" data-end=\"426\"><strong data-start=\"118\" data-end=\"164\">Bylinn\u00e1 zmes na podporu pohybov\u00e9ho apar\u00e1tu<\/strong><br data-start=\"164\" data-end=\"167\" \/>T\u00e1to \u010dajov\u00e1 zmes obsahuje listy \u010diernych r\u00edbezl\u00ed, brezy, ostru\u017einy a maliny, ktor\u00e9 sa v tradi\u010dnom pou\u017e\u00edvan\u00ed sp\u00e1jaj\u00fa s podporou spr\u00e1vnej funkcie k\u013abov a vylu\u010dovacieho syst\u00e9mu. N\u00e1poj sa m\u00f4\u017ee zaradi\u0165 do be\u017en\u00e9ho pitn\u00e9ho re\u017eimu po\u010das obdobia zv\u00fd\u0161enej z\u00e1\u0165a\u017ee k\u013abov.<\/p>\n<p data-start=\"428\" data-end=\"511\"><strong data-start=\"428\" data-end=\"441\">Compozi\u021bie:<\/strong><br data-start=\"441\" data-end=\"444\" \/>list \u010diernej r\u00edbezle (50%), list ostru\u017einy, list brezy, list maliny<\/p>\n<p data-start=\"513\" data-end=\"657\"><strong data-start=\"513\" data-end=\"526\">Preg\u0103tire:<\/strong><br data-start=\"526\" data-end=\"529\" \/>1 zarovnan\u00fa polievkov\u00fa ly\u017eicu (3 g) zmesi zalia\u0165 2,5 dl vriacej vody, necha\u0165 l\u00fahova\u0165 15 min\u00fat a scedi\u0165. Nepou\u017e\u00edva\u0165 kovov\u00e9 sitko.<\/p>\n<p data-start=\"659\" data-end=\"827\"><strong data-start=\"659\" data-end=\"683\">Odpor\u00fa\u010dan\u00e9 pou\u017eitie:<\/strong><br data-start=\"683\" data-end=\"686\" \/>Na dlhodob\u00fa podporu: 1 \u0161\u00e1lka t\u00fd\u017edenne dopoludnia.<br data-start=\"735\" data-end=\"738\" \/>Pri zv\u00fd\u0161enej potrebe: maxim\u00e1lne 3 \u0161\u00e1lky denne (r\u00e1no, na obed a popoludn\u00ed), pod\u013ea potreby.<\/p>\n<p data-start=\"829\" data-end=\"1122\"><strong data-start=\"829\" data-end=\"845\">Avertismente:<\/strong><br data-start=\"845\" data-end=\"848\" \/>Nevhodn\u00e9 pre tehotn\u00e9 a doj\u010diace \u017eeny.<br data-start=\"885\" data-end=\"888\" \/>De\u0165om od 6 rokov pod\u00e1va\u0165 len <strong data-start=\"917\" data-end=\"937\">v riedenej forme<\/strong> (1 ly\u017eica \u010dajoviny na 2,5 dl vody).<br data-start=\"973\" data-end=\"976\" \/>V\u00fdrobok nie je ur\u010den\u00fd ako n\u00e1hrada pestrej stravy a zdrav\u00e9ho \u017eivotn\u00e9ho \u0161t\u00fdlu. Neprekra\u010dova\u0165 odpor\u00fa\u010dan\u00e9 mno\u017estvo. Uchov\u00e1va\u0165 mimo dosahu mal\u00fdch det\u00ed.<\/p>\n<p data-start=\"1124\" data-end=\"1215\"><strong data-start=\"1124\" data-end=\"1140\">Depozitare:<\/strong><br data-start=\"1140\" data-end=\"1143\" \/>Po otvoren\u00ed uchov\u00e1va\u0165 na suchom a chladnom mieste, starostlivo uzavret\u00e9.<\/p>","protected":false},"excerpt":{"rendered":"<p>\u010caj na k\u013aby<br \/>\nIngrediencie:<br \/>\nlist \u010diernych r\u00edbezl\u00ed (50%), list divokej \u010dernice, list brezy, list divokej maliny<\/p>\n<p>Preg\u0103tire:<br \/>\nZarovnan\u00fa polievkov\u00fa ly\u017eicu (3 g) \u010dajovn\u00edka povarte s 2,5 dl vody, po 15 min\u00fatach prefiltrujte. Nepou\u017e\u00edvajte kovov\u00fd filter.<\/p>\n<p>spotreba:<br \/>\nAko prevenciu konzumujte 1 \u0161\u00e1lku t\u00fd\u017edenne (r\u00e1&#8230; <a class=\"more-link\" href=\"#tab-description\">Cite\u0219te mai mult<\/a><\/p>","protected":false},"featured_media":10443,"comment_status":"open","ping_status":"closed","template":"","meta":{"inline_featured_image":false},"product_brand":[274],"product_cat":[148,155],"product_tag":[],"class_list":{"0":"post-8941","1":"product","2":"type-product","3":"status-publish","4":"has-post-thumbnail","6":"product_brand-gyorgytea","7":"product_cat-liecive-rastliny","8":"product_cat-klby-a-reuma-liecive-rastliny","10":"first","11":"instock","12":"taxable","13":"shipping-taxable","14":"purchasable","15":"product-type-simple"},"aioseo_notices":[],"_links":{"self":[{"href":"https:\/\/www.biokari.sk\/ro\/wp-json\/wp\/v2\/product\/8941","targetHints":{"allow":["GET"]}}],"collection":[{"href":"https:\/\/www.biokari.sk\/ro\/wp-json\/wp\/v2\/product"}],"about":[{"href":"https:\/\/www.biokari.sk\/ro\/wp-json\/wp\/v2\/types\/product"}],"replies":[{"embeddable":true,"href":"https:\/\/www.biokari.sk\/ro\/wp-json\/wp\/v2\/comments?post=8941"}],"wp:featuredmedia":[{"embeddable":true,"href":"https:\/\/www.biokari.sk\/ro\/wp-json\/wp\/v2\/media\/10443"}],"wp:attachment":[{"href":"https:\/\/www.biokari.sk\/ro\/wp-json\/wp\/v2\/media?parent=8941"}],"wp:term":[{"taxonomy":"product_brand","embeddable":true,"href":"https:\/\/www.biokari.sk\/ro\/wp-json\/wp\/v2\/product_brand?post=8941"},{"taxonomy":"product_cat","embeddable":true,"href":"https:\/\/www.biokari.sk\/ro\/wp-json\/wp\/v2\/product_cat?post=8941"},{"taxonomy":"product_tag","embeddable":true,"href":"https:\/\/www.biokari.sk\/ro\/wp-json\/wp\/v2\/product_tag?post=8941"}],"curies":[{"name":"wp","href":"https:\/\/api.w.org\/{rel}","templated":true}]}}