{"id":8949,"date":"2025-07-01T14:36:53","date_gmt":"2025-07-01T12:36:53","guid":{"rendered":"https:\/\/www.biokari.sk\/produkt\/gyorgytea-cajova-zmes-plucnik-lekarsky-100g\/"},"modified":"2026-04-23T19:01:18","modified_gmt":"2026-04-23T17:01:18","slug":"gyorgytea-cajova-zmes-plucnik-lekarsky-100g","status":"publish","type":"product","link":"https:\/\/www.biokari.sk\/ro\/produs\/gyorgytea-cajova-zmes-plucnik-lekarsky-100g\/","title":{"rendered":"Gy\u00f6rgytea \u010cajov\u00e1 zmes &#8211; Pl\u00facn\u00edk lek\u00e1rsky 100g"},"content":{"rendered":"<p data-start=\"96\" data-end=\"292\">Podr\u00e1\u017eden\u00ed sliznice hrdla, \u0161kriaban\u00ed v hrdle, bolestiach hrdla, z\u00e1pale mandl\u00ed, ka\u0161li, z\u00e1pale priedu\u0161iek, astme a ako doplnkov\u00e1 lie\u010dba chronick\u00fdch ochoren\u00ed d\u00fdchac\u00edch ciest.<\/p>\n<p data-start=\"294\" data-end=\"309\"><strong data-start=\"294\" data-end=\"307\">Compozi\u021bie: <\/strong>vachta lek\u00e1rska v\u0148a\u0165, materina d\u00fa\u0161ka v\u0148a\u0165, p\u013e\u00facnik list (12 %), skorocel kopijovit\u00fd list, rebr\u00ed\u010dek oby\u010dajn\u00fd v\u0148a\u0165, zem\u017el\u010d men\u0161\u00ed v\u0148a\u0165, ag\u00e1t biely kvet, necht\u00edk lek\u00e1rsky kvet, divozel ve\u013ekokvet\u00fd korunn\u00fd lupienok, pamajor\u00e1n oby\u010dajn\u00fd v\u0148a\u0165, veronika lek\u00e1rska v\u0148a\u0165<\/p>\n<p data-start=\"603\" data-end=\"742\"><strong data-start=\"603\" data-end=\"616\">Preg\u0103tire: <\/strong>Jednu zarovnan\u00fa polievkov\u00fa ly\u017eicu (3 g) \u010dajovej zmesi zalia\u0165 2,5 dl vriacej vody, necha\u0165 l\u00fahova\u0165 15 min\u00fat a potom scedi\u0165.<\/p>\n<p data-start=\"744\" data-end=\"874\"><strong data-start=\"744\" data-end=\"757\">Utilizare: <\/strong>1 \u0161\u00e1lka denne a\u017e do vymiznutia \u0165a\u017ekost\u00ed, najviac v\u0161ak 3 mesiace. Potom je potrebn\u00e9 zaradi\u0165 4-t\u00fd\u017ed\u0148ov\u00fa prest\u00e1vku.<\/p>\n<p data-start=\"876\" data-end=\"898\"><strong data-start=\"876\" data-end=\"896\">Contraindica\u021bii: <\/strong>Neodpor\u00fa\u010da sa po\u010das tehotenstva a doj\u010denia. Nevhodn\u00e9 pre deti do 12 rokov.<\/p>\n<p data-start=\"983\" data-end=\"1003\"><strong data-start=\"983\" data-end=\"995\">Balenie:<\/strong> 100 g<\/p>","protected":false},"excerpt":{"rendered":"<p>Podr\u00e1\u017eden\u00ed sliznice hrdla, \u0161kriaban\u00ed v hrdle, bolestiach hrdla, z\u00e1pale mandl\u00ed, ka\u0161li, z\u00e1pale priedu\u0161iek, astme a ako doplnkov\u00e1 lie\u010dba chronick\u00fdch ochoren\u00ed d\u00fdchac\u00edch ciest. Zlo\u017eenie: vachta lek\u00e1rska v\u0148a\u0165, materina d\u00fa\u0161ka v\u0148a\u0165, p\u013e\u00facnik list (12 %), skorocel kopijovit\u00fd list, rebr\u00ed\u010dek oby\u010dajn\u00fd v\u0148a\u0165, zem\u017el\u010d men\u0161\u00ed v\u0148a\u0165, ag\u00e1t biely kvet, necht\u00edk lek\u00e1rsky kvet, divozel ve\u013ekokvet\u00fd korunn\u00fd lupienok, pamajor\u00e1n oby\u010dajn\u00fd v\u0148a\u0165, [&hellip;]<\/p>","protected":false},"featured_media":10116,"comment_status":"open","ping_status":"closed","template":"","meta":{"inline_featured_image":false},"product_brand":[274],"product_cat":[148,153,149],"product_tag":[],"class_list":{"0":"post-8949","1":"product","2":"type-product","3":"status-publish","4":"has-post-thumbnail","6":"product_brand-gyorgytea","7":"product_cat-liecive-rastliny","8":"product_cat-dychacie-cesty-liecive-rastliny","9":"product_cat-liecive-rastliny-posilnenie-imunity","11":"first","12":"instock","13":"taxable","14":"shipping-taxable","15":"purchasable","16":"product-type-simple"},"aioseo_notices":[],"_links":{"self":[{"href":"https:\/\/www.biokari.sk\/ro\/wp-json\/wp\/v2\/product\/8949","targetHints":{"allow":["GET"]}}],"collection":[{"href":"https:\/\/www.biokari.sk\/ro\/wp-json\/wp\/v2\/product"}],"about":[{"href":"https:\/\/www.biokari.sk\/ro\/wp-json\/wp\/v2\/types\/product"}],"replies":[{"embeddable":true,"href":"https:\/\/www.biokari.sk\/ro\/wp-json\/wp\/v2\/comments?post=8949"}],"wp:featuredmedia":[{"embeddable":true,"href":"https:\/\/www.biokari.sk\/ro\/wp-json\/wp\/v2\/media\/10116"}],"wp:attachment":[{"href":"https:\/\/www.biokari.sk\/ro\/wp-json\/wp\/v2\/media?parent=8949"}],"wp:term":[{"taxonomy":"product_brand","embeddable":true,"href":"https:\/\/www.biokari.sk\/ro\/wp-json\/wp\/v2\/product_brand?post=8949"},{"taxonomy":"product_cat","embeddable":true,"href":"https:\/\/www.biokari.sk\/ro\/wp-json\/wp\/v2\/product_cat?post=8949"},{"taxonomy":"product_tag","embeddable":true,"href":"https:\/\/www.biokari.sk\/ro\/wp-json\/wp\/v2\/product_tag?post=8949"}],"curies":[{"name":"wp","href":"https:\/\/api.w.org\/{rel}","templated":true}]}}