{"id":8953,"date":"2025-07-01T14:36:54","date_gmt":"2025-07-01T12:36:54","guid":{"rendered":"https:\/\/www.biokari.sk\/produkt\/dia-wellness-diabeticke-cestoviny-hrube-rezance-250g\/"},"modified":"2026-04-24T19:06:35","modified_gmt":"2026-04-24T17:06:35","slug":"dia-wellness-diabeticke-cestoviny-hrube-rezance-250g","status":"publish","type":"product","link":"https:\/\/www.biokari.sk\/ro\/produs\/dia-wellness-diabeticke-cestoviny-hrube-rezance-250g\/","title":{"rendered":"Dia-wellness Diabetick\u00e9 cestoviny &#8211; Hrub\u00e9 rezance 250g"},"content":{"rendered":"<p data-start=\"46\" data-end=\"68\"><strong data-start=\"46\" data-end=\"58\">BALENIE: <\/strong>250 g<\/p>\n<p data-start=\"70\" data-end=\"367\"><strong data-start=\"70\" data-end=\"83\">ZLO\u017dENIE: <\/strong>m\u00fa\u010dny koncentr\u00e1t (vl\u00e1knina [bambus, p\u0161enica], stabiliz\u00e1tor: modifikovan\u00fd kukuri\u010dn\u00fd \u0161krob, \u013eanov\u00e1 m\u00faka, p\u0161eni\u010dn\u00fd prote\u00edn, zahus\u0165ovadlo: pekt\u00edn, rastlinn\u00fd olej: repka, kyselina mlie\u010dna, emulg\u00e1tor: E471, zlep\u0161uj\u00faca l\u00e1tka: kyselina askorbov\u00e1, enz\u00fdm), TL p\u0161eni\u010dn\u00e1 m\u00faka, slepa\u010die vajce<\/p>\n<p data-start=\"369\" data-end=\"398\"><strong data-start=\"369\" data-end=\"382\">Alergeni:<\/strong> lepok, vajcia<\/p>\n<p data-start=\"400\" data-end=\"450\"><strong data-start=\"400\" data-end=\"448\">PRIEMERN\u00c9 V\u00dd\u017dIVOV\u00c9 HODNOTY na 100 g v\u00fdrobku:<\/strong><\/p>\n<ul data-start=\"451\" data-end=\"682\">\n<li data-start=\"451\" data-end=\"482\">\n<p data-start=\"453\" data-end=\"482\">Energia: 1363 kJ \/ 327 kcal<\/p>\n<\/li>\n<li data-start=\"483\" data-end=\"544\">\n<p data-start=\"485\" data-end=\"498\">Tuky: 4,3 g<\/p>\n<ul data-start=\"502\" data-end=\"544\">\n<li data-start=\"502\" data-end=\"544\">\n<p data-start=\"504\" data-end=\"544\">z toho nas\u00fdten\u00e9 mastn\u00e9 kyseliny: 1,0 g<\/p>\n<\/li>\n<\/ul>\n<\/li>\n<li data-start=\"545\" data-end=\"622\">\n<p data-start=\"547\" data-end=\"566\">Sacharidy: 42,0 g<\/p>\n<ul data-start=\"570\" data-end=\"622\">\n<li data-start=\"570\" data-end=\"593\">\n<p data-start=\"572\" data-end=\"593\">z toho cukry: 0,6 g<\/p>\n<\/li>\n<li data-start=\"597\" data-end=\"622\">\n<p data-start=\"599\" data-end=\"622\">z toho polyoly: 0,0 g<\/p>\n<\/li>\n<\/ul>\n<\/li>\n<li data-start=\"623\" data-end=\"643\">\n<p data-start=\"625\" data-end=\"643\">Vl\u00e1knina: 30,1 g<\/p>\n<\/li>\n<li data-start=\"644\" data-end=\"666\">\n<p data-start=\"646\" data-end=\"666\">Bielkoviny: 15,0 g<\/p>\n<\/li>\n<li data-start=\"667\" data-end=\"682\">\n<p data-start=\"669\" data-end=\"682\">So\u013e: 0,13 g<\/p>\n<\/li>\n<\/ul>\n<p data-start=\"684\" data-end=\"946\"><strong data-start=\"684\" data-end=\"706\">N\u00c1VOD NA POU\u017dITIE: <\/strong>Cestoviny vlo\u017e\u00edme do p\u00e4\u0165n\u00e1sobn\u00e9ho mno\u017estva vriacej osolenej vody a za ob\u010dasn\u00e9ho mie\u0161ania var\u00edme 6\u201310 min\u00fat do m\u00e4kka.<br data-start=\"825\" data-end=\"828\" \/>Alternat\u00edvne: od op\u00e4tovn\u00e9ho zovretia var\u00edme 2 min\u00faty, potom odstav\u00edme z oh\u0148a, prikryjeme a nech\u00e1me napu\u010da\u0165 do m\u00e4kka.<\/p>","protected":false},"excerpt":{"rendered":"<p>BALENIE: 250 g ZLO\u017dENIE: m\u00fa\u010dny koncentr\u00e1t (vl\u00e1knina [bambus, p\u0161enica], stabiliz\u00e1tor: modifikovan\u00fd kukuri\u010dn\u00fd \u0161krob, \u013eanov\u00e1 m\u00faka, p\u0161eni\u010dn\u00fd prote\u00edn, zahus\u0165ovadlo: pekt\u00edn, rastlinn\u00fd olej: repka, kyselina mlie\u010dna, emulg\u00e1tor: E471, zlep\u0161uj\u00faca l\u00e1tka: kyselina askorbov\u00e1, enz\u00fdm), TL p\u0161eni\u010dn\u00e1 m\u00faka, slepa\u010die vajce Alerg\u00e9ny: lepok, vajcia PRIEMERN\u00c9 V\u00dd\u017dIVOV\u00c9 HODNOTY na 100 g v\u00fdrobku: Energia: 1363 kJ \/ 327 kcal Tuky: 4,3 g [&hellip;]<\/p>","protected":false},"featured_media":10113,"comment_status":"open","ping_status":"closed","template":"","meta":{"inline_featured_image":false},"product_brand":[],"product_cat":[71,125],"product_tag":[],"class_list":{"0":"post-8953","1":"product","2":"type-product","3":"status-publish","4":"has-post-thumbnail","6":"product_cat-potraviny","7":"product_cat-cestoviny","9":"first","10":"instock","11":"taxable","12":"shipping-taxable","13":"purchasable","14":"product-type-simple"},"aioseo_notices":[],"_links":{"self":[{"href":"https:\/\/www.biokari.sk\/ro\/wp-json\/wp\/v2\/product\/8953","targetHints":{"allow":["GET"]}}],"collection":[{"href":"https:\/\/www.biokari.sk\/ro\/wp-json\/wp\/v2\/product"}],"about":[{"href":"https:\/\/www.biokari.sk\/ro\/wp-json\/wp\/v2\/types\/product"}],"replies":[{"embeddable":true,"href":"https:\/\/www.biokari.sk\/ro\/wp-json\/wp\/v2\/comments?post=8953"}],"wp:featuredmedia":[{"embeddable":true,"href":"https:\/\/www.biokari.sk\/ro\/wp-json\/wp\/v2\/media\/10113"}],"wp:attachment":[{"href":"https:\/\/www.biokari.sk\/ro\/wp-json\/wp\/v2\/media?parent=8953"}],"wp:term":[{"taxonomy":"product_brand","embeddable":true,"href":"https:\/\/www.biokari.sk\/ro\/wp-json\/wp\/v2\/product_brand?post=8953"},{"taxonomy":"product_cat","embeddable":true,"href":"https:\/\/www.biokari.sk\/ro\/wp-json\/wp\/v2\/product_cat?post=8953"},{"taxonomy":"product_tag","embeddable":true,"href":"https:\/\/www.biokari.sk\/ro\/wp-json\/wp\/v2\/product_tag?post=8953"}],"curies":[{"name":"wp","href":"https:\/\/api.w.org\/{rel}","templated":true}]}}