{"id":8957,"date":"2025-07-01T14:36:55","date_gmt":"2025-07-01T12:36:55","guid":{"rendered":"https:\/\/www.biokari.sk\/produkt\/gyorgytea-kvet-bazy-50g\/"},"modified":"2026-02-06T18:01:58","modified_gmt":"2026-02-06T17:01:58","slug":"gyorgytea-kvet-bazy-50g","status":"publish","type":"product","link":"https:\/\/www.biokari.sk\/ro\/produs\/gyorgytea-kvet-bazy-50g\/","title":{"rendered":"Gy\u00f6rgytea Kvet bazy 50g"},"content":{"rendered":"<p data-start=\"122\" data-end=\"334\">\u010caj pripraven\u00fd z kvetov bazy \u010diernej m\u00e1 mo\u010dopudn\u00e9, tr\u00e1venie podporuj\u00face a proti-ka\u0161\u013eov\u00e9 \u00fa\u010dinky. Pou\u017e\u00edva sa pri prechladnut\u00ed, bronchit\u00edde, ako potopudn\u00fd prostriedok a na podporu imunitn\u00e9ho syst\u00e9mu.<\/p>\n<p data-start=\"336\" data-end=\"1031\">\u010cerstv\u00e9 v\u00fdhonky bazy p\u00f4sobia silne preh\u00e1\u0148avo. Pou\u017e\u00edvaj\u00fa sa aj na pre\u010distenie krvi, pri bolestiach u\u0161\u00ed a zachr\u00edpnut\u00ed. Plody p\u00f4sobia potopudne, vo v\u00e4\u010d\u0161om mno\u017estve maj\u00fa laxat\u00edvne \u00fa\u010dinky, odpor\u00fa\u010daj\u00fa sa pri opuchoch a reume.<br data-start=\"555\" data-end=\"558\" \/>K\u00f4ra bazy m\u00e1 preh\u00e1\u0148av\u00e9 a od\u010dervovacie \u00fa\u010dinky. Je silne mo\u010dopudn\u00e1, odpor\u00fa\u010da sa pri ak\u00fatnom z\u00e1pale obli\u010diek a v\u0161eobecn\u00fdch opuchoch.<br data-start=\"687\" data-end=\"690\" \/>Listy p\u00f4sobia mo\u010dopudne a preh\u00e1\u0148avo, zmier\u0148uj\u00fa reumatick\u00e9 bolesti. Odpor\u00fa\u010daj\u00fa sa aj na zn\u00ed\u017eenie hor\u00fa\u010dky. Podporuj\u00fa siln\u00e9 potenie pri exant\u00e9mov\u00fdch hor\u00fa\u010dkach (os\u00fdpky, \u0161arlach), reumatickej hor\u00fa\u010dke a pri katar\u00e1lnych infekci\u00e1ch (z\u00e1pal priedu\u0161iek, chr\u00edpka). Vn\u00fatorn\u00e9 pou\u017eitie je zriedkav\u00e9 \u2013 naj\u010dastej\u0161ie sa odpor\u00fa\u010daj\u00fa na krv\u00e1canie a pop\u00e1leniny.<\/p>\n<p data-start=\"1033\" data-end=\"1190\"><strong data-start=\"1033\" data-end=\"1051\">Pr\u00edprava \u010daju: <\/strong>1 zarovnan\u00fa polievkov\u00fa ly\u017eicu (3 g) kvetov zalejte 2,5 dl vriacej vody, nechajte l\u00fahova\u0165 15 min\u00fat a sce\u010fte. Nepou\u017e\u00edvajte kovov\u00e9 sitko.<\/p>\n<p data-start=\"1192\" data-end=\"1276\"><strong data-start=\"1192\" data-end=\"1219\">Vn\u00fatorn\u00e9 pou\u017eitie \u010daju: <\/strong>\u010caj z bazy pite pred jedlom, najlep\u0161ie bez pr\u00edchute.<\/p>\n<ul data-start=\"1277\" data-end=\"1938\">\n<li data-start=\"1277\" data-end=\"1520\">\n<p data-start=\"1279\" data-end=\"1520\">Pri n\u00e1dche: 2\u20133 \u0161\u00e1lky denne, \u010do najhor\u00facej\u0161ie. \u00da\u010dinok sa zv\u00fd\u0161i, ak si priprav\u00edte hor\u00faci k\u00fape\u013e n\u00f4h, pritom vypijete hor\u00faci \u010daj z bazy a n\u00e1sledne si \u013eahnete do postele. Takto \u201evypot\u00edte n\u00e1dchu\u201c, detoxikujete organizmus a ur\u00fdchlite uzdravenie.<\/p>\n<\/li>\n<li data-start=\"1521\" data-end=\"1610\">\n<p data-start=\"1523\" data-end=\"1610\">De\u0165om od 6 rokov pod\u00e1va\u0165 len zrieden\u00fd n\u00e1lev (1 \u010dajov\u00e1 ly\u017ei\u010dka kvetov na 2,5 dl vody).<\/p>\n<\/li>\n<li data-start=\"1611\" data-end=\"1743\">\n<p data-start=\"1613\" data-end=\"1743\">Pri upchatom nose a ka\u0161li sa m\u00f4\u017ee pou\u017ei\u0165 na inhal\u00e1ciu \u2013 v\u00fdborne \u010dist\u00ed d\u00fdchacie cesty, rozp\u00fa\u0161\u0165a hlieny a podporuje vyka\u0161liavanie.<\/p>\n<\/li>\n<li data-start=\"1744\" data-end=\"1781\">\n<p data-start=\"1746\" data-end=\"1781\">Na mo\u010dopudn\u00e9 \u00fa\u010dely: 1 \u0161\u00e1lka r\u00e1no.<\/p>\n<\/li>\n<li data-start=\"1782\" data-end=\"1849\">\n<p data-start=\"1784\" data-end=\"1849\">Ako doplnok reduk\u010dnej di\u00e9ty: 1\u20132 \u0161\u00e1lky denne po\u010das 3\u20134 t\u00fd\u017ed\u0148ov.<\/p>\n<\/li>\n<li data-start=\"1850\" data-end=\"1938\">\n<p data-start=\"1852\" data-end=\"1938\">Na zv\u00fd\u0161enie potopudn\u00e9ho \u00fa\u010dinku: 1 \u0161\u00e1lka hor\u00faceho \u010daju bezprostredne pred saunovan\u00edm.<\/p>\n<\/li>\n<\/ul>\n<p data-start=\"1940\" data-end=\"1996\">N\u00e1poj mo\u017eno pi\u0165 denne 1\u20133 \u0161\u00e1lky, neobmedzene dlh\u00fd \u010das.<\/p>\n<p data-start=\"1998\" data-end=\"2197\"><strong data-start=\"1998\" data-end=\"2021\">Utilizare \u00een exterior: <\/strong>Pre upokojuj\u00face \u00fa\u010dinky sa pou\u017e\u00edva ako obklad pri z\u00e1pale pohrudnice, krvnom v\u00fdrone, dne, omrzlin\u00e1ch, <strong>psori\u00e1ze a ekz\u00e9moch. Vhodn\u00fd aj na obklady pri z\u00e1pale o\u010d\u00ed alebo ja\u010dmeni.<\/strong><\/p>\n<p data-start=\"1998\" data-end=\"2197\"><strong>Greutate:<\/strong> 50g<\/p>","protected":false},"excerpt":{"rendered":"<p>\u010caj pripraven\u00fd z kvetov bazy \u010diernej m\u00e1 mo\u010dopudn\u00e9, tr\u00e1venie podporuj\u00face a proti-ka\u0161\u013eov\u00e9 \u00fa\u010dinky. Pou\u017e\u00edva sa pri prechladnut\u00ed, bronchit\u00edde, ako potopudn\u00fd prostriedok a na podporu imunitn\u00e9ho syst\u00e9mu. \u010cerstv\u00e9 v\u00fdhonky bazy p\u00f4sobia silne preh\u00e1\u0148avo. Pou\u017e\u00edvaj\u00fa sa aj na pre\u010distenie krvi, pri bolestiach u\u0161\u00ed a zachr\u00edpnut\u00ed. Plody p\u00f4sobia potopudne, vo v\u00e4\u010d\u0161om mno\u017estve maj\u00fa laxat\u00edvne \u00fa\u010dinky, odpor\u00fa\u010daj\u00fa sa pri [&hellip;]<\/p>","protected":false},"featured_media":10111,"comment_status":"open","ping_status":"closed","template":"","meta":{"inline_featured_image":false},"product_brand":[274],"product_cat":[148],"product_tag":[],"class_list":{"0":"post-8957","1":"product","2":"type-product","3":"status-publish","4":"has-post-thumbnail","6":"product_brand-gyorgytea","7":"product_cat-liecive-rastliny","9":"first","10":"instock","11":"taxable","12":"shipping-taxable","13":"purchasable","14":"product-type-simple"},"aioseo_notices":[],"_links":{"self":[{"href":"https:\/\/www.biokari.sk\/ro\/wp-json\/wp\/v2\/product\/8957","targetHints":{"allow":["GET"]}}],"collection":[{"href":"https:\/\/www.biokari.sk\/ro\/wp-json\/wp\/v2\/product"}],"about":[{"href":"https:\/\/www.biokari.sk\/ro\/wp-json\/wp\/v2\/types\/product"}],"replies":[{"embeddable":true,"href":"https:\/\/www.biokari.sk\/ro\/wp-json\/wp\/v2\/comments?post=8957"}],"wp:featuredmedia":[{"embeddable":true,"href":"https:\/\/www.biokari.sk\/ro\/wp-json\/wp\/v2\/media\/10111"}],"wp:attachment":[{"href":"https:\/\/www.biokari.sk\/ro\/wp-json\/wp\/v2\/media?parent=8957"}],"wp:term":[{"taxonomy":"product_brand","embeddable":true,"href":"https:\/\/www.biokari.sk\/ro\/wp-json\/wp\/v2\/product_brand?post=8957"},{"taxonomy":"product_cat","embeddable":true,"href":"https:\/\/www.biokari.sk\/ro\/wp-json\/wp\/v2\/product_cat?post=8957"},{"taxonomy":"product_tag","embeddable":true,"href":"https:\/\/www.biokari.sk\/ro\/wp-json\/wp\/v2\/product_tag?post=8957"}],"curies":[{"name":"wp","href":"https:\/\/api.w.org\/{rel}","templated":true}]}}