{"id":8985,"date":"2025-07-01T14:36:59","date_gmt":"2025-07-01T12:36:59","guid":{"rendered":"https:\/\/www.biokari.sk\/produkt\/dia-wellness-bourbon-vanilkovy-nahrada-cukru\/"},"modified":"2026-04-12T19:01:50","modified_gmt":"2026-04-12T17:01:50","slug":"dia-wellness-bourbon-vanilkovy-nahrada-cukru","status":"publish","type":"product","link":"https:\/\/www.biokari.sk\/ro\/produs\/dia-wellness-bourbon-vanilkovy-nahrada-cukru\/","title":{"rendered":"Dia-Wellness Bourbon vanilkov\u00fd n\u00e1hrada cukru"},"content":{"rendered":"<p data-start=\"67\" data-end=\"158\"><strong data-start=\"67\" data-end=\"112\">N\u00e1hrada cukru s pr\u00edchu\u0165ou Bourbon vanilky<\/strong><br data-start=\"112\" data-end=\"115\" \/>Sladiv\u00fd \u00fa\u010dinok je zhodn\u00fd s repn\u00fdm cukrom.<\/p>\n<p data-start=\"160\" data-end=\"365\">Konzum\u00e1cia potrav\u00edn obsahuj\u00facich erytritol a sukral\u00f3zu namiesto cukru sp\u00f4sobuje po po\u017eit\u00ed men\u0161\u00ed n\u00e1rast hladiny cukru v krvi ako konzum\u00e1cia potrav\u00edn obsahuj\u00facich cukor. Dbajte na vyv\u00e1\u017een\u00fa a pestr\u00fa stravu!<\/p>\n<p data-start=\"367\" data-end=\"387\"><strong data-start=\"367\" data-end=\"379\">Balenie:<\/strong> 250 g<\/p>\n<p data-start=\"389\" data-end=\"527\"><strong data-start=\"389\" data-end=\"402\">Compozi\u021bie: <\/strong>Sladidlo: erytritol, steviol-glykozidy, sukral\u00f3za, vl\u00e1knina (\u010dakanka), vanilkov\u00e9 semienka 0,4 %, vanilkov\u00fd extrakt 0,2 %<\/p>\n<p data-start=\"529\" data-end=\"587\"><strong data-start=\"529\" data-end=\"585\">V\u00fd\u017eivov\u00e9 \u00fadaje \u2013 priemern\u00e9 hodnoty na 100 g v\u00fdrobku:<\/strong><\/p>\n<ul data-start=\"588\" data-end=\"814\">\n<li data-start=\"588\" data-end=\"615\">\n<p data-start=\"590\" data-end=\"615\">Energia: 21 kJ \/ 5 kcal<\/p>\n<\/li>\n<li data-start=\"616\" data-end=\"677\">\n<p data-start=\"618\" data-end=\"631\">Tuky: 0,0 g<\/p>\n<ul data-start=\"635\" data-end=\"677\">\n<li data-start=\"635\" data-end=\"677\">\n<p data-start=\"637\" data-end=\"677\">z toho nas\u00fdten\u00e9 mastn\u00e9 kyseliny: 0,0 g<\/p>\n<\/li>\n<\/ul>\n<\/li>\n<li data-start=\"678\" data-end=\"756\">\n<p data-start=\"680\" data-end=\"699\">Sacharidy: 98,3 g<\/p>\n<ul data-start=\"703\" data-end=\"756\">\n<li data-start=\"703\" data-end=\"726\">\n<p data-start=\"705\" data-end=\"726\">z toho cukry: 0,2 g<\/p>\n<\/li>\n<li data-start=\"730\" data-end=\"756\">\n<p data-start=\"732\" data-end=\"756\">z toho polyoly: 97,9 g<\/p>\n<\/li>\n<\/ul>\n<\/li>\n<li data-start=\"757\" data-end=\"776\">\n<p data-start=\"759\" data-end=\"776\">Vl\u00e1knina: 1,5 g<\/p>\n<\/li>\n<li data-start=\"777\" data-end=\"798\">\n<p data-start=\"779\" data-end=\"798\">Bielkoviny: 0,0 g<\/p>\n<\/li>\n<li data-start=\"799\" data-end=\"814\">\n<p data-start=\"801\" data-end=\"814\">So\u013e: 0,00 g<\/p>\n<\/li>\n<\/ul>\n<p data-start=\"816\" data-end=\"918\"><strong data-start=\"816\" data-end=\"829\">Cerere:<\/strong> na v\u0161eobecn\u00e9 kuchynsk\u00e9 a cukr\u00e1rske pou\u017eitie, ako n\u00e1hrada tradi\u010dn\u00e9ho vanilkov\u00e9ho cukru.<\/p>\n<p data-start=\"920\" data-end=\"946\"><strong data-start=\"920\" data-end=\"933\">Alergeni:<\/strong> neobsahuje<\/p>","protected":false},"excerpt":{"rendered":"<p>N\u00e1hrada cukru s pr\u00edchu\u0165ou Bourbon vanilkySladiv\u00fd \u00fa\u010dinok je zhodn\u00fd s repn\u00fdm cukrom. Konzum\u00e1cia potrav\u00edn obsahuj\u00facich erytritol a sukral\u00f3zu namiesto cukru sp\u00f4sobuje po po\u017eit\u00ed men\u0161\u00ed n\u00e1rast hladiny cukru v krvi ako konzum\u00e1cia potrav\u00edn obsahuj\u00facich cukor. Dbajte na vyv\u00e1\u017een\u00fa a pestr\u00fa stravu! Balenie: 250 g Zlo\u017eenie: Sladidlo: erytritol, steviol-glykozidy, sukral\u00f3za, vl\u00e1knina (\u010dakanka), vanilkov\u00e9 semienka 0,4 %, vanilkov\u00fd [&hellip;]<\/p>","protected":false},"featured_media":10087,"comment_status":"open","ping_status":"closed","template":"","meta":{"inline_featured_image":false},"product_brand":[],"product_cat":[71],"product_tag":[],"class_list":{"0":"post-8985","1":"product","2":"type-product","3":"status-publish","4":"has-post-thumbnail","6":"product_cat-potraviny","8":"first","9":"instock","10":"taxable","11":"shipping-taxable","12":"purchasable","13":"product-type-simple"},"aioseo_notices":[],"_links":{"self":[{"href":"https:\/\/www.biokari.sk\/ro\/wp-json\/wp\/v2\/product\/8985","targetHints":{"allow":["GET"]}}],"collection":[{"href":"https:\/\/www.biokari.sk\/ro\/wp-json\/wp\/v2\/product"}],"about":[{"href":"https:\/\/www.biokari.sk\/ro\/wp-json\/wp\/v2\/types\/product"}],"replies":[{"embeddable":true,"href":"https:\/\/www.biokari.sk\/ro\/wp-json\/wp\/v2\/comments?post=8985"}],"wp:featuredmedia":[{"embeddable":true,"href":"https:\/\/www.biokari.sk\/ro\/wp-json\/wp\/v2\/media\/10087"}],"wp:attachment":[{"href":"https:\/\/www.biokari.sk\/ro\/wp-json\/wp\/v2\/media?parent=8985"}],"wp:term":[{"taxonomy":"product_brand","embeddable":true,"href":"https:\/\/www.biokari.sk\/ro\/wp-json\/wp\/v2\/product_brand?post=8985"},{"taxonomy":"product_cat","embeddable":true,"href":"https:\/\/www.biokari.sk\/ro\/wp-json\/wp\/v2\/product_cat?post=8985"},{"taxonomy":"product_tag","embeddable":true,"href":"https:\/\/www.biokari.sk\/ro\/wp-json\/wp\/v2\/product_tag?post=8985"}],"curies":[{"name":"wp","href":"https:\/\/api.w.org\/{rel}","templated":true}]}}