{"id":9008,"date":"2025-07-01T14:37:03","date_gmt":"2025-07-01T12:37:03","guid":{"rendered":"https:\/\/www.biokari.sk\/produkt\/gal-multivtamin-plus-30-davok\/"},"modified":"2026-02-09T18:01:56","modified_gmt":"2026-02-09T17:01:56","slug":"gal-multivtamin-plus-30-davok","status":"publish","type":"product","link":"https:\/\/www.biokari.sk\/ro\/produs\/gal-multivtamin-plus-30-davok\/","title":{"rendered":"Gal Multivtam\u00edn plus 30 d\u00e1vok"},"content":{"rendered":"<p data-start=\"138\" data-end=\"436\">N\u00e1\u0161 produkt <strong data-start=\"150\" data-end=\"171\">GAL+ Multivitamin<\/strong> sme vyvinuli na z\u00e1klade najnov\u0161\u00edch vedeck\u00fdch poznatkov, s d\u00f4razom na prirodzenos\u0165 a realistick\u00e9 denn\u00e9 d\u00e1vky. Obsahuje v\u0161etky vitam\u00edny, miner\u00e1ly a stopov\u00e9 prvky v <strong data-start=\"334\" data-end=\"371\">ide\u00e1lnej forme, mno\u017estve a pomere<\/strong>, podobne ako by sme ich prij\u00edmali z pestrej a v\u00fd\u017eivnej stravy.<\/p>\n<p data-start=\"438\" data-end=\"749\">Tam, kde je to v\u00fdhodn\u00e9, vitam\u00edny a miner\u00e1ly poch\u00e1dzaj\u00fa \u010diasto\u010dne z organick\u00e9ho (bio) pestovania lie\u010div\u00fdch a aromatick\u00fdch rastl\u00edn. Pri ur\u010dovan\u00ed mno\u017estiev sme dbali na to, aby denn\u00e1 d\u00e1vka v\u017edy obsahovala \u00fa\u010dinn\u00e9 mno\u017estvo, no nikdy neprekro\u010dila \u201e\u017eivotn\u00e9 d\u00e1vky\u201c, teda tak\u00e9, ktor\u00e9 by u\u017e nebolo mo\u017en\u00e9 pokry\u0165 stravou.<\/p>\n<p data-start=\"751\" data-end=\"893\">Z\u00e1rove\u0148 je pre n\u00e1s nesmierne d\u00f4le\u017eit\u00e9, aby sa do produktu nedostali \u017eiadne l\u00e1tky, ktor\u00e9 tam nepatria \u2013 preto ich v na\u0161om produkte nen\u00e1jdete.<\/p>\n<h2 data-start=\"900\" data-end=\"918\"><strong data-start=\"903\" data-end=\"918\">Denn\u00e1 d\u00e1vka<\/strong><\/h2>\n<ul data-start=\"919\" data-end=\"1059\">\n<li data-start=\"919\" data-end=\"963\">\n<p data-start=\"921\" data-end=\"963\">1 ks <em data-start=\"926\" data-end=\"953\">Lipofiln\u00e1 olejov\u00e1 kapsula<\/em> (hned\u00e1)<\/p>\n<\/li>\n<li data-start=\"964\" data-end=\"1009\">\n<p data-start=\"966\" data-end=\"1009\">2 ks <em data-start=\"971\" data-end=\"1000\">Hydrofiln\u00e1 pr\u00e1\u0161kov\u00e1 kapsula<\/em> (\u017elt\u00e1)<\/p>\n<\/li>\n<li data-start=\"1010\" data-end=\"1059\">\n<p data-start=\"1012\" data-end=\"1059\">5 ml (4,4 g) <em data-start=\"1025\" data-end=\"1057\">komplement\u00e1rny n\u00e1pojov\u00fd pr\u00e1\u0161ok<\/em><\/p>\n<\/li>\n<\/ul>\n<h2 data-start=\"1066\" data-end=\"1088\"><strong data-start=\"1069\" data-end=\"1088\">Sp\u00f4sob u\u017e\u00edvania<\/strong><\/h2>\n<p data-start=\"1090\" data-end=\"1144\"><strong data-start=\"1090\" data-end=\"1142\">Lipofiln\u00e9 olejov\u00e9 a hydrofiln\u00e9 pr\u00e1\u0161kov\u00e9 kapsuly:<\/strong><\/p>\n<ul data-start=\"1145\" data-end=\"1491\">\n<li data-start=\"1145\" data-end=\"1256\">\n<p data-start=\"1147\" data-end=\"1256\">U\u017e\u00edvajte po\u010das jedla, zapite mal\u00fdm mno\u017estvom tekutiny, najlep\u0161ie pri ra\u0148ajk\u00e1ch alebo obede, nie pri ve\u010deri.<\/p>\n<\/li>\n<li data-start=\"1257\" data-end=\"1414\">\n<p data-start=\"1259\" data-end=\"1414\">V\u0161etky 3 kapsuly je mo\u017en\u00e9 u\u017ei\u0165 naraz, no pre vysok\u00fd obsah vitam\u00ednov a miner\u00e1lov je vhodnej\u0161ie rozdeli\u0165 2 rovnak\u00e9 hydrofiln\u00e9 kapsuly k dvom r\u00f4znym jedl\u00e1m.<\/p>\n<\/li>\n<li data-start=\"1415\" data-end=\"1491\">\n<p data-start=\"1417\" data-end=\"1491\">T\u00fdmto sp\u00f4sobom sa citlivej\u0161\u00edm osob\u00e1m zni\u017euje riziko tr\u00e1viacich \u0165a\u017ekost\u00ed.<\/p>\n<\/li>\n<\/ul>\n<p data-start=\"1493\" data-end=\"1530\"><strong data-start=\"1493\" data-end=\"1528\">Komplement\u00e1rny n\u00e1pojov\u00fd pr\u00e1\u0161ok:<\/strong><\/p>\n<ul data-start=\"1531\" data-end=\"1777\">\n<li data-start=\"1531\" data-end=\"1553\">\n<p data-start=\"1533\" data-end=\"1553\">Rozpusti\u0165 vo vode.<\/p>\n<\/li>\n<li data-start=\"1554\" data-end=\"1641\">\n<p data-start=\"1556\" data-end=\"1641\">D\u00e1 sa vypi\u0165 naraz, ale pre lep\u0161ie vstreb\u00e1vanie je vhodn\u00e9 rozdeli\u0165 na viacer\u00e9 d\u00e1vky.<\/p>\n<\/li>\n<li data-start=\"1642\" data-end=\"1695\">\n<p data-start=\"1644\" data-end=\"1695\">Po rozpusten\u00ed je potrebn\u00e9 spotrebova\u0165 do 8 hod\u00edn.<\/p>\n<\/li>\n<li data-start=\"1696\" data-end=\"1777\">\n<p data-start=\"1698\" data-end=\"1777\">Odpor\u00fa\u010dame pripravi\u0165 2 d\u00e1vky denne (r\u00e1no a popoludn\u00ed), ka\u017ed\u00fa z 2,5 ml pr\u00e1\u0161ku.<\/p>\n<\/li>\n<\/ul>\n<h2 data-start=\"1784\" data-end=\"1808\"><strong data-start=\"1787\" data-end=\"1808\">\u010eal\u0161ie inform\u00e1cie<\/strong><\/h2>\n<p data-start=\"1809\" data-end=\"1962\">Z produktu bol vyraden\u00fd <strong data-start=\"1833\" data-end=\"1843\">chol\u00edn<\/strong>, ke\u010f\u017ee pod\u013ea sk\u00fasenost\u00ed a najnov\u0161\u00edch vedeck\u00fdch poznatkov je optim\u00e1lna forma a sp\u00f4sob dop\u013a\u0148ania chol\u00ednu individu\u00e1lna.<\/p>\n<ul data-start=\"1963\" data-end=\"2150\">\n<li data-start=\"1963\" data-end=\"2043\">\n<p data-start=\"1965\" data-end=\"2043\">Niekomu viac vyhovuje <strong data-start=\"1987\" data-end=\"1998\">lecit\u00edn<\/strong>, in\u00e9mu <strong data-start=\"2006\" data-end=\"2024\">chol\u00ednov\u00e9 soli<\/strong> alebo in\u00e9 formy.<\/p>\n<\/li>\n<li data-start=\"2044\" data-end=\"2150\">\n<p data-start=\"2046\" data-end=\"2150\">Pri bohatej konzum\u00e1cii <strong data-start=\"2069\" data-end=\"2107\">quinoi, vaje\u010dn\u00fdch \u017e\u013atkov \u010di pe\u010dene<\/strong> m\u00f4\u017ee by\u0165 suplement\u00e1cia dokonca zbyto\u010dn\u00e1.<\/p>\n<\/li>\n<\/ul>\n<h4 data-start=\"2491\" data-end=\"2509\"><strong data-start=\"2494\" data-end=\"2509\">Avertismente: <\/strong>Neprekra\u010dujte odpor\u00fa\u010dan\u00fa denn\u00fa d\u00e1vku! V\u00fd\u017eivov\u00fd doplnok nenahr\u00e1dza pestr\u00fa a vyv\u00e1\u017een\u00fa stravu ani zdrav\u00fd \u017eivotn\u00fd \u0161t\u00fdl. Uchov\u00e1vajte mimo dosahu det\u00ed.<\/h4>\n<p data-start=\"2669\" data-end=\"2700\"><strong data-start=\"2669\" data-end=\"2681\">Balenie:<\/strong> 30 denn\u00fdch d\u00e1vok<\/p>","protected":false},"excerpt":{"rendered":"<p>N\u00e1\u0161 produkt GAL+ Multivitamin sme vyvinuli na z\u00e1klade najnov\u0161\u00edch vedeck\u00fdch poznatkov, s d\u00f4razom na prirodzenos\u0165 a realistick\u00e9 denn\u00e9 d\u00e1vky. Obsahuje v\u0161etky vitam\u00edny, miner\u00e1ly a stopov\u00e9 prvky v ide\u00e1lnej forme, mno\u017estve a pomere, podobne ako by sme ich prij\u00edmali z pestrej a v\u00fd\u017eivnej stravy. Tam, kde je to v\u00fdhodn\u00e9, vitam\u00edny a miner\u00e1ly poch\u00e1dzaj\u00fa \u010diasto\u010dne z organick\u00e9ho [&hellip;]<\/p>","protected":false},"featured_media":10058,"comment_status":"open","ping_status":"closed","template":"","meta":{"inline_featured_image":false},"product_brand":[113],"product_cat":[69],"product_tag":[],"class_list":{"0":"post-9008","1":"product","2":"type-product","3":"status-publish","4":"has-post-thumbnail","6":"product_brand-gal","7":"product_cat-vyzivove-doplnky","9":"first","10":"instock","11":"taxable","12":"shipping-taxable","13":"purchasable","14":"product-type-simple"},"aioseo_notices":[],"_links":{"self":[{"href":"https:\/\/www.biokari.sk\/ro\/wp-json\/wp\/v2\/product\/9008","targetHints":{"allow":["GET"]}}],"collection":[{"href":"https:\/\/www.biokari.sk\/ro\/wp-json\/wp\/v2\/product"}],"about":[{"href":"https:\/\/www.biokari.sk\/ro\/wp-json\/wp\/v2\/types\/product"}],"replies":[{"embeddable":true,"href":"https:\/\/www.biokari.sk\/ro\/wp-json\/wp\/v2\/comments?post=9008"}],"wp:featuredmedia":[{"embeddable":true,"href":"https:\/\/www.biokari.sk\/ro\/wp-json\/wp\/v2\/media\/10058"}],"wp:attachment":[{"href":"https:\/\/www.biokari.sk\/ro\/wp-json\/wp\/v2\/media?parent=9008"}],"wp:term":[{"taxonomy":"product_brand","embeddable":true,"href":"https:\/\/www.biokari.sk\/ro\/wp-json\/wp\/v2\/product_brand?post=9008"},{"taxonomy":"product_cat","embeddable":true,"href":"https:\/\/www.biokari.sk\/ro\/wp-json\/wp\/v2\/product_cat?post=9008"},{"taxonomy":"product_tag","embeddable":true,"href":"https:\/\/www.biokari.sk\/ro\/wp-json\/wp\/v2\/product_tag?post=9008"}],"curies":[{"name":"wp","href":"https:\/\/api.w.org\/{rel}","templated":true}]}}