{"id":9020,"date":"2025-07-01T14:37:06","date_gmt":"2025-07-01T12:37:06","guid":{"rendered":"https:\/\/www.biokari.sk\/produkt\/gal-titok-ryby-kolagen-a-msm-prasok-na-pokozku-a-na-klby-173g\/"},"modified":"2026-04-28T19:01:55","modified_gmt":"2026-04-28T17:01:55","slug":"gal-titok-ryby-kolagen-a-msm-prasok-na-pokozku-a-na-klby-173g","status":"publish","type":"product","link":"https:\/\/www.biokari.sk\/ro\/produs\/gal-titok-ryby-kolagen-a-msm-prasok-na-pokozku-a-na-klby-173g\/","title":{"rendered":"Gal Titok Ryb\u00fd kolag\u00e9n a MSM pr\u00e1\u0161ok na poko\u017eku a na klb\u00fd 173g"},"content":{"rendered":"<p data-start=\"122\" data-end=\"724\"><strong data-start=\"122\" data-end=\"148\">Doza recomandat\u0103: <\/strong>Odpor\u00fa\u010dan\u00e1 denn\u00e1 d\u00e1vka pr\u00edpravku <strong data-start=\"184\" data-end=\"223\">TITOK Ryb\u00ed kolag\u00e9nov\u00e9 peptidy + MSM<\/strong> je 5,75 g (2 kopcovit\u00e9 \u010dajov\u00e9 ly\u017ei\u010dky), \u010do predstavuje jednu tridsatinu cel\u00e9ho mesa\u010dn\u00e9ho balenia. D\u00e1vkovanie nie je pr\u00edsne \u2013 nevad\u00ed, ak niektor\u00fd de\u0148 u\u017eijete trochu viac alebo menej. Pr\u00e1\u0161ok je mo\u017en\u00e9 u\u017ei\u0165 kedyko\u013evek po\u010das d\u0148a, zamie\u0161an\u00fd do \u013eubovo\u013en\u00e9ho n\u00e1poja. Dokonca aj bez mie\u0161ania je mo\u017en\u00e9 ho vypi\u0165 tak, \u017ee sa mal\u00e9 mno\u017estvo vody naleje do \u0161\u00e1lky a pr\u00e1\u0161ok sa z povrchu r\u00fdchlo vypije, n\u00e1sledne zapije p\u00e1r d\u00fa\u0161kami tekutiny. Najpr\u00edjemnej\u0161ie je prida\u0165 ho do rann\u00e9ho smoothie, \u010do je v\u00fdborn\u00fd za\u010diatok d\u0148a.<\/p>\n<p data-start=\"726\" data-end=\"838\">Odpor\u00fa\u010dame ob\u010das jemne pretrepa\u0165 uzatvoren\u00fd s\u00e1\u010dok, aby sa zabezpe\u010dila dokonal\u00e1 homogenita zmesi oboch zlo\u017eiek.<\/p>\n<p data-start=\"840\" data-end=\"860\"><strong data-start=\"840\" data-end=\"852\">Balenie:<\/strong> 173 g<\/p>\n<p data-start=\"862\" data-end=\"927\"><strong data-start=\"862\" data-end=\"875\">Compozi\u021bie:<\/strong> ryb\u00ed kolag\u00e9nov\u00e9 peptidy, metylsulfonylmet\u00e1n (MSM)<\/p>\n<p data-start=\"929\" data-end=\"988\"><strong data-start=\"929\" data-end=\"945\">Depozitare:<\/strong> uchov\u00e1vajte na suchom a chladnom mieste.<\/p>\n<p data-start=\"990\" data-end=\"1156\"><strong data-start=\"990\" data-end=\"1006\">Avertisment: <\/strong>Neprekra\u010dujte odpor\u00fa\u010dan\u00fa denn\u00fa d\u00e1vku! V\u00fd\u017eivov\u00fd doplnok nenahr\u00e1dza pestr\u00fa a vyv\u00e1\u017een\u00fa stravu ani zdrav\u00fd \u017eivotn\u00fd \u0161t\u00fdl. Uchov\u00e1vajte mimo dosahu det\u00ed.<\/p>","protected":false},"excerpt":{"rendered":"<p>Odpor\u00fa\u010dan\u00e9 d\u00e1vkovanie: Odpor\u00fa\u010dan\u00e1 denn\u00e1 d\u00e1vka pr\u00edpravku TITOK Ryb\u00ed kolag\u00e9nov\u00e9 peptidy + MSM je 5,75 g (2 kopcovit\u00e9 \u010dajov\u00e9 ly\u017ei\u010dky), \u010do predstavuje jednu tridsatinu cel\u00e9ho mesa\u010dn\u00e9ho balenia. D\u00e1vkovanie nie je pr\u00edsne \u2013 nevad\u00ed, ak niektor\u00fd de\u0148 u\u017eijete trochu viac alebo menej. Pr\u00e1\u0161ok je mo\u017en\u00e9 u\u017ei\u0165 kedyko\u013evek po\u010das d\u0148a, zamie\u0161an\u00fd do \u013eubovo\u013en\u00e9ho n\u00e1poja. Dokonca aj bez mie\u0161ania [&hellip;]<\/p>","protected":false},"featured_media":10048,"comment_status":"open","ping_status":"closed","template":"","meta":{"inline_featured_image":false},"product_brand":[113],"product_cat":[69,146,145],"product_tag":[],"class_list":{"0":"post-9020","1":"product","2":"type-product","3":"status-publish","4":"has-post-thumbnail","6":"product_brand-gal","7":"product_cat-vyzivove-doplnky","8":"product_cat-klby-a-reuma","9":"product_cat-krasa","11":"first","12":"instock","13":"taxable","14":"shipping-taxable","15":"purchasable","16":"product-type-simple"},"aioseo_notices":[],"_links":{"self":[{"href":"https:\/\/www.biokari.sk\/ro\/wp-json\/wp\/v2\/product\/9020","targetHints":{"allow":["GET"]}}],"collection":[{"href":"https:\/\/www.biokari.sk\/ro\/wp-json\/wp\/v2\/product"}],"about":[{"href":"https:\/\/www.biokari.sk\/ro\/wp-json\/wp\/v2\/types\/product"}],"replies":[{"embeddable":true,"href":"https:\/\/www.biokari.sk\/ro\/wp-json\/wp\/v2\/comments?post=9020"}],"wp:featuredmedia":[{"embeddable":true,"href":"https:\/\/www.biokari.sk\/ro\/wp-json\/wp\/v2\/media\/10048"}],"wp:attachment":[{"href":"https:\/\/www.biokari.sk\/ro\/wp-json\/wp\/v2\/media?parent=9020"}],"wp:term":[{"taxonomy":"product_brand","embeddable":true,"href":"https:\/\/www.biokari.sk\/ro\/wp-json\/wp\/v2\/product_brand?post=9020"},{"taxonomy":"product_cat","embeddable":true,"href":"https:\/\/www.biokari.sk\/ro\/wp-json\/wp\/v2\/product_cat?post=9020"},{"taxonomy":"product_tag","embeddable":true,"href":"https:\/\/www.biokari.sk\/ro\/wp-json\/wp\/v2\/product_tag?post=9020"}],"curies":[{"name":"wp","href":"https:\/\/api.w.org\/{rel}","templated":true}]}}