{"id":9022,"date":"2025-07-01T14:37:06","date_gmt":"2025-07-01T12:37:06","guid":{"rendered":"https:\/\/www.biokari.sk\/produkt\/gal-kukuma-komplex-kapsuly-60ks\/"},"modified":"2026-01-27T08:41:51","modified_gmt":"2026-01-27T07:41:51","slug":"gal-kukuma-komplex-kapsuly-60ks","status":"publish","type":"product","link":"https:\/\/www.biokari.sk\/ro\/produs\/gal-kukuma-komplex-kapsuly-60ks\/","title":{"rendered":"Gal Kukuma komplex kapsuly 60ks"},"content":{"rendered":"<p data-start=\"118\" data-end=\"143\"><strong data-start=\"118\" data-end=\"141\">Pre\u010do je v\u00fdnimo\u010dn\u00fd?<\/strong><\/p>\n<ul data-start=\"144\" data-end=\"523\">\n<li data-start=\"144\" data-end=\"271\">\n<p data-start=\"146\" data-end=\"271\">V\u010faka technol\u00f3gii <strong data-start=\"164\" data-end=\"176\">FenuMAT\u00ae<\/strong> sa \u00fa\u010dinn\u00e9 l\u00e1tky vstreb\u00e1vaj\u00fa rovnomernej\u0161ie a dlhodobej\u0161ie, tak\u017ee ich bunky priamo vyu\u017e\u00edvaj\u00fa.<\/p>\n<\/li>\n<li data-start=\"272\" data-end=\"403\">\n<p data-start=\"274\" data-end=\"403\"><strong data-start=\"274\" data-end=\"299\">CurQfen\u00ae kurkuminoidy<\/strong> s\u00fa doplnen\u00e9 o pr\u00edrodn\u00fd esenci\u00e1lny olej z kore\u0148a kurkumy \u2013 v rovnakom pomere ako v osved\u010denom BCM-95\u00ae.<\/p>\n<\/li>\n<li data-start=\"404\" data-end=\"523\">\n<p data-start=\"406\" data-end=\"523\"><strong data-start=\"406\" data-end=\"449\">Turmacin\u00ae \u2013 vodorozpustn\u00e9 polysacharidy<\/strong> kurkumy roz\u0161iruj\u00fa jej priazniv\u00e9 \u00fa\u010dinky, najm\u00e4 na podporu zdravia k\u013abov.<\/p>\n<\/li>\n<\/ul>\n<p data-start=\"525\" data-end=\"555\"><strong data-start=\"525\" data-end=\"553\">Klinicky overen\u00e9 v\u00fdhody:<\/strong><\/p>\n<ul data-start=\"556\" data-end=\"756\">\n<li data-start=\"556\" data-end=\"601\">\n<p data-start=\"558\" data-end=\"601\">Efekt\u00edvne vstreb\u00e1vanie na bunkovej \u00farovni<\/p>\n<\/li>\n<li data-start=\"602\" data-end=\"640\">\n<p data-start=\"604\" data-end=\"640\">Podpora komfortu a pru\u017enosti k\u013abov<\/p>\n<\/li>\n<li data-start=\"641\" data-end=\"693\">\n<p data-start=\"643\" data-end=\"693\">Dlh\u0161ie pretrv\u00e1vaj\u00faca hladina v krvi (8\u201312 hod\u00edn)<\/p>\n<\/li>\n<li data-start=\"694\" data-end=\"756\">\n<p data-start=\"696\" data-end=\"756\">Menej tr\u00e1viacich \u0165a\u017ekost\u00ed, \u00fa\u010dinnos\u0165 aj pri men\u0161\u00edch d\u00e1vkach<\/p>\n<\/li>\n<\/ul>\n<p data-start=\"758\" data-end=\"935\"><strong data-start=\"758\" data-end=\"784\">Doza recomandat\u0103: <\/strong>1\u20133 kapsuly denne, nez\u00e1visle od jedla.<br data-start=\"825\" data-end=\"828\" \/>U\u017e d\u00e1vka 250 mg zabezpe\u010d\u00ed dostato\u010dn\u00fa hladinu v krvi, v rozmedz\u00ed 400\u20131000 mg je klinicky potvrden\u00fd \u00fa\u010dinok.<\/p>\n<p data-start=\"937\" data-end=\"1103\"><strong data-start=\"937\" data-end=\"953\">Zauj\u00edmavos\u0165: <\/strong>CurQfen\u00ae sa dok\u00e1\u017ee vstreba\u0165 aj cez poko\u017eku, av\u0161ak klinick\u00e9 \u0161t\u00fadie prebiehali v\u00fdlu\u010dne pri vn\u00fatornom u\u017e\u00edvan\u00ed, preto odpor\u00fa\u010dame peror\u00e1lne pod\u00e1vanie.<\/p>\n\n\n<p><strong>Balenie:<\/strong> 60pcs<\/p>","protected":false},"excerpt":{"rendered":"<p>Pre\u010do je v\u00fdnimo\u010dn\u00fd? V\u010faka technol\u00f3gii FenuMAT\u00ae sa \u00fa\u010dinn\u00e9 l\u00e1tky vstreb\u00e1vaj\u00fa rovnomernej\u0161ie a dlhodobej\u0161ie, tak\u017ee ich bunky priamo vyu\u017e\u00edvaj\u00fa. CurQfen\u00ae kurkuminoidy s\u00fa doplnen\u00e9 o pr\u00edrodn\u00fd esenci\u00e1lny olej z kore\u0148a kurkumy \u2013 v rovnakom pomere ako v osved\u010denom BCM-95\u00ae. Turmacin\u00ae \u2013 vodorozpustn\u00e9 polysacharidy kurkumy roz\u0161iruj\u00fa jej priazniv\u00e9 \u00fa\u010dinky, najm\u00e4 na podporu zdravia k\u013abov. Klinicky overen\u00e9 v\u00fdhody: Efekt\u00edvne [&hellip;]<\/p>","protected":false},"featured_media":10045,"comment_status":"open","ping_status":"closed","template":"","meta":{"inline_featured_image":false},"product_brand":[113],"product_cat":[71],"product_tag":[],"class_list":{"0":"post-9022","1":"product","2":"type-product","3":"status-publish","4":"has-post-thumbnail","6":"product_brand-gal","7":"product_cat-potraviny","9":"first","10":"onbackorder","11":"taxable","12":"shipping-taxable","13":"purchasable","14":"product-type-simple"},"aioseo_notices":[],"_links":{"self":[{"href":"https:\/\/www.biokari.sk\/ro\/wp-json\/wp\/v2\/product\/9022","targetHints":{"allow":["GET"]}}],"collection":[{"href":"https:\/\/www.biokari.sk\/ro\/wp-json\/wp\/v2\/product"}],"about":[{"href":"https:\/\/www.biokari.sk\/ro\/wp-json\/wp\/v2\/types\/product"}],"replies":[{"embeddable":true,"href":"https:\/\/www.biokari.sk\/ro\/wp-json\/wp\/v2\/comments?post=9022"}],"wp:featuredmedia":[{"embeddable":true,"href":"https:\/\/www.biokari.sk\/ro\/wp-json\/wp\/v2\/media\/10045"}],"wp:attachment":[{"href":"https:\/\/www.biokari.sk\/ro\/wp-json\/wp\/v2\/media?parent=9022"}],"wp:term":[{"taxonomy":"product_brand","embeddable":true,"href":"https:\/\/www.biokari.sk\/ro\/wp-json\/wp\/v2\/product_brand?post=9022"},{"taxonomy":"product_cat","embeddable":true,"href":"https:\/\/www.biokari.sk\/ro\/wp-json\/wp\/v2\/product_cat?post=9022"},{"taxonomy":"product_tag","embeddable":true,"href":"https:\/\/www.biokari.sk\/ro\/wp-json\/wp\/v2\/product_tag?post=9022"}],"curies":[{"name":"wp","href":"https:\/\/api.w.org\/{rel}","templated":true}]}}