{"id":9030,"date":"2025-07-01T14:37:08","date_gmt":"2025-07-01T12:37:08","guid":{"rendered":"https:\/\/www.biokari.sk\/produkt\/gyorgytea-cajova-zmes-pre-diabetikov-50g\/"},"modified":"2026-04-28T19:01:55","modified_gmt":"2026-04-28T17:01:55","slug":"gyorgytea-cajova-zmes-pre-diabetikov-50g","status":"publish","type":"product","link":"https:\/\/www.biokari.sk\/ro\/produs\/gyorgytea-cajova-zmes-pre-diabetikov-50g\/","title":{"rendered":"Gy\u00f6rgytea \u010cajov\u00e1 zmes pre diabetikov 50g"},"content":{"rendered":"<p data-start=\"44\" data-end=\"134\"><strong data-start=\"44\" data-end=\"132\">Pri sklone na cukrovku je mo\u017en\u00e9 udr\u017ea\u0165 a podpori\u0165 rovnov\u00e1\u017eny stav regul\u00e1ciou stravy.<\/strong><\/p>\n<p data-start=\"136\" data-end=\"245\"><strong data-start=\"136\" data-end=\"149\">Compozi\u021bie: <\/strong>\u017dih\u013eavov\u00fd list, list \u010du\u010doriedky, kore\u0148 p\u00fapavy, kore\u0148 \u010dakanky oby\u010dajnej, \u013eubovn\u00edk bodkovan\u00fd.<\/p>\n<p data-start=\"247\" data-end=\"646\"><strong data-start=\"247\" data-end=\"300\">Obsah jednej zarovnanej polievkovej ly\u017eice (3 g):<\/strong><br data-start=\"300\" data-end=\"303\" \/>0,90 g kore\u0148 p\u00fapavy (Taraxacum officinale F.H.Wigg.; radix),<br data-start=\"363\" data-end=\"366\" \/>0,78 g list \u017eih\u013eavy dvojdomej (Urtica dioica L. a Urtica urens L.; folium),<br data-start=\"441\" data-end=\"444\" \/>0,54 g v\u0148a\u0165 \u013eubovn\u00edka bodkovan\u00e9ho (Hypericum perforatum L.; herba),<br data-start=\"511\" data-end=\"514\" \/>0,45 g list \u010du\u010doriedky oby\u010dajnej (Vaccinium myrtillus L.; folium),<br data-start=\"580\" data-end=\"583\" \/>0,33 g kore\u0148 \u010dakanky oby\u010dajnej (Cichorium intybus L.; radix).<\/p>\n<p data-start=\"648\" data-end=\"819\"><strong data-start=\"648\" data-end=\"661\">Preg\u0103tire: <\/strong>Jednu zarovnan\u00fa polievkov\u00fa ly\u017eicu \u010dajovej zmesi (3 g) zalejte 1 \u0161\u00e1lkou (cca 2,5 dl) vriacej vody, nechajte l\u00fahova\u0165 45 min\u00fat pod pokrievkou, potom sce\u010fte.<\/p>\n<p data-start=\"821\" data-end=\"897\"><strong data-start=\"821\" data-end=\"834\">Cerere: <\/strong>Pite 5 min\u00fat po hlavnom jedle, najlep\u0161ie bez dochucovania.<\/p>\n<p data-start=\"899\" data-end=\"1008\"><strong data-start=\"899\" data-end=\"915\">Depozitare: <\/strong>Po otvoren\u00ed uchov\u00e1vajte mimo dosahu det\u00ed, na suchom a chladnom mieste, dobre uzatvoren\u00e9.<\/p>\n<p data-start=\"1010\" data-end=\"1353\"><strong data-start=\"1010\" data-end=\"1026\">Avertisment: <\/strong>Pacienti so \u017el\u010dov\u00fdmi kame\u0148mi nesm\u00fa \u010daj konzumova\u0165. Nesmie sa u\u017e\u00edva\u0165 s\u00fa\u010dasne s liekmi na riedenie krvi obsahuj\u00facimi kumar\u00edn (napr. Syncumar\u00ae, Marfarin\u00ae). Lieky na vysok\u00fd krvn\u00fd tlak a srdce je mo\u017en\u00e9 u\u017ei\u0165 2 hodiny pred alebo po vypit\u00ed \u010daju. Deti do 12 rokov a tehotn\u00e9 \u010di doj\u010diace \u017eeny nesm\u00fa \u010daj pi\u0165 bez konzult\u00e1cie s lek\u00e1rom.<\/p>\n<p data-start=\"1010\" data-end=\"1353\"><strong>Greutate:<\/strong> 50g<\/p>","protected":false},"excerpt":{"rendered":"<p>Pri sklone na cukrovku je mo\u017en\u00e9 udr\u017ea\u0165 a podpori\u0165 rovnov\u00e1\u017eny stav regul\u00e1ciou stravy. Zlo\u017eenie: \u017dih\u013eavov\u00fd list, list \u010du\u010doriedky, kore\u0148 p\u00fapavy, kore\u0148 \u010dakanky oby\u010dajnej, \u013eubovn\u00edk bodkovan\u00fd. Obsah jednej zarovnanej polievkovej ly\u017eice (3 g):0,90 g kore\u0148 p\u00fapavy (Taraxacum officinale F.H.Wigg.; radix),0,78 g list \u017eih\u013eavy dvojdomej (Urtica dioica L. a Urtica urens L.; folium),0,54 g v\u0148a\u0165 \u013eubovn\u00edka bodkovan\u00e9ho [&hellip;]<\/p>","protected":false},"featured_media":10039,"comment_status":"open","ping_status":"closed","template":"","meta":{"inline_featured_image":false},"product_brand":[],"product_cat":[148,156],"product_tag":[],"class_list":{"0":"post-9030","1":"product","2":"type-product","3":"status-publish","4":"has-post-thumbnail","6":"product_cat-liecive-rastliny","7":"product_cat-pre-diabetikov-liecive-rastliny","9":"first","10":"instock","11":"taxable","12":"shipping-taxable","13":"purchasable","14":"product-type-simple"},"aioseo_notices":[],"_links":{"self":[{"href":"https:\/\/www.biokari.sk\/ro\/wp-json\/wp\/v2\/product\/9030","targetHints":{"allow":["GET"]}}],"collection":[{"href":"https:\/\/www.biokari.sk\/ro\/wp-json\/wp\/v2\/product"}],"about":[{"href":"https:\/\/www.biokari.sk\/ro\/wp-json\/wp\/v2\/types\/product"}],"replies":[{"embeddable":true,"href":"https:\/\/www.biokari.sk\/ro\/wp-json\/wp\/v2\/comments?post=9030"}],"wp:featuredmedia":[{"embeddable":true,"href":"https:\/\/www.biokari.sk\/ro\/wp-json\/wp\/v2\/media\/10039"}],"wp:attachment":[{"href":"https:\/\/www.biokari.sk\/ro\/wp-json\/wp\/v2\/media?parent=9030"}],"wp:term":[{"taxonomy":"product_brand","embeddable":true,"href":"https:\/\/www.biokari.sk\/ro\/wp-json\/wp\/v2\/product_brand?post=9030"},{"taxonomy":"product_cat","embeddable":true,"href":"https:\/\/www.biokari.sk\/ro\/wp-json\/wp\/v2\/product_cat?post=9030"},{"taxonomy":"product_tag","embeddable":true,"href":"https:\/\/www.biokari.sk\/ro\/wp-json\/wp\/v2\/product_tag?post=9030"}],"curies":[{"name":"wp","href":"https:\/\/api.w.org\/{rel}","templated":true}]}}