{"id":9032,"date":"2025-07-01T14:37:08","date_gmt":"2025-07-01T12:37:08","guid":{"rendered":"https:\/\/www.biokari.sk\/produkt\/dia-wellness-diabeticky-slivkovy-lekvar-380g\/"},"modified":"2026-04-23T19:01:19","modified_gmt":"2026-04-23T17:01:19","slug":"dia-wellness-diabeticky-slivkovy-lekvar-380g","status":"publish","type":"product","link":"https:\/\/www.biokari.sk\/ro\/produs\/dia-wellness-diabeticky-slivkovy-lekvar-380g\/","title":{"rendered":"Dia-wellness Diabetick\u00fd slivkov\u00fd lekv\u00e1r 380g"},"content":{"rendered":"<p>Slivkov\u00fd lekv\u00e1r so zn\u00ed\u017een\u00fdm obsahom sacharidov a bez pridan\u00e9ho cukru, vysoko vhodn\u00fd pre diabetikov a pri reduk\u010dn\u00fdch di\u00e9tach. Obsahuje prirodzene sa vyskytuj\u00face cukry zo sliviek, ktor\u00e9 maj\u00fa ni\u017e\u0161\u00ed glykemick\u00fd \u00fa\u010dinok ne\u017e oby\u010dajn\u00fd cukor.<\/p>\n<p data-start=\"54\" data-end=\"76\"><strong>Greutate:<\/strong> 380 g<\/p>\n<p data-start=\"78\" data-end=\"255\"><strong data-start=\"78\" data-end=\"91\">ZLO\u017dENIE: <\/strong>slivky 60 % (mie\u0161an\u00e9 slivky 50 %, penyigei slivky 10 %), voda, zahus\u0165ovadlo: pekt\u00edn, regul\u00e1tor kyslosti: kyselina citr\u00f3nov\u00e1, konzerva\u010dn\u00e1 l\u00e1tka: sorban draseln\u00fd<\/p>\n<p data-start=\"257\" data-end=\"306\"><strong data-start=\"257\" data-end=\"304\">Priemern\u00e9 v\u00fd\u017eivov\u00e9 hodnoty v 100 g v\u00fdrobku:<\/strong><\/p>\n<ul data-start=\"307\" data-end=\"519\">\n<li data-start=\"307\" data-end=\"349\">\n<p data-start=\"309\" data-end=\"349\">Energetick\u00e1 hodnota: 899 kJ \/ 214 kcal<\/p>\n<\/li>\n<li data-start=\"350\" data-end=\"411\">\n<p data-start=\"352\" data-end=\"365\">Tuky: 0,0 g<\/p>\n<ul data-start=\"369\" data-end=\"411\">\n<li data-start=\"369\" data-end=\"411\">\n<p data-start=\"371\" data-end=\"411\">z toho nas\u00fdten\u00e9 mastn\u00e9 kyseliny: 0,0 g<\/p>\n<\/li>\n<\/ul>\n<\/li>\n<li data-start=\"412\" data-end=\"461\">\n<p data-start=\"414\" data-end=\"433\">Sacharidy: 53,1 g<\/p>\n<ul data-start=\"437\" data-end=\"461\">\n<li data-start=\"437\" data-end=\"461\">\n<p data-start=\"439\" data-end=\"461\">z toho cukry: 40,0 g<\/p>\n<\/li>\n<\/ul>\n<\/li>\n<li data-start=\"462\" data-end=\"481\">\n<p data-start=\"464\" data-end=\"481\">Vl\u00e1knina: 3,5 g<\/p>\n<\/li>\n<li data-start=\"482\" data-end=\"503\">\n<p data-start=\"484\" data-end=\"503\">Bielkoviny: 0,6 g<\/p>\n<\/li>\n<li data-start=\"504\" data-end=\"519\">\n<p data-start=\"506\" data-end=\"519\">So\u013e: 0,13 g<\/p>\n<\/li>\n<\/ul>\n<p><strong>Doplnkov\u00e9 inform\u00e1cie:\u00a0<\/strong><\/p>\n<p><strong>Alergeni:<\/strong> neobsahuje \u017eiadne be\u017en\u00e9 alerg\u00e9ny (lepok, orechy at\u010f.)<\/p>\n<p><strong>Depozitare:<\/strong> uchov\u00e1vajte do 23?\u00b0C; po otvoren\u00ed skladujte v chladni\u010dke (max. +10?\u00b0C).<\/p>\n<p>Krajina p\u00f4vodu: Ma\u010farsko<\/p>","protected":false},"excerpt":{"rendered":"<p>Slivkov\u00fd lekv\u00e1r so zn\u00ed\u017een\u00fdm obsahom sacharidov a bez pridan\u00e9ho cukru, vysoko vhodn\u00fd pre diabetikov a pri reduk\u010dn\u00fdch di\u00e9tach. Obsahuje prirodzene sa vyskytuj\u00face cukry zo sliviek, ktor\u00e9 maj\u00fa ni\u017e\u0161\u00ed glykemick\u00fd \u00fa\u010dinok ne\u017e oby\u010dajn\u00fd cukor. Hmotnos\u0165: 380 g ZLO\u017dENIE: slivky 60 % (mie\u0161an\u00e9 slivky 50 %, penyigei slivky 10 %), voda, zahus\u0165ovadlo: pekt\u00edn, regul\u00e1tor kyslosti: kyselina citr\u00f3nov\u00e1, [&hellip;]<\/p>","protected":false},"featured_media":10037,"comment_status":"open","ping_status":"closed","template":"","meta":{"inline_featured_image":false},"product_brand":[],"product_cat":[71,170],"product_tag":[],"class_list":{"0":"post-9032","1":"product","2":"type-product","3":"status-publish","4":"has-post-thumbnail","6":"product_cat-potraviny","7":"product_cat-dzemy","9":"first","10":"instock","11":"taxable","12":"shipping-taxable","13":"purchasable","14":"product-type-simple"},"aioseo_notices":[],"_links":{"self":[{"href":"https:\/\/www.biokari.sk\/ro\/wp-json\/wp\/v2\/product\/9032","targetHints":{"allow":["GET"]}}],"collection":[{"href":"https:\/\/www.biokari.sk\/ro\/wp-json\/wp\/v2\/product"}],"about":[{"href":"https:\/\/www.biokari.sk\/ro\/wp-json\/wp\/v2\/types\/product"}],"replies":[{"embeddable":true,"href":"https:\/\/www.biokari.sk\/ro\/wp-json\/wp\/v2\/comments?post=9032"}],"wp:featuredmedia":[{"embeddable":true,"href":"https:\/\/www.biokari.sk\/ro\/wp-json\/wp\/v2\/media\/10037"}],"wp:attachment":[{"href":"https:\/\/www.biokari.sk\/ro\/wp-json\/wp\/v2\/media?parent=9032"}],"wp:term":[{"taxonomy":"product_brand","embeddable":true,"href":"https:\/\/www.biokari.sk\/ro\/wp-json\/wp\/v2\/product_brand?post=9032"},{"taxonomy":"product_cat","embeddable":true,"href":"https:\/\/www.biokari.sk\/ro\/wp-json\/wp\/v2\/product_cat?post=9032"},{"taxonomy":"product_tag","embeddable":true,"href":"https:\/\/www.biokari.sk\/ro\/wp-json\/wp\/v2\/product_tag?post=9032"}],"curies":[{"name":"wp","href":"https:\/\/api.w.org\/{rel}","templated":true}]}}