{"id":9038,"date":"2025-07-01T14:37:09","date_gmt":"2025-07-01T12:37:09","guid":{"rendered":"https:\/\/www.biokari.sk\/produkt\/bioco-morsky-vapnik-tabletky-90ks\/"},"modified":"2026-01-27T08:41:51","modified_gmt":"2026-01-27T07:41:51","slug":"bioco-morsky-vapnik-tabletky-90ks","status":"publish","type":"product","link":"https:\/\/www.biokari.sk\/ro\/produs\/bioco-morsky-vapnik-tabletky-90ks\/","title":{"rendered":"Bioco Morsk\u00fd v\u00e1pnik tabletky 90ks"},"content":{"rendered":"<p data-start=\"69\" data-end=\"402\"><strong data-start=\"69\" data-end=\"93\">BioCo\u00ae Morsk\u00fd v\u00e1pnik<\/strong> obsahuje rastlinn\u00fd, riasov\u00fd v\u00e1pnik poch\u00e1dzaj\u00faci z kri\u0161t\u00e1\u013eovo \u010distej vody severn\u00e9ho Atlantick\u00e9ho oce\u00e1nu. \u010cerven\u00e1 riasa (<em data-start=\"213\" data-end=\"238\">Lithothamnion calcareum<\/em>), ktor\u00e1 rastie pri pobre\u017e\u00ed Islandu, prirodzene obsahuje cenn\u00e9 miner\u00e1lne l\u00e1tky rozpusten\u00e9 vo vode, a to vo v\u00fdznamnom mno\u017estve \u2013 minim\u00e1lne 30 % tvor\u00ed \u010dist\u00fd v\u00e1pnik.<\/p>\n<p data-start=\"404\" data-end=\"456\">Priazniv\u00fd \u00fa\u010dinok v\u00e1pnika na zdravie je preuk\u00e1zan\u00fd.<\/p>\n<ul data-start=\"458\" data-end=\"829\">\n<li data-start=\"458\" data-end=\"517\">\n<p data-start=\"460\" data-end=\"517\">je potrebn\u00fd na udr\u017eanie norm\u00e1lneho stavu kost\u00ed a zubov,<\/p>\n<\/li>\n<li data-start=\"518\" data-end=\"568\">\n<p data-start=\"520\" data-end=\"568\">podie\u013ea sa na norm\u00e1lnom procese zr\u00e1\u017eania krvi,<\/p>\n<\/li>\n<li data-start=\"569\" data-end=\"625\">\n<p data-start=\"571\" data-end=\"625\">na norm\u00e1lnych energetick\u00fdch metabolick\u00fdch procesoch,<\/p>\n<\/li>\n<li data-start=\"626\" data-end=\"681\">\n<p data-start=\"628\" data-end=\"681\">podie\u013ea sa na norm\u00e1lnom prenose nervov\u00fdch vzruchov,<\/p>\n<\/li>\n<li data-start=\"682\" data-end=\"724\">\n<p data-start=\"684\" data-end=\"724\">prispieva k norm\u00e1lnej \u010dinnosti svalov,<\/p>\n<\/li>\n<li data-start=\"725\" data-end=\"769\">\n<p data-start=\"727\" data-end=\"769\">k norm\u00e1lnej \u010dinnosti tr\u00e1viacich enz\u00fdmov,<\/p>\n<\/li>\n<li data-start=\"770\" data-end=\"829\">\n<p data-start=\"772\" data-end=\"829\">zohr\u00e1va \u00falohu v procese delenia a \u0161pecializ\u00e1cie buniek.<\/p>\n<\/li>\n<\/ul>\n<p data-start=\"831\" data-end=\"974\">V\u0161etky zlo\u017eky pr\u00edpravku boli starostlivo vybran\u00e9 a kontrolovan\u00e9, preto ho m\u00f4\u017eu s istotou u\u017e\u00edva\u0165 aj osoby dodr\u017eiavaj\u00face veg\u00e1nsky \u017eivotn\u00fd \u0161t\u00fdl.<\/p>\n<p data-start=\"976\" data-end=\"1058\"><strong data-start=\"976\" data-end=\"991\">Dozaj:<\/strong> Dospel\u00ed 1\u20133 tablety denne, zapi\u0165 dostato\u010dn\u00fdm mno\u017estvom tekutiny.<\/p>\n<div class=\"_tableContainer_1rjym_1\">\n<div class=\"group _tableWrapper_1rjym_13 flex w-fit flex-col-reverse\">\n<table class=\"w-fit min-w-(--thread-content-width)\" data-start=\"1060\" data-end=\"1222\">\n<thead data-start=\"1060\" data-end=\"1102\">\n<tr data-start=\"1060\" data-end=\"1102\">\n<th data-start=\"1060\" data-end=\"1075\" data-col-size=\"sm\">\u00da\u010dinn\u00e1 l\u00e1tka<\/th>\n<th data-start=\"1075\" data-end=\"1087\" data-col-size=\"sm\">1 tableta<\/th>\n<th data-start=\"1087\" data-end=\"1102\" data-col-size=\"sm\">3 tablety<\/th>\n<\/tr>\n<\/thead>\n<tbody data-start=\"1146\" data-end=\"1222\">\n<tr data-start=\"1146\" data-end=\"1222\">\n<td data-start=\"1146\" data-end=\"1173\" data-col-size=\"sm\">V\u00e1pnik (z morskej riasy)<\/td>\n<td data-start=\"1173\" data-end=\"1196\" data-col-size=\"sm\">250 mg (31,3 % NRV*)<\/td>\n<td data-start=\"1196\" data-end=\"1222\" data-col-size=\"sm\">750 mg (93,8 % NRV*)<\/td>\n<\/tr>\n<\/tbody>\n<\/table>\n<\/div>\n<\/div>\n\n\n<p>*NRV%: Referen\u010dn\u00e1 hodnota pr\u00edjmu vitam\u00ednov a miner\u00e1lnych l\u00e1tok pre dospel\u00fdch<\/p>\n\n\n\n<p><strong>Compozi\u021bie:<\/strong> morsk\u00e1 riasa; plnivo (mikrokry\u0161talick\u00e1 celul\u00f3za); protihrudkuj\u00face l\u00e1tky (mastenec, oxid kremi\u010dit\u00fd, hore\u010dnat\u00e9 soli mastn\u00fdch kysel\u00edn).<\/p>\n\n\n\n<p><strong>Hmotnos\u0165 obsahu:<\/strong> 99 g \/ 90 tabliet<br>(90 tabliet po 1,1 g)<\/p>\n\n\n\n<p><strong>Notifika\u010dn\u00e9 \u010d\u00edslo OGY\u00c9I:<\/strong> 29554\/2022<\/p>\n\n\n\n<p><strong>Depozitare:<\/strong> Uchov\u00e1vajte mimo dosahu det\u00ed, na suchom mieste, chr\u00e1nen\u00e9 pred slne\u010dn\u00fdm \u017eiaren\u00edm, pri izbovej teplote (15\u201325 \u00b0C). Obal po pou\u017eit\u00ed v\u017edy d\u00f4kladne uzavrite.<\/p>\n\n\n\n<p><strong>Minim\u00e1lna trvanlivos\u0165 do (de\u0148, mesiac, rok):<\/strong> vi\u010f spodn\u00e1 \u010das\u0165 obalu.<\/p>\n\n\n\n<p><strong>Avertisment:<\/strong> V\u00fd\u017eivov\u00fd doplnok nenahr\u00e1dza pestr\u00fa a vyv\u00e1\u017een\u00fa stravu ani zdrav\u00fd \u017eivotn\u00fd \u0161t\u00fdl. Uchov\u00e1vajte mimo dosahu det\u00ed! Odpor\u00fa\u010dan\u00e1 denn\u00e1 d\u00e1vka sa nesmie prekro\u010di\u0165! Neu\u017e\u00edvajte pr\u00edpravok, ak ste alergick\u00ed alebo precitliven\u00ed na niektor\u00fa zo zlo\u017eiek! V pr\u00edpade \u0165a\u017ekost\u00ed s preh\u013atan\u00edm je mo\u017en\u00e9 tabletu rozdeli\u0165 pozd\u013a\u017e deliacej ryhy. <\/p>","protected":false},"excerpt":{"rendered":"<p>BioCo\u00ae Morsk\u00fd v\u00e1pnik obsahuje rastlinn\u00fd, riasov\u00fd v\u00e1pnik poch\u00e1dzaj\u00faci z kri\u0161t\u00e1\u013eovo \u010distej vody severn\u00e9ho Atlantick\u00e9ho oce\u00e1nu. \u010cerven\u00e1 riasa (Lithothamnion calcareum), ktor\u00e1 rastie pri pobre\u017e\u00ed Islandu, prirodzene obsahuje cenn\u00e9 miner\u00e1lne l\u00e1tky rozpusten\u00e9 vo vode, a to vo v\u00fdznamnom mno\u017estve \u2013 minim\u00e1lne 30 % tvor\u00ed \u010dist\u00fd v\u00e1pnik. Priazniv\u00fd \u00fa\u010dinok v\u00e1pnika na zdravie je preuk\u00e1zan\u00fd. je potrebn\u00fd na udr\u017eanie [&hellip;]<\/p>","protected":false},"featured_media":10033,"comment_status":"open","ping_status":"closed","template":"","meta":{"inline_featured_image":false},"product_brand":[],"product_cat":[69],"product_tag":[],"class_list":{"0":"post-9038","1":"product","2":"type-product","3":"status-publish","4":"has-post-thumbnail","6":"product_cat-vyzivove-doplnky","8":"first","9":"instock","10":"taxable","11":"shipping-taxable","12":"purchasable","13":"product-type-simple"},"aioseo_notices":[],"_links":{"self":[{"href":"https:\/\/www.biokari.sk\/ro\/wp-json\/wp\/v2\/product\/9038","targetHints":{"allow":["GET"]}}],"collection":[{"href":"https:\/\/www.biokari.sk\/ro\/wp-json\/wp\/v2\/product"}],"about":[{"href":"https:\/\/www.biokari.sk\/ro\/wp-json\/wp\/v2\/types\/product"}],"replies":[{"embeddable":true,"href":"https:\/\/www.biokari.sk\/ro\/wp-json\/wp\/v2\/comments?post=9038"}],"wp:featuredmedia":[{"embeddable":true,"href":"https:\/\/www.biokari.sk\/ro\/wp-json\/wp\/v2\/media\/10033"}],"wp:attachment":[{"href":"https:\/\/www.biokari.sk\/ro\/wp-json\/wp\/v2\/media?parent=9038"}],"wp:term":[{"taxonomy":"product_brand","embeddable":true,"href":"https:\/\/www.biokari.sk\/ro\/wp-json\/wp\/v2\/product_brand?post=9038"},{"taxonomy":"product_cat","embeddable":true,"href":"https:\/\/www.biokari.sk\/ro\/wp-json\/wp\/v2\/product_cat?post=9038"},{"taxonomy":"product_tag","embeddable":true,"href":"https:\/\/www.biokari.sk\/ro\/wp-json\/wp\/v2\/product_tag?post=9038"}],"curies":[{"name":"wp","href":"https:\/\/api.w.org\/{rel}","templated":true}]}}