{"id":9040,"date":"2025-07-01T14:37:10","date_gmt":"2025-07-01T12:37:10","guid":{"rendered":"https:\/\/www.biokari.sk\/produkt\/bioco-morsky-horcik-tabletky-90ks\/"},"modified":"2026-03-05T18:01:16","modified_gmt":"2026-03-05T17:01:16","slug":"bioco-morsky-horcik-tabletky-90ks","status":"publish","type":"product","link":"https:\/\/www.biokari.sk\/ro\/produs\/bioco-morsky-horcik-tabletky-90ks\/","title":{"rendered":"Bioco Morsk\u00fd hor\u010d\u00edk tabletky 90ks"},"content":{"rendered":"<p data-start=\"71\" data-end=\"251\"><strong data-start=\"71\" data-end=\"95\">BioCo\u00ae Morsk\u00e9 hor\u010d\u00edk<\/strong> obsahuje hor\u010d\u00edk z\u00edskan\u00fd z kri\u0161t\u00e1\u013eovo \u010distej morskej vody pri pobre\u017e\u00ed \u00cdrska, preto \u00fa\u010dinn\u00e1 l\u00e1tka pr\u00edpravku poch\u00e1dza zo 100 % pr\u00edrodn\u00e9ho miner\u00e1lneho zdroja.<\/p>\n<p data-start=\"253\" data-end=\"357\">Priazniv\u00fd \u00fa\u010dinok hor\u010d\u00edka na zdravie je preuk\u00e1zan\u00fd, jeho u\u017e\u00edvanie sa odpor\u00fa\u010da v nasledovn\u00fdch pr\u00edpadoch:<\/p>\n<ul data-start=\"359\" data-end=\"627\">\n<li data-start=\"359\" data-end=\"414\">\n<p data-start=\"361\" data-end=\"414\">prispieva k spr\u00e1vnemu fungovaniu nervov\u00e9ho syst\u00e9mu,<\/p>\n<\/li>\n<li data-start=\"415\" data-end=\"447\">\n<p data-start=\"417\" data-end=\"447\">k norm\u00e1lnej \u010dinnosti svalov,<\/p>\n<\/li>\n<li data-start=\"448\" data-end=\"498\">\n<p data-start=\"450\" data-end=\"498\">k udr\u017eaniu norm\u00e1lnych psychologick\u00fdch funkci\u00ed,<\/p>\n<\/li>\n<li data-start=\"499\" data-end=\"566\">\n<p data-start=\"501\" data-end=\"566\">zohr\u00e1va \u00falohu pri norm\u00e1lnej synt\u00e9ze bielkov\u00edn a delen \u00ed buniek,<\/p>\n<\/li>\n<li data-start=\"567\" data-end=\"627\">\n<p data-start=\"569\" data-end=\"627\">podie\u013ea sa na udr\u017eiavan\u00ed norm\u00e1lneho stavu kost\u00ed a zubov.<\/p>\n<\/li>\n<\/ul>\n<p data-start=\"629\" data-end=\"772\">V\u0161etky zlo\u017eky pr\u00edpravku boli starostlivo vybran\u00e9 a kontrolovan\u00e9, preto ho m\u00f4\u017eu s istotou u\u017e\u00edva\u0165 aj osoby dodr\u017eiavaj\u00face veg\u00e1nsky \u017eivotn\u00fd \u0161t\u00fdl.<\/p>\n<p data-start=\"774\" data-end=\"856\"><strong data-start=\"774\" data-end=\"789\">Dozaj:<\/strong> Dospel\u00ed 1\u20132 tablety denne, zapi\u0165 dostato\u010dn\u00fdm mno\u017estvom tekutiny.<\/p>\n<div class=\"_tableContainer_1rjym_1\">\n<div class=\"group _tableWrapper_1rjym_13 flex w-fit flex-col-reverse\">\n<table class=\"w-fit min-w-(--thread-content-width)\" data-start=\"858\" data-end=\"1018\">\n<thead data-start=\"858\" data-end=\"900\">\n<tr data-start=\"858\" data-end=\"900\">\n<th data-start=\"858\" data-end=\"873\" data-col-size=\"sm\">\u00da\u010dinn\u00e1 l\u00e1tka<\/th>\n<th data-start=\"873\" data-end=\"885\" data-col-size=\"sm\">1 tableta<\/th>\n<th data-start=\"885\" data-end=\"900\" data-col-size=\"sm\">2 tablety<\/th>\n<\/tr>\n<\/thead>\n<tbody data-start=\"944\" data-end=\"1018\">\n<tr data-start=\"944\" data-end=\"1018\">\n<td data-start=\"944\" data-end=\"970\" data-col-size=\"sm\">Hor\u010d\u00edk (z morskej vody)<\/td>\n<td data-start=\"970\" data-end=\"993\" data-col-size=\"sm\">187,5 mg (50 % NRV*)<\/td>\n<td data-start=\"993\" data-end=\"1018\" data-col-size=\"sm\">375 mg (100 % NRV*)<\/td>\n<\/tr>\n<\/tbody>\n<\/table>\n<\/div>\n<\/div>\n\n\n<p>*NRV%: Referen\u010dn\u00e1 hodnota pr\u00edjmu vitam\u00ednov a miner\u00e1lnych l\u00e1tok pre dospel\u00fdch<\/p>\n\n\n\n<p><strong>Compozi\u021bie:<\/strong> hor\u010d\u00edk-hydroxid z morskej vody; plnivo (mikrokry\u0161talick\u00e1 celul\u00f3za); protihrudkuj\u00face l\u00e1tky (mastn\u00e9 kyseliny, mastenec, oxid kremi\u010dit\u00fd).<\/p>\n\n\n\n<p><strong>Hmotnos\u0165 obsahu:<\/strong> 81 g \/ 90 tabliet<br>(90 tabliet po 0,9 g)<\/p>\n\n\n\n<p><strong>Depozitare:<\/strong> Uchov\u00e1vajte mimo dosahu det\u00ed, na suchom mieste, chr\u00e1nen\u00e9 pred slne\u010dn\u00fdm \u017eiaren\u00edm, pri izbovej teplote (15\u201325 \u00b0C). Obal po pou\u017eit\u00ed v\u017edy d\u00f4kladne uzavrite.<\/p>\n\n\n\n<p><strong>Minim\u00e1lna trvanlivos\u0165 do (de\u0148, mesiac, rok):<\/strong> vi\u010f spodn\u00e1 \u010das\u0165 obalu.<\/p>\n\n\n\n<p><strong>Avertisment:<\/strong> V\u00fd\u017eivov\u00fd doplnok nenahr\u00e1dza pestr\u00fa a vyv\u00e1\u017een\u00fa stravu ani zdrav\u00fd \u017eivotn\u00fd \u0161t\u00fdl. Uchov\u00e1vajte mimo dosahu det\u00ed! Odpor\u00fa\u010dan\u00e1 denn\u00e1 d\u00e1vka sa nesmie prekro\u010di\u0165! Neu\u017e\u00edvajte pr\u00edpravok, ak ste alergick\u00ed alebo precitliven\u00ed na niektor\u00fa zo zlo\u017eiek! V pr\u00edpade \u0165a\u017ekost\u00ed s preh\u013atan\u00edm je mo\u017en\u00e9 tabletu rozdeli\u0165 pozd\u013a\u017e deliacej ryhy.<\/p>\n\n\n\n<p>Hor\u010d\u00edk obsiahnut\u00fd v pr\u00edpravku poch\u00e1dza z morskej vody pri pobre\u017e\u00ed <strong>\u00cdrska<\/strong>. Je spracovan\u00fd vo <strong>Ve\u013ekej Brit\u00e1nii<\/strong> (krajina p\u00f4vodu). V\u00fdvoj a v\u00fdroba pr\u00edpravku prebieha v\u00fdhradne v <strong>Ma\u010farsku<\/strong>.<\/p>","protected":false},"excerpt":{"rendered":"<p>BioCo\u00ae Morsk\u00e9 hor\u010d\u00edk obsahuje hor\u010d\u00edk z\u00edskan\u00fd z kri\u0161t\u00e1\u013eovo \u010distej morskej vody pri pobre\u017e\u00ed \u00cdrska, preto \u00fa\u010dinn\u00e1 l\u00e1tka pr\u00edpravku poch\u00e1dza zo 100 % pr\u00edrodn\u00e9ho miner\u00e1lneho zdroja. Priazniv\u00fd \u00fa\u010dinok hor\u010d\u00edka na zdravie je preuk\u00e1zan\u00fd, jeho u\u017e\u00edvanie sa odpor\u00fa\u010da v nasledovn\u00fdch pr\u00edpadoch: prispieva k spr\u00e1vnemu fungovaniu nervov\u00e9ho syst\u00e9mu, k norm\u00e1lnej \u010dinnosti svalov, k udr\u017eaniu norm\u00e1lnych psychologick\u00fdch funkci\u00ed, zohr\u00e1va [&hellip;]<\/p>","protected":false},"featured_media":10029,"comment_status":"open","ping_status":"closed","template":"","meta":{"inline_featured_image":false},"product_brand":[],"product_cat":[71],"product_tag":[],"class_list":{"0":"post-9040","1":"product","2":"type-product","3":"status-publish","4":"has-post-thumbnail","6":"product_cat-potraviny","8":"first","9":"instock","10":"taxable","11":"shipping-taxable","12":"purchasable","13":"product-type-simple"},"aioseo_notices":[],"_links":{"self":[{"href":"https:\/\/www.biokari.sk\/ro\/wp-json\/wp\/v2\/product\/9040","targetHints":{"allow":["GET"]}}],"collection":[{"href":"https:\/\/www.biokari.sk\/ro\/wp-json\/wp\/v2\/product"}],"about":[{"href":"https:\/\/www.biokari.sk\/ro\/wp-json\/wp\/v2\/types\/product"}],"replies":[{"embeddable":true,"href":"https:\/\/www.biokari.sk\/ro\/wp-json\/wp\/v2\/comments?post=9040"}],"wp:featuredmedia":[{"embeddable":true,"href":"https:\/\/www.biokari.sk\/ro\/wp-json\/wp\/v2\/media\/10029"}],"wp:attachment":[{"href":"https:\/\/www.biokari.sk\/ro\/wp-json\/wp\/v2\/media?parent=9040"}],"wp:term":[{"taxonomy":"product_brand","embeddable":true,"href":"https:\/\/www.biokari.sk\/ro\/wp-json\/wp\/v2\/product_brand?post=9040"},{"taxonomy":"product_cat","embeddable":true,"href":"https:\/\/www.biokari.sk\/ro\/wp-json\/wp\/v2\/product_cat?post=9040"},{"taxonomy":"product_tag","embeddable":true,"href":"https:\/\/www.biokari.sk\/ro\/wp-json\/wp\/v2\/product_tag?post=9040"}],"curies":[{"name":"wp","href":"https:\/\/api.w.org\/{rel}","templated":true}]}}