{"id":9042,"date":"2025-07-01T14:37:11","date_gmt":"2025-07-01T12:37:11","guid":{"rendered":"https:\/\/www.biokari.sk\/produkt\/bioco-l-lyzin-max-tabletky-100ks\/"},"modified":"2026-01-27T08:41:51","modified_gmt":"2026-01-27T07:41:51","slug":"bioco-l-lyzin-max-tabletky-100ks","status":"publish","type":"product","link":"https:\/\/www.biokari.sk\/ro\/produs\/bioco-l-lyzin-max-tabletky-100ks\/","title":{"rendered":"Bioco L-Lyz\u00edn MAX tabletky 100ks"},"content":{"rendered":"<hr data-start=\"67\" data-end=\"70\" \/>\n<p data-start=\"72\" data-end=\"328\"><strong data-start=\"72\" data-end=\"91\">BioCo Lizin MAX<\/strong> obsahuje koncentrovan\u00fa d\u00e1vku L-lyz\u00ednu \u2013 v porovnan\u00ed s pr\u00edpravkom <strong data-start=\"157\" data-end=\"190\">BioCo Lizin C + Zinok Komplex<\/strong> dvojn\u00e1sobn\u00e9 mno\u017estvo, teda <strong data-start=\"218\" data-end=\"250\">1000 mg L-lyz\u00ednu v 1 tablete<\/strong>. Lizin MAX je medzi v\u00fdrobkami BioCo pr\u00edpravkom s najvy\u0161\u0161\u00edm obsahom lyz\u00ednu.*<\/p>\n<p data-start=\"330\" data-end=\"473\">Vzh\u013eadom na vysok\u00fd obsah \u00fa\u010dinnej l\u00e1tky s\u00fa tablety v\u00e4\u010d\u0161ie. V pr\u00edpade \u0165a\u017ekost\u00ed s preh\u013atan\u00edm je mo\u017en\u00e9 ich rozdrobi\u0165 a pr\u00edpadne prida\u0165 do n\u00e1poja.<\/p>\n<p data-start=\"475\" data-end=\"546\">U\u017e\u00edvanie sa odpor\u00fa\u010da t\u00fdm, ktor\u00ed chc\u00fa prij\u00edma\u0165 vy\u0161\u0161ie mno\u017estv\u00e1 lyz\u00ednu.<\/p>\n<p data-start=\"548\" data-end=\"693\"><strong data-start=\"548\" data-end=\"567\">Lyz\u00edn (L-lyz\u00edn)<\/strong> je jednou z 9 esenci\u00e1lnych aminokysel\u00edn, ktor\u00e9 si organizmus nedok\u00e1\u017ee vytv\u00e1ra\u0165 s\u00e1m, preto je potrebn\u00e9 ich prij\u00edma\u0165 stravou.<\/p>\n<p data-start=\"695\" data-end=\"818\">Vysok\u00fd obsah lyz\u00ednu sp\u00f4sobuje, \u017ee tableta m\u00e1 slan\u00fa, mierne horkast\u00fa chu\u0165, \u010do je prirodzen\u00e1 vlastnos\u0165 tejto aminokyseliny.<\/p>\n<p data-start=\"820\" data-end=\"860\">*Maxim\u00e1lny obsah L-lyz\u00ednu v 1 tablete<\/p>\n<p data-start=\"862\" data-end=\"944\"><strong data-start=\"862\" data-end=\"877\">Dozaj:<\/strong> Dospel\u00ed: 1\u20133 tablety denne zapi\u0165 dostato\u010dn\u00fdm mno\u017estvom tekutiny.<\/p>\n<div class=\"_tableContainer_1rjym_1\">\n<div class=\"group _tableWrapper_1rjym_13 flex w-fit flex-col-reverse\">\n<table class=\"w-fit min-w-(--thread-content-width)\" data-start=\"946\" data-end=\"1113\">\n<thead data-start=\"946\" data-end=\"986\">\n<tr data-start=\"946\" data-end=\"986\">\n<th data-start=\"946\" data-end=\"961\" data-col-size=\"sm\">\u00da\u010dinn\u00e1 l\u00e1tka<\/th>\n<th data-start=\"961\" data-end=\"973\" data-col-size=\"sm\">1 tableta<\/th>\n<th data-start=\"973\" data-end=\"986\" data-col-size=\"sm\">3 tablety<\/th>\n<\/tr>\n<\/thead>\n<tbody data-start=\"1028\" data-end=\"1113\">\n<tr data-start=\"1028\" data-end=\"1072\">\n<td data-start=\"1028\" data-end=\"1051\" data-col-size=\"sm\">L-lyz\u00edn hydrochlorid<\/td>\n<td data-start=\"1051\" data-end=\"1061\" data-col-size=\"sm\">1270 mg<\/td>\n<td data-start=\"1061\" data-end=\"1072\" data-col-size=\"sm\">3810 mg<\/td>\n<\/tr>\n<tr data-start=\"1073\" data-end=\"1113\">\n<td data-start=\"1073\" data-end=\"1092\" data-col-size=\"sm\">\u2013 z toho L-lyz\u00edn<\/td>\n<td data-start=\"1092\" data-end=\"1102\" data-col-size=\"sm\">1000 mg<\/td>\n<td data-start=\"1102\" data-end=\"1113\" data-col-size=\"sm\">3000 mg<\/td>\n<\/tr>\n<\/tbody>\n<\/table>\n<\/div>\n<\/div>\n\n\n<p><strong>Compozi\u021bie:<\/strong> L-lyz\u00edn hydrochlorid; le\u0161tiace l\u00e1tky (mastn\u00e9 kyseliny); plnivo (mikrokry\u0161talick\u00e1 celul\u00f3za); protihrudkuj\u00faca l\u00e1tka (oxid kremi\u010dit\u00fd).<\/p>\n\n\n\n<p><strong>Hmotnos\u0165 obsahu:<\/strong> 140 g \/ 100 tabliet<br>(100 tabliet s hmotnos\u0165ou 1,4 g)<\/p>\n\n\n\n<p><strong>Depozitare:<\/strong> Uchov\u00e1vajte mimo dosahu det\u00ed, na suchom mieste, chr\u00e1nen\u00e9 pred priamym slne\u010dn\u00fdm \u017eiaren\u00edm, pri izbovej teplote (15\u201325 \u00b0C). Obal po pou\u017eit\u00ed v\u017edy d\u00f4kladne uzavrite.<\/p>\n\n\n\n<p><strong>Minim\u00e1lna trvanlivos\u0165 do (de\u0148, mesiac, rok):<\/strong> vi\u010f spodn\u00e1 \u010das\u0165 obalu.<\/p>\n\n\n\n<p><strong>Avertisment:<\/strong> V\u00fd\u017eivov\u00fd doplnok nenahr\u00e1dza vyv\u00e1\u017een\u00fa, pestr\u00fa stravu a zdrav\u00fd \u017eivotn\u00fd \u0161t\u00fdl. Uchov\u00e1vajte mimo dosahu det\u00ed! Odpor\u00fa\u010dan\u00e9 denn\u00e9 d\u00e1vkovanie sa nesmie prekro\u010di\u0165! Neu\u017e\u00edvajte pr\u00edpravok, ak ste citliv\u00ed alebo alergick\u00ed na niektor\u00fa zo zlo\u017eiek!<\/p>","protected":false},"excerpt":{"rendered":"<p>BioCo Lizin MAX obsahuje koncentrovan\u00fa d\u00e1vku L-lyz\u00ednu \u2013 v porovnan\u00ed s pr\u00edpravkom BioCo Lizin C + Zinok Komplex dvojn\u00e1sobn\u00e9 mno\u017estvo, teda 1000 mg L-lyz\u00ednu v 1 tablete. Lizin MAX je medzi v\u00fdrobkami BioCo pr\u00edpravkom s najvy\u0161\u0161\u00edm obsahom lyz\u00ednu.* Vzh\u013eadom na vysok\u00fd obsah \u00fa\u010dinnej l\u00e1tky s\u00fa tablety v\u00e4\u010d\u0161ie. V pr\u00edpade \u0165a\u017ekost\u00ed s preh\u013atan\u00edm je mo\u017en\u00e9 ich [&hellip;]<\/p>","protected":false},"featured_media":10021,"comment_status":"open","ping_status":"closed","template":"","meta":{"inline_featured_image":false},"product_brand":[],"product_cat":[69],"product_tag":[],"class_list":{"0":"post-9042","1":"product","2":"type-product","3":"status-publish","4":"has-post-thumbnail","6":"product_cat-vyzivove-doplnky","8":"first","9":"onbackorder","10":"taxable","11":"shipping-taxable","12":"purchasable","13":"product-type-simple"},"aioseo_notices":[],"_links":{"self":[{"href":"https:\/\/www.biokari.sk\/ro\/wp-json\/wp\/v2\/product\/9042","targetHints":{"allow":["GET"]}}],"collection":[{"href":"https:\/\/www.biokari.sk\/ro\/wp-json\/wp\/v2\/product"}],"about":[{"href":"https:\/\/www.biokari.sk\/ro\/wp-json\/wp\/v2\/types\/product"}],"replies":[{"embeddable":true,"href":"https:\/\/www.biokari.sk\/ro\/wp-json\/wp\/v2\/comments?post=9042"}],"wp:featuredmedia":[{"embeddable":true,"href":"https:\/\/www.biokari.sk\/ro\/wp-json\/wp\/v2\/media\/10021"}],"wp:attachment":[{"href":"https:\/\/www.biokari.sk\/ro\/wp-json\/wp\/v2\/media?parent=9042"}],"wp:term":[{"taxonomy":"product_brand","embeddable":true,"href":"https:\/\/www.biokari.sk\/ro\/wp-json\/wp\/v2\/product_brand?post=9042"},{"taxonomy":"product_cat","embeddable":true,"href":"https:\/\/www.biokari.sk\/ro\/wp-json\/wp\/v2\/product_cat?post=9042"},{"taxonomy":"product_tag","embeddable":true,"href":"https:\/\/www.biokari.sk\/ro\/wp-json\/wp\/v2\/product_tag?post=9042"}],"curies":[{"name":"wp","href":"https:\/\/api.w.org\/{rel}","templated":true}]}}