{"id":9046,"date":"2025-07-01T14:37:11","date_gmt":"2025-07-01T12:37:11","guid":{"rendered":"https:\/\/www.biokari.sk\/produkt\/gal-liposomalny-vitamin-c-fenu-komplex-90ks\/"},"modified":"2026-01-27T08:41:52","modified_gmt":"2026-01-27T07:41:52","slug":"gal-liposomalny-vitamin-c-fenu-komplex-90ks","status":"publish","type":"product","link":"https:\/\/www.biokari.sk\/ro\/produs\/gal-liposomalny-vitamin-c-fenu-komplex-90ks\/","title":{"rendered":"Gal Liposomaln\u00fd vitam\u00edn C &#8211; FENU komplex 90ks"},"content":{"rendered":"<p data-start=\"76\" data-end=\"232\"><strong data-start=\"76\" data-end=\"114\">FenuMAT\u2122 a lipozom\u00e1lna technol\u00f3gia<\/strong> v kombin\u00e1cii otvorila nov\u00e9 mo\u017enosti pre zvy\u0161ovanie hladiny vitam\u00ednu C \u2013 a to v\u00fdlu\u010dne s pou\u017eit\u00edm pr\u00edrodn\u00fdch zlo\u017eiek.<\/p>\n<p data-start=\"234\" data-end=\"642\">Vitam\u00edn C je uzavret\u00fd do lipoz\u00f3mov vytvoren\u00fdch z pr\u00edrodn\u00fdch fosfolipidov, ktor\u00e9 s\u00fa n\u00e1sledne zapuzdren\u00e9 do hydrog\u00e9lov\u00e9ho syst\u00e9mu z vl\u00e1kniny semien senovky gr\u00e9ckej. V\u010faka tomu u\u017e jednorazov\u00e9 u\u017eitie <strong data-start=\"430\" data-end=\"470\">360 mg takto spracovan\u00e9ho vitam\u00ednu C<\/strong> zv\u00fd\u0161i hladinu vitam\u00ednu C nato\u013eko, ako to nedok\u00e1\u017ee \u017eiadna d\u00e1vka be\u017en\u00e9ho vitam\u00ednu C \u2013 a dokonca ani gramov\u00e9 mno\u017estv\u00e1 lipozom\u00e1lne spracovan\u00e9ho vitam\u00ednu C (niekedy a\u017e 10 g).<\/p>\n<p data-start=\"644\" data-end=\"905\">N\u00e1\u0161 v\u00fdrobok odpor\u00fa\u010dame t\u00fdm, ktor\u00ed maj\u00fa za cie\u013e <strong data-start=\"691\" data-end=\"727\">maximalizova\u0165 hladinu vitam\u00ednu C<\/strong>, dosiahnu\u0165 <strong data-start=\"739\" data-end=\"767\">suprafyziologick\u00fa \u00farove\u0148<\/strong>, pr\u00edpadne t\u00fdm, ktor\u00fdm tradi\u010dn\u00fd vitam\u00edn C sp\u00f4sobuje tr\u00e1viace \u0165a\u017ekosti alebo pova\u017euj\u00fa za nepohodln\u00e9 jeho rovnomern\u00e9 rozdelenie po\u010das d\u0148a.<\/p>\n<p data-start=\"644\" data-end=\"905\"><strong data-start=\"57\" data-end=\"70\">Compozi\u021bie: <\/strong>Fenu-C+ (v\u00e1penat\u00e1 so\u013e kyseliny askorbovej, galaktoman\u00e1nov\u00e1 vl\u00e1knina zo semien senovky gr\u00e9ckej, slne\u010dnicov\u00fd lecit\u00edn, celul\u00f3za), kapsulov\u00e1 \u0161krupina (\u017eelat\u00edna).<\/p>\n<p data-start=\"907\" data-end=\"1061\"><strong data-start=\"907\" data-end=\"922\">Dozaj:<\/strong> 1 kapsula denne pri be\u017enom u\u017e\u00edvan\u00ed; na priebe\u017en\u00e9 maximalizovanie hladiny vitam\u00ednu C a\u017e 9 kaps\u00fal denne (napr. 3 kapsuly ka\u017ed\u00fdch 8 hod\u00edn).<\/p>\n<p data-start=\"1063\" data-end=\"1233\"><strong data-start=\"1063\" data-end=\"1079\">Avertisment:<\/strong> Odpor\u00fa\u010dan\u00e1 denn\u00e1 d\u00e1vka sa nesmie prekro\u010di\u0165! V\u00fd\u017eivov\u00fd doplnok nenahr\u00e1dza vyv\u00e1\u017een\u00fa a pestr\u00fa stravu ani zdrav\u00fd \u017eivotn\u00fd \u0161t\u00fdl. Uchov\u00e1vajte mimo dosahu det\u00ed.<\/p>\n<p data-start=\"1063\" data-end=\"1233\"><strong>Balenie<\/strong>: 90ks<\/p>\n<p>\u00a0<\/p>\n\n\n<p><\/p>","protected":false},"excerpt":{"rendered":"<p>FenuMAT\u2122 a lipozom\u00e1lna technol\u00f3gia v kombin\u00e1cii otvorila nov\u00e9 mo\u017enosti pre zvy\u0161ovanie hladiny vitam\u00ednu C \u2013 a to v\u00fdlu\u010dne s pou\u017eit\u00edm pr\u00edrodn\u00fdch zlo\u017eiek. Vitam\u00edn C je uzavret\u00fd do lipoz\u00f3mov vytvoren\u00fdch z pr\u00edrodn\u00fdch fosfolipidov, ktor\u00e9 s\u00fa n\u00e1sledne zapuzdren\u00e9 do hydrog\u00e9lov\u00e9ho syst\u00e9mu z vl\u00e1kniny semien senovky gr\u00e9ckej. V\u010faka tomu u\u017e jednorazov\u00e9 u\u017eitie 360 mg takto spracovan\u00e9ho vitam\u00ednu C [&hellip;]<\/p>","protected":false},"featured_media":10027,"comment_status":"open","ping_status":"closed","template":"","meta":{"inline_featured_image":false},"product_brand":[113],"product_cat":[69],"product_tag":[],"class_list":{"0":"post-9046","1":"product","2":"type-product","3":"status-publish","4":"has-post-thumbnail","6":"product_brand-gal","7":"product_cat-vyzivove-doplnky","9":"first","10":"onbackorder","11":"taxable","12":"shipping-taxable","13":"purchasable","14":"product-type-simple"},"aioseo_notices":[],"_links":{"self":[{"href":"https:\/\/www.biokari.sk\/ro\/wp-json\/wp\/v2\/product\/9046","targetHints":{"allow":["GET"]}}],"collection":[{"href":"https:\/\/www.biokari.sk\/ro\/wp-json\/wp\/v2\/product"}],"about":[{"href":"https:\/\/www.biokari.sk\/ro\/wp-json\/wp\/v2\/types\/product"}],"replies":[{"embeddable":true,"href":"https:\/\/www.biokari.sk\/ro\/wp-json\/wp\/v2\/comments?post=9046"}],"wp:featuredmedia":[{"embeddable":true,"href":"https:\/\/www.biokari.sk\/ro\/wp-json\/wp\/v2\/media\/10027"}],"wp:attachment":[{"href":"https:\/\/www.biokari.sk\/ro\/wp-json\/wp\/v2\/media?parent=9046"}],"wp:term":[{"taxonomy":"product_brand","embeddable":true,"href":"https:\/\/www.biokari.sk\/ro\/wp-json\/wp\/v2\/product_brand?post=9046"},{"taxonomy":"product_cat","embeddable":true,"href":"https:\/\/www.biokari.sk\/ro\/wp-json\/wp\/v2\/product_cat?post=9046"},{"taxonomy":"product_tag","embeddable":true,"href":"https:\/\/www.biokari.sk\/ro\/wp-json\/wp\/v2\/product_tag?post=9046"}],"curies":[{"name":"wp","href":"https:\/\/api.w.org\/{rel}","templated":true}]}}